{"id":26,"date":"2014-09-18T12:24:32","date_gmt":"2014-09-18T11:24:32","guid":{"rendered":"http:\/\/agora.xtec.cat\/ceipsantmarti-cerdanyola\/?page_id=26"},"modified":"2016-03-01T18:02:47","modified_gmt":"2016-03-01T17:02:47","slug":"historia","status":"publish","type":"page","link":"https:\/\/agora.xtec.cat\/ceipsantmarti-cerdanyola\/lescola\/historia\/","title":{"rendered":"Hist\u00f2ria"},"content":{"rendered":"<p>L&#8217;actual escola Sant Mart\u00ed va ser inaugurada el novembre de 1967 amb el nom de Colegio Nacional San Mart\u00edn.<\/p>\n<p>Al principi va funcionar com una escola graduada, formada per sis unitats de nens situades al pavell\u00f3 A i sis unitats de nenes situades al pavell\u00f3 B. Uns mesos m\u00e9s tard es van afegir al col\u00b7legi cinc unitats existents al carrer Escoles i que funcionaven amb el nom de graduada San Ram\u00f3n.<\/p>\n<p>El curs 1971\/1972 es van afegir 5 unitats m\u00e9s: 2 de nens i 2 de nenes, fins arribar a les 22 classes des dels 4 fins als 14 anys (P4 a 8\u00e8).<\/p>\n<p>El curs 91\/92 va comen\u00e7ar a funcionar l&#8217;aula de P3 i es van construir les aules que ara s\u00f3n la biblioteca i l&#8217;aula d&#8217;inform\u00e0tica.<\/p>\n<p>Al comen\u00e7ament del curs 96\/97 van entrar en funcionament el menjador i l&#8217;aula de psicomotricitat.<\/p>\n<p>Finalment, durant el primer trimestre del curs 2002\/2003 es van inaugurar el gimn\u00e0s i les obres de millora de tota l&#8217;escola (calefacci\u00f3, fusteria, sistemes el\u00e8ctrics, ascensors,etc.)<\/p>\n","protected":false},"excerpt":{"rendered":"<p>L&#8217;actual escola Sant Mart\u00ed va ser inaugurada el novembre de 1967 amb el nom de Colegio Nacional San Mart\u00edn.<br \/>\nAl principi va funcionar com una escola graduada, formada per sis unitats de nens situades al pavell\u00f3 A i sis unitats de nenes situades al pavell\u00f3 B.&hellip;  <a href=\"https:\/\/agora.xtec.cat\/ceipsantmarti-cerdanyola\/lescola\/historia\/\" title=\"Read Hist\u00f2ria\">Llegeix m\u00e9s\u00bb<\/a><\/p>\n","protected":false},"author":1,"featured_media":0,"parent":22,"menu_order":20,"comment_status":"closed","ping_status":"closed","template":"page-templates\/side-menu.php","meta":{"_bbp_topic_count":0,"_bbp_reply_count":0,"_bbp_total_topic_count":0,"_bbp_total_reply_count":0,"_bbp_voice_count":0,"_bbp_anonymous_reply_count":0,"_bbp_topic_count_hidden":0,"_bbp_reply_count_hidden":0,"_bbp_forum_subforum_count":0,"footnotes":""},"class_list":["post-26","page","type-page","status-publish","hentry"],"post_mailing_queue_ids":[],"_links":{"self":[{"href":"https:\/\/agora.xtec.cat\/ceipsantmarti-cerdanyola\/wp-json\/wp\/v2\/pages\/26","targetHints":{"allow":["GET"]}}],"collection":[{"href":"https:\/\/agora.xtec.cat\/ceipsantmarti-cerdanyola\/wp-json\/wp\/v2\/pages"}],"about":[{"href":"https:\/\/agora.xtec.cat\/ceipsantmarti-cerdanyola\/wp-json\/wp\/v2\/types\/page"}],"author":[{"embeddable":true,"href":"https:\/\/agora.xtec.cat\/ceipsantmarti-cerdanyola\/wp-json\/wp\/v2\/users\/1"}],"replies":[{"embeddable":true,"href":"https:\/\/agora.xtec.cat\/ceipsantmarti-cerdanyola\/wp-json\/wp\/v2\/comments?post=26"}],"version-history":[{"count":3,"href":"https:\/\/agora.xtec.cat\/ceipsantmarti-cerdanyola\/wp-json\/wp\/v2\/pages\/26\/revisions"}],"predecessor-version":[{"id":218,"href":"https:\/\/agora.xtec.cat\/ceipsantmarti-cerdanyola\/wp-json\/wp\/v2\/pages\/26\/revisions\/218"}],"up":[{"embeddable":true,"href":"https:\/\/agora.xtec.cat\/ceipsantmarti-cerdanyola\/wp-json\/wp\/v2\/pages\/22"}],"wp:attachment":[{"href":"https:\/\/agora.xtec.cat\/ceipsantmarti-cerdanyola\/wp-json\/wp\/v2\/media?parent=26"}],"curies":[{"name":"wp","href":"https:\/\/api.w.org\/{rel}","templated":true}]}}