{"id":539,"date":"2023-06-24T20:15:07","date_gmt":"2023-06-24T18:15:07","guid":{"rendered":"https:\/\/agora.xtec.cat\/ceipsantmarc\/?page_id=539"},"modified":"2025-10-06T16:12:59","modified_gmt":"2025-10-06T14:12:59","slug":"comunitat-educativa","status":"publish","type":"page","link":"https:\/\/agora.xtec.cat\/ceipsantmarc\/lescola\/comunitat-educativa\/","title":{"rendered":"Comunitat educativa"},"content":{"rendered":"<p><span style=\"background-color: #ffffff; color: #ff6600;\"><strong>L&#8217;EQUIP DOCENT DEL CURS 2025-2026<\/strong><\/span><\/p>\n<p><a href=\"https:\/\/agora.xtec.cat\/ceipsantmarc\/wp-content\/uploads\/usu2372\/2025\/09\/FOTO-MESTRES-JPG-2.jpg\"><img loading=\"lazy\" decoding=\"async\" class=\"alignnone size-full wp-image-2426\" src=\"https:\/\/agora.xtec.cat\/ceipsantmarc\/wp-content\/uploads\/usu2372\/2025\/09\/FOTO-MESTRES-JPG-2.jpg\" alt=\"\" width=\"781\" height=\"537\" srcset=\"https:\/\/agora.xtec.cat\/ceipsantmarc\/wp-content\/uploads\/usu2372\/2025\/09\/FOTO-MESTRES-JPG-2.jpg 781w, https:\/\/agora.xtec.cat\/ceipsantmarc\/wp-content\/uploads\/usu2372\/2025\/09\/FOTO-MESTRES-JPG-2-300x206.jpg 300w, https:\/\/agora.xtec.cat\/ceipsantmarc\/wp-content\/uploads\/usu2372\/2025\/09\/FOTO-MESTRES-JPG-2-768x528.jpg 768w\" sizes=\"auto, (max-width: 781px) 100vw, 781px\" \/><\/a><\/p>\n<table style=\"width: 100%;\">\n<tbody>\n<tr>\n<td style=\"width: 47.6191%; text-align: center;\" colspan=\"2\">\n<p><b>Tutories<\/b><\/p>\n<\/td>\n<td style=\"width: 51.0713%; text-align: center;\" colspan=\"2\">\n<p><b>Especialistes<\/b><\/p>\n<\/td>\n<\/tr>\n<tr>\n<td style=\"width: 14.1667%; text-align: center;\">\n<p><b>Ei3A\u00a0<\/b><\/p>\n<\/td>\n<td style=\"width: 33.4524%; text-align: center;\">\n<p><span style=\"font-weight: 400;\">Merc\u00e8 Franquesa<\/span><\/p>\n<\/td>\n<td style=\"width: 25.4761%; text-align: center;\">\n<p><b>Refor\u00e7 Prim\u00e0ria<\/b><\/p>\n<\/td>\n<td style=\"width: 25.5952%; text-align: center;\">\n<p><span style=\"font-weight: 400;\">Josep M\u00aa Aceituno<\/span><\/p>\n<\/td>\n<\/tr>\n<tr>\n<td style=\"width: 14.1667%; text-align: center;\">\n<p><b>Ei3B<\/b><\/p>\n<\/td>\n<td style=\"width: 33.4524%; text-align: center;\">\n<p><span style=\"font-weight: 400;\">Marian Ca\u00f1as<\/span><\/p>\n<\/td>\n<td style=\"width: 25.4761%; text-align: center;\" rowspan=\"2\">\n<p><b>Educaci\u00f3 f\u00edsica<\/b><\/p>\n<\/td>\n<td style=\"width: 25.5952%; text-align: center;\">\n<p><span style=\"font-weight: 400;\">Sito Romero<\/span><\/p>\n<\/td>\n<\/tr>\n<tr>\n<td style=\"width: 14.1667%; text-align: center;\">\n<p><b>TEI<\/b><\/p>\n<\/td>\n<td style=\"width: 33.4524%; text-align: center;\">\n<p><span style=\"font-weight: 400;\">Montse Casas\/ Maria Canals<\/span><\/p>\n<\/td>\n<td style=\"width: 25.5952%; text-align: center;\">\n<p><span style=\"font-weight: 400;\">Jordi Costa<\/span><\/p>\n<\/td>\n<\/tr>\n<tr>\n<td style=\"width: 14.1667%; text-align: center;\">\n<p><b>Ei4\u00a0<\/b><\/p>\n<\/td>\n<td style=\"width: 33.4524%; text-align: center;\">\n<p><span style=\"font-weight: 400;\">Anna Jord\u00e0<\/span><\/p>\n<\/td>\n<td style=\"width: 25.4761%; text-align: center;\" rowspan=\"3\">\n<p><b>Angl\u00e8s<\/b><\/p>\n<\/td>\n<td style=\"width: 25.5952%; text-align: center;\">\n<p><span style=\"font-weight: 400;\">Gl\u00f2ria Boix\/ Ester Font<\/span><\/p>\n<\/td>\n<\/tr>\n<tr>\n<td style=\"width: 14.1667%; text-align: center;\">\n<p><b> Ei5<\/b><\/p>\n<\/td>\n<td style=\"width: 33.4524%; text-align: center;\">\n<p><span style=\"font-weight: 400;\">Laura Ordeig<\/span><\/p>\n<\/td>\n<td style=\"width: 25.5952%; text-align: center;\">\n<p><span style=\"font-weight: 400;\">M\u00aa Josep Maresma<\/span><\/p>\n<\/td>\n<\/tr>\n<tr>\n<td style=\"width: 14.1667%; text-align: center;\">\n<p><b>Refor\u00e7 Inf.<\/b><\/p>\n<\/td>\n<td style=\"width: 33.4524%; text-align: center;\">\n<p><span style=\"font-weight: 400;\">N\u00faria Castro<\/span><\/p>\n<\/td>\n<td style=\"width: 25.5952%; text-align: center;\">\n<p><span style=\"font-weight: 400;\">Anna Llu\u00eds<\/span><\/p>\n<\/td>\n<\/tr>\n<tr>\n<td style=\"width: 14.1667%; text-align: center;\">\n<p><b>1r\u00a0<\/b><\/p>\n<\/td>\n<td style=\"width: 33.4524%; text-align: center;\">\n<p><span style=\"font-weight: 400;\">Montse Arum\u00ed\u00a0<\/span><\/p>\n<\/td>\n<td style=\"width: 25.4761%; text-align: center;\">\n<p><b>M\u00fasica<\/b><\/p>\n<\/td>\n<td style=\"width: 25.5952%; text-align: center;\">\n<p><span style=\"font-weight: 400;\">Cristina Torres<\/span><\/p>\n<\/td>\n<\/tr>\n<tr>\n<td style=\"width: 14.1667%; text-align: center;\">\n<p><b>2n<\/b><\/p>\n<\/td>\n<td style=\"width: 33.4524%; text-align: center;\">\n<p><span style=\"font-weight: 400;\">Montse Saez<\/span><\/p>\n<\/td>\n<td style=\"width: 25.4761%; text-align: center;\">\n<p><b>Ed. Especial<\/b><\/p>\n<\/td>\n<td style=\"width: 25.5952%; text-align: center;\">\n<p><span style=\"font-weight: 400;\">Elisabet Mu\u00f1oz\/ Ester Mir\u00f3<\/span><\/p>\n<\/td>\n<\/tr>\n<tr>\n<td style=\"width: 14.1667%; text-align: center;\">\n<p><b>3r<\/b><\/p>\n<\/td>\n<td style=\"width: 33.4524%; text-align: center;\">\n<p><span style=\"font-weight: 400;\">Marta Calvo<\/span><\/p>\n<\/td>\n<td style=\"width: 25.4761%; text-align: center;\">\n<p><b>Religi\u00f3<\/b><\/p>\n<\/td>\n<td style=\"width: 25.5952%; text-align: center;\">\n<p><span style=\"font-weight: 400;\">Cristina Caballeria<\/span><\/p>\n<\/td>\n<\/tr>\n<tr>\n<td style=\"width: 14.1667%; text-align: center;\">\n<p><b>4tA<\/b><\/p>\n<\/td>\n<td style=\"width: 33.4524%; text-align: center;\">\n<p><span style=\"font-weight: 400;\">N\u00faria Amblas<\/span><\/p>\n<\/td>\n<td style=\"width: 25.4761%; text-align: center;\">\n<p><b>Administrativa<\/b><\/p>\n<\/td>\n<td style=\"width: 25.5952%; text-align: center;\">\n<p><span style=\"font-weight: 400;\">Mary Fern\u00e1ndez<\/span><\/p>\n<\/td>\n<\/tr>\n<tr>\n<td style=\"width: 14.1667%; text-align: center;\">\n<p><b>4tB<\/b><\/p>\n<\/td>\n<td style=\"width: 33.4524%; text-align: center;\">\n<p><span style=\"font-weight: 400;\">M\u00aa Josep Maresma<\/span><\/p>\n<\/td>\n<td style=\"width: 25.4761%; text-align: center;\">\n<p><b>Conserge<\/b><\/p>\n<\/td>\n<td style=\"width: 25.5952%; text-align: center;\">\n<p><span style=\"font-weight: 400;\">Maite Plana<\/span><\/p>\n<\/td>\n<\/tr>\n<tr>\n<td style=\"width: 14.1667%; text-align: center;\">\n<p><b>5\u00e8A<\/b><\/p>\n<\/td>\n<td style=\"width: 33.4524%; text-align: center;\">\n<p><span style=\"font-weight: 400;\">Anna Llu\u00eds<\/span><\/p>\n<\/td>\n<td style=\"width: 51.0713%; text-align: center;\" colspan=\"2\">\n<p><b>Equip directiu<\/b><\/p>\n<\/td>\n<\/tr>\n<tr>\n<td style=\"width: 14.1667%; text-align: center;\">\n<p><b>5\u00e8B<\/b><\/p>\n<\/td>\n<td style=\"width: 33.4524%; text-align: center;\">\n<p><span style=\"font-weight: 400;\">Montse Vilaregut<\/span><\/p>\n<\/td>\n<td style=\"width: 25.4761%; text-align: center;\">\n<p><b>Director<\/b><\/p>\n<\/td>\n<td style=\"width: 25.5952%; text-align: center;\">\n<p><span style=\"font-weight: 400;\">Sito Romero<\/span><\/p>\n<\/td>\n<\/tr>\n<tr>\n<td style=\"width: 14.1667%; text-align: center;\">\n<p><b>6\u00e8A<\/b><\/p>\n<\/td>\n<td style=\"width: 33.4524%; text-align: center;\">\n<p><span style=\"font-weight: 400;\">Marta Pladevall<\/span><\/p>\n<\/td>\n<td style=\"width: 25.4761%; text-align: center;\">\n<p><b>Cap d\u2019Estudis<\/b><\/p>\n<\/td>\n<td style=\"width: 25.5952%; text-align: center;\">\n<p><span style=\"font-weight: 400;\">Txus Mart\u00ednez<\/span><\/p>\n<\/td>\n<\/tr>\n<tr>\n<td style=\"width: 14.1667%; text-align: center;\">\n<p><b>6\u00e8B<\/b><\/p>\n<\/td>\n<td style=\"width: 33.4524%; text-align: center;\">\n<p><span style=\"font-weight: 400;\">Jordi Costa<\/span><\/p>\n<\/td>\n<td style=\"width: 25.4761%; text-align: center;\">\n<p><b>Secret\u00e0ria<\/b><\/p>\n<\/td>\n<td style=\"width: 25.5952%; text-align: center;\">\n<p><span style=\"font-weight: 400;\">Ingrid Currub\u00ed<\/span><\/p>\n<\/td>\n<\/tr>\n<\/tbody>\n<\/table>\n<p>Mestres que participen en la Comunitat dels petits<\/p>\n\n\n<p>Monitoratge del menjador<\/p>\n\n\n\n<figure class=\"wp-block-image size-large\"><a href=\"https:\/\/agora.xtec.cat\/ceipsantmarc\/wp-content\/uploads\/usu2372\/2025\/10\/IMG-20251006-WA0004.jpg\"><img loading=\"lazy\" decoding=\"async\" width=\"1024\" height=\"768\" src=\"https:\/\/agora.xtec.cat\/ceipsantmarc\/wp-content\/uploads\/usu2372\/2025\/10\/IMG-20251006-WA0004-1024x768.jpg\" alt=\"\" class=\"wp-image-2464\" srcset=\"https:\/\/agora.xtec.cat\/ceipsantmarc\/wp-content\/uploads\/usu2372\/2025\/10\/IMG-20251006-WA0004-1024x768.jpg 1024w, https:\/\/agora.xtec.cat\/ceipsantmarc\/wp-content\/uploads\/usu2372\/2025\/10\/IMG-20251006-WA0004-300x225.jpg 300w, https:\/\/agora.xtec.cat\/ceipsantmarc\/wp-content\/uploads\/usu2372\/2025\/10\/IMG-20251006-WA0004-768x576.jpg 768w, https:\/\/agora.xtec.cat\/ceipsantmarc\/wp-content\/uploads\/usu2372\/2025\/10\/IMG-20251006-WA0004-1536x1152.jpg 1536w, https:\/\/agora.xtec.cat\/ceipsantmarc\/wp-content\/uploads\/usu2372\/2025\/10\/IMG-20251006-WA0004-200x150.jpg 200w, https:\/\/agora.xtec.cat\/ceipsantmarc\/wp-content\/uploads\/usu2372\/2025\/10\/IMG-20251006-WA0004.jpg 1600w\" sizes=\"auto, (max-width: 1024px) 100vw, 1024px\" \/><\/a><\/figure>\n\n\n\n<p>Comunitat de petits: Nat\u00e0lia Pujadas, Montse Carbonell, Cristina Corominas i Magda Coderch.<\/p>\n\n\n\n<p>Comunitat de mitjans: X\u00e8nia Trabal, Ghizlan El Moujahed i Alba Noguer.<\/p>\n\n\n\n<p>Comunitat de grans: Irene Puigdesens, T\u00e0nia L\u00f3pez i Pau God\u00f3.<\/p>\n\n\n\n<p>Cuineres i ajudants de menjador: Neus Molina\/Lidia Puig, Antonia Olivares i Imma Blancafort\/Marta Grau.<\/p>\n\n\n\n<p>Coordinadora: Susana Moreno. <\/p>\n","protected":false},"excerpt":{"rendered":"<p>L&#8217;EQUIP DOCENT DEL CURS 2025-2026 Tutories Especialistes Ei3A\u00a0 Merc\u00e8 Franquesa Refor\u00e7 Prim\u00e0ria Josep M\u00aa Aceituno Ei3B Marian Ca\u00f1as Educaci\u00f3 f\u00edsica Sito Romero TEI Montse Casas\/ Maria Canals Jordi Costa Ei4\u00a0 Anna Jord\u00e0 Angl\u00e8s Gl\u00f2ria Boix\/ Ester Font Ei5 Laura Ordeig M\u00aa Josep Maresma Refor\u00e7 Inf. N\u00faria Castro Anna Llu\u00eds 1r\u00a0 Montse Arum\u00ed\u00a0 M\u00fasica Cristina Torres [&hellip;]<\/p>\n","protected":false},"author":1,"featured_media":0,"parent":22,"menu_order":25,"comment_status":"closed","ping_status":"closed","template":"","meta":{"_bbp_topic_count":0,"_bbp_reply_count":0,"_bbp_total_topic_count":0,"_bbp_total_reply_count":0,"_bbp_voice_count":0,"_bbp_anonymous_reply_count":0,"_bbp_topic_count_hidden":0,"_bbp_reply_count_hidden":0,"_bbp_forum_subforum_count":0,"site-sidebar-layout":"default","site-content-layout":"","ast-site-content-layout":"","site-content-style":"default","site-sidebar-style":"default","ast-global-header-display":"","ast-banner-title-visibility":"","ast-main-header-display":"","ast-hfb-above-header-display":"","ast-hfb-below-header-display":"","ast-hfb-mobile-header-display":"","site-post-title":"","ast-breadcrumbs-content":"","ast-featured-img":"","footer-sml-layout":"","theme-transparent-header-meta":"","adv-header-id-meta":"","stick-header-meta":"","header-above-stick-meta":"","header-main-stick-meta":"","header-below-stick-meta":"","astra-migrate-meta-layouts":"default","ast-page-background-enabled":"default","ast-page-background-meta":{"desktop":{"background-color":"var(--ast-global-color-4)","background-image":"","background-repeat":"repeat","background-position":"center center","background-size":"auto","background-attachment":"scroll","background-type":"","background-media":"","overlay-type":"","overlay-color":"","overlay-opacity":"","overlay-gradient":""},"tablet":{"background-color":"","background-image":"","background-repeat":"repeat","background-position":"center center","background-size":"auto","background-attachment":"scroll","background-type":"","background-media":"","overlay-type":"","overlay-color":"","overlay-opacity":"","overlay-gradient":""},"mobile":{"background-color":"","background-image":"","background-repeat":"repeat","background-position":"center center","background-size":"auto","background-attachment":"scroll","background-type":"","background-media":"","overlay-type":"","overlay-color":"","overlay-opacity":"","overlay-gradient":""}},"ast-content-background-meta":{"desktop":{"background-color":"var(--ast-global-color-5)","background-image":"","background-repeat":"repeat","background-position":"center center","background-size":"auto","background-attachment":"scroll","background-type":"","background-media":"","overlay-type":"","overlay-color":"","overlay-opacity":"","overlay-gradient":""},"tablet":{"background-color":"var(--ast-global-color-5)","background-image":"","background-repeat":"repeat","background-position":"center center","background-size":"auto","background-attachment":"scroll","background-type":"","background-media":"","overlay-type":"","overlay-color":"","overlay-opacity":"","overlay-gradient":""},"mobile":{"background-color":"var(--ast-global-color-5)","background-image":"","background-repeat":"repeat","background-position":"center center","background-size":"auto","background-attachment":"scroll","background-type":"","background-media":"","overlay-type":"","overlay-color":"","overlay-opacity":"","overlay-gradient":""}},"footnotes":""},"class_list":["post-539","page","type-page","status-publish","hentry"],"post_mailing_queue_ids":[],"_links":{"self":[{"href":"https:\/\/agora.xtec.cat\/ceipsantmarc\/wp-json\/wp\/v2\/pages\/539","targetHints":{"allow":["GET"]}}],"collection":[{"href":"https:\/\/agora.xtec.cat\/ceipsantmarc\/wp-json\/wp\/v2\/pages"}],"about":[{"href":"https:\/\/agora.xtec.cat\/ceipsantmarc\/wp-json\/wp\/v2\/types\/page"}],"author":[{"embeddable":true,"href":"https:\/\/agora.xtec.cat\/ceipsantmarc\/wp-json\/wp\/v2\/users\/1"}],"replies":[{"embeddable":true,"href":"https:\/\/agora.xtec.cat\/ceipsantmarc\/wp-json\/wp\/v2\/comments?post=539"}],"version-history":[{"count":6,"href":"https:\/\/agora.xtec.cat\/ceipsantmarc\/wp-json\/wp\/v2\/pages\/539\/revisions"}],"predecessor-version":[{"id":2465,"href":"https:\/\/agora.xtec.cat\/ceipsantmarc\/wp-json\/wp\/v2\/pages\/539\/revisions\/2465"}],"up":[{"embeddable":true,"href":"https:\/\/agora.xtec.cat\/ceipsantmarc\/wp-json\/wp\/v2\/pages\/22"}],"wp:attachment":[{"href":"https:\/\/agora.xtec.cat\/ceipsantmarc\/wp-json\/wp\/v2\/media?parent=539"}],"curies":[{"name":"wp","href":"https:\/\/api.w.org\/{rel}","templated":true}]}}