{"id":38,"date":"2014-09-18T12:34:08","date_gmt":"2014-09-18T11:34:08","guid":{"rendered":"http:\/\/agora.xtec.cat\/ceipsantmarc\/?page_id=38"},"modified":"2023-10-09T13:32:37","modified_gmt":"2023-10-09T11:32:37","slug":"salut","status":"publish","type":"page","link":"https:\/\/agora.xtec.cat\/ceipsantmarc\/lescola\/salut\/","title":{"rendered":"Salut"},"content":{"rendered":"<p>Informaci\u00f3 sobre la detecci\u00f3 i prevenci\u00f3 dels polls.<\/p>\n<p><a href=\"https:\/\/agora.xtec.cat\/ceipsantmarc\/wp-content\/uploads\/usu2372\/2023\/10\/baixa-3-1.jpg\"><img loading=\"lazy\" decoding=\"async\" class=\"alignnone wp-image-886 size-full\" src=\"https:\/\/agora.xtec.cat\/ceipsantmarc\/wp-content\/uploads\/usu2372\/2023\/10\/baixa-3-1.jpg\" alt=\"https:\/\/medicaments.gencat.cat\/ca\/ciutadania\/tractaments\/polls-consells-per-detectar-los-i-eliminar-los\/index.html\" width=\"270\" height=\"186\" \/><\/a><\/p>\n<p><a href=\"https:\/\/medicaments.gencat.cat\/ca\/ciutadania\/tractaments\/polls-consells-per-detectar-los-i-eliminar-los\/index.html\">https:\/\/medicaments.gencat.cat\/ca\/ciutadania\/tractaments\/polls-consells-per-detectar-los-i-eliminar-los\/index.html<\/a><\/p>\n<p>&nbsp;<\/p>\n<p>Aqu\u00ed teniu l&#8217;autoritzaci\u00f3 per administrar medicaments als vostres fills i filles.<\/p>\n<p><a href=\"https:\/\/agora.xtec.cat\/ceipsantmarc\/wp-content\/uploads\/usu2372\/2023\/10\/Autoritzacio-medicaments.pdf\">Autoritzaci\u00f3 medicaments<\/a><\/p>\n<p>&nbsp;<\/p>\n<p>&nbsp;<\/p>\n<p>&nbsp;<\/p>\n<p>&nbsp;<\/p>\n","protected":false},"excerpt":{"rendered":"<p>Informaci\u00f3 sobre la detecci\u00f3 i prevenci\u00f3 dels polls. https:\/\/medicaments.gencat.cat\/ca\/ciutadania\/tractaments\/polls-consells-per-detectar-los-i-eliminar-los\/index.html &nbsp; Aqu\u00ed teniu l&#8217;autoritzaci\u00f3 per administrar medicaments als vostres fills i filles. Autoritzaci\u00f3 medicaments &nbsp; &nbsp; &nbsp; &nbsp;<\/p>\n","protected":false},"author":1,"featured_media":0,"parent":22,"menu_order":80,"comment_status":"closed","ping_status":"closed","template":"page-templates\/side-menu.php","meta":{"_bbp_topic_count":0,"_bbp_reply_count":0,"_bbp_total_topic_count":0,"_bbp_total_reply_count":0,"_bbp_voice_count":0,"_bbp_anonymous_reply_count":0,"_bbp_topic_count_hidden":0,"_bbp_reply_count_hidden":0,"_bbp_forum_subforum_count":0,"site-sidebar-layout":"default","site-content-layout":"","ast-site-content-layout":"","site-content-style":"default","site-sidebar-style":"default","ast-global-header-display":"","ast-banner-title-visibility":"","ast-main-header-display":"","ast-hfb-above-header-display":"","ast-hfb-below-header-display":"","ast-hfb-mobile-header-display":"","site-post-title":"","ast-breadcrumbs-content":"","ast-featured-img":"","footer-sml-layout":"","theme-transparent-header-meta":"","adv-header-id-meta":"","stick-header-meta":"","header-above-stick-meta":"","header-main-stick-meta":"","header-below-stick-meta":"","astra-migrate-meta-layouts":"default","ast-page-background-enabled":"default","ast-page-background-meta":{"desktop":{"background-color":"var(--ast-global-color-4)","background-image":"","background-repeat":"repeat","background-position":"center center","background-size":"auto","background-attachment":"scroll","background-type":"","background-media":"","overlay-type":"","overlay-color":"","overlay-opacity":"","overlay-gradient":""},"tablet":{"background-color":"","background-image":"","background-repeat":"repeat","background-position":"center center","background-size":"auto","background-attachment":"scroll","background-type":"","background-media":"","overlay-type":"","overlay-color":"","overlay-opacity":"","overlay-gradient":""},"mobile":{"background-color":"","background-image":"","background-repeat":"repeat","background-position":"center center","background-size":"auto","background-attachment":"scroll","background-type":"","background-media":"","overlay-type":"","overlay-color":"","overlay-opacity":"","overlay-gradient":""}},"ast-content-background-meta":{"desktop":{"background-color":"var(--ast-global-color-5)","background-image":"","background-repeat":"repeat","background-position":"center center","background-size":"auto","background-attachment":"scroll","background-type":"","background-media":"","overlay-type":"","overlay-color":"","overlay-opacity":"","overlay-gradient":""},"tablet":{"background-color":"var(--ast-global-color-5)","background-image":"","background-repeat":"repeat","background-position":"center center","background-size":"auto","background-attachment":"scroll","background-type":"","background-media":"","overlay-type":"","overlay-color":"","overlay-opacity":"","overlay-gradient":""},"mobile":{"background-color":"var(--ast-global-color-5)","background-image":"","background-repeat":"repeat","background-position":"center center","background-size":"auto","background-attachment":"scroll","background-type":"","background-media":"","overlay-type":"","overlay-color":"","overlay-opacity":"","overlay-gradient":""}},"footnotes":""},"class_list":["post-38","page","type-page","status-publish","hentry"],"post_mailing_queue_ids":[],"_links":{"self":[{"href":"https:\/\/agora.xtec.cat\/ceipsantmarc\/wp-json\/wp\/v2\/pages\/38","targetHints":{"allow":["GET"]}}],"collection":[{"href":"https:\/\/agora.xtec.cat\/ceipsantmarc\/wp-json\/wp\/v2\/pages"}],"about":[{"href":"https:\/\/agora.xtec.cat\/ceipsantmarc\/wp-json\/wp\/v2\/types\/page"}],"author":[{"embeddable":true,"href":"https:\/\/agora.xtec.cat\/ceipsantmarc\/wp-json\/wp\/v2\/users\/1"}],"replies":[{"embeddable":true,"href":"https:\/\/agora.xtec.cat\/ceipsantmarc\/wp-json\/wp\/v2\/comments?post=38"}],"version-history":[{"count":2,"href":"https:\/\/agora.xtec.cat\/ceipsantmarc\/wp-json\/wp\/v2\/pages\/38\/revisions"}],"predecessor-version":[{"id":891,"href":"https:\/\/agora.xtec.cat\/ceipsantmarc\/wp-json\/wp\/v2\/pages\/38\/revisions\/891"}],"up":[{"embeddable":true,"href":"https:\/\/agora.xtec.cat\/ceipsantmarc\/wp-json\/wp\/v2\/pages\/22"}],"wp:attachment":[{"href":"https:\/\/agora.xtec.cat\/ceipsantmarc\/wp-json\/wp\/v2\/media?parent=38"}],"curies":[{"name":"wp","href":"https:\/\/api.w.org\/{rel}","templated":true}]}}