{"id":30,"date":"2014-09-18T12:30:23","date_gmt":"2014-09-18T11:30:23","guid":{"rendered":"http:\/\/agora.xtec.cat\/ceipsantmarc\/?page_id=30"},"modified":"2023-10-09T19:29:12","modified_gmt":"2023-10-09T17:29:12","slug":"instal%c2%b7lacions","status":"publish","type":"page","link":"https:\/\/agora.xtec.cat\/ceipsantmarc\/lescola\/instal%c2%b7lacions\/","title":{"rendered":"Instal\u00b7lacions"},"content":{"rendered":"<p>L&#8217;escola est\u00e0 formada per dos edificis: el de prim\u00e0ria i el d&#8217;infantil. En el de prim\u00e0ria hi ha el gimn\u00e0s, la cuina i el menjador. El pati \u00e9s com\u00fa per a tots els alumnes.<\/p>\n\n<p><span style=\"text-decoration: underline;\"><strong>Us recordem les entrades i sortides<\/strong><\/span><\/p>\n<p>*Educaci\u00f3 Infantil: La porta del carrer Estudis s\u2019obrir\u00e0 a les 8:50, 12:25, 14:55 i 16:25.<br \/>\nLa m\u00fasica de l\u2019escola sonar\u00e0 3 minuts abans de l\u2019hora i en aquell moment les mestres sortiran a<br \/>\nrecollir i\/o deixar l\u2019alumnat.<br \/>\nL\u2019alumnat de Ei 3 i Ei 4 entraran i sortiran pel porxo i l\u2019alumnat de Ei 5 per la porta de l\u2019aula de<br \/>\nEI5.<\/p>\n<p>*Educaci\u00f3 Prim\u00e0ria: Les portes de l\u2019escola s\u2019obriran a les 8.50 del mat\u00ed i l\u2019alumnat de prim\u00e0ria<br \/>\npodr\u00e0 anar fent una entrada relaxada a les aules. En la resta d\u2019hores les portes s\u2019obriran a les<br \/>\n12:25, 14:55 i 16:25.<br \/>\nL\u2019alumnat de 2n, 4t, 5\u00e8 i 6\u00e8 entraran i sortiran per la porta principal.<br \/>\nL\u2019alumnat de 1r i 3r entraran i sortiran per la porta que hi ha al costat del gimn\u00e0s a excepci\u00f3 de<br \/>\nles 15h que entraran per la principal.<br \/>\nL\u2019alumnat que tingui germans\/es a infantil i prim\u00e0ria poden passar pel mig del pati a les entrades i<br \/>\nles sortides.<\/p>\n","protected":false},"excerpt":{"rendered":"<p>L&#8217;escola est\u00e0 formada per dos edificis: el de prim\u00e0ria i el d&#8217;infantil. En el de prim\u00e0ria hi ha el gimn\u00e0s, la cuina i el menjador. El pati \u00e9s com\u00fa per a tots els alumnes. Us recordem les entrades i sortides *Educaci\u00f3 Infantil: La porta del carrer Estudis s\u2019obrir\u00e0 a les 8:50, 12:25, 14:55 i 16:25. [&hellip;]<\/p>\n","protected":false},"author":1,"featured_media":0,"parent":22,"menu_order":40,"comment_status":"closed","ping_status":"closed","template":"page-templates\/side-menu.php","meta":{"_bbp_topic_count":0,"_bbp_reply_count":0,"_bbp_total_topic_count":0,"_bbp_total_reply_count":0,"_bbp_voice_count":0,"_bbp_anonymous_reply_count":0,"_bbp_topic_count_hidden":0,"_bbp_reply_count_hidden":0,"_bbp_forum_subforum_count":0,"site-sidebar-layout":"default","site-content-layout":"","ast-site-content-layout":"","site-content-style":"default","site-sidebar-style":"default","ast-global-header-display":"","ast-banner-title-visibility":"","ast-main-header-display":"","ast-hfb-above-header-display":"","ast-hfb-below-header-display":"","ast-hfb-mobile-header-display":"","site-post-title":"","ast-breadcrumbs-content":"","ast-featured-img":"","footer-sml-layout":"","theme-transparent-header-meta":"","adv-header-id-meta":"","stick-header-meta":"","header-above-stick-meta":"","header-main-stick-meta":"","header-below-stick-meta":"","astra-migrate-meta-layouts":"default","ast-page-background-enabled":"default","ast-page-background-meta":{"desktop":{"background-color":"var(--ast-global-color-4)","background-image":"","background-repeat":"repeat","background-position":"center center","background-size":"auto","background-attachment":"scroll","background-type":"","background-media":"","overlay-type":"","overlay-color":"","overlay-opacity":"","overlay-gradient":""},"tablet":{"background-color":"","background-image":"","background-repeat":"repeat","background-position":"center center","background-size":"auto","background-attachment":"scroll","background-type":"","background-media":"","overlay-type":"","overlay-color":"","overlay-opacity":"","overlay-gradient":""},"mobile":{"background-color":"","background-image":"","background-repeat":"repeat","background-position":"center center","background-size":"auto","background-attachment":"scroll","background-type":"","background-media":"","overlay-type":"","overlay-color":"","overlay-opacity":"","overlay-gradient":""}},"ast-content-background-meta":{"desktop":{"background-color":"var(--ast-global-color-5)","background-image":"","background-repeat":"repeat","background-position":"center center","background-size":"auto","background-attachment":"scroll","background-type":"","background-media":"","overlay-type":"","overlay-color":"","overlay-opacity":"","overlay-gradient":""},"tablet":{"background-color":"var(--ast-global-color-5)","background-image":"","background-repeat":"repeat","background-position":"center center","background-size":"auto","background-attachment":"scroll","background-type":"","background-media":"","overlay-type":"","overlay-color":"","overlay-opacity":"","overlay-gradient":""},"mobile":{"background-color":"var(--ast-global-color-5)","background-image":"","background-repeat":"repeat","background-position":"center center","background-size":"auto","background-attachment":"scroll","background-type":"","background-media":"","overlay-type":"","overlay-color":"","overlay-opacity":"","overlay-gradient":""}},"footnotes":""},"class_list":["post-30","page","type-page","status-publish","hentry"],"post_mailing_queue_ids":[],"_links":{"self":[{"href":"https:\/\/agora.xtec.cat\/ceipsantmarc\/wp-json\/wp\/v2\/pages\/30","targetHints":{"allow":["GET"]}}],"collection":[{"href":"https:\/\/agora.xtec.cat\/ceipsantmarc\/wp-json\/wp\/v2\/pages"}],"about":[{"href":"https:\/\/agora.xtec.cat\/ceipsantmarc\/wp-json\/wp\/v2\/types\/page"}],"author":[{"embeddable":true,"href":"https:\/\/agora.xtec.cat\/ceipsantmarc\/wp-json\/wp\/v2\/users\/1"}],"replies":[{"embeddable":true,"href":"https:\/\/agora.xtec.cat\/ceipsantmarc\/wp-json\/wp\/v2\/comments?post=30"}],"version-history":[{"count":4,"href":"https:\/\/agora.xtec.cat\/ceipsantmarc\/wp-json\/wp\/v2\/pages\/30\/revisions"}],"predecessor-version":[{"id":927,"href":"https:\/\/agora.xtec.cat\/ceipsantmarc\/wp-json\/wp\/v2\/pages\/30\/revisions\/927"}],"up":[{"embeddable":true,"href":"https:\/\/agora.xtec.cat\/ceipsantmarc\/wp-json\/wp\/v2\/pages\/22"}],"wp:attachment":[{"href":"https:\/\/agora.xtec.cat\/ceipsantmarc\/wp-json\/wp\/v2\/media?parent=30"}],"curies":[{"name":"wp","href":"https:\/\/api.w.org\/{rel}","templated":true}]}}