{"id":26,"date":"2014-09-18T12:24:32","date_gmt":"2014-09-18T11:24:32","guid":{"rendered":"http:\/\/agora.xtec.cat\/ceipsantmarc\/?page_id=26"},"modified":"2023-05-07T19:57:47","modified_gmt":"2023-05-07T17:57:47","slug":"historia","status":"publish","type":"page","link":"https:\/\/agora.xtec.cat\/ceipsantmarc\/lescola\/historia\/","title":{"rendered":"Hist\u00f2ria"},"content":{"rendered":"<h2>Els primers centres educatius<\/h2>\n<p><img loading=\"lazy\" decoding=\"async\" class=\"alignright wp-image-18629 size-medium\" src=\"https:\/\/www.escolasantmarc.cat\/wp-content\/uploads\/2022\/07\/historia1-300x209.jpg\" sizes=\"auto, (max-width: 300px) 100vw, 300px\" srcset=\"https:\/\/www.escolasantmarc.cat\/wp-content\/uploads\/2022\/07\/historia1-300x209.jpg 300w, https:\/\/www.escolasantmarc.cat\/wp-content\/uploads\/2022\/07\/historia1.jpg 709w\" alt=\"\" width=\"300\" height=\"209\" \/>En primers documents que es troben a l\u2019arxiu municipal de Calldetenes es t\u00e9 const\u00e0ncia que al 1723 es \u00a0feien classes per a nois a Sant Mart\u00ed de Riudeperes, molt abans d\u2019apar\u00e8ixer el nucli urb\u00e0 del poble i que aquestes classes, les acostumava a fer un capell\u00e0.A finals del segle XVIII l\u2019escola es va deixar de fer a Sant Mart\u00ed i es va traslladar a la zona urbanitzada. Seguien essent classes nom\u00e9s per a nois. \u00c9s cap al 1870 quan s\u2019instal\u00b7len al carrer gran les Monges de l\u2019Anunciata i obren una escola religiosa per a nenes. Tamb\u00e9 per aquells anys es coneix que hi havia una escola laica, amb dos mestres: un mestre per als nens i una mestra per a les nenes. L\u2019ensenyament mixt va tardar a arribar.<\/p>\n<p><img loading=\"lazy\" decoding=\"async\" class=\"alignleft wp-image-18628 size-medium\" src=\"https:\/\/www.escolasantmarc.cat\/wp-content\/uploads\/2022\/07\/historia2-300x212.jpg\" sizes=\"auto, (max-width: 300px) 100vw, 300px\" srcset=\"https:\/\/www.escolasantmarc.cat\/wp-content\/uploads\/2022\/07\/historia2-300x212.jpg 300w, https:\/\/www.escolasantmarc.cat\/wp-content\/uploads\/2022\/07\/historia2.jpg 705w\" alt=\"\" width=\"300\" height=\"212\" \/>Al llarg dels anys es van anar llogant diferents espais i sales a particulars del poble per a ubicar-hi les aules, sovint separant les escoles de nens i nenes, per\u00f2 mai no reunien les condicions necess\u00e0ries per a fer-hi classes, ja que m oltes vegades eren espais en mal estat, o b\u00e9 els propietaris necessitaven els locals, fet que obligava a buscar un altre espai al cap de poc temps.Finalment, el 1923 varen comen\u00e7ar a funcionar les escoles nacionals. El col\u00b7legi es va ubicar als baixos de l\u2019Ajuntament, on hi havia una classe de nens, una de nenes i un pati separat per una paret per qu\u00e8 no es barregessin els nens amb les nenes. Despr\u00e9s de la Guerra les escoles van anar funcionant als baixos de l\u2019Ajuntament amb unes condicions cada vegada pitjors i on el canvi de professorat era constant. L\u2019ensenyament era tot en castell\u00e0 i havia un seguit d\u2019obligacions establertes pel govern.<\/p>\n<p>El 1959 varen cedir a l\u2019Ajuntament uns terrenys situats al Serrat per a construir-hi habitatges pels mestres i equipaments per a les escoles. Al mateix any es van permutar aquests terrenys per uns altres al serrat de can Granota, i aqu\u00ed \u00e9s on s\u2019inicia el cam\u00ed del primer edifici propi de les escoles d\u2019aquest poble, que es varen inaugurar a l\u2019inici del curs de l\u2019any 1962.<\/p>\n<h2><\/h2>\n<h2><strong>L\u2019escola actual<br \/>\n<a href=\"https:\/\/www.escolasantmarc.cat\/wp-content\/uploads\/2022\/07\/historia4.jpg\"><img loading=\"lazy\" decoding=\"async\" class=\"alignright wp-image-18638 size-medium\" src=\"https:\/\/www.escolasantmarc.cat\/wp-content\/uploads\/2022\/07\/historia4-300x165.jpg\" sizes=\"auto, (max-width: 300px) 100vw, 300px\" srcset=\"https:\/\/www.escolasantmarc.cat\/wp-content\/uploads\/2022\/07\/historia4-300x165.jpg 300w, https:\/\/www.escolasantmarc.cat\/wp-content\/uploads\/2022\/07\/historia4-1024x563.jpg 1024w, https:\/\/www.escolasantmarc.cat\/wp-content\/uploads\/2022\/07\/historia4-768x422.jpg 768w, https:\/\/www.escolasantmarc.cat\/wp-content\/uploads\/2022\/07\/historia4.jpg 1164w\" alt=\"\" width=\"300\" height=\"165\" \/><\/a><\/strong><\/h2>\n<p>El trasllat de les escoles de l\u2019Ajuntament al serrat de Can Granota va suposar una gran millora pel poble, per\u00f2 no la soluci\u00f3 definitiva a les necessitats escolars que van sorgir en aquella d\u00e8cada. L\u2019ensenyament a Calldetenes estava molt descuidat i el 1979 hi va haver una s\u00e8rie d\u2019aven\u00e7os degut a la pressi\u00f3 dels pares: es va formar un grup per constituir l\u2019Associaci\u00f3 de Pares d\u2019alumnes de l\u2019escola i l\u2019escola va passar a ser una escola mixta i gratu\u00efta.<\/p>\n<p>El 1986 \u00e9s quan va esclatar el conflicte escolar, ja que l\u2019escola estava ubicada en tres locals diferents i en males condicions. Els pares es van negar a portar els fills a l\u2019escola i donaven les classes ells mateixos a la zona esportiva. L\u2019esc\u00e0ndol va tenir efecte, ja que es va construir una nova escola en un termini breu.<\/p>\n<p><img loading=\"lazy\" decoding=\"async\" class=\"wp-image-18648 size-medium alignleft\" src=\"https:\/\/www.escolasantmarc.cat\/wp-content\/uploads\/2022\/07\/historia3-300x156.jpg\" sizes=\"auto, (max-width: 300px) 100vw, 300px\" srcset=\"https:\/\/www.escolasantmarc.cat\/wp-content\/uploads\/2022\/07\/historia3-300x156.jpg 300w, https:\/\/www.escolasantmarc.cat\/wp-content\/uploads\/2022\/07\/historia3-1024x534.jpg 1024w, https:\/\/www.escolasantmarc.cat\/wp-content\/uploads\/2022\/07\/historia3-768x400.jpg 768w, https:\/\/www.escolasantmarc.cat\/wp-content\/uploads\/2022\/07\/historia3-613x320.jpg 613w, https:\/\/www.escolasantmarc.cat\/wp-content\/uploads\/2022\/07\/historia3.jpg 1163w\" alt=\"\" width=\"300\" height=\"156\" \/>El Col\u00b7legi Sant Marc de Calldetenes va inaugurar les noves instal\u00b7lacions a la tardor de 1988. El nou centre, situat m\u00e9s amunt d\u2019on hi havia el vell, constava de tres aules per fer-hi classes i una aula m\u00faltiple que es feia servir de laboratori.<\/p>\n<p>Actualment, Calldetenes amb una gran infraestructura en l\u2019\u00e0mbit de l\u2019educaci\u00f3, garanteix als seus habitants d\u2019un ensenyament digne i de qualitat.<\/p>\n","protected":false},"excerpt":{"rendered":"<p>Els primers centres educatius En primers documents que es troben a l\u2019arxiu municipal de Calldetenes es t\u00e9 const\u00e0ncia que al 1723 es \u00a0feien classes per a nois a Sant Mart\u00ed de Riudeperes, molt abans d\u2019apar\u00e8ixer el nucli urb\u00e0 del poble i que aquestes classes, les acostumava a fer un capell\u00e0.A finals del segle XVIII l\u2019escola [&hellip;]<\/p>\n","protected":false},"author":1,"featured_media":0,"parent":22,"menu_order":20,"comment_status":"closed","ping_status":"closed","template":"page-templates\/side-menu.php","meta":{"_bbp_topic_count":0,"_bbp_reply_count":0,"_bbp_total_topic_count":0,"_bbp_total_reply_count":0,"_bbp_voice_count":0,"_bbp_anonymous_reply_count":0,"_bbp_topic_count_hidden":0,"_bbp_reply_count_hidden":0,"_bbp_forum_subforum_count":0,"site-sidebar-layout":"default","site-content-layout":"","ast-site-content-layout":"","site-content-style":"default","site-sidebar-style":"default","ast-global-header-display":"","ast-banner-title-visibility":"","ast-main-header-display":"","ast-hfb-above-header-display":"","ast-hfb-below-header-display":"","ast-hfb-mobile-header-display":"","site-post-title":"","ast-breadcrumbs-content":"","ast-featured-img":"","footer-sml-layout":"","theme-transparent-header-meta":"","adv-header-id-meta":"","stick-header-meta":"","header-above-stick-meta":"","header-main-stick-meta":"","header-below-stick-meta":"","astra-migrate-meta-layouts":"default","ast-page-background-enabled":"default","ast-page-background-meta":{"desktop":{"background-color":"var(--ast-global-color-4)","background-image":"","background-repeat":"repeat","background-position":"center center","background-size":"auto","background-attachment":"scroll","background-type":"","background-media":"","overlay-type":"","overlay-color":"","overlay-opacity":"","overlay-gradient":""},"tablet":{"background-color":"","background-image":"","background-repeat":"repeat","background-position":"center center","background-size":"auto","background-attachment":"scroll","background-type":"","background-media":"","overlay-type":"","overlay-color":"","overlay-opacity":"","overlay-gradient":""},"mobile":{"background-color":"","background-image":"","background-repeat":"repeat","background-position":"center center","background-size":"auto","background-attachment":"scroll","background-type":"","background-media":"","overlay-type":"","overlay-color":"","overlay-opacity":"","overlay-gradient":""}},"ast-content-background-meta":{"desktop":{"background-color":"var(--ast-global-color-5)","background-image":"","background-repeat":"repeat","background-position":"center center","background-size":"auto","background-attachment":"scroll","background-type":"","background-media":"","overlay-type":"","overlay-color":"","overlay-opacity":"","overlay-gradient":""},"tablet":{"background-color":"var(--ast-global-color-5)","background-image":"","background-repeat":"repeat","background-position":"center center","background-size":"auto","background-attachment":"scroll","background-type":"","background-media":"","overlay-type":"","overlay-color":"","overlay-opacity":"","overlay-gradient":""},"mobile":{"background-color":"var(--ast-global-color-5)","background-image":"","background-repeat":"repeat","background-position":"center center","background-size":"auto","background-attachment":"scroll","background-type":"","background-media":"","overlay-type":"","overlay-color":"","overlay-opacity":"","overlay-gradient":""}},"footnotes":""},"class_list":["post-26","page","type-page","status-publish","hentry"],"post_mailing_queue_ids":[],"_links":{"self":[{"href":"https:\/\/agora.xtec.cat\/ceipsantmarc\/wp-json\/wp\/v2\/pages\/26","targetHints":{"allow":["GET"]}}],"collection":[{"href":"https:\/\/agora.xtec.cat\/ceipsantmarc\/wp-json\/wp\/v2\/pages"}],"about":[{"href":"https:\/\/agora.xtec.cat\/ceipsantmarc\/wp-json\/wp\/v2\/types\/page"}],"author":[{"embeddable":true,"href":"https:\/\/agora.xtec.cat\/ceipsantmarc\/wp-json\/wp\/v2\/users\/1"}],"replies":[{"embeddable":true,"href":"https:\/\/agora.xtec.cat\/ceipsantmarc\/wp-json\/wp\/v2\/comments?post=26"}],"version-history":[{"count":2,"href":"https:\/\/agora.xtec.cat\/ceipsantmarc\/wp-json\/wp\/v2\/pages\/26\/revisions"}],"predecessor-version":[{"id":502,"href":"https:\/\/agora.xtec.cat\/ceipsantmarc\/wp-json\/wp\/v2\/pages\/26\/revisions\/502"}],"up":[{"embeddable":true,"href":"https:\/\/agora.xtec.cat\/ceipsantmarc\/wp-json\/wp\/v2\/pages\/22"}],"wp:attachment":[{"href":"https:\/\/agora.xtec.cat\/ceipsantmarc\/wp-json\/wp\/v2\/media?parent=26"}],"curies":[{"name":"wp","href":"https:\/\/api.w.org\/{rel}","templated":true}]}}