{"id":73,"date":"2014-09-18T14:01:51","date_gmt":"2014-09-18T14:01:51","guid":{"rendered":"http:\/\/agora.xtec.cat\/ceipsantllorenc\/?page_id=73"},"modified":"2022-02-16T13:39:26","modified_gmt":"2022-02-16T12:39:26","slug":"menjador-escolar","status":"publish","type":"page","link":"https:\/\/agora.xtec.cat\/ceipsantllorenc\/menjador-escolar\/","title":{"rendered":"Menjador escolar"},"content":{"rendered":"<p><strong><u>Preus, normes de funcionament i reglament del servei de menjador escolar<\/u><\/strong><strong><u><br \/>\n<\/u><\/strong><strong>Curs 2021-22<\/strong><\/p>\n<p><strong>Titular de servei:<\/strong> AJUNTAMENT DE GUARDIOLA DE BERGUED\u00c0<\/p>\n<p><strong>Preus:\u00a0<\/strong>Els preus es fixen cada any<\/p>\n<p><span style=\"text-decoration: underline;\">La capacitat del menjador \u00e9s entre 40 i 50 comensals.<\/span><\/p>\n<ul>\n<li>Cada mat\u00ed, abans de les 9.30h es passar\u00e0 la llista del menjador per apuntar els nens que es queden aquell dia. Pel que fa els alumnes d\u2019Educaci\u00f3 Infantil els pares ho diran a la mestra de veu o a trav\u00e9s d\u2019un paper escrit.<\/li>\n<\/ul>\n<ul>\n<li>Si un alumne t\u00e9 previst arribar a l\u2019escola m\u00e9s tard de les 9h. i es vol quedar a menjador caldr\u00e0 trucar a l\u2019escola per encarregar el dinar.<\/li>\n<\/ul>\n<ul>\n<li>Si un alumne marxa durant el mat\u00ed i el dinar est\u00e0 encarregat no s\u2019abonar\u00e0 l\u2019import.<\/li>\n<\/ul>\n<ul>\n<li>Cap alumne podr\u00e0 apuntar-se al menjador m\u00e9s tard de 2\/4 de 10.<\/li>\n<\/ul>\n<ul>\n<li>Totes les fam\u00edlies tindran el pagament domiciliat, expectuant aquells casos que s\u2019hagi cregut necessari fer el pagament d\u2019un altre manera.<\/li>\n<\/ul>\n<ul>\n<li>Els alumnes amb beca hauran de satisfer l&#8217;import total de la factura mensual a l\u2019Ajuntament i posteriorment rebran un tal\u00f3 per l&#8217;import corresponent tan bon punt el Consell Comarcal faci el trasp\u00e0s a l&#8217;escola.<\/li>\n<\/ul>\n<ul>\n<li>Si algun comensal ha d&#8217;absentar-se del centre entre les 13 i les 15 hores, ser\u00e0 necess\u00e0ria la presentaci\u00f3 d&#8217;una autoritzaci\u00f3 escrita dels pares.<\/li>\n<\/ul>\n<ul>\n<li>Els men\u00fas, &#8211; que han estat confeccionats pel catering que ens serveix el dinar- es donaran a cada fam\u00edlia cada inici de curs, tamb\u00e9 es trobaran penjats a la cartellera i a la Secretaria del Centre.<\/li>\n<\/ul>\n<ul>\n<li>\u00c9s imprecindible que si un alumne \u00e9s al\u00b7l\u00e8rgic a algun tipus de menjar o no menja algun aliment en concret els pares ho comuniquin a l\u2019escola i tamb\u00e9 que es posin en contacte amb les persones encarregades del menjador per parlar-ne.<\/li>\n<\/ul>\n<ul>\n<li>Tots els nens i nenes han de menjar de tot el que es dona al menjador (si no els agrada se\u2019ls posar\u00e0 poca quantitat). En cas contrari caldr\u00e0 presentar un certificat m\u00e8dic que justifiqui la dieta.<\/li>\n<\/ul>\n<p>&nbsp;<\/p>\n<p><strong><u>Drets i deures dels usuaris (reglament):<\/u><\/strong><\/p>\n<p>Els i les alumnes usuaris del servei de menjador escolar<\/p>\n<p>Tenen dret a:<\/p>\n<ul>\n<li>Estar vigilats en tot moment per un o m\u00e9s adults.<\/li>\n<li>A jugar o desenvolupar activitats dirigides en un ambient de respecte .<\/li>\n<li><strong>A sentir-se segurs i protegits al llarg de la durada del servei<\/strong><strong>. <\/strong><\/li>\n<li><strong>A ser escoltats quan tenen una necessitat o fan una demanda.<\/strong><\/li>\n<li>Els alumnes d\u2019Educaci\u00f3 Infantil i Prim\u00e0ria poden jugar al pati abans i despr\u00e9s de dinar i ,en cas de pluja, poden quedar-se al menjador mirant una pel.licula o jugant al gimn\u00e0s.<\/li>\n<li>A disposar d\u2019unes joguines de menjador que s\u00f3n exlusivament per utilitzar aquesta estona i que cada any s\u2019aniran reposant si es fan malb\u00e9.<\/li>\n<li>A disposar d&#8217;una alimentaci\u00f3 equilibrada i suficient.<\/li>\n<li>A ser instru\u00efts en l&#8217;\u00fas dels utensilis de taula (safates, coberts, tovallons, gots,&#8230;), a demanar al personal de cuina all\u00f2 que puguin necessitar i a con\u00e8ixer les normes habituals de bona educaci\u00f3 i cortesia a taula.<\/li>\n<\/ul>\n<p>&nbsp;<\/p>\n<p>Tenen els deures de:<\/p>\n<ul>\n<li>Els alumnes de Prim\u00e0ria tenen el deure de respectar els utensilis de taula i no fer malb\u00e9 el menjar.<\/li>\n<li>Respectar als companys\/es, monitors\/es i personal de cuina.<\/li>\n<li>No aixecar-se de la taula , entrar a la cuina o marxar del menjador sense autoritzaci\u00f3.<\/li>\n<li>Quedar-se dins el recinte escolar tot el temps que duri el servei.<\/li>\n<li><strong>No circular per l&#8217;interior de l&#8217;escola a menys que els ho indiquin les monitores. <\/strong><\/li>\n<li><strong>No utilitzar les joguines de classe.<\/strong><\/li>\n<li><strong>Fer cas del que diuen les monitores.<\/strong><\/li>\n<li><strong>Acudir a l&#8217;entrada del menjador quan sigui l&#8217;hora d\u2019entrar a dinar i a l\u2019hora de tornar cap a les classes. <\/strong><\/li>\n<li><strong>Rentar-se les mans abans i despr\u00e9s de dinar i rentar-se les dents. <\/strong><\/li>\n<li><strong>Menjar en un ambient sonor raonable (sense crits), evitant fer malb\u00e9 el menjar i procurant acabar la raci\u00f3 m\u00ednima.<\/strong><\/li>\n<\/ul>\n<p>Aprovat pel Consell Escolar el dia 11 de mar\u00e7 de 2008.<\/p>\n<p>&nbsp;<\/p>\n<p>&nbsp;<\/p>\n<p>&nbsp;<\/p>\n","protected":false},"excerpt":{"rendered":"<p>Preus, normes de funcionament i reglament del servei de menjador escolar Curs 2021-22 Titular de servei: AJUNTAMENT DE GUARDIOLA DE BERGUED\u00c0 Preus:\u00a0Els preus es fixen cada any La capacitat del menjador \u00e9s entre 40 i 50 comensals. Cada mat\u00ed, abans de les 9.30h es passar\u00e0 la llista del menjador per apuntar els nens que es [&hellip;]<\/p>\n","protected":false},"author":2,"featured_media":0,"parent":0,"menu_order":0,"comment_status":"closed","ping_status":"closed","template":"page-templates\/side-menu.php","meta":{"_bbp_topic_count":0,"_bbp_reply_count":0,"_bbp_total_topic_count":0,"_bbp_total_reply_count":0,"_bbp_voice_count":0,"_bbp_anonymous_reply_count":0,"_bbp_topic_count_hidden":0,"_bbp_reply_count_hidden":0,"_bbp_forum_subforum_count":0,"site-sidebar-layout":"default","site-content-layout":"","ast-site-content-layout":"","site-content-style":"default","site-sidebar-style":"default","ast-global-header-display":"","ast-banner-title-visibility":"","ast-main-header-display":"","ast-hfb-above-header-display":"","ast-hfb-below-header-display":"","ast-hfb-mobile-header-display":"","site-post-title":"","ast-breadcrumbs-content":"","ast-featured-img":"","footer-sml-layout":"","theme-transparent-header-meta":"","adv-header-id-meta":"","stick-header-meta":"","header-above-stick-meta":"","header-main-stick-meta":"","header-below-stick-meta":"","astra-migrate-meta-layouts":"default","ast-page-background-enabled":"default","ast-page-background-meta":{"desktop":{"background-color":"var(--ast-global-color-4)","background-image":"","background-repeat":"repeat","background-position":"center center","background-size":"auto","background-attachment":"scroll","background-type":"","background-media":"","overlay-type":"","overlay-color":"","overlay-opacity":"","overlay-gradient":""},"tablet":{"background-color":"","background-image":"","background-repeat":"repeat","background-position":"center center","background-size":"auto","background-attachment":"scroll","background-type":"","background-media":"","overlay-type":"","overlay-color":"","overlay-opacity":"","overlay-gradient":""},"mobile":{"background-color":"","background-image":"","background-repeat":"repeat","background-position":"center center","background-size":"auto","background-attachment":"scroll","background-type":"","background-media":"","overlay-type":"","overlay-color":"","overlay-opacity":"","overlay-gradient":""}},"ast-content-background-meta":{"desktop":{"background-color":"var(--ast-global-color-5)","background-image":"","background-repeat":"repeat","background-position":"center center","background-size":"auto","background-attachment":"scroll","background-type":"","background-media":"","overlay-type":"","overlay-color":"","overlay-opacity":"","overlay-gradient":""},"tablet":{"background-color":"var(--ast-global-color-5)","background-image":"","background-repeat":"repeat","background-position":"center center","background-size":"auto","background-attachment":"scroll","background-type":"","background-media":"","overlay-type":"","overlay-color":"","overlay-opacity":"","overlay-gradient":""},"mobile":{"background-color":"var(--ast-global-color-5)","background-image":"","background-repeat":"repeat","background-position":"center center","background-size":"auto","background-attachment":"scroll","background-type":"","background-media":"","overlay-type":"","overlay-color":"","overlay-opacity":"","overlay-gradient":""}},"footnotes":""},"class_list":["post-73","page","type-page","status-publish","hentry"],"post_mailing_queue_ids":[],"_links":{"self":[{"href":"https:\/\/agora.xtec.cat\/ceipsantllorenc\/wp-json\/wp\/v2\/pages\/73","targetHints":{"allow":["GET"]}}],"collection":[{"href":"https:\/\/agora.xtec.cat\/ceipsantllorenc\/wp-json\/wp\/v2\/pages"}],"about":[{"href":"https:\/\/agora.xtec.cat\/ceipsantllorenc\/wp-json\/wp\/v2\/types\/page"}],"author":[{"embeddable":true,"href":"https:\/\/agora.xtec.cat\/ceipsantllorenc\/wp-json\/wp\/v2\/users\/2"}],"replies":[{"embeddable":true,"href":"https:\/\/agora.xtec.cat\/ceipsantllorenc\/wp-json\/wp\/v2\/comments?post=73"}],"version-history":[{"count":3,"href":"https:\/\/agora.xtec.cat\/ceipsantllorenc\/wp-json\/wp\/v2\/pages\/73\/revisions"}],"predecessor-version":[{"id":4726,"href":"https:\/\/agora.xtec.cat\/ceipsantllorenc\/wp-json\/wp\/v2\/pages\/73\/revisions\/4726"}],"wp:attachment":[{"href":"https:\/\/agora.xtec.cat\/ceipsantllorenc\/wp-json\/wp\/v2\/media?parent=73"}],"curies":[{"name":"wp","href":"https:\/\/api.w.org\/{rel}","templated":true}]}}