{"id":50,"date":"2014-02-10T20:19:10","date_gmt":"2014-02-10T20:19:10","guid":{"rendered":"http:\/\/ceipsantllorenc.wordpress.com\/?page_id=50"},"modified":"2026-03-24T23:47:58","modified_gmt":"2026-03-24T22:47:58","slug":"documents","status":"publish","type":"page","link":"https:\/\/agora.xtec.cat\/ceipsantllorenc\/lescola\/documents\/","title":{"rendered":"Qui som"},"content":{"rendered":"<p>En aquest apartat podeu consultar tota la documentaci\u00f3 rellevant de l&#8217;escola.<\/p>\n<h3>Documents de funcionament del centre:<\/h3>\n<ul>\n<li><a href=\"https:\/\/agora.xtec.cat\/ceipsantllorenc\/wp-content\/uploads\/usu520\/2014\/09\/Projecte-Educatiu-Escola-Sant-Lloren%C3%A7-Guardiola-de-Bergued%C3%A0.pdf\">PEC &#8211; Projecte educatiu de centre<\/a><\/li>\n<li><a href=\"https:\/\/drive.google.com\/file\/d\/1-RiBXOBYQuQQAQxOz8z8pI7ocPDjK-FB\/view?usp=drive_link\">Projecte ling\u00fc\u00edstic<\/a><\/li>\n<li><a href=\"https:\/\/agora.xtec.cat\/ceipsantllorenc\/wp-content\/uploads\/usu520\/2019\/12\/NOFC.pdf\">NOFC<\/a><\/li>\n<li><a href=\"https:\/\/agora.xtec.cat\/ceipsantllorenc\/wp-content\/uploads\/usu520\/2014\/09\/Criteris-davaluaci%C3%B3.pdf\">Criteris d&#8217;avaluaci\u00f3<\/a><\/li>\n<li><a href=\"https:\/\/sites.google.com\/xtec.cat\/edcescolasantllorenc?usp=sharing\">Estrat\u00e8gia digital de centre<\/a><\/li>\n<li><a href=\"https:\/\/drive.google.com\/file\/d\/1IaERbFor3KaUD5bXtxC2pfUQdDk3tHkE\/view?usp=sharing\">Projecte de conviv\u00e8ncia<\/a><\/li>\n<li><a href=\"https:\/\/drive.google.com\/file\/d\/1MHyUm7TLQrabNjCdgsOrgxQIMJEs0AXQ\/view?usp=sharing\">Cultura digital &#8211; fam\u00edlies<\/a><\/li>\n<\/ul>\n<h3>Documents i autoritzacions per a les fam\u00edlies:<\/h3>\n<ul>\n<li><a href=\"http:\/\/agora.xtec.cat\/ceipsantllorenc\/wp-content\/uploads\/usu520\/2014\/02\/cartadecompromiseducatius.pdf\">Carta de comprom\u00eds educatiu<\/a><\/li>\n<li><a style=\"font-family: inherit; font-size: 1em;\" href=\"https:\/\/agora.xtec.cat\/ceipsantllorenc\/wp-content\/uploads\/usu520\/2021\/11\/Autoritzacio-auto-subministrament-medicaments.pdf\">Autoritzaci\u00f3 auto subministrament medicaments<\/a><\/li>\n<\/ul>\n","protected":false},"excerpt":{"rendered":"<p>En aquest apartat podeu consultar tota la documentaci\u00f3 rellevant de l&#8217;escola. Documents de funcionament del centre: PEC &#8211; Projecte educatiu de centre Projecte ling\u00fc\u00edstic NOFC Criteris d&#8217;avaluaci\u00f3 Estrat\u00e8gia digital de centre Projecte de conviv\u00e8ncia Cultura digital &#8211; fam\u00edlies Documents i autoritzacions per a les fam\u00edlies: Carta de comprom\u00eds educatiu Autoritzaci\u00f3 auto subministrament medicaments<\/p>\n","protected":false},"author":1,"featured_media":0,"parent":22,"menu_order":3,"comment_status":"open","ping_status":"closed","template":"","meta":{"_bbp_topic_count":0,"_bbp_reply_count":0,"_bbp_total_topic_count":0,"_bbp_total_reply_count":0,"_bbp_voice_count":0,"_bbp_anonymous_reply_count":0,"_bbp_topic_count_hidden":0,"_bbp_reply_count_hidden":0,"_bbp_forum_subforum_count":0,"site-sidebar-layout":"default","site-content-layout":"","ast-site-content-layout":"default","site-content-style":"default","site-sidebar-style":"default","ast-global-header-display":"","ast-banner-title-visibility":"","ast-main-header-display":"","ast-hfb-above-header-display":"","ast-hfb-below-header-display":"","ast-hfb-mobile-header-display":"","site-post-title":"","ast-breadcrumbs-content":"","ast-featured-img":"","footer-sml-layout":"","theme-transparent-header-meta":"","adv-header-id-meta":"","stick-header-meta":"","header-above-stick-meta":"","header-main-stick-meta":"","header-below-stick-meta":"","astra-migrate-meta-layouts":"set","ast-page-background-enabled":"default","ast-page-background-meta":{"desktop":{"background-color":"var(--ast-global-color-4)","background-image":"","background-repeat":"repeat","background-position":"center center","background-size":"auto","background-attachment":"scroll","background-type":"","background-media":"","overlay-type":"","overlay-color":"","overlay-opacity":"","overlay-gradient":""},"tablet":{"background-color":"","background-image":"","background-repeat":"repeat","background-position":"center center","background-size":"auto","background-attachment":"scroll","background-type":"","background-media":"","overlay-type":"","overlay-color":"","overlay-opacity":"","overlay-gradient":""},"mobile":{"background-color":"","background-image":"","background-repeat":"repeat","background-position":"center center","background-size":"auto","background-attachment":"scroll","background-type":"","background-media":"","overlay-type":"","overlay-color":"","overlay-opacity":"","overlay-gradient":""}},"ast-content-background-meta":{"desktop":{"background-color":"var(--ast-global-color-5)","background-image":"","background-repeat":"repeat","background-position":"center center","background-size":"auto","background-attachment":"scroll","background-type":"","background-media":"","overlay-type":"","overlay-color":"","overlay-opacity":"","overlay-gradient":""},"tablet":{"background-color":"var(--ast-global-color-5)","background-image":"","background-repeat":"repeat","background-position":"center center","background-size":"auto","background-attachment":"scroll","background-type":"","background-media":"","overlay-type":"","overlay-color":"","overlay-opacity":"","overlay-gradient":""},"mobile":{"background-color":"var(--ast-global-color-5)","background-image":"","background-repeat":"repeat","background-position":"center center","background-size":"auto","background-attachment":"scroll","background-type":"","background-media":"","overlay-type":"","overlay-color":"","overlay-opacity":"","overlay-gradient":""}},"footnotes":""},"class_list":["post-50","page","type-page","status-publish","hentry"],"post_mailing_queue_ids":[],"_links":{"self":[{"href":"https:\/\/agora.xtec.cat\/ceipsantllorenc\/wp-json\/wp\/v2\/pages\/50","targetHints":{"allow":["GET"]}}],"collection":[{"href":"https:\/\/agora.xtec.cat\/ceipsantllorenc\/wp-json\/wp\/v2\/pages"}],"about":[{"href":"https:\/\/agora.xtec.cat\/ceipsantllorenc\/wp-json\/wp\/v2\/types\/page"}],"author":[{"embeddable":true,"href":"https:\/\/agora.xtec.cat\/ceipsantllorenc\/wp-json\/wp\/v2\/users\/1"}],"replies":[{"embeddable":true,"href":"https:\/\/agora.xtec.cat\/ceipsantllorenc\/wp-json\/wp\/v2\/comments?post=50"}],"version-history":[{"count":6,"href":"https:\/\/agora.xtec.cat\/ceipsantllorenc\/wp-json\/wp\/v2\/pages\/50\/revisions"}],"predecessor-version":[{"id":5818,"href":"https:\/\/agora.xtec.cat\/ceipsantllorenc\/wp-json\/wp\/v2\/pages\/50\/revisions\/5818"}],"up":[{"embeddable":true,"href":"https:\/\/agora.xtec.cat\/ceipsantllorenc\/wp-json\/wp\/v2\/pages\/22"}],"wp:attachment":[{"href":"https:\/\/agora.xtec.cat\/ceipsantllorenc\/wp-json\/wp\/v2\/media?parent=50"}],"curies":[{"name":"wp","href":"https:\/\/api.w.org\/{rel}","templated":true}]}}