{"id":4457,"date":"2021-10-22T09:40:35","date_gmt":"2021-10-22T07:40:35","guid":{"rendered":"https:\/\/agora.xtec.cat\/ceipsantllorenc\/?page_id=4457"},"modified":"2026-04-08T11:53:18","modified_gmt":"2026-04-08T09:53:18","slug":"reflexions-pedagogiques","status":"publish","type":"page","link":"https:\/\/agora.xtec.cat\/ceipsantllorenc\/com-treballem\/reflexions-pedagogiques\/","title":{"rendered":"Reflexions pedag\u00f2giques"},"content":{"rendered":"<h3>Setmanes pedag\u00f2giques<\/h3>\n<p>Durant una setmana al mes, l&#8217;equip docent (claustre) es reuneix cada dia per parlar sobre aspectes relacionats amb el centre, la nostra pr\u00e0ctica, etc. Tot amb l&#8217;objectiu de millorar i d&#8217;innovar la nostra pr\u00e0ctica educativa i metodol\u00f2gica<\/p>\n<h3>Formacions<\/h3>\n<p>A continuaci\u00f3 exposem quines formacions realitzem a nivell de claustre i que treballem en cada una d&#8217;elles<\/p>\n<p><span style=\"text-decoration: underline;\"><strong>PACTE<\/strong> (Programa d&#8217;acceleraci\u00f3 de la transformaci\u00f3 educativa\/ Eines per al canvi)<\/span><\/p>\n<p>Un curs impulsat des del Departament d&#8217;Educaci\u00f3 que parteix de la inclusi\u00f3 i orientaci\u00f3 escolar i educativa amb l&#8217;objectiu de fer una transformaci\u00f3 global del sistema.<\/p>\n<p>La finalitat \u00e9s la de proporcionar als centres participants els recursos i les eines necess\u00e0ries per impulsar la seva transformaci\u00f3 a trav\u00e9s de l\u2019actualitzaci\u00f3 del projecte educatiu de centre. Es fa a partir d&#8217;una revisi\u00f3 del prop\u00f2sit institucional, l\u2019organitzaci\u00f3 del centre, les metodologies de treball, la cultura de l\u2019avaluaci\u00f3 i la incorporaci\u00f3 de mesures d\u2019inclusi\u00f3 i equitat educatives, per esdevenir una organitzaci\u00f3 escolar aut\u00f2noma, centrada en l\u2019alumne\/a, amb capacitat d\u2019interactuar amb l\u2019entorn.<\/p>\n<p><span style=\"text-decoration: underline;\"><strong>Laboratoris de transformaci\u00f3 pedag\u00f2gica<\/strong><\/span><\/p>\n<p>Ens ajuda a reflexionar sobre el nostre model d&#8217;escola i metodologia d&#8217;ensenyament-aprenentatge. Gr\u00e0cies a aquesta proposta aprenem a millorar com a docents i a plantejar un millor model d&#8217;escola.<\/p>\n<p><span style=\"text-decoration: underline;\"><strong>Ambients<\/strong><\/span><\/p>\n<p>Una de les nostres metodologies \u201cestrella\u201d \u00e9s el treball per <em>Ambients<\/em>, doncs durant el curs 21-22 hem empr\u00e8s una formaci\u00f3 on les professionals encarregades ens ajuden a reflexionar sobre la nostra pr\u00e0ctica per tal de repensar-la i millorar-la.<\/p>\n<p><span style=\"text-decoration: underline;\"><strong>Ci\u00e8ncies<\/strong><\/span><\/p>\n<p>Es tracta d&#8217;un curs de formaci\u00f3 organitzat pel CRP del Bergued\u00e0 on el formador dona una s\u00e8rie d&#8217;eines i t\u00e8cniques per poder treballar les ci\u00e8ncies a l&#8217;aula.<\/p>\n<p><span style=\"text-decoration: underline;\"><strong>TAC<\/strong><\/span><\/p>\n<p>Una de les altres formacions que fem tamb\u00e9 va centrada en l&#8217;\u00fas de les\u00a0<strong>TIC<\/strong>. Entenem que en l&#8217;actualitat l&#8217;\u00fas i el domini de les\u00a0<strong>TIC\u00a0<\/strong>\u00e9s molt important, aix\u00ed doncs, una bona part del claustre ha comen\u00e7at a emprendre formacions a diferents nivells sobre l&#8217;\u00fas i gesti\u00f3 de les <strong>TIC<\/strong> a l&#8217;aula.<\/p>\n<p><span style=\"text-decoration: underline;\"><strong>Coeducaci\u00f3<\/strong><\/span><\/p>\n<p>Una formaci\u00f3 centrada en potenciar i visibilitzar la perspectiva de g\u00e8nere, la igualtat i l\u2019educaci\u00f3 afectivosexual a l&#8217;escola.<\/p>\n<p>T\u00e9 com a meta promoure un model educatiu en qu\u00e8 es fomentin valors d&#8217;igualtat al centre i les seves aules, eliminar la discriminaci\u00f3 entre l&#8217;alumnat, suprimir les idees estereotipades i el rebuig a tota mena de viol\u00e8ncia.<\/p>\n<p>El curs ens fa reflexionar sobre les pr\u00e0ctiques sexistes presents en el dia a dia de les aules i ens ofereix recursos i estrat\u00e8gies per treballar unes relacions afectives i sexuals respectuoses entre l\u2019alumnat.<\/p>\n","protected":false},"excerpt":{"rendered":"<p>Setmanes pedag\u00f2giques Durant una setmana al mes, l&#8217;equip docent (claustre) es reuneix cada dia per parlar sobre aspectes relacionats amb el centre, la nostra pr\u00e0ctica, etc. Tot amb l&#8217;objectiu de millorar i d&#8217;innovar la nostra pr\u00e0ctica educativa i metodol\u00f2gica Formacions A continuaci\u00f3 exposem quines formacions realitzem a nivell de claustre i que treballem en cada [&hellip;]<\/p>\n","protected":false},"author":1,"featured_media":0,"parent":4444,"menu_order":5,"comment_status":"closed","ping_status":"closed","template":"","meta":{"_bbp_topic_count":0,"_bbp_reply_count":0,"_bbp_total_topic_count":0,"_bbp_total_reply_count":0,"_bbp_voice_count":0,"_bbp_anonymous_reply_count":0,"_bbp_topic_count_hidden":0,"_bbp_reply_count_hidden":0,"_bbp_forum_subforum_count":0,"site-sidebar-layout":"default","site-content-layout":"","ast-site-content-layout":"default","site-content-style":"default","site-sidebar-style":"default","ast-global-header-display":"","ast-banner-title-visibility":"","ast-main-header-display":"","ast-hfb-above-header-display":"","ast-hfb-below-header-display":"","ast-hfb-mobile-header-display":"","site-post-title":"","ast-breadcrumbs-content":"","ast-featured-img":"","footer-sml-layout":"","theme-transparent-header-meta":"","adv-header-id-meta":"","stick-header-meta":"","header-above-stick-meta":"","header-main-stick-meta":"","header-below-stick-meta":"","astra-migrate-meta-layouts":"set","ast-page-background-enabled":"default","ast-page-background-meta":{"desktop":{"background-color":"var(--ast-global-color-4)","background-image":"","background-repeat":"repeat","background-position":"center center","background-size":"auto","background-attachment":"scroll","background-type":"","background-media":"","overlay-type":"","overlay-color":"","overlay-opacity":"","overlay-gradient":""},"tablet":{"background-color":"","background-image":"","background-repeat":"repeat","background-position":"center center","background-size":"auto","background-attachment":"scroll","background-type":"","background-media":"","overlay-type":"","overlay-color":"","overlay-opacity":"","overlay-gradient":""},"mobile":{"background-color":"","background-image":"","background-repeat":"repeat","background-position":"center center","background-size":"auto","background-attachment":"scroll","background-type":"","background-media":"","overlay-type":"","overlay-color":"","overlay-opacity":"","overlay-gradient":""}},"ast-content-background-meta":{"desktop":{"background-color":"var(--ast-global-color-5)","background-image":"","background-repeat":"repeat","background-position":"center center","background-size":"auto","background-attachment":"scroll","background-type":"","background-media":"","overlay-type":"","overlay-color":"","overlay-opacity":"","overlay-gradient":""},"tablet":{"background-color":"var(--ast-global-color-5)","background-image":"","background-repeat":"repeat","background-position":"center center","background-size":"auto","background-attachment":"scroll","background-type":"","background-media":"","overlay-type":"","overlay-color":"","overlay-opacity":"","overlay-gradient":""},"mobile":{"background-color":"var(--ast-global-color-5)","background-image":"","background-repeat":"repeat","background-position":"center center","background-size":"auto","background-attachment":"scroll","background-type":"","background-media":"","overlay-type":"","overlay-color":"","overlay-opacity":"","overlay-gradient":""}},"footnotes":""},"class_list":["post-4457","page","type-page","status-publish","hentry"],"post_mailing_queue_ids":[],"_links":{"self":[{"href":"https:\/\/agora.xtec.cat\/ceipsantllorenc\/wp-json\/wp\/v2\/pages\/4457","targetHints":{"allow":["GET"]}}],"collection":[{"href":"https:\/\/agora.xtec.cat\/ceipsantllorenc\/wp-json\/wp\/v2\/pages"}],"about":[{"href":"https:\/\/agora.xtec.cat\/ceipsantllorenc\/wp-json\/wp\/v2\/types\/page"}],"author":[{"embeddable":true,"href":"https:\/\/agora.xtec.cat\/ceipsantllorenc\/wp-json\/wp\/v2\/users\/1"}],"replies":[{"embeddable":true,"href":"https:\/\/agora.xtec.cat\/ceipsantllorenc\/wp-json\/wp\/v2\/comments?post=4457"}],"version-history":[{"count":3,"href":"https:\/\/agora.xtec.cat\/ceipsantllorenc\/wp-json\/wp\/v2\/pages\/4457\/revisions"}],"predecessor-version":[{"id":5823,"href":"https:\/\/agora.xtec.cat\/ceipsantllorenc\/wp-json\/wp\/v2\/pages\/4457\/revisions\/5823"}],"up":[{"embeddable":true,"href":"https:\/\/agora.xtec.cat\/ceipsantllorenc\/wp-json\/wp\/v2\/pages\/4444"}],"wp:attachment":[{"href":"https:\/\/agora.xtec.cat\/ceipsantllorenc\/wp-json\/wp\/v2\/media?parent=4457"}],"curies":[{"name":"wp","href":"https:\/\/api.w.org\/{rel}","templated":true}]}}