{"id":4455,"date":"2021-10-22T09:40:17","date_gmt":"2021-10-22T07:40:17","guid":{"rendered":"https:\/\/agora.xtec.cat\/ceipsantllorenc\/?page_id=4455"},"modified":"2024-12-09T14:10:08","modified_gmt":"2024-12-09T13:10:08","slug":"activant-les-noves-tecnologies","status":"publish","type":"page","link":"https:\/\/agora.xtec.cat\/ceipsantllorenc\/com-treballem\/activant-les-noves-tecnologies\/","title":{"rendered":"Activant les noves tecnologies"},"content":{"rendered":"<p>Des de l&#8217;escola\u00a0<strong>Sant Lloren\u00e7\u00a0<\/strong>sempre treballem perqu\u00e8 els nostres infants es desenvolupin correctament en entorns digitals, aix\u00ed doncs ens desenvolupem en tres grans blocs:<\/p>\n<h3>Google Workspace<\/h3>\n<p>Utilitzem les eines o aplicacions que ens proporciona\u00a0<em>Google\u00a0<\/em>per treballar a partir d&#8217;editors de textos, de presentaci\u00f3 de diapositives, utilitzem el\u00a0<em>Google Classroom\u00a0<\/em>per gestionar la feina que s&#8217;ha de fer a casa o per aquell alumne\/a que est\u00e0 malalt a casa,&#8230; el <em>Meet<\/em> ens permet fer videoconfer\u00e8ncies i parlar entre nosaltres a dist\u00e0ncia, etc.<\/p>\n<p>A part de les eines que ens aporta\u00a0<em>Google<\/em> tamb\u00e9 treballem a partir d&#8217;altres que ens ofereixen portals com: el <em>Canva<\/em> que ens permet editar imatges, o usem programes d&#8217;edici\u00f3 de v\u00eddeo per editar les gravacions que fem.<\/p>\n<h3>\u00das de dispositius a l&#8217;aula<\/h3>\n<p>El nostre desenvolupament amb material TIC no sols va de fer servir l&#8217;ordinador, sin\u00f3 que tamb\u00e9 aprenem a treballar a trav\u00e9s de la Tablet o la pissarra digital de la classe.<\/p>\n<h3>Revista escolar<\/h3>\n<p>Al final de cada curs escolar, cada classe escriu un article relacionat amb un aspecte que s&#8217;ha treballat durant el curs. Un cop s&#8217;han escrit tots, es fa una recopilaci\u00f3 i s&#8217;adjunten per publicar una revista digital. Durant l&#8217;elaboraci\u00f3 de la revista els infants del centre utilitzen eines digitals com el Drive, el Canva, realitzaci\u00f3 i edici\u00f3 d&#8217;imatges, etc. Alhora que treballen aspectes d&#8217;expressi\u00f3 escrita a trav\u00e9s de diferents tipologies textuals.<\/p>\n<p>A continuaci\u00f3 podeu consultar les revistes dels darrers cursos:<\/p>\n<ul>\n<li><a href=\"https:\/\/drive.google.com\/file\/d\/1dmQx5ioy8twlw4QmibZgmG8-yK98x1cl\/view?usp=share_link\">Revista curs 21-22<\/a><\/li>\n<\/ul>\n","protected":false},"excerpt":{"rendered":"<p>Des de l&#8217;escola\u00a0Sant Lloren\u00e7\u00a0sempre treballem perqu\u00e8 els nostres infants es desenvolupin correctament en entorns digitals, aix\u00ed doncs ens desenvolupem en tres grans blocs: Google Workspace Utilitzem les eines o aplicacions que ens proporciona\u00a0Google\u00a0per treballar a partir d&#8217;editors de textos, de presentaci\u00f3 de diapositives, utilitzem el\u00a0Google Classroom\u00a0per gestionar la feina que s&#8217;ha de fer a casa [&hellip;]<\/p>\n","protected":false},"author":1,"featured_media":0,"parent":4444,"menu_order":4,"comment_status":"closed","ping_status":"closed","template":"page-templates\/side-menu.php","meta":{"_bbp_topic_count":0,"_bbp_reply_count":0,"_bbp_total_topic_count":0,"_bbp_total_reply_count":0,"_bbp_voice_count":0,"_bbp_anonymous_reply_count":0,"_bbp_topic_count_hidden":0,"_bbp_reply_count_hidden":0,"_bbp_forum_subforum_count":0,"site-sidebar-layout":"default","site-content-layout":"","ast-site-content-layout":"","site-content-style":"default","site-sidebar-style":"default","ast-global-header-display":"","ast-banner-title-visibility":"","ast-main-header-display":"","ast-hfb-above-header-display":"","ast-hfb-below-header-display":"","ast-hfb-mobile-header-display":"","site-post-title":"","ast-breadcrumbs-content":"","ast-featured-img":"","footer-sml-layout":"","theme-transparent-header-meta":"","adv-header-id-meta":"","stick-header-meta":"","header-above-stick-meta":"","header-main-stick-meta":"","header-below-stick-meta":"","astra-migrate-meta-layouts":"default","ast-page-background-enabled":"default","ast-page-background-meta":{"desktop":{"background-color":"var(--ast-global-color-4)","background-image":"","background-repeat":"repeat","background-position":"center center","background-size":"auto","background-attachment":"scroll","background-type":"","background-media":"","overlay-type":"","overlay-color":"","overlay-opacity":"","overlay-gradient":""},"tablet":{"background-color":"","background-image":"","background-repeat":"repeat","background-position":"center center","background-size":"auto","background-attachment":"scroll","background-type":"","background-media":"","overlay-type":"","overlay-color":"","overlay-opacity":"","overlay-gradient":""},"mobile":{"background-color":"","background-image":"","background-repeat":"repeat","background-position":"center center","background-size":"auto","background-attachment":"scroll","background-type":"","background-media":"","overlay-type":"","overlay-color":"","overlay-opacity":"","overlay-gradient":""}},"ast-content-background-meta":{"desktop":{"background-color":"var(--ast-global-color-5)","background-image":"","background-repeat":"repeat","background-position":"center center","background-size":"auto","background-attachment":"scroll","background-type":"","background-media":"","overlay-type":"","overlay-color":"","overlay-opacity":"","overlay-gradient":""},"tablet":{"background-color":"var(--ast-global-color-5)","background-image":"","background-repeat":"repeat","background-position":"center center","background-size":"auto","background-attachment":"scroll","background-type":"","background-media":"","overlay-type":"","overlay-color":"","overlay-opacity":"","overlay-gradient":""},"mobile":{"background-color":"var(--ast-global-color-5)","background-image":"","background-repeat":"repeat","background-position":"center center","background-size":"auto","background-attachment":"scroll","background-type":"","background-media":"","overlay-type":"","overlay-color":"","overlay-opacity":"","overlay-gradient":""}},"footnotes":""},"class_list":["post-4455","page","type-page","status-publish","hentry"],"post_mailing_queue_ids":[],"_links":{"self":[{"href":"https:\/\/agora.xtec.cat\/ceipsantllorenc\/wp-json\/wp\/v2\/pages\/4455","targetHints":{"allow":["GET"]}}],"collection":[{"href":"https:\/\/agora.xtec.cat\/ceipsantllorenc\/wp-json\/wp\/v2\/pages"}],"about":[{"href":"https:\/\/agora.xtec.cat\/ceipsantllorenc\/wp-json\/wp\/v2\/types\/page"}],"author":[{"embeddable":true,"href":"https:\/\/agora.xtec.cat\/ceipsantllorenc\/wp-json\/wp\/v2\/users\/1"}],"replies":[{"embeddable":true,"href":"https:\/\/agora.xtec.cat\/ceipsantllorenc\/wp-json\/wp\/v2\/comments?post=4455"}],"version-history":[{"count":4,"href":"https:\/\/agora.xtec.cat\/ceipsantllorenc\/wp-json\/wp\/v2\/pages\/4455\/revisions"}],"predecessor-version":[{"id":5408,"href":"https:\/\/agora.xtec.cat\/ceipsantllorenc\/wp-json\/wp\/v2\/pages\/4455\/revisions\/5408"}],"up":[{"embeddable":true,"href":"https:\/\/agora.xtec.cat\/ceipsantllorenc\/wp-json\/wp\/v2\/pages\/4444"}],"wp:attachment":[{"href":"https:\/\/agora.xtec.cat\/ceipsantllorenc\/wp-json\/wp\/v2\/media?parent=4455"}],"curies":[{"name":"wp","href":"https:\/\/api.w.org\/{rel}","templated":true}]}}