{"id":4453,"date":"2021-10-22T09:39:58","date_gmt":"2021-10-22T07:39:58","guid":{"rendered":"https:\/\/agora.xtec.cat\/ceipsantllorenc\/?page_id=4453"},"modified":"2023-05-12T10:56:28","modified_gmt":"2023-05-12T08:56:28","slug":"contacte-amb-lentorn","status":"publish","type":"page","link":"https:\/\/agora.xtec.cat\/ceipsantllorenc\/com-treballem\/contacte-amb-lentorn\/","title":{"rendered":"Contacte amb l&#8217;entorn"},"content":{"rendered":"<h3>Col\u00f2nies<\/h3>\n<p>Les col\u00f2nies s\u00f3n un espai molt diferent al dia a dia a l&#8217;escola on podem promoure l&#8217;autonomia dels infants de l&#8217;escola aix\u00ed com tamb\u00e9 la cohesi\u00f3 de grup. Per aquesta ra\u00f3 cada any s&#8217;organitzen unes col\u00f2nies durant el primer trimestre les quals s&#8217;ofereixen a tots els nens i nenes de prim\u00e0ria. Per altra banda, els infants del cicle d&#8217;infantil tamb\u00e9 tenen l&#8217;oportunitat de gaudir d&#8217;unes col\u00f2nies espec\u00edfiques per a ells i elles les quals s&#8217;organitzen cap a final de curs, un cop ja es poden mostrar m\u00e9s aut\u00f2noms i amb m\u00e9s confian\u00e7a a l&#8217;escola.<\/p>\n\r\n\t<div class=\"slideshow_container slideshow_container_style-light\" style=\"height: 300px; \" data-slideshow-id=\"4765\" data-style-name=\"style-light\" data-style-version=\"2.3.1\" >\r\n\r\n\t\t\t\t\t<div class=\"slideshow_loading_icon\"><\/div>\r\n\t\t\r\n\t\t<div class=\"slideshow_content\" style=\"display: none;\">\r\n\r\n\t\t\t<div class=\"slideshow_view\">\r\n\t\t\t\t<div class=\"slideshow_slide slideshow_slide_image\">\r\n\t\t\t\t\t\t\t\t\t\t\t<img src=\"https:\/\/agora.xtec.cat\/ceipsantllorenc\/wp-content\/uploads\/usu520\/2023\/05\/1F6E6B83-7F9D-4A80-BACC-2AEB80BAFEBD.jpg\" alt=\"1F6E6B83-7F9D-4A80-BACC-2AEB80BAFEBD\" width=\"1440\" height=\"1440\" \/>\r\n\t\t\t\t\t\t\t\t\t\t<div class=\"slideshow_description_box slideshow_transparent\">\r\n\t\t\t\t\t\t<div class=\"slideshow_title\">1F6E6B83-7F9D-4A80-BACC-2AEB80BAFEBD<\/div>\t\t\t\t\t\t\t\t\t\t\t<\/div>\r\n\t\t\t\t<\/div>\r\n\r\n\t\t\t\t\t\t<div style=\"clear: both;\"><\/div><\/div><div class=\"slideshow_view\">\r\n\t\t\t\t<div class=\"slideshow_slide slideshow_slide_image\">\r\n\t\t\t\t\t\t\t\t\t\t\t<img src=\"https:\/\/agora.xtec.cat\/ceipsantllorenc\/wp-content\/uploads\/usu520\/2023\/05\/IMG_4078-scaled.jpg\" alt=\"IMG_4078\" width=\"1920\" height=\"2560\" \/>\r\n\t\t\t\t\t\t\t\t\t\t<div class=\"slideshow_description_box slideshow_transparent\">\r\n\t\t\t\t\t\t<div class=\"slideshow_title\">IMG_4078<\/div>\t\t\t\t\t\t\t\t\t\t\t<\/div>\r\n\t\t\t\t<\/div>\r\n\r\n\t\t\t\t\t\t<div style=\"clear: both;\"><\/div><\/div><div class=\"slideshow_view\">\r\n\t\t\t\t<div class=\"slideshow_slide slideshow_slide_image\">\r\n\t\t\t\t\t\t\t\t\t\t\t<img src=\"https:\/\/agora.xtec.cat\/ceipsantllorenc\/wp-content\/uploads\/usu520\/2023\/05\/IMG_4073-scaled.jpg\" alt=\"IMG_4073\" width=\"1920\" height=\"2560\" \/>\r\n\t\t\t\t\t\t\t\t\t\t<div class=\"slideshow_description_box slideshow_transparent\">\r\n\t\t\t\t\t\t<div class=\"slideshow_title\">IMG_4073<\/div>\t\t\t\t\t\t\t\t\t\t\t<\/div>\r\n\t\t\t\t<\/div>\r\n\r\n\t\t\t\t\t\t<div style=\"clear: both;\"><\/div><\/div><div class=\"slideshow_view\">\r\n\t\t\t\t<div class=\"slideshow_slide slideshow_slide_image\">\r\n\t\t\t\t\t\t\t\t\t\t\t<img src=\"https:\/\/agora.xtec.cat\/ceipsantllorenc\/wp-content\/uploads\/usu520\/2023\/05\/IMG_4065-scaled.jpg\" alt=\"IMG_4065\" width=\"2560\" height=\"1920\" \/>\r\n\t\t\t\t\t\t\t\t\t\t<div class=\"slideshow_description_box slideshow_transparent\">\r\n\t\t\t\t\t\t<div class=\"slideshow_title\">IMG_4065<\/div>\t\t\t\t\t\t\t\t\t\t\t<\/div>\r\n\t\t\t\t<\/div>\r\n\r\n\t\t\t\t\t\t<div style=\"clear: both;\"><\/div><\/div><div class=\"slideshow_view\">\r\n\t\t\t\t<div class=\"slideshow_slide slideshow_slide_image\">\r\n\t\t\t\t\t\t\t\t\t\t\t<img src=\"https:\/\/agora.xtec.cat\/ceipsantllorenc\/wp-content\/uploads\/usu520\/2023\/05\/IMG_4046-scaled.jpg\" alt=\"IMG_4046\" width=\"2560\" height=\"1920\" \/>\r\n\t\t\t\t\t\t\t\t\t\t<div class=\"slideshow_description_box slideshow_transparent\">\r\n\t\t\t\t\t\t<div class=\"slideshow_title\">IMG_4046<\/div>\t\t\t\t\t\t\t\t\t\t\t<\/div>\r\n\t\t\t\t<\/div>\r\n\r\n\t\t\t\t\t\t<div style=\"clear: both;\"><\/div><\/div><div class=\"slideshow_view\">\r\n\t\t\t\t<div class=\"slideshow_slide slideshow_slide_image\">\r\n\t\t\t\t\t\t\t\t\t\t\t<img src=\"https:\/\/agora.xtec.cat\/ceipsantllorenc\/wp-content\/uploads\/usu520\/2023\/05\/IMG_4042-scaled.jpg\" alt=\"IMG_4042\" width=\"2560\" height=\"1920\" \/>\r\n\t\t\t\t\t\t\t\t\t\t<div class=\"slideshow_description_box slideshow_transparent\">\r\n\t\t\t\t\t\t<div class=\"slideshow_title\">IMG_4042<\/div>\t\t\t\t\t\t\t\t\t\t\t<\/div>\r\n\t\t\t\t<\/div>\r\n\r\n\t\t\t\t\t\t<div style=\"clear: both;\"><\/div><\/div><div class=\"slideshow_view\">\r\n\t\t\t\t<div class=\"slideshow_slide slideshow_slide_image\">\r\n\t\t\t\t\t\t\t\t\t\t\t<img src=\"https:\/\/agora.xtec.cat\/ceipsantllorenc\/wp-content\/uploads\/usu520\/2023\/05\/IMG_3054-scaled.jpg\" alt=\"IMG_3054\" width=\"2560\" height=\"1920\" \/>\r\n\t\t\t\t\t\t\t\t\t\t<div class=\"slideshow_description_box slideshow_transparent\">\r\n\t\t\t\t\t\t<div class=\"slideshow_title\">IMG_3054<\/div>\t\t\t\t\t\t\t\t\t\t\t<\/div>\r\n\t\t\t\t<\/div>\r\n\r\n\t\t\t\t\t\t<div style=\"clear: both;\"><\/div><\/div><div class=\"slideshow_view\">\r\n\t\t\t\t<div class=\"slideshow_slide slideshow_slide_image\">\r\n\t\t\t\t\t\t\t\t\t\t\t<img src=\"https:\/\/agora.xtec.cat\/ceipsantllorenc\/wp-content\/uploads\/usu520\/2023\/05\/IMG_4086-scaled.jpg\" alt=\"IMG_4086\" width=\"2560\" height=\"1920\" \/>\r\n\t\t\t\t\t\t\t\t\t\t<div class=\"slideshow_description_box slideshow_transparent\">\r\n\t\t\t\t\t\t<div class=\"slideshow_title\">IMG_4086<\/div>\t\t\t\t\t\t\t\t\t\t\t<\/div>\r\n\t\t\t\t<\/div>\r\n\r\n\t\t\t\t\t\t<div style=\"clear: both;\"><\/div><\/div><div class=\"slideshow_view\">\r\n\t\t\t\t<div class=\"slideshow_slide slideshow_slide_image\">\r\n\t\t\t\t\t\t\t\t\t\t\t<img src=\"https:\/\/agora.xtec.cat\/ceipsantllorenc\/wp-content\/uploads\/usu520\/2023\/05\/IMG_3038-scaled.jpg\" alt=\"IMG_3038\" width=\"2560\" height=\"1920\" \/>\r\n\t\t\t\t\t\t\t\t\t\t<div class=\"slideshow_description_box slideshow_transparent\">\r\n\t\t\t\t\t\t<div class=\"slideshow_title\">IMG_3038<\/div>\t\t\t\t\t\t\t\t\t\t\t<\/div>\r\n\t\t\t\t<\/div>\r\n\r\n\t\t\t\t\t\t<div style=\"clear: both;\"><\/div><\/div><div class=\"slideshow_view\">\r\n\t\t\t\t<div class=\"slideshow_slide slideshow_slide_image\">\r\n\t\t\t\t\t\t\t\t\t\t\t<img src=\"https:\/\/agora.xtec.cat\/ceipsantllorenc\/wp-content\/uploads\/usu520\/2023\/05\/IMG_20221102_183136-scaled.jpg\" alt=\"IMG_20221102_183136\" width=\"2560\" height=\"1181\" \/>\r\n\t\t\t\t\t\t\t\t\t\t<div class=\"slideshow_description_box slideshow_transparent\">\r\n\t\t\t\t\t\t<div class=\"slideshow_title\">IMG_20221102_183136<\/div>\t\t\t\t\t\t\t\t\t\t\t<\/div>\r\n\t\t\t\t<\/div>\r\n\r\n\t\t\t\t\t\t<div style=\"clear: both;\"><\/div><\/div><div class=\"slideshow_view\">\r\n\t\t\t\t<div class=\"slideshow_slide slideshow_slide_image\">\r\n\t\t\t\t\t\t\t\t\t\t\t<img src=\"https:\/\/agora.xtec.cat\/ceipsantllorenc\/wp-content\/uploads\/usu520\/2023\/05\/IMG_20221102_181446-scaled.jpg\" alt=\"IMG_20221102_181446\" width=\"2560\" height=\"1180\" \/>\r\n\t\t\t\t\t\t\t\t\t\t<div class=\"slideshow_description_box slideshow_transparent\">\r\n\t\t\t\t\t\t<div class=\"slideshow_title\">IMG_20221102_181446<\/div>\t\t\t\t\t\t\t\t\t\t\t<\/div>\r\n\t\t\t\t<\/div>\r\n\r\n\t\t\t\t\t\t<div style=\"clear: both;\"><\/div><\/div><div class=\"slideshow_view\">\r\n\t\t\t\t<div class=\"slideshow_slide slideshow_slide_image\">\r\n\t\t\t\t\t\t\t\t\t\t\t<img src=\"https:\/\/agora.xtec.cat\/ceipsantllorenc\/wp-content\/uploads\/usu520\/2023\/05\/IMG_3053-scaled.jpg\" alt=\"IMG_3053\" width=\"2560\" height=\"1920\" \/>\r\n\t\t\t\t\t\t\t\t\t\t<div class=\"slideshow_description_box slideshow_transparent\">\r\n\t\t\t\t\t\t<div class=\"slideshow_title\">IMG_3053<\/div>\t\t\t\t\t\t\t\t\t\t\t<\/div>\r\n\t\t\t\t<\/div>\r\n\r\n\t\t\t\t\t\t<div style=\"clear: both;\"><\/div><\/div><div class=\"slideshow_view\">\r\n\t\t\t\t<div class=\"slideshow_slide slideshow_slide_image\">\r\n\t\t\t\t\t\t\t\t\t\t\t<img src=\"https:\/\/agora.xtec.cat\/ceipsantllorenc\/wp-content\/uploads\/usu520\/2023\/05\/IMG_20221102_175629-scaled.jpg\" alt=\"IMG_20221102_175629\" width=\"2560\" height=\"1180\" \/>\r\n\t\t\t\t\t\t\t\t\t\t<div class=\"slideshow_description_box slideshow_transparent\">\r\n\t\t\t\t\t\t<div class=\"slideshow_title\">IMG_20221102_175629<\/div>\t\t\t\t\t\t\t\t\t\t\t<\/div>\r\n\t\t\t\t<\/div>\r\n\r\n\t\t\t\t\t\t<div style=\"clear: both;\"><\/div><\/div><div class=\"slideshow_view\">\r\n\t\t\t\t<div class=\"slideshow_slide slideshow_slide_image\">\r\n\t\t\t\t\t\t\t\t\t\t\t<img src=\"https:\/\/agora.xtec.cat\/ceipsantllorenc\/wp-content\/uploads\/usu520\/2023\/05\/IMG_20221102_173614-scaled.jpg\" alt=\"IMG_20221102_173614\" width=\"2560\" height=\"1181\" \/>\r\n\t\t\t\t\t\t\t\t\t\t<div class=\"slideshow_description_box slideshow_transparent\">\r\n\t\t\t\t\t\t<div class=\"slideshow_title\">IMG_20221102_173614<\/div>\t\t\t\t\t\t\t\t\t\t\t<\/div>\r\n\t\t\t\t<\/div>\r\n\r\n\t\t\t\t\t\t<div style=\"clear: both;\"><\/div><\/div><div class=\"slideshow_view\">\r\n\t\t\t\t<div class=\"slideshow_slide slideshow_slide_image\">\r\n\t\t\t\t\t\t\t\t\t\t\t<img src=\"https:\/\/agora.xtec.cat\/ceipsantllorenc\/wp-content\/uploads\/usu520\/2023\/05\/IMG_20221102_144745-scaled.jpg\" alt=\"IMG_20221102_144745\" width=\"2560\" height=\"1181\" \/>\r\n\t\t\t\t\t\t\t\t\t\t<div class=\"slideshow_description_box slideshow_transparent\">\r\n\t\t\t\t\t\t<div class=\"slideshow_title\">IMG_20221102_144745<\/div>\t\t\t\t\t\t\t\t\t\t\t<\/div>\r\n\t\t\t\t<\/div>\r\n\r\n\t\t\t\t\t\t<div style=\"clear: both;\"><\/div><\/div><div class=\"slideshow_view\">\r\n\t\t\t\t<div class=\"slideshow_slide slideshow_slide_image\">\r\n\t\t\t\t\t\t\t\t\t\t\t<img src=\"https:\/\/agora.xtec.cat\/ceipsantllorenc\/wp-content\/uploads\/usu520\/2023\/05\/IMG_20221102_131825-scaled.jpg\" alt=\"IMG_20221102_131825\" width=\"2560\" height=\"1181\" \/>\r\n\t\t\t\t\t\t\t\t\t\t<div class=\"slideshow_description_box slideshow_transparent\">\r\n\t\t\t\t\t\t<div class=\"slideshow_title\">IMG_20221102_131825<\/div>\t\t\t\t\t\t\t\t\t\t\t<\/div>\r\n\t\t\t\t<\/div>\r\n\r\n\t\t\t\t\t\t<div style=\"clear: both;\"><\/div><\/div><div class=\"slideshow_view\">\r\n\t\t\t\t<div class=\"slideshow_slide slideshow_slide_image\">\r\n\t\t\t\t\t\t\t\t\t\t\t<img src=\"https:\/\/agora.xtec.cat\/ceipsantllorenc\/wp-content\/uploads\/usu520\/2023\/05\/IMG_20221102_122916-scaled.jpg\" alt=\"IMG_20221102_122916\" width=\"2560\" height=\"1180\" \/>\r\n\t\t\t\t\t\t\t\t\t\t<div class=\"slideshow_description_box slideshow_transparent\">\r\n\t\t\t\t\t\t<div class=\"slideshow_title\">IMG_20221102_122916<\/div>\t\t\t\t\t\t\t\t\t\t\t<\/div>\r\n\t\t\t\t<\/div>\r\n\r\n\t\t\t\t\t\t<div style=\"clear: both;\"><\/div><\/div><div class=\"slideshow_view\">\r\n\t\t\t\t<div class=\"slideshow_slide slideshow_slide_image\">\r\n\t\t\t\t\t\t\t\t\t\t\t<img src=\"https:\/\/agora.xtec.cat\/ceipsantllorenc\/wp-content\/uploads\/usu520\/2023\/05\/IMG_9432-scaled.jpg\" alt=\"IMG_9432\" width=\"2560\" height=\"1920\" \/>\r\n\t\t\t\t\t\t\t\t\t\t<div class=\"slideshow_description_box slideshow_transparent\">\r\n\t\t\t\t\t\t<div class=\"slideshow_title\">IMG_9432<\/div>\t\t\t\t\t\t\t\t\t\t\t<\/div>\r\n\t\t\t\t<\/div>\r\n\r\n\t\t\t\t\t\t<div style=\"clear: both;\"><\/div><\/div><div class=\"slideshow_view\">\r\n\t\t\t\t<div class=\"slideshow_slide slideshow_slide_image\">\r\n\t\t\t\t\t\t\t\t\t\t\t<img src=\"https:\/\/agora.xtec.cat\/ceipsantllorenc\/wp-content\/uploads\/usu520\/2023\/05\/IMG_9389-scaled.jpg\" alt=\"IMG_9389\" width=\"2560\" height=\"1920\" \/>\r\n\t\t\t\t\t\t\t\t\t\t<div class=\"slideshow_description_box slideshow_transparent\">\r\n\t\t\t\t\t\t<div class=\"slideshow_title\">IMG_9389<\/div>\t\t\t\t\t\t\t\t\t\t\t<\/div>\r\n\t\t\t\t<\/div>\r\n\r\n\t\t\t\t\t\t<div style=\"clear: both;\"><\/div><\/div><div class=\"slideshow_view\">\r\n\t\t\t\t<div class=\"slideshow_slide slideshow_slide_image\">\r\n\t\t\t\t\t\t\t\t\t\t\t<img src=\"https:\/\/agora.xtec.cat\/ceipsantllorenc\/wp-content\/uploads\/usu520\/2023\/05\/IMG_9310-scaled.jpg\" alt=\"IMG_9310\" width=\"1920\" height=\"2560\" \/>\r\n\t\t\t\t\t\t\t\t\t\t<div class=\"slideshow_description_box slideshow_transparent\">\r\n\t\t\t\t\t\t<div class=\"slideshow_title\">IMG_9310<\/div>\t\t\t\t\t\t\t\t\t\t\t<\/div>\r\n\t\t\t\t<\/div>\r\n\r\n\t\t\t\t\t\t<div style=\"clear: both;\"><\/div><\/div><div class=\"slideshow_view\">\r\n\t\t\t\t<div class=\"slideshow_slide slideshow_slide_image\">\r\n\t\t\t\t\t\t\t\t\t\t\t<img src=\"https:\/\/agora.xtec.cat\/ceipsantllorenc\/wp-content\/uploads\/usu520\/2023\/05\/IMG_9292-scaled.jpg\" alt=\"IMG_9292\" width=\"2560\" height=\"1920\" \/>\r\n\t\t\t\t\t\t\t\t\t\t<div class=\"slideshow_description_box slideshow_transparent\">\r\n\t\t\t\t\t\t<div class=\"slideshow_title\">IMG_9292<\/div>\t\t\t\t\t\t\t\t\t\t\t<\/div>\r\n\t\t\t\t<\/div>\r\n\r\n\t\t\t\t\t\t<div style=\"clear: both;\"><\/div><\/div><div class=\"slideshow_view\">\r\n\t\t\t\t<div class=\"slideshow_slide slideshow_slide_image\">\r\n\t\t\t\t\t\t\t\t\t\t\t<img src=\"https:\/\/agora.xtec.cat\/ceipsantllorenc\/wp-content\/uploads\/usu520\/2023\/05\/IMG_9168-scaled.jpg\" alt=\"IMG_9168\" width=\"2560\" height=\"1920\" \/>\r\n\t\t\t\t\t\t\t\t\t\t<div class=\"slideshow_description_box slideshow_transparent\">\r\n\t\t\t\t\t\t<div class=\"slideshow_title\">IMG_9168<\/div>\t\t\t\t\t\t\t\t\t\t\t<\/div>\r\n\t\t\t\t<\/div>\r\n\r\n\t\t\t\t\t\t<div style=\"clear: both;\"><\/div><\/div><div class=\"slideshow_view\">\r\n\t\t\t\t<div class=\"slideshow_slide slideshow_slide_image\">\r\n\t\t\t\t\t\t\t\t\t\t\t<img src=\"https:\/\/agora.xtec.cat\/ceipsantllorenc\/wp-content\/uploads\/usu520\/2023\/05\/IMG_9162-scaled.jpg\" alt=\"IMG_9162\" width=\"2560\" height=\"1920\" \/>\r\n\t\t\t\t\t\t\t\t\t\t<div class=\"slideshow_description_box slideshow_transparent\">\r\n\t\t\t\t\t\t<div class=\"slideshow_title\">IMG_9162<\/div>\t\t\t\t\t\t\t\t\t\t\t<\/div>\r\n\t\t\t\t<\/div>\r\n\r\n\t\t\t\t\t\t<div style=\"clear: both;\"><\/div><\/div>\r\n\t\t<\/div>\r\n\r\n\t\t<div class=\"slideshow_controlPanel slideshow_transparent\" style=\"display: none;\"><ul><li class=\"slideshow_togglePlay\" data-play-text=\"Visualitza\" data-pause-text=\"Pausa\"><\/li><\/ul><\/div>\r\n\r\n\t\t<div class=\"slideshow_button slideshow_previous slideshow_transparent\" role=\"button\" data-previous-text=\"Anterior\" style=\"display: none;\"><\/div>\r\n\t\t<div class=\"slideshow_button slideshow_next slideshow_transparent\" role=\"button\" data-next-text=\"Seg\u00fcent\" style=\"display: none;\"><\/div>\r\n\r\n\t\t<div class=\"slideshow_pagination\" style=\"display: none;\" data-go-to-text=\"V\u00e9s a la diapositiva\"><div class=\"slideshow_pagination_center\"><\/div><\/div>\r\n\r\n\t\t<!-- WordPress Slideshow Version 2.3.1 -->\r\n\r\n\t\t\t<\/div>\r\n\r\n\n<h3>Sortides a l&#8217;entorn<\/h3>\n<p>L&#8217;entorn pr\u00f2xim i m\u00e9s lluny de l&#8217;escola tamb\u00e9 suposa una gran font de coneixements i aprenentatge, aix\u00ed doncs, no el desaprofitem i sortim de l&#8217;escola per aprofitar-los i nodrir-nos del que ens aporta: Pels nens i nenes <strong>d&#8217;educaci\u00f3 infantil<\/strong> aprenem molt a partir del que ens ofereix Guardiola de Bergued\u00e0 i els seus voltants. A <strong>Cicle Inicial <\/strong>comprovem entre altres coses quin \u00e9s l&#8217;estat dels nostres boscos. A<strong> Cicle Mitj\u00e0 <\/strong>aprenem i descobrim com \u00e9s l&#8217;estat de les aig\u00fces del riu Llobregat i a<strong> Cicle Superior\u00a0<\/strong>fem caminades per saber les esp\u00e8cies aut\u00f2ctones del nostre entorn.<\/p>\n<h3>Anem al teatre<\/h3>\n<p>El teatre suposa un altre entorn d&#8217;aprenentatge molt enriquidor tant pel que fa al saber estar com per poder treballar continguts espec\u00edfics de les pr\u00f2pies obres. Per aquest motiu, cada any tots els infants del centre van un o dos cops al teatre per gaudir de les obres que ofereix la diputaci\u00f3 de Barcelona. A m\u00e9s a m\u00e9s, es contracta una companyia que proposa obres en angl\u00e8s a les escoles.<\/p>\n<h3>Esquiada<\/h3>\n<p>A l&#8217;escola de Guardiola ens agrada molt\u00a0<strong>l&#8217;esqu\u00ed! <\/strong>i per aix\u00f2 fem <em>Esport Blanc. <\/em>Aix\u00ed doncs, cada any una bona part de l&#8217;escola aprofita la primera setmana de gener despr\u00e9s de tornar de les vacances per anar a esquiar a la Molina. Els nens i nenes s&#8217;ho passen molt b\u00e9 i aprenen a esquiar!<br \/>\nLa cosa no queda aqu\u00ed! Doncs durant tots els dilluns de les seg\u00fcents sis setmanes, els\/les alumnes de CM continuen aprenent gr\u00e0cies al programa <em>Esport Blanc Escolar<\/em> (EBE). Van\u00a0a <em>Tuixent <\/em>a fer esqu\u00ed de fons i a la <em>Molina<\/em> a fer esqu\u00ed alp\u00ed i Snowboard.<\/p>\n<p><img loading=\"lazy\" decoding=\"async\" class=\"wp-image-4697 alignright\" src=\"https:\/\/agora.xtec.cat\/ceipsantllorenc\/wp-content\/uploads\/usu520\/2022\/02\/IMG_5172.jpg\" alt=\"\" width=\"403\" height=\"303\" srcset=\"https:\/\/agora.xtec.cat\/ceipsantllorenc\/wp-content\/uploads\/usu520\/2022\/02\/IMG_5172.jpg 1292w, https:\/\/agora.xtec.cat\/ceipsantllorenc\/wp-content\/uploads\/usu520\/2022\/02\/IMG_5172-300x225.jpg 300w, https:\/\/agora.xtec.cat\/ceipsantllorenc\/wp-content\/uploads\/usu520\/2022\/02\/IMG_5172-1024x768.jpg 1024w, https:\/\/agora.xtec.cat\/ceipsantllorenc\/wp-content\/uploads\/usu520\/2022\/02\/IMG_5172-768x576.jpg 768w, https:\/\/agora.xtec.cat\/ceipsantllorenc\/wp-content\/uploads\/usu520\/2022\/02\/IMG_5172-200x150.jpg 200w\" sizes=\"auto, (max-width: 403px) 100vw, 403px\" \/><img loading=\"lazy\" decoding=\"async\" class=\"wp-image-5042 alignleft\" src=\"https:\/\/agora.xtec.cat\/ceipsantllorenc\/wp-content\/uploads\/usu520\/2023\/05\/Copia-de-IMG_3558-scaled-e1683879729390.jpg\" alt=\"\" width=\"299\" height=\"399\" srcset=\"https:\/\/agora.xtec.cat\/ceipsantllorenc\/wp-content\/uploads\/usu520\/2023\/05\/Copia-de-IMG_3558-scaled-e1683879729390.jpg 1920w, https:\/\/agora.xtec.cat\/ceipsantllorenc\/wp-content\/uploads\/usu520\/2023\/05\/Copia-de-IMG_3558-scaled-e1683879729390-225x300.jpg 225w, https:\/\/agora.xtec.cat\/ceipsantllorenc\/wp-content\/uploads\/usu520\/2023\/05\/Copia-de-IMG_3558-scaled-e1683879729390-768x1024.jpg 768w, https:\/\/agora.xtec.cat\/ceipsantllorenc\/wp-content\/uploads\/usu520\/2023\/05\/Copia-de-IMG_3558-scaled-e1683879729390-1152x1536.jpg 1152w, https:\/\/agora.xtec.cat\/ceipsantllorenc\/wp-content\/uploads\/usu520\/2023\/05\/Copia-de-IMG_3558-scaled-e1683879729390-1536x2048.jpg 1536w\" sizes=\"auto, (max-width: 299px) 100vw, 299px\" \/><\/p>\n","protected":false},"excerpt":{"rendered":"<p>Col\u00f2nies Les col\u00f2nies s\u00f3n un espai molt diferent al dia a dia a l&#8217;escola on podem promoure l&#8217;autonomia dels infants de l&#8217;escola aix\u00ed com tamb\u00e9 la cohesi\u00f3 de grup. Per aquesta ra\u00f3 cada any s&#8217;organitzen unes col\u00f2nies durant el primer trimestre les quals s&#8217;ofereixen a tots els nens i nenes de prim\u00e0ria. Per altra banda, [&hellip;]<\/p>\n","protected":false},"author":1,"featured_media":0,"parent":4444,"menu_order":2,"comment_status":"closed","ping_status":"closed","template":"page-templates\/side-menu.php","meta":{"_bbp_topic_count":0,"_bbp_reply_count":0,"_bbp_total_topic_count":0,"_bbp_total_reply_count":0,"_bbp_voice_count":0,"_bbp_anonymous_reply_count":0,"_bbp_topic_count_hidden":0,"_bbp_reply_count_hidden":0,"_bbp_forum_subforum_count":0,"site-sidebar-layout":"default","site-content-layout":"","ast-site-content-layout":"","site-content-style":"default","site-sidebar-style":"default","ast-global-header-display":"","ast-banner-title-visibility":"","ast-main-header-display":"","ast-hfb-above-header-display":"","ast-hfb-below-header-display":"","ast-hfb-mobile-header-display":"","site-post-title":"","ast-breadcrumbs-content":"","ast-featured-img":"","footer-sml-layout":"","theme-transparent-header-meta":"","adv-header-id-meta":"","stick-header-meta":"","header-above-stick-meta":"","header-main-stick-meta":"","header-below-stick-meta":"","astra-migrate-meta-layouts":"default","ast-page-background-enabled":"default","ast-page-background-meta":{"desktop":{"background-color":"var(--ast-global-color-4)","background-image":"","background-repeat":"repeat","background-position":"center center","background-size":"auto","background-attachment":"scroll","background-type":"","background-media":"","overlay-type":"","overlay-color":"","overlay-opacity":"","overlay-gradient":""},"tablet":{"background-color":"","background-image":"","background-repeat":"repeat","background-position":"center center","background-size":"auto","background-attachment":"scroll","background-type":"","background-media":"","overlay-type":"","overlay-color":"","overlay-opacity":"","overlay-gradient":""},"mobile":{"background-color":"","background-image":"","background-repeat":"repeat","background-position":"center center","background-size":"auto","background-attachment":"scroll","background-type":"","background-media":"","overlay-type":"","overlay-color":"","overlay-opacity":"","overlay-gradient":""}},"ast-content-background-meta":{"desktop":{"background-color":"var(--ast-global-color-5)","background-image":"","background-repeat":"repeat","background-position":"center center","background-size":"auto","background-attachment":"scroll","background-type":"","background-media":"","overlay-type":"","overlay-color":"","overlay-opacity":"","overlay-gradient":""},"tablet":{"background-color":"var(--ast-global-color-5)","background-image":"","background-repeat":"repeat","background-position":"center center","background-size":"auto","background-attachment":"scroll","background-type":"","background-media":"","overlay-type":"","overlay-color":"","overlay-opacity":"","overlay-gradient":""},"mobile":{"background-color":"var(--ast-global-color-5)","background-image":"","background-repeat":"repeat","background-position":"center center","background-size":"auto","background-attachment":"scroll","background-type":"","background-media":"","overlay-type":"","overlay-color":"","overlay-opacity":"","overlay-gradient":""}},"footnotes":""},"class_list":["post-4453","page","type-page","status-publish","hentry"],"post_mailing_queue_ids":[],"_links":{"self":[{"href":"https:\/\/agora.xtec.cat\/ceipsantllorenc\/wp-json\/wp\/v2\/pages\/4453","targetHints":{"allow":["GET"]}}],"collection":[{"href":"https:\/\/agora.xtec.cat\/ceipsantllorenc\/wp-json\/wp\/v2\/pages"}],"about":[{"href":"https:\/\/agora.xtec.cat\/ceipsantllorenc\/wp-json\/wp\/v2\/types\/page"}],"author":[{"embeddable":true,"href":"https:\/\/agora.xtec.cat\/ceipsantllorenc\/wp-json\/wp\/v2\/users\/1"}],"replies":[{"embeddable":true,"href":"https:\/\/agora.xtec.cat\/ceipsantllorenc\/wp-json\/wp\/v2\/comments?post=4453"}],"version-history":[{"count":3,"href":"https:\/\/agora.xtec.cat\/ceipsantllorenc\/wp-json\/wp\/v2\/pages\/4453\/revisions"}],"predecessor-version":[{"id":5043,"href":"https:\/\/agora.xtec.cat\/ceipsantllorenc\/wp-json\/wp\/v2\/pages\/4453\/revisions\/5043"}],"up":[{"embeddable":true,"href":"https:\/\/agora.xtec.cat\/ceipsantllorenc\/wp-json\/wp\/v2\/pages\/4444"}],"wp:attachment":[{"href":"https:\/\/agora.xtec.cat\/ceipsantllorenc\/wp-json\/wp\/v2\/media?parent=4453"}],"curies":[{"name":"wp","href":"https:\/\/api.w.org\/{rel}","templated":true}]}}