{"id":4422,"date":"2021-10-15T09:37:52","date_gmt":"2021-10-15T07:37:52","guid":{"rendered":"https:\/\/agora.xtec.cat\/ceipsantllorenc\/?page_id=4422"},"modified":"2025-09-24T11:33:56","modified_gmt":"2025-09-24T09:33:56","slug":"associacio-de-pares-i-mares-ampa","status":"publish","type":"page","link":"https:\/\/agora.xtec.cat\/ceipsantllorenc\/associacio-de-pares-i-mares-ampa\/","title":{"rendered":"Associaci\u00f3 de fam\u00edlies d&#8217;infants &#8211; AFI"},"content":{"rendered":"<p><strong>FUNCI\u00d3 DE L&#8217;AFI I QUOTES<\/strong><\/p>\n<p>Adjuntem la informaci\u00f3 relativa al pagament de la quota de socis de l&#8217;<span class=\"il\">AFI<\/span>\u00a0(Associaci\u00f3 de fam\u00edlies d&#8217;Infants) de l&#8217;escola. Tamb\u00e9 adjuntem la informaci\u00f3 on es detalla la funci\u00f3 i projecte de l&#8217;<span class=\"il\">AFI<\/span>\u00a0i els avantatges\u00a0exclusius de tenen els socis.<\/p>\n<p><a href=\"https:\/\/drive.google.com\/file\/d\/1Vc-vaFSousgqLMlK8EoObzEiZUDfTFMZ\/view?usp=drive_link\">Quotes 2025-26<\/a><\/p>\n<p><a href=\"https:\/\/agora.xtec.cat\/ceipsantllorenc\/associacio-de-pares-i-mares-ampa\/attachment\/info-afi-curs-2025-2026-1\/\" rel=\"attachment wp-att-5589\"><img loading=\"lazy\" decoding=\"async\" class=\"aligncenter size-full wp-image-5589\" src=\"https:\/\/agora.xtec.cat\/ceipsantllorenc\/wp-content\/uploads\/usu520\/2025\/09\/Info-AFI-curs-2025-2026-1-scaled.jpg\" alt=\"\" width=\"1920\" height=\"2560\" srcset=\"https:\/\/agora.xtec.cat\/ceipsantllorenc\/wp-content\/uploads\/usu520\/2025\/09\/Info-AFI-curs-2025-2026-1-scaled.jpg 1920w, https:\/\/agora.xtec.cat\/ceipsantllorenc\/wp-content\/uploads\/usu520\/2025\/09\/Info-AFI-curs-2025-2026-1-225x300.jpg 225w, https:\/\/agora.xtec.cat\/ceipsantllorenc\/wp-content\/uploads\/usu520\/2025\/09\/Info-AFI-curs-2025-2026-1-768x1024.jpg 768w, https:\/\/agora.xtec.cat\/ceipsantllorenc\/wp-content\/uploads\/usu520\/2025\/09\/Info-AFI-curs-2025-2026-1-1152x1536.jpg 1152w, https:\/\/agora.xtec.cat\/ceipsantllorenc\/wp-content\/uploads\/usu520\/2025\/09\/Info-AFI-curs-2025-2026-1-1536x2048.jpg 1536w\" sizes=\"auto, (max-width: 1920px) 100vw, 1920px\" \/><\/a><\/p>\n<div><b>INFORMACI\u00d3 EXTRAESCOLARS<\/b><\/div>\n<div><\/div>\n<div>Adjuntem la informaci\u00f3 relativa a les activitats extraescolars. A l&#8217;enlla\u00e7 trobareu un document amb un breu resum de les activitats que s&#8217;oferten a Bag\u00e0 i Guardiola.<\/div>\n<div><\/div>\n<div>Podeu consultar a l&#8217;Instagram de l&#8217;AFI els cartells informatius corresponents:\u00a0@afisantllorenc<\/div>\n<div><\/div>\n<p>&nbsp;<\/p>\n","protected":false},"excerpt":{"rendered":"<p>FUNCI\u00d3 DE L&#8217;AFI I QUOTES Adjuntem la informaci\u00f3 relativa al pagament de la quota de socis de l&#8217;AFI\u00a0(Associaci\u00f3 de fam\u00edlies d&#8217;Infants) de l&#8217;escola. Tamb\u00e9 adjuntem la informaci\u00f3 on es detalla la funci\u00f3 i projecte de l&#8217;AFI\u00a0i els avantatges\u00a0exclusius de tenen els socis. Quotes 2025-26 INFORMACI\u00d3 EXTRAESCOLARS Adjuntem la informaci\u00f3 relativa a les activitats extraescolars. A [&hellip;]<\/p>\n","protected":false},"author":1,"featured_media":0,"parent":0,"menu_order":0,"comment_status":"closed","ping_status":"closed","template":"page-templates\/side-menu.php","meta":{"_bbp_topic_count":0,"_bbp_reply_count":0,"_bbp_total_topic_count":0,"_bbp_total_reply_count":0,"_bbp_voice_count":0,"_bbp_anonymous_reply_count":0,"_bbp_topic_count_hidden":0,"_bbp_reply_count_hidden":0,"_bbp_forum_subforum_count":0,"site-sidebar-layout":"default","site-content-layout":"","ast-site-content-layout":"","site-content-style":"default","site-sidebar-style":"default","ast-global-header-display":"","ast-banner-title-visibility":"","ast-main-header-display":"","ast-hfb-above-header-display":"","ast-hfb-below-header-display":"","ast-hfb-mobile-header-display":"","site-post-title":"","ast-breadcrumbs-content":"","ast-featured-img":"","footer-sml-layout":"","theme-transparent-header-meta":"","adv-header-id-meta":"","stick-header-meta":"","header-above-stick-meta":"","header-main-stick-meta":"","header-below-stick-meta":"","astra-migrate-meta-layouts":"default","ast-page-background-enabled":"default","ast-page-background-meta":{"desktop":{"background-color":"var(--ast-global-color-4)","background-image":"","background-repeat":"repeat","background-position":"center center","background-size":"auto","background-attachment":"scroll","background-type":"","background-media":"","overlay-type":"","overlay-color":"","overlay-opacity":"","overlay-gradient":""},"tablet":{"background-color":"","background-image":"","background-repeat":"repeat","background-position":"center center","background-size":"auto","background-attachment":"scroll","background-type":"","background-media":"","overlay-type":"","overlay-color":"","overlay-opacity":"","overlay-gradient":""},"mobile":{"background-color":"","background-image":"","background-repeat":"repeat","background-position":"center center","background-size":"auto","background-attachment":"scroll","background-type":"","background-media":"","overlay-type":"","overlay-color":"","overlay-opacity":"","overlay-gradient":""}},"ast-content-background-meta":{"desktop":{"background-color":"var(--ast-global-color-5)","background-image":"","background-repeat":"repeat","background-position":"center center","background-size":"auto","background-attachment":"scroll","background-type":"","background-media":"","overlay-type":"","overlay-color":"","overlay-opacity":"","overlay-gradient":""},"tablet":{"background-color":"var(--ast-global-color-5)","background-image":"","background-repeat":"repeat","background-position":"center center","background-size":"auto","background-attachment":"scroll","background-type":"","background-media":"","overlay-type":"","overlay-color":"","overlay-opacity":"","overlay-gradient":""},"mobile":{"background-color":"var(--ast-global-color-5)","background-image":"","background-repeat":"repeat","background-position":"center center","background-size":"auto","background-attachment":"scroll","background-type":"","background-media":"","overlay-type":"","overlay-color":"","overlay-opacity":"","overlay-gradient":""}},"footnotes":""},"class_list":["post-4422","page","type-page","status-publish","hentry"],"post_mailing_queue_ids":[],"_links":{"self":[{"href":"https:\/\/agora.xtec.cat\/ceipsantllorenc\/wp-json\/wp\/v2\/pages\/4422","targetHints":{"allow":["GET"]}}],"collection":[{"href":"https:\/\/agora.xtec.cat\/ceipsantllorenc\/wp-json\/wp\/v2\/pages"}],"about":[{"href":"https:\/\/agora.xtec.cat\/ceipsantllorenc\/wp-json\/wp\/v2\/types\/page"}],"author":[{"embeddable":true,"href":"https:\/\/agora.xtec.cat\/ceipsantllorenc\/wp-json\/wp\/v2\/users\/1"}],"replies":[{"embeddable":true,"href":"https:\/\/agora.xtec.cat\/ceipsantllorenc\/wp-json\/wp\/v2\/comments?post=4422"}],"version-history":[{"count":6,"href":"https:\/\/agora.xtec.cat\/ceipsantllorenc\/wp-json\/wp\/v2\/pages\/4422\/revisions"}],"predecessor-version":[{"id":5591,"href":"https:\/\/agora.xtec.cat\/ceipsantllorenc\/wp-json\/wp\/v2\/pages\/4422\/revisions\/5591"}],"wp:attachment":[{"href":"https:\/\/agora.xtec.cat\/ceipsantllorenc\/wp-json\/wp\/v2\/media?parent=4422"}],"curies":[{"name":"wp","href":"https:\/\/api.w.org\/{rel}","templated":true}]}}