{"id":26,"date":"2014-09-18T12:24:32","date_gmt":"2014-09-18T12:24:32","guid":{"rendered":"http:\/\/agora.xtec.cat\/ceipsantllorenc\/?page_id=26"},"modified":"2023-04-14T10:13:57","modified_gmt":"2023-04-14T08:13:57","slug":"historia","status":"publish","type":"page","link":"https:\/\/agora.xtec.cat\/ceipsantllorenc\/lescola\/historia\/","title":{"rendered":"Hist\u00f2ria"},"content":{"rendered":"<p>No hi ha informaci\u00f3 escrita de la tradici\u00f3 pedag\u00f2gica del centre, l\u2019\u00fanica existent \u00e9s la que\u00a0\u00a0hi ha a la mem\u00f2ria dels mestres\u00a0\u00a0que fa anys que estan a l\u2019escola, la qual\u00a0\u00a0cosa implica que tenim coneixements del que s\u2019ha fet des dels darrers anys de la d\u00e8cada dels setanta.<\/p>\n<p>El curs 77-78 es va comen\u00e7ar a introduir el catal\u00e0 com a assignatura a tots els cursos d\u2019EGB, a la segona etapa ho impartia el moss\u00e8n Enric Bartrina, ja que en aquell moment no es disposava de prou personal preparat.<\/p>\n<p>En el curs 79-80\u00a0\u00a0es va comen\u00e7ar l\u2019aprenentatge de lecto-escriptura, cada alumne amb la seva pr\u00f2pia llengua materna (biling\u00fcisme) per passar al curs 81-82\u00a0\u00a0a fer totes les \u00e0rees en catal\u00e0 menys les altres lleng\u00fces. Posteriorment, es va comen\u00e7ar a fer l\u2019aprenentatge de la lecto-escriptura seguint els passos del constructivisme.<\/p>\n<p>A partir del curs 06-07 es va iniciar un proc\u00e9s de substituci\u00f3 del treball sistem\u00e0tic amb llibres de text per a cada assignatura, per un altre centrat en el treball per projectes. Des de llavors intentem que els continguts que es treballen siguin m\u00e9s significatius pels alumnes i que els materials que s\u2019utilitzen siguin m\u00e9s rics i variats.<\/p>\n<p><strong>Escola vella<\/strong><\/p>\n<p>L\u2019Escola Sant Lloren\u00e7 fins al curs 2001-2002 estava ubicada en tres edificis a la Pujada Sant Lloren\u00e7 s\/n, un dels quals datava del 1935, l\u2019altre del 1956 i un altre que era posterior (casa de mestres habilitada) on hi havia els alumnes de I3.<\/p>\n","protected":false},"excerpt":{"rendered":"<p>No hi ha informaci\u00f3 escrita de la tradici\u00f3 pedag\u00f2gica del centre, l\u2019\u00fanica existent \u00e9s la que\u00a0\u00a0hi ha a la mem\u00f2ria dels mestres\u00a0\u00a0que fa anys que estan a l\u2019escola, la qual\u00a0\u00a0cosa implica que tenim coneixements del que s\u2019ha fet des dels darrers anys de la d\u00e8cada dels setanta. El curs 77-78 es va comen\u00e7ar a introduir [&hellip;]<\/p>\n","protected":false},"author":2,"featured_media":0,"parent":22,"menu_order":2,"comment_status":"closed","ping_status":"closed","template":"page-templates\/side-menu.php","meta":{"_bbp_topic_count":0,"_bbp_reply_count":0,"_bbp_total_topic_count":0,"_bbp_total_reply_count":0,"_bbp_voice_count":0,"_bbp_anonymous_reply_count":0,"_bbp_topic_count_hidden":0,"_bbp_reply_count_hidden":0,"_bbp_forum_subforum_count":0,"site-sidebar-layout":"default","site-content-layout":"","ast-site-content-layout":"","site-content-style":"default","site-sidebar-style":"default","ast-global-header-display":"","ast-banner-title-visibility":"","ast-main-header-display":"","ast-hfb-above-header-display":"","ast-hfb-below-header-display":"","ast-hfb-mobile-header-display":"","site-post-title":"","ast-breadcrumbs-content":"","ast-featured-img":"","footer-sml-layout":"","theme-transparent-header-meta":"","adv-header-id-meta":"","stick-header-meta":"","header-above-stick-meta":"","header-main-stick-meta":"","header-below-stick-meta":"","astra-migrate-meta-layouts":"default","ast-page-background-enabled":"default","ast-page-background-meta":{"desktop":{"background-color":"var(--ast-global-color-4)","background-image":"","background-repeat":"repeat","background-position":"center center","background-size":"auto","background-attachment":"scroll","background-type":"","background-media":"","overlay-type":"","overlay-color":"","overlay-opacity":"","overlay-gradient":""},"tablet":{"background-color":"","background-image":"","background-repeat":"repeat","background-position":"center center","background-size":"auto","background-attachment":"scroll","background-type":"","background-media":"","overlay-type":"","overlay-color":"","overlay-opacity":"","overlay-gradient":""},"mobile":{"background-color":"","background-image":"","background-repeat":"repeat","background-position":"center center","background-size":"auto","background-attachment":"scroll","background-type":"","background-media":"","overlay-type":"","overlay-color":"","overlay-opacity":"","overlay-gradient":""}},"ast-content-background-meta":{"desktop":{"background-color":"var(--ast-global-color-5)","background-image":"","background-repeat":"repeat","background-position":"center center","background-size":"auto","background-attachment":"scroll","background-type":"","background-media":"","overlay-type":"","overlay-color":"","overlay-opacity":"","overlay-gradient":""},"tablet":{"background-color":"var(--ast-global-color-5)","background-image":"","background-repeat":"repeat","background-position":"center center","background-size":"auto","background-attachment":"scroll","background-type":"","background-media":"","overlay-type":"","overlay-color":"","overlay-opacity":"","overlay-gradient":""},"mobile":{"background-color":"var(--ast-global-color-5)","background-image":"","background-repeat":"repeat","background-position":"center center","background-size":"auto","background-attachment":"scroll","background-type":"","background-media":"","overlay-type":"","overlay-color":"","overlay-opacity":"","overlay-gradient":""}},"footnotes":""},"class_list":["post-26","page","type-page","status-publish","hentry"],"post_mailing_queue_ids":[],"_links":{"self":[{"href":"https:\/\/agora.xtec.cat\/ceipsantllorenc\/wp-json\/wp\/v2\/pages\/26","targetHints":{"allow":["GET"]}}],"collection":[{"href":"https:\/\/agora.xtec.cat\/ceipsantllorenc\/wp-json\/wp\/v2\/pages"}],"about":[{"href":"https:\/\/agora.xtec.cat\/ceipsantllorenc\/wp-json\/wp\/v2\/types\/page"}],"author":[{"embeddable":true,"href":"https:\/\/agora.xtec.cat\/ceipsantllorenc\/wp-json\/wp\/v2\/users\/2"}],"replies":[{"embeddable":true,"href":"https:\/\/agora.xtec.cat\/ceipsantllorenc\/wp-json\/wp\/v2\/comments?post=26"}],"version-history":[{"count":3,"href":"https:\/\/agora.xtec.cat\/ceipsantllorenc\/wp-json\/wp\/v2\/pages\/26\/revisions"}],"predecessor-version":[{"id":4998,"href":"https:\/\/agora.xtec.cat\/ceipsantllorenc\/wp-json\/wp\/v2\/pages\/26\/revisions\/4998"}],"up":[{"embeddable":true,"href":"https:\/\/agora.xtec.cat\/ceipsantllorenc\/wp-json\/wp\/v2\/pages\/22"}],"wp:attachment":[{"href":"https:\/\/agora.xtec.cat\/ceipsantllorenc\/wp-json\/wp\/v2\/media?parent=26"}],"curies":[{"name":"wp","href":"https:\/\/api.w.org\/{rel}","templated":true}]}}