{"id":1896,"date":"2014-02-10T14:31:32","date_gmt":"2014-02-10T14:31:32","guid":{"rendered":"http:\/\/ceipsantllorenc.wordpress.com\/?page_id=25"},"modified":"2026-04-06T17:34:53","modified_gmt":"2026-04-06T15:34:53","slug":"menu","status":"publish","type":"page","link":"https:\/\/agora.xtec.cat\/ceipsantllorenc\/menjador-escolar\/menu\/","title":{"rendered":"Men\u00fas menjador curs 25-26"},"content":{"rendered":"<table style=\"height: 367px; width: 92.8451%; border-collapse: collapse; border-color: #ff903b; background-color: #fafafa; border-style: solid;\">\n<tbody>\n<tr style=\"height: 47px;\">\n<td style=\"width: 9.49464%; height: 47px;\"><\/td>\n<td style=\"width: 8.21911%; height: 47px;\">Basal<\/td>\n<td style=\"width: 7.32197%; height: 47px;\">Sense gluten<\/td>\n<td style=\"width: 8.3146%; height: 47px;\">Sense PLV<\/td>\n<td style=\"width: 9.07952%; height: 47px;\">Sense porc<\/td>\n<td style=\"width: 7.26626%; height: 47px;\">Sense fructosa<\/td>\n<\/tr>\n<tr style=\"height: 32px;\">\n<td style=\"width: 9.49464%; height: 32px;\">Setembre<\/td>\n<td style=\"width: 8.21911%; height: 32px;\"><a href=\"https:\/\/drive.google.com\/file\/d\/1l3o0kEP0C7UR3b5J3geXsYwR1fcrUt9u\/view?usp=drive_link\">Men\u00fa<\/a><\/td>\n<td style=\"width: 7.32197%; height: 32px;\"><a href=\"https:\/\/drive.google.com\/file\/d\/1CDtm213xaPhAHxbgOtKF3ALxW9_l5j6A\/view?usp=drive_link\">Men\u00fa<\/a><\/td>\n<td style=\"width: 8.3146%; height: 32px;\"><a href=\"https:\/\/drive.google.com\/file\/d\/1znHAr-veT8qOQ3zX3UjWzKgxtMehkgny\/view?usp=drive_link\">Men\u00fa<\/a><\/td>\n<td style=\"width: 9.07952%; height: 32px;\"><a href=\"https:\/\/drive.google.com\/file\/d\/1QtCFxMBgWGHh_HLRsTtCmGq-CC0mgYn6\/view?usp=drive_link\">Men\u00fa<\/a><\/td>\n<td style=\"width: 7.26626%; height: 32px;\"><a href=\"https:\/\/drive.google.com\/file\/d\/1gKQfAhP_ZLb5482i43br9JMB4pn6ASBB\/view?usp=drive_link\">Men\u00fa<\/a><\/td>\n<\/tr>\n<tr style=\"height: 32px;\">\n<td style=\"width: 9.49464%; height: 32px;\">Octubre<\/td>\n<td style=\"width: 8.21911%; height: 32px;\"><a href=\"https:\/\/drive.google.com\/file\/d\/1HSEY5x19QqdhKL-TTNdPjKg32vK8xRTu\/view?usp=drive_link\">Men\u00fa<\/a><\/td>\n<td style=\"width: 7.32197%; height: 32px;\"><a href=\"https:\/\/drive.google.com\/file\/d\/1Ay1rBYKfOAC9X-Qwk-LuQ2qnEoc6IzR_\/view?usp=drive_link\">Men\u00fa<\/a><\/td>\n<td style=\"width: 8.3146%; height: 32px;\"><a href=\"https:\/\/drive.google.com\/file\/d\/1u21DxMRCDHREWyoRUzJZVteTNLKk1xDq\/view?usp=drive_link\">Men\u00fa<\/a><\/td>\n<td style=\"width: 9.07952%; height: 32px;\"><a href=\"https:\/\/drive.google.com\/file\/d\/1-aC7Szsw22VxcLmRfvYvaw98J_98v5oG\/view?usp=drive_link\">Men\u00fa<\/a><\/td>\n<td style=\"width: 7.26626%; height: 32px;\"><\/td>\n<\/tr>\n<tr style=\"height: 32px;\">\n<td style=\"width: 9.49464%; height: 32px;\">Novembre<\/td>\n<td style=\"width: 8.21911%; height: 32px;\"><a href=\"https:\/\/drive.google.com\/file\/d\/1L1TQ5e2e2sG9SbmrHpIlI1-mBnnfeXvM\/view?usp=drive_link\">Men\u00fa<\/a><\/td>\n<td style=\"width: 7.32197%; height: 32px;\"><a href=\"https:\/\/drive.google.com\/file\/d\/1eevp7cV6JfBQm_uTju-GeCBYH6QwA7Et\/view?usp=drive_link\">Men\u00fa<\/a><\/td>\n<td style=\"width: 8.3146%; height: 32px;\"><a href=\"https:\/\/drive.google.com\/file\/d\/1HppRAXbq_BP4nnFVc8hjNTtyGRZdoY9v\/view?usp=drive_link\">Men\u00fa<\/a><\/td>\n<td style=\"width: 9.07952%; height: 32px;\"><a href=\"https:\/\/drive.google.com\/file\/d\/1wlFC19PxzDOqnc4Q23c2i6hQWLxI92mF\/view?usp=drive_link\">Men\u00fa<\/a><\/td>\n<td style=\"width: 7.26626%; height: 32px;\">Men\u00fa<\/td>\n<\/tr>\n<tr style=\"height: 32px;\">\n<td style=\"width: 9.49464%; height: 32px;\">Desembre<\/td>\n<td style=\"width: 8.21911%; height: 32px;\"><a href=\"https:\/\/drive.google.com\/file\/d\/1947zJyjVc100kjFeuwKfHe3jsJyENnTA\/view?usp=drive_link\">Men\u00fa<\/a><\/td>\n<td style=\"width: 7.32197%; height: 32px;\"><a href=\"https:\/\/drive.google.com\/file\/d\/1BpW1eCDncSeC4Q5hgCcheWVpARZZ6UrF\/view?usp=drive_link\">Men\u00fa<\/a><\/td>\n<td style=\"width: 8.3146%; height: 32px;\"><a href=\"https:\/\/drive.google.com\/file\/d\/10piL01-vGLLxK_kxQkzLuYhDFPaA3fDT\/view?usp=drive_link\">Men\u00fa<\/a><\/td>\n<td style=\"width: 9.07952%; height: 32px;\"><a href=\"https:\/\/drive.google.com\/file\/d\/149rRzRa4CkT8c8dwiItIX0z3iGVRuZhE\/view?usp=drive_link\">Men\u00fa<\/a><\/td>\n<td style=\"width: 7.26626%; height: 32px;\"><\/td>\n<\/tr>\n<tr style=\"height: 32px;\">\n<td style=\"width: 9.49464%; height: 32px;\">Gener<\/td>\n<td style=\"width: 8.21911%; height: 32px;\"><a href=\"https:\/\/drive.google.com\/file\/d\/180lGUS_hs4LSHEl7SRst7C3hUfwZi5w1\/view?usp=drive_link\">Men\u00fa<\/a><\/td>\n<td style=\"width: 7.32197%; height: 32px;\"><a href=\"https:\/\/drive.google.com\/file\/d\/1v4_GWehy9Y2c4pu3RNmhunNXer9YHNsT\/view?usp=drive_link\">Men\u00fa<\/a><\/td>\n<td style=\"width: 8.3146%; height: 32px;\"><a href=\"https:\/\/drive.google.com\/file\/d\/1JCnI9xn2Hj7B-WXnxDpRxJ7qQPafDTzN\/view?usp=drive_link\">Men\u00fa<\/a><\/td>\n<td style=\"width: 9.07952%; height: 32px;\"><a href=\"https:\/\/drive.google.com\/file\/d\/1wkAxnSI4XrDFvzSeUTdA-HnUDKxzYmXk\/view?usp=drive_link\">Men\u00fa<\/a><\/td>\n<td style=\"width: 7.26626%; height: 32px;\"><\/td>\n<\/tr>\n<tr style=\"height: 32px;\">\n<td style=\"width: 9.49464%; height: 32px;\">Febrer<\/td>\n<td style=\"width: 8.21911%; height: 32px;\"><a href=\"https:\/\/drive.google.com\/file\/d\/1rxn2Hs5VDi_Mx7xHCRUrq1NJSinowYBM\/view?usp=drive_link\">Men\u00fa<\/a><\/td>\n<td style=\"width: 7.32197%; height: 32px;\"><a href=\"https:\/\/drive.google.com\/file\/d\/1ZIAHd50S3_kwxHBIE4AHIiiH7Id71-5O\/view?usp=drive_link\">Men\u00fa<\/a><\/td>\n<td style=\"width: 8.3146%; height: 32px;\"><a href=\"https:\/\/drive.google.com\/file\/d\/1Uw5LmuN306OoUWkRordS4N2w6qOOd7cd\/view?usp=drive_link\">Men\u00fa<\/a><\/td>\n<td style=\"width: 9.07952%; height: 32px;\"><a href=\"https:\/\/drive.google.com\/file\/d\/1Ie5rak1LEgpI-zl8821Bl5Tfwke-h3mG\/view?usp=drive_link\">Men\u00fa<\/a><\/td>\n<td style=\"width: 7.26626%; height: 32px;\"><\/td>\n<\/tr>\n<tr style=\"height: 32px;\">\n<td style=\"width: 9.49464%; height: 32px;\">Mar\u00e7<\/td>\n<td style=\"width: 8.21911%; height: 32px;\"><a href=\"https:\/\/drive.google.com\/file\/d\/1UWmMJJLMOr1mTyybTX4iE9FDl5cdzh94\/view?usp=drive_link\">Men\u00fa<\/a><\/td>\n<td style=\"width: 7.32197%; height: 32px;\"><a href=\"https:\/\/drive.google.com\/file\/d\/19MCVE7rW-zPlrSNq5uEZhKZtPwYbkR3I\/view?usp=drive_link\">Men\u00fa<\/a><\/td>\n<td style=\"width: 8.3146%; height: 32px;\"><a href=\"https:\/\/drive.google.com\/file\/d\/1NDcdyUH8ohvwbdUci7IQP0oKAEwcUw-9\/view?usp=drive_link\">Men\u00fa<\/a><\/td>\n<td style=\"width: 9.07952%; height: 32px;\"><a href=\"https:\/\/drive.google.com\/file\/d\/185tx35FUrQ9yuac8bPqNKgxGAT12EbS9\/view?usp=drive_link\">Men\u00fa<\/a><\/td>\n<td style=\"width: 7.26626%; height: 32px;\"><a href=\"https:\/\/drive.google.com\/file\/d\/1sxUoZZmPoEq2p2Vd0qONlYWJpbu0Rcpo\/view?usp=drive_link\">Men\u00fa<\/a><\/td>\n<\/tr>\n<tr style=\"height: 32px;\">\n<td style=\"width: 9.49464%; height: 32px;\">Abril<\/td>\n<td style=\"width: 8.21911%; height: 32px;\"><a href=\"https:\/\/drive.google.com\/file\/d\/1J6Ed8lyKqNrr4NNHu9DxdjhDRuNPiDPy\/view?usp=drive_link\">Men\u00fa<\/a><\/td>\n<td style=\"width: 7.32197%; height: 32px;\"><a href=\"https:\/\/drive.google.com\/file\/d\/1GweY3h3ZkHCfqzdcniTWHJg5MH1BaoN3\/view?usp=drive_link\">Men\u00fa<\/a><\/td>\n<td style=\"width: 8.3146%; height: 32px;\"><a href=\"https:\/\/drive.google.com\/file\/d\/1m1iRRgx4qs_6U8H8LHoCwtuK8FyylSTE\/view?usp=drive_link\">Men\u00fa<\/a><\/td>\n<td style=\"width: 9.07952%; height: 32px;\"><a href=\"https:\/\/drive.google.com\/file\/d\/1wQQrPNmaQ8Z9ctgt2IHUWxaSf6HHlmwM\/view?usp=drive_link\">Men\u00fa<\/a><\/td>\n<td style=\"width: 7.26626%; height: 32px;\"><a href=\"https:\/\/drive.google.com\/file\/d\/1H34mo3uL-zKxxGFk0J51u535M3FkB7dP\/view?usp=drive_link\">Men\u00fa<\/a><\/td>\n<\/tr>\n<tr style=\"height: 32px;\">\n<td style=\"width: 9.49464%; height: 32px;\">Maig<\/td>\n<td style=\"width: 8.21911%; height: 32px;\"><\/td>\n<td style=\"width: 7.32197%; height: 32px;\"><\/td>\n<td style=\"width: 8.3146%; height: 32px;\"><\/td>\n<td style=\"width: 9.07952%; height: 32px;\"><\/td>\n<td style=\"width: 7.26626%; height: 32px;\"><\/td>\n<\/tr>\n<tr style=\"height: 32px;\">\n<td style=\"width: 9.49464%; height: 32px;\">Juny<\/td>\n<td style=\"width: 8.21911%; height: 32px;\"><\/td>\n<td style=\"width: 7.32197%; height: 32px;\"><\/td>\n<td style=\"width: 8.3146%; height: 32px;\"><\/td>\n<td style=\"width: 9.07952%; height: 32px;\"><\/td>\n<td style=\"width: 7.26626%; height: 32px;\"><\/td>\n<\/tr>\n<\/tbody>\n<\/table>\n<p>COM APUNTAR-SE AL MENJADOR?<\/p>\n<ol>\n<li>Accediu a: <a href=\"https:\/\/santllorenc.gwido.cat\/\">https:\/\/santllorenc.gwido.cat<\/a><\/li>\n<li>Entreu les vostres dades d&#8217;acc\u00e9s.<\/li>\n<li>A continuaci\u00f3 trobareu un tutorial on us explica com fer les diferents gestions.<\/li>\n<\/ol>\n<p><a href=\"https:\/\/agora.xtec.cat\/ceipsantllorenc\/wp-content\/uploads\/usu520\/2023\/04\/Tutorial-Gwido.pdf\">TUTORIAL GWIDO<\/a><\/p>\n","protected":false},"excerpt":{"rendered":"<p>Basal Sense gluten Sense PLV Sense porc Sense fructosa Setembre Men\u00fa Men\u00fa Men\u00fa Men\u00fa Men\u00fa Octubre Men\u00fa Men\u00fa Men\u00fa Men\u00fa Novembre Men\u00fa Men\u00fa Men\u00fa Men\u00fa Men\u00fa Desembre Men\u00fa Men\u00fa Men\u00fa Men\u00fa Gener Men\u00fa Men\u00fa Men\u00fa Men\u00fa Febrer Men\u00fa Men\u00fa Men\u00fa Men\u00fa Mar\u00e7 Men\u00fa Men\u00fa Men\u00fa Men\u00fa Men\u00fa Abril Men\u00fa Men\u00fa Men\u00fa Men\u00fa Men\u00fa Maig Juny [&hellip;]<\/p>\n","protected":false},"author":1,"featured_media":0,"parent":73,"menu_order":0,"comment_status":"open","ping_status":"open","template":"","meta":{"_bbp_topic_count":0,"_bbp_reply_count":0,"_bbp_total_topic_count":0,"_bbp_total_reply_count":0,"_bbp_voice_count":0,"_bbp_anonymous_reply_count":0,"_bbp_topic_count_hidden":0,"_bbp_reply_count_hidden":0,"_bbp_forum_subforum_count":0,"site-sidebar-layout":"default","site-content-layout":"","ast-site-content-layout":"default","site-content-style":"default","site-sidebar-style":"default","ast-global-header-display":"","ast-banner-title-visibility":"","ast-main-header-display":"","ast-hfb-above-header-display":"","ast-hfb-below-header-display":"","ast-hfb-mobile-header-display":"","site-post-title":"","ast-breadcrumbs-content":"","ast-featured-img":"","footer-sml-layout":"","theme-transparent-header-meta":"default","adv-header-id-meta":"","stick-header-meta":"","header-above-stick-meta":"","header-main-stick-meta":"","header-below-stick-meta":"","astra-migrate-meta-layouts":"set","ast-page-background-enabled":"default","ast-page-background-meta":{"desktop":{"background-color":"var(--ast-global-color-4)","background-image":"","background-repeat":"repeat","background-position":"center center","background-size":"auto","background-attachment":"scroll","background-type":"","background-media":"","overlay-type":"","overlay-color":"","overlay-opacity":"","overlay-gradient":""},"tablet":{"background-color":"","background-image":"","background-repeat":"repeat","background-position":"center center","background-size":"auto","background-attachment":"scroll","background-type":"","background-media":"","overlay-type":"","overlay-color":"","overlay-opacity":"","overlay-gradient":""},"mobile":{"background-color":"","background-image":"","background-repeat":"repeat","background-position":"center center","background-size":"auto","background-attachment":"scroll","background-type":"","background-media":"","overlay-type":"","overlay-color":"","overlay-opacity":"","overlay-gradient":""}},"ast-content-background-meta":{"desktop":{"background-color":"var(--ast-global-color-5)","background-image":"","background-repeat":"repeat","background-position":"center center","background-size":"auto","background-attachment":"scroll","background-type":"","background-media":"","overlay-type":"","overlay-color":"","overlay-opacity":"","overlay-gradient":""},"tablet":{"background-color":"var(--ast-global-color-5)","background-image":"","background-repeat":"repeat","background-position":"center center","background-size":"auto","background-attachment":"scroll","background-type":"","background-media":"","overlay-type":"","overlay-color":"","overlay-opacity":"","overlay-gradient":""},"mobile":{"background-color":"var(--ast-global-color-5)","background-image":"","background-repeat":"repeat","background-position":"center center","background-size":"auto","background-attachment":"scroll","background-type":"","background-media":"","overlay-type":"","overlay-color":"","overlay-opacity":"","overlay-gradient":""}},"footnotes":""},"class_list":["post-1896","page","type-page","status-publish","hentry"],"post_mailing_queue_ids":[],"_links":{"self":[{"href":"https:\/\/agora.xtec.cat\/ceipsantllorenc\/wp-json\/wp\/v2\/pages\/1896","targetHints":{"allow":["GET"]}}],"collection":[{"href":"https:\/\/agora.xtec.cat\/ceipsantllorenc\/wp-json\/wp\/v2\/pages"}],"about":[{"href":"https:\/\/agora.xtec.cat\/ceipsantllorenc\/wp-json\/wp\/v2\/types\/page"}],"author":[{"embeddable":true,"href":"https:\/\/agora.xtec.cat\/ceipsantllorenc\/wp-json\/wp\/v2\/users\/1"}],"replies":[{"embeddable":true,"href":"https:\/\/agora.xtec.cat\/ceipsantllorenc\/wp-json\/wp\/v2\/comments?post=1896"}],"version-history":[{"count":5,"href":"https:\/\/agora.xtec.cat\/ceipsantllorenc\/wp-json\/wp\/v2\/pages\/1896\/revisions"}],"predecessor-version":[{"id":5821,"href":"https:\/\/agora.xtec.cat\/ceipsantllorenc\/wp-json\/wp\/v2\/pages\/1896\/revisions\/5821"}],"up":[{"embeddable":true,"href":"https:\/\/agora.xtec.cat\/ceipsantllorenc\/wp-json\/wp\/v2\/pages\/73"}],"wp:attachment":[{"href":"https:\/\/agora.xtec.cat\/ceipsantllorenc\/wp-json\/wp\/v2\/media?parent=1896"}],"curies":[{"name":"wp","href":"https:\/\/api.w.org\/{rel}","templated":true}]}}