{"id":73,"date":"2014-09-18T14:01:51","date_gmt":"2014-09-18T13:01:51","guid":{"rendered":"http:\/\/agora.xtec.cat\/ceipsantjust\/?page_id=73"},"modified":"2026-04-29T16:16:31","modified_gmt":"2026-04-29T14:16:31","slug":"menjador-escolar","status":"publish","type":"page","link":"https:\/\/agora.xtec.cat\/ceipsantjust\/serveis\/menjador-escolar\/","title":{"rendered":"Menjador escolar"},"content":{"rendered":"<p><strong>NORMES DE FUNCIONAMENT<\/strong><\/p>\n<p>El menjador escolar es posa en funcionament des del primer dia de classe. Els\/les alumnes de I3 comen\u00e7aran el dia 12 de setembre de 2025. L\u2019empresa \u201cSerunion\u201d es far\u00e0 c\u00e0rrec de tota la part administrativa (rebuts, comunicats de baixa, abs\u00e8ncies, etc.).<br \/>\nPer qualsevol consulta durant el curs us podreu adre\u00e7ar directament al coordinador del servei, l&#8217;Adri\u00e0 Vera, per e-mail, per tel\u00e8fon o b\u00e9 presencialment fins a les 10 del mat\u00ed.<\/p>\n<p>El pagament del servei es far\u00e0 per rebut domiciliat.<\/p>\n<p>Les fam\u00edlies hauran de trucar abans de les 10 h al n\u00famero de tel\u00e8fon (680 962 062), quan el\/la seu\/va fill\/a estigui malalt\/a i no utilitzi el servei.<\/p>\n<p>En aquest curs, els\/les alumnes d&#8217;I3 dinaran a la seva pr\u00f2pia aula. A partir d&#8217;I4 fins a 6-Pri s&#8217;utilitzar\u00e0 l&#8217;espai de menjador escolar. Hi hauran dos torns per poder dinar.<\/p>\n<p><strong>MAIL MENJADOR:<\/strong> menjadorsantjust@gmail.com<\/p>\n<p>&nbsp;<\/p>\n<p><span style=\"text-decoration: underline;\"><strong>HORARI DE RECOLLIDA (JORNADA INTENSIVA)<\/strong><\/span><\/p>\n<p>Els dies de jornada intensiva s\u00f3n el dia <strong>19 de Desembre de 2025 <\/strong>i <strong>del 8 al 19 de juny<\/strong> <strong>de 2026<\/strong>.\u00a0 L&#8217;hora de sortida aquests dies ser\u00e0 a les 15.00h, per\u00f2 com horari alternatiu, podreu recollir els vostres fills i filles, a partir de les seg\u00fcents franges hor\u00e0ries:<\/p>\n<p><strong>I3, I4, I5, 1Pri:<\/strong> a partir de les 14.30h.<\/p>\n<p><strong>2Pri, 3Pri, 4Pri:<\/strong> a partir de les 14.45h.<\/p>\n<p><strong>5Pri i 6Pri: <\/strong>15.00h<\/p>\n<p>Si alg\u00fa, per q\u00fcestions familiars,\u00a0 necessit\u00e9s modificar aquestes franges hor\u00e0ries, caldr\u00e0 que es posi en contacte amb el coordinador del menjador.<\/p>\n<p>&nbsp;<\/p>\n<div style=\"text-align: center;\">\n<p style=\"text-align: left;\"><span style=\"text-decoration: underline;\"><strong style=\"font-family: inherit; font-size: 1em; text-align: left;\">HIGIENE PERSONAL AL MENJADOR<\/strong><\/span><\/p>\n<\/div>\n<div style=\"text-align: center;\">\n<div style=\"text-align: center;\">\n<div style=\"text-align: center;\">\n<p style=\"text-align: left;\">Els\/les alumnes d&#8217;I-3 que es quedin fixes hauran de portar un llen\u00e7ol de bressol (marcat) per fer la migdiada.<br \/>\nTot l&#8217;alumnat (des d&#8217;I3 fins a 6Pri) haur\u00e0 de portar un necesser amb un raspall i un tub de pasta de dents (tot marcat).<\/p>\n<\/div>\n<\/div>\n<\/div>\n<p>&nbsp;<\/p>\n<p style=\"text-align: left;\"><span style=\"text-decoration: underline;\"><strong>MEN\u00da MENSUAL CURS ESCOLAR 2025-26<\/strong><\/span><\/p>\n<div style=\"text-align: center;\">\n<div style=\"text-align: center;\">\n<div style=\"text-align: center;\">\n<p>MEN\u00da MAIG (<a href=\"https:\/\/drive.google.com\/file\/d\/1A-CURXhS4006t9jqf76ogFkHwwZ47HgF\/view?usp=sharing\" target=\"_blank\" rel=\"noopener\">DESCARREGAR PDF<\/a>)<\/p>\n<div style=\"text-align: center;\">\n<div style=\"margin: 8px 0px 4px;\"><a href=\"https:\/\/www.calameo.com\/books\/003968364a86b07111419\" target=\"_blank\" rel=\"noopener\">Escola Sant Just Maig 2026<\/a><\/div>\n<p><iframe loading=\"lazy\" style=\"margin: 0 auto;\" src=\"\/\/v.calameo.com\/?bkcode=003968364a86b07111419\" width=\"300\" height=\"194\" frameborder=\"0\" scrolling=\"no\" allowfullscreen=\"allowfullscreen\"><\/iframe><\/p>\n<div style=\"margin: 4px 0px 8px;\"><a href=\"http:\/\/www.calameo.com\/\">Publish at Calameo<\/a><\/div>\n<\/div>\n<p>&nbsp;<\/p>\n<p>MEN\u00da ABRIL (<a href=\"https:\/\/drive.google.com\/file\/d\/1qL2B7pCmcTvsO59KnbBzxid54eVij8jt\/view?usp=sharing\" target=\"_blank\" rel=\"noopener\">DESCARREGAR PDF<\/a>)<\/p>\n<div style=\"text-align: center;\">\n<div style=\"margin: 8px 0px 4px;\"><a href=\"https:\/\/www.calameo.com\/books\/003968364a3726e55bb07\" target=\"_blank\" rel=\"noopener\">Escola Sant Just Abril 2026<\/a><\/div>\n<p><iframe loading=\"lazy\" style=\"margin: 0 auto;\" src=\"\/\/v.calameo.com\/?bkcode=003968364a3726e55bb07\" width=\"300\" height=\"194\" frameborder=\"0\" scrolling=\"no\" allowfullscreen=\"allowfullscreen\"><\/iframe><\/p>\n<div style=\"margin: 4px 0px 8px;\"><a href=\"http:\/\/www.calameo.com\/\">Publish at Calameo<\/a><\/div>\n<\/div>\n<p>&nbsp;<\/p>\n<p>MEN\u00da MAR\u00c7 (<a href=\"https:\/\/drive.google.com\/file\/d\/1Ebk1wMq67Lr2AMBqlO_jdKCoQN3fDHkt\/view?usp=sharing\" target=\"_blank\" rel=\"noopener\">DESCARREGAR PDF<\/a>)<\/p>\n<div style=\"text-align: center;\">\n<div style=\"margin: 8px 0px 4px;\"><a href=\"https:\/\/www.calameo.com\/books\/003968364a6f9870376c5\" target=\"_blank\" rel=\"noopener\">Escola Sant Just Mar\u00e7 2026<\/a><\/div>\n<p><iframe loading=\"lazy\" style=\"margin: 0 auto;\" src=\"\/\/v.calameo.com\/?bkcode=003968364a6f9870376c5\" width=\"300\" height=\"194\" frameborder=\"0\" scrolling=\"no\" allowfullscreen=\"allowfullscreen\"><\/iframe><\/p>\n<div style=\"margin: 4px 0px 8px;\"><a href=\"http:\/\/www.calameo.com\/\">Publish at Calameo<\/a><\/div>\n<\/div>\n<p>&nbsp;<\/p>\n<p>MEN\u00da FEBRER (<a href=\"https:\/\/drive.google.com\/file\/d\/1vbm8adyp0LRha_6uaPHJ1fEIef37WGGQ\/view?usp=sharing\" target=\"_blank\" rel=\"noopener\">DESCARREGAR PDF<\/a>)<\/p>\n<div style=\"text-align: center;\">\n<div style=\"margin: 8px 0px 4px;\"><a href=\"https:\/\/www.calameo.com\/books\/003968364322555be9b4c\" target=\"_blank\" rel=\"noopener\">Escola Sant Just Febrer 2026<\/a><\/div>\n<p><iframe loading=\"lazy\" style=\"margin: 0 auto;\" src=\"\/\/v.calameo.com\/?bkcode=003968364322555be9b4c\" width=\"300\" height=\"194\" frameborder=\"0\" scrolling=\"no\" allowfullscreen=\"allowfullscreen\"><\/iframe><\/p>\n<div style=\"margin: 4px 0px 8px;\"><a href=\"http:\/\/www.calameo.com\/\">Publish at Calameo<\/a><\/div>\n<\/div>\n<p>&nbsp;<\/p>\n<p>&nbsp;<\/p>\n<p>MEN\u00da GENER (<a href=\"https:\/\/drive.google.com\/file\/d\/1BpXKPiUYQA310k2UbhhEzsO7oWdw72kx\/view?usp=sharing\" target=\"_blank\" rel=\"noopener\">DESCARREGAR PDF<\/a>)<\/p>\n<div style=\"text-align: center;\">\n<div style=\"margin: 8px 0px 4px;\"><a href=\"https:\/\/www.calameo.com\/books\/003968364364c395e93e6\" target=\"_blank\" rel=\"noopener\">Escola Sant Just Gener 2026<\/a><\/div>\n<p><iframe loading=\"lazy\" style=\"margin: 0 auto;\" src=\"\/\/v.calameo.com\/?bkcode=003968364364c395e93e6\" width=\"300\" height=\"194\" frameborder=\"0\" scrolling=\"no\" allowfullscreen=\"allowfullscreen\"><\/iframe><\/p>\n<div style=\"margin: 4px 0px 8px;\"><a href=\"http:\/\/www.calameo.com\/\">Publish at Calameo<\/a><\/div>\n<\/div>\n<p>&nbsp;<\/p>\n<p>&nbsp;<\/p>\n<p>MEN\u00da DESEMBRE (<a href=\"https:\/\/drive.google.com\/file\/d\/1g18eXDrdTplHiY9-SustV8bO3oBE_7ak\/view?usp=sharing\" target=\"_blank\" rel=\"noopener\">DESCARREGAR PDF<\/a>)<\/p>\n<div style=\"text-align: center;\">\n<div style=\"margin: 8px 0px 4px;\"><a href=\"https:\/\/www.calameo.com\/books\/0039683643f69a115eed4\" target=\"_blank\" rel=\"noopener\">Escola Sant Just Desembre 2025 (1)<\/a><\/div>\n<p><iframe loading=\"lazy\" style=\"margin: 0 auto;\" src=\"\/\/v.calameo.com\/?bkcode=0039683643f69a115eed4\" width=\"300\" height=\"194\" frameborder=\"0\" scrolling=\"no\" allowfullscreen=\"allowfullscreen\"><\/iframe><\/p>\n<div style=\"margin: 4px 0px 8px;\"><a href=\"http:\/\/www.calameo.com\/\">Publish at Calameo<\/a><\/div>\n<div><\/div>\n<\/div>\n<p>MEN\u00da NOVEMBRE (<a href=\"https:\/\/drive.google.com\/file\/d\/16jtVtXiF9YX0pj1k8Nmd1PSbApWwgr6c\/view?usp=sharing\" target=\"_blank\" rel=\"noopener\">DESCARREGAR PDF<\/a>)<\/p>\n<div style=\"text-align: center;\">\n<div style=\"margin: 8px 0px 4px;\"><a href=\"https:\/\/www.calameo.com\/books\/0039683645eb113eb1a28\" target=\"_blank\" rel=\"noopener\">Escola Sant Just Novembre 2025<\/a><\/div>\n<p><iframe loading=\"lazy\" style=\"margin: 0 auto;\" src=\"\/\/v.calameo.com\/?bkcode=0039683645eb113eb1a28\" width=\"300\" height=\"194\" frameborder=\"0\" scrolling=\"no\" allowfullscreen=\"allowfullscreen\"><\/iframe><\/p>\n<div style=\"margin: 4px 0px 8px;\"><a href=\"http:\/\/www.calameo.com\/\">Publish at Calameo<\/a><\/div>\n<div><\/div>\n<\/div>\n<p>MEN\u00da OCTUBRE (<a href=\"https:\/\/drive.google.com\/file\/d\/1DZ_iyLnPyTg9UAaZcZhzwANJLDSpZLbF\/view?usp=sharing\" target=\"_blank\" rel=\"noopener\">DESCARREGAR PDF<\/a>)<\/p>\n<div style=\"text-align: center;\">\n<div style=\"margin: 8px 0px 4px;\"><a href=\"https:\/\/www.calameo.com\/books\/00396836472f85966f597\" target=\"_blank\" rel=\"noopener\">Escola Sant Just Octubre 2025<\/a><\/div>\n<p><iframe loading=\"lazy\" style=\"margin: 0 auto;\" src=\"\/\/v.calameo.com\/?bkcode=00396836472f85966f597\" width=\"300\" height=\"194\" frameborder=\"0\" scrolling=\"no\" allowfullscreen=\"allowfullscreen\" data-mce-fragment=\"1\"><\/iframe><\/p>\n<div style=\"margin: 4px 0px 8px;\"><a href=\"http:\/\/www.calameo.com\/\">Publish at Calameo<\/a><\/div>\n<div><\/div>\n<\/div>\n<\/div>\n<p>MEN\u00da SETEMBRE (<a href=\"https:\/\/drive.google.com\/file\/d\/1_pgiYS2-krhYFJPQFX6v3oVzjTYrGwHG\/view?usp=sharing\" target=\"_blank\" rel=\"noopener\">DESCARREGAR PDF<\/a>)<\/p>\n<div style=\"text-align: center;\">\n<div style=\"margin: 8px 0px 4px;\"><a href=\"https:\/\/www.calameo.com\/books\/003968364ac77428d9f9e\" target=\"_blank\" rel=\"noopener\">Escola Sant Just Setembre 2025<\/a><\/div>\n<p><iframe loading=\"lazy\" style=\"margin: 0 auto;\" src=\"\/\/v.calameo.com\/?bkcode=003968364ac77428d9f9e\" width=\"300\" height=\"194\" frameborder=\"0\" scrolling=\"no\" allowfullscreen=\"allowfullscreen\"><\/iframe><\/p>\n<div style=\"margin: 4px 0px 8px;\"><a href=\"http:\/\/www.calameo.com\/\">Publish at Calameo<\/a><span style=\"font-family: inherit; font-size: 1em;\">\u00a0<\/span><\/div>\n<\/div>\n<\/div>\n<div style=\"text-align: center;\">\n<div style=\"margin: 4px 0px 8px;\"><\/div>\n<\/div>\n<p>&nbsp;<\/p>\n<\/div>\n<div style=\"text-align: center;\">\n<div style=\"text-align: center;\">\n<div style=\"text-align: center;\">\n<p style=\"text-align: left;\"><span style=\"text-decoration: underline;\"><b>BEQUES I AJUTS<\/b><\/span><\/p>\n<p style=\"text-align: left;\">Al llarg del curs us comunicarem les convocat\u00f2ries d&#8217;ajuts oficials que s&#8217;ofereixin, aix\u00ed com la documentaci\u00f3 que caldr\u00e0 portar. Aquesta informaci\u00f3 estar\u00e0 penjada a l\u00b4entrada de l&#8217;escola i \u00e9s responsabilitat de la fam\u00edlia assabentar-se.<br \/>\nCal ajustar-se als terminis de lliurament de la documentaci\u00f3 per facilitar-ne el tr\u00e0mit.<br \/>\nLes fam\u00edlies que tinguin pendent algun rebut no podran sol\u00b7licitar l&#8217;ajut.<\/p>\n<\/div>\n<\/div>\n<\/div>\n","protected":false},"excerpt":{"rendered":"<p>NORMES DE FUNCIONAMENT El menjador escolar es posa en funcionament des del primer dia de classe. Els\/les alumnes de I3 comen\u00e7aran el dia 12 de setembre de 2025. L\u2019empresa \u201cSerunion\u201d es far\u00e0 c\u00e0rrec de tota la part administrativa (rebuts, comunicats de baixa, abs\u00e8ncies, etc.). Per qualsevol consulta durant el curs us podreu adre\u00e7ar directament al [&hellip;]<\/p>\n","protected":false},"author":1,"featured_media":0,"parent":66,"menu_order":30,"comment_status":"closed","ping_status":"closed","template":"","meta":{"_bbp_topic_count":0,"_bbp_reply_count":0,"_bbp_total_topic_count":0,"_bbp_total_reply_count":0,"_bbp_voice_count":0,"_bbp_anonymous_reply_count":0,"_bbp_topic_count_hidden":0,"_bbp_reply_count_hidden":0,"_bbp_forum_subforum_count":0,"site-sidebar-layout":"default","site-content-layout":"","ast-site-content-layout":"default","site-content-style":"default","site-sidebar-style":"default","ast-global-header-display":"","ast-banner-title-visibility":"","ast-main-header-display":"","ast-hfb-above-header-display":"","ast-hfb-below-header-display":"","ast-hfb-mobile-header-display":"","site-post-title":"","ast-breadcrumbs-content":"","ast-featured-img":"","footer-sml-layout":"","theme-transparent-header-meta":"default","adv-header-id-meta":"","stick-header-meta":"","header-above-stick-meta":"","header-main-stick-meta":"","header-below-stick-meta":"","astra-migrate-meta-layouts":"set","ast-page-background-enabled":"default","ast-page-background-meta":{"desktop":{"background-color":"var(--ast-global-color-4)","background-image":"","background-repeat":"repeat","background-position":"center center","background-size":"auto","background-attachment":"scroll","background-type":"","background-media":"","overlay-type":"","overlay-color":"","overlay-opacity":"","overlay-gradient":""},"tablet":{"background-color":"","background-image":"","background-repeat":"repeat","background-position":"center center","background-size":"auto","background-attachment":"scroll","background-type":"","background-media":"","overlay-type":"","overlay-color":"","overlay-opacity":"","overlay-gradient":""},"mobile":{"background-color":"","background-image":"","background-repeat":"repeat","background-position":"center center","background-size":"auto","background-attachment":"scroll","background-type":"","background-media":"","overlay-type":"","overlay-color":"","overlay-opacity":"","overlay-gradient":""}},"ast-content-background-meta":{"desktop":{"background-color":"var(--ast-global-color-5)","background-image":"","background-repeat":"repeat","background-position":"center center","background-size":"auto","background-attachment":"scroll","background-type":"","background-media":"","overlay-type":"","overlay-color":"","overlay-opacity":"","overlay-gradient":""},"tablet":{"background-color":"var(--ast-global-color-5)","background-image":"","background-repeat":"repeat","background-position":"center center","background-size":"auto","background-attachment":"scroll","background-type":"","background-media":"","overlay-type":"","overlay-color":"","overlay-opacity":"","overlay-gradient":""},"mobile":{"background-color":"var(--ast-global-color-5)","background-image":"","background-repeat":"repeat","background-position":"center center","background-size":"auto","background-attachment":"scroll","background-type":"","background-media":"","overlay-type":"","overlay-color":"","overlay-opacity":"","overlay-gradient":""}},"footnotes":""},"class_list":["post-73","page","type-page","status-publish","hentry"],"post_mailing_queue_ids":[],"_links":{"self":[{"href":"https:\/\/agora.xtec.cat\/ceipsantjust\/wp-json\/wp\/v2\/pages\/73","targetHints":{"allow":["GET"]}}],"collection":[{"href":"https:\/\/agora.xtec.cat\/ceipsantjust\/wp-json\/wp\/v2\/pages"}],"about":[{"href":"https:\/\/agora.xtec.cat\/ceipsantjust\/wp-json\/wp\/v2\/types\/page"}],"author":[{"embeddable":true,"href":"https:\/\/agora.xtec.cat\/ceipsantjust\/wp-json\/wp\/v2\/users\/1"}],"replies":[{"embeddable":true,"href":"https:\/\/agora.xtec.cat\/ceipsantjust\/wp-json\/wp\/v2\/comments?post=73"}],"version-history":[{"count":7,"href":"https:\/\/agora.xtec.cat\/ceipsantjust\/wp-json\/wp\/v2\/pages\/73\/revisions"}],"predecessor-version":[{"id":3187,"href":"https:\/\/agora.xtec.cat\/ceipsantjust\/wp-json\/wp\/v2\/pages\/73\/revisions\/3187"}],"up":[{"embeddable":true,"href":"https:\/\/agora.xtec.cat\/ceipsantjust\/wp-json\/wp\/v2\/pages\/66"}],"wp:attachment":[{"href":"https:\/\/agora.xtec.cat\/ceipsantjust\/wp-json\/wp\/v2\/media?parent=73"}],"curies":[{"name":"wp","href":"https:\/\/api.w.org\/{rel}","templated":true}]}}