{"id":2773,"date":"2025-12-14T11:03:31","date_gmt":"2025-12-14T10:03:31","guid":{"rendered":"https:\/\/agora.xtec.cat\/ceipsantjust\/?page_id=2773"},"modified":"2026-03-05T13:41:59","modified_gmt":"2026-03-05T12:41:59","slug":"english","status":"publish","type":"page","link":"https:\/\/agora.xtec.cat\/ceipsantjust\/english\/","title":{"rendered":"ENGLISH"},"content":{"rendered":"<p><strong>At our school, students start learning English from Early Childhood Education. The language is introduced in a natural, motivating and playful way, through games, songs, stories and fun activities.<\/strong><\/p>\n<p>In English lessons, special attention is given to oral expression and pronunciation, encouraging children to speak confidently and without fear of making mistakes. Our main goal is for students to enjoy learning English and to see it as a real tool for communication.<\/p>\n<p>*A la nostra escola, l\u2019aprenentatge de l\u2019angl\u00e8s comen\u00e7a des de l\u2019etapa d\u2019Educaci\u00f3 Infantil. L\u2019alumnat apr\u00e8n aquesta llengua d\u2019una manera natural, motivadora i l\u00fadica, a trav\u00e9s de jocs, can\u00e7ons, contes i activitats din\u00e0miques.<\/p>\n<p>A les classes d\u2019English es dona molta import\u00e0ncia a l\u2019expressi\u00f3 oral i a la pronunciaci\u00f3, fomentant que els nens i nenes s\u2019expressin amb confian\u00e7a i sense por a equivocar-se. L\u2019objectiu \u00e9s que l\u2019alumnat gaudeixi aprenent angl\u00e8s i el visqui com una eina de comunicaci\u00f3 real.<\/p>\n<p><a href=\"https:\/\/agora.xtec.cat\/ceipsantjust\/wp-content\/uploads\/usu1862\/2025\/12\/english_kids_low_res.jpg\"><img loading=\"lazy\" decoding=\"async\" class=\"aligncenter size-large wp-image-2774\" src=\"https:\/\/agora.xtec.cat\/ceipsantjust\/wp-content\/uploads\/usu1862\/2025\/12\/english_kids_low_res-1024x724.jpg\" alt=\"\" width=\"1024\" height=\"724\" srcset=\"https:\/\/agora.xtec.cat\/ceipsantjust\/wp-content\/uploads\/usu1862\/2025\/12\/english_kids_low_res-1024x724.jpg 1024w, https:\/\/agora.xtec.cat\/ceipsantjust\/wp-content\/uploads\/usu1862\/2025\/12\/english_kids_low_res-300x212.jpg 300w, https:\/\/agora.xtec.cat\/ceipsantjust\/wp-content\/uploads\/usu1862\/2025\/12\/english_kids_low_res-768x543.jpg 768w, https:\/\/agora.xtec.cat\/ceipsantjust\/wp-content\/uploads\/usu1862\/2025\/12\/english_kids_low_res.jpg 1200w\" sizes=\"auto, (max-width: 1024px) 100vw, 1024px\" \/><\/a><\/p>\n","protected":false},"excerpt":{"rendered":"<p>At our school, students start learning English from Early Childhood Education. The language is introduced in a natural, motivating and playful way, through games, songs, stories and fun activities. In English lessons, special attention is given to oral expression and pronunciation, encouraging children to speak confidently and without fear of making mistakes. Our main goal [&hellip;]<\/p>\n","protected":false},"author":1,"featured_media":0,"parent":0,"menu_order":0,"comment_status":"closed","ping_status":"closed","template":"","meta":{"_bbp_topic_count":0,"_bbp_reply_count":0,"_bbp_total_topic_count":0,"_bbp_total_reply_count":0,"_bbp_voice_count":0,"_bbp_anonymous_reply_count":0,"_bbp_topic_count_hidden":0,"_bbp_reply_count_hidden":0,"_bbp_forum_subforum_count":0,"site-sidebar-layout":"default","site-content-layout":"","ast-site-content-layout":"default","site-content-style":"default","site-sidebar-style":"default","ast-global-header-display":"","ast-banner-title-visibility":"","ast-main-header-display":"","ast-hfb-above-header-display":"","ast-hfb-below-header-display":"","ast-hfb-mobile-header-display":"","site-post-title":"","ast-breadcrumbs-content":"","ast-featured-img":"","footer-sml-layout":"","theme-transparent-header-meta":"default","adv-header-id-meta":"","stick-header-meta":"","header-above-stick-meta":"","header-main-stick-meta":"","header-below-stick-meta":"","astra-migrate-meta-layouts":"set","ast-page-background-enabled":"default","ast-page-background-meta":{"desktop":{"background-color":"var(--ast-global-color-4)","background-image":"","background-repeat":"repeat","background-position":"center center","background-size":"auto","background-attachment":"scroll","background-type":"","background-media":"","overlay-type":"","overlay-color":"","overlay-opacity":"","overlay-gradient":""},"tablet":{"background-color":"","background-image":"","background-repeat":"repeat","background-position":"center center","background-size":"auto","background-attachment":"scroll","background-type":"","background-media":"","overlay-type":"","overlay-color":"","overlay-opacity":"","overlay-gradient":""},"mobile":{"background-color":"","background-image":"","background-repeat":"repeat","background-position":"center center","background-size":"auto","background-attachment":"scroll","background-type":"","background-media":"","overlay-type":"","overlay-color":"","overlay-opacity":"","overlay-gradient":""}},"ast-content-background-meta":{"desktop":{"background-color":"var(--ast-global-color-5)","background-image":"","background-repeat":"repeat","background-position":"center center","background-size":"auto","background-attachment":"scroll","background-type":"","background-media":"","overlay-type":"","overlay-color":"","overlay-opacity":"","overlay-gradient":""},"tablet":{"background-color":"var(--ast-global-color-5)","background-image":"","background-repeat":"repeat","background-position":"center center","background-size":"auto","background-attachment":"scroll","background-type":"","background-media":"","overlay-type":"","overlay-color":"","overlay-opacity":"","overlay-gradient":""},"mobile":{"background-color":"var(--ast-global-color-5)","background-image":"","background-repeat":"repeat","background-position":"center center","background-size":"auto","background-attachment":"scroll","background-type":"","background-media":"","overlay-type":"","overlay-color":"","overlay-opacity":"","overlay-gradient":""}},"footnotes":""},"class_list":["post-2773","page","type-page","status-publish","hentry"],"post_mailing_queue_ids":[],"_links":{"self":[{"href":"https:\/\/agora.xtec.cat\/ceipsantjust\/wp-json\/wp\/v2\/pages\/2773","targetHints":{"allow":["GET"]}}],"collection":[{"href":"https:\/\/agora.xtec.cat\/ceipsantjust\/wp-json\/wp\/v2\/pages"}],"about":[{"href":"https:\/\/agora.xtec.cat\/ceipsantjust\/wp-json\/wp\/v2\/types\/page"}],"author":[{"embeddable":true,"href":"https:\/\/agora.xtec.cat\/ceipsantjust\/wp-json\/wp\/v2\/users\/1"}],"replies":[{"embeddable":true,"href":"https:\/\/agora.xtec.cat\/ceipsantjust\/wp-json\/wp\/v2\/comments?post=2773"}],"version-history":[{"count":2,"href":"https:\/\/agora.xtec.cat\/ceipsantjust\/wp-json\/wp\/v2\/pages\/2773\/revisions"}],"predecessor-version":[{"id":2981,"href":"https:\/\/agora.xtec.cat\/ceipsantjust\/wp-json\/wp\/v2\/pages\/2773\/revisions\/2981"}],"wp:attachment":[{"href":"https:\/\/agora.xtec.cat\/ceipsantjust\/wp-json\/wp\/v2\/media?parent=2773"}],"curies":[{"name":"wp","href":"https:\/\/api.w.org\/{rel}","templated":true}]}}