{"id":2764,"date":"2025-12-14T10:36:07","date_gmt":"2025-12-14T09:36:07","guid":{"rendered":"https:\/\/agora.xtec.cat\/ceipsantjust\/?page_id=2764"},"modified":"2025-12-14T10:42:12","modified_gmt":"2025-12-14T09:42:12","slug":"aprenem-sobre-la-salut-la-ciencia-i-el-nostre-entorn","status":"publish","type":"page","link":"https:\/\/agora.xtec.cat\/ceipsantjust\/aprenem-sobre-la-salut-la-ciencia-i-el-nostre-entorn\/","title":{"rendered":"APRENEM SOBRE LA SALUT, LA CI\u00c8NCIA I EL NOSTRE ENTORN"},"content":{"rendered":"<p>Al cicle mitj\u00e0 continuem aprenent d\u2019una manera vivencial i experimental. A trav\u00e9s de tallers, experiments i activitats pr\u00e0ctiques, l\u2019alumnat de tercer i quart descobreix continguts relacionats amb la salut, la ci\u00e8ncia, el medi ambient i el m\u00f3n animal, fomentant la curiositat i el pensament cient\u00edfic.<\/p>\n<p><strong> Coneixem la pir\u00e0mide dels aliments<\/strong><\/p>\n<p>El nutricionista del Servei d\u2019Atenci\u00f3 Prim\u00e0ria ens ha visitat per explicar-nos la import\u00e0ncia d\u2019una alimentaci\u00f3 saludable. A partir de la seva explicaci\u00f3, l\u2019alumnat ha elaborat la pir\u00e0mide dels aliments, tenint en compte la freq\u00fc\u00e8ncia amb qu\u00e8 s\u2019han de consumir els diferents aliments i les funcions que tenen en el nostre cos.<\/p>\n<p>A la classe de tercer tamb\u00e9 estem treballant la classificaci\u00f3 dels aliments per grups, identificant quins ens aporten energia, quins ajuden al creixement i quins ens protegeixen.<\/p>\n<p> <strong>Activitat sobre l\u2019aigua<\/strong><\/p>\n<p>En aquesta activitat, l\u2019alumnat de tercer ha apr\u00e8s que el nostre planeta est\u00e0 format per m\u00e9s d\u2019un 70% d\u2019aigua, que es troba en constant transformaci\u00f3. A trav\u00e9s de l\u2019experimentaci\u00f3, hem descobert com podem tenir cura de l\u2019aigua perqu\u00e8 no es faci malb\u00e9 i quines accions podem dur a terme per estalviar-ne i millorar-ne la qualitat.<\/p>\n<p><strong> Animals vertebrats<\/strong><\/p>\n<p>L\u2019alumnat de tercer est\u00e0 treballant els animals vertebrats. Com a activitat final, hem elaborat murals on es recullen les caracter\u00edstiques m\u00e9s importants de cada grup d\u2019animals, refor\u00e7ant aix\u00ed l\u2019aprenentatge de manera visual i cooperativa.<\/p>\n<p><strong> Reacciona amb la qu\u00edmica<\/strong><\/p>\n<p>Els alumnes de quart han realitzat un taller de qu\u00edmica on han pogut experimentar i barrejar diferents subst\u00e0ncies. Hem observat qu\u00e8 passa en determinades reaccions qu\u00edmiques i n\u2019hem pogut comprovar els resultats de primera m\u00e0. Ha estat una experi\u00e8ncia molt divertida i enriquidora.<\/p>\n<p> <strong>Experimentem el canvi clim\u00e0tic<\/strong><\/p>\n<p>A quart tamb\u00e9 hem participat en el taller Experimentem el canvi clim\u00e0tic. Mitjan\u00e7ant experiments senzills, hem recreat com es produeixen els efectes dels gasos, d\u2019on provenen i quines conseq\u00fc\u00e8ncies poden tenir a llarg termini sobre el nostre planeta.<\/p>\n<p><strong> Qu\u00edmica a la cuina<\/strong><\/p>\n<p>L\u2019alumnat de tercer ha realitzat el taller Qu\u00edmica a la cuina, on ha pogut descobrir algunes de les reaccions qu\u00edmiques que es produeixen en la vida quotidiana. Hem observat la fermentaci\u00f3 del pa, hem fet caramels i gelatina, i hem comprovat que la ci\u00e8ncia tamb\u00e9 \u00e9s present a la cuina.<\/p>\n<p>Els alumnes de quart tamb\u00e9 han participat en aquesta activitat, descobrint les principals reaccions qu\u00edmiques que tenen lloc quan cuinem i preparant receptes senzilles tot aprenent i gaudint.<\/p>\n<p><strong> Ulls de jaguar<\/strong><\/p>\n<p>L\u2019alumnat de tercer ha realitzat l\u2019activitat Ulls de jaguar, dedicada a con\u00e8ixer aquest animal tan emblem\u00e0tic de la selva amaz\u00f2nica. A trav\u00e9s d\u2019una hist\u00f2ria interactiva, hem descobert els animals i les plantes m\u00e9s representatives d\u2019aquest ecosistema tan ric i important.<\/p>\n<p> Aquest conjunt d\u2019activitats permet a l\u2019alumnat aprendre experimentant, observar el m\u00f3n amb ulls cient\u00edfics i prendre consci\u00e8ncia de la import\u00e0ncia de cuidar la salut i el medi ambient.<\/p>\n<div style=\"position: relative; width: 100%; height: 0; padding-top: 56.2500%;\n padding-bottom: 0; box-shadow: 0 2px 8px 0 rgba(63,69,81,0.16); margin-top: 1.6em; margin-bottom: 0.9em; overflow: hidden;\n border-radius: 8px; will-change: transform;\"><br \/>\n  <iframe loading=\"lazy\" style=\"position: absolute; width: 100%; height: 100%; top: 0; left: 0; border: none; padding: 0;margin: 0;\"\n    src=\"https:\/\/www.canva.com\/design\/DAG7eQB1mzs\/EIGpTe_E608HJkVu_xQ-bQ\/view?embed\" allowfullscreen=\"allowfullscreen\" allow=\"fullscreen\"><br \/>\n  <\/iframe>\n<\/div>\n<p><a href=\"https:&#x2F;&#x2F;www.canva.com&#x2F;design&#x2F;DAG7eQB1mzs&#x2F;EIGpTe_E608HJkVu_xQ-bQ&#x2F;view?utm_content=DAG7eQB1mzs&amp;utm_campaign=designshare&amp;utm_medium=embeds&amp;utm_source=link\" target=\"_blank\" rel=\"noopener\">APRENEM CI\u00c8NCIA<\/a> de Educaci\u00f3 Infantil escola Sant Just<\/p>\n","protected":false},"excerpt":{"rendered":"<p>Al cicle mitj\u00e0 continuem aprenent d\u2019una manera vivencial i experimental. A trav\u00e9s de tallers, experiments i activitats pr\u00e0ctiques, l\u2019alumnat de tercer i quart descobreix continguts relacionats amb la salut, la ci\u00e8ncia, el medi ambient i el m\u00f3n animal, fomentant la curiositat i el pensament cient\u00edfic. Coneixem la pir\u00e0mide dels aliments El nutricionista del Servei d\u2019Atenci\u00f3 [&hellip;]<\/p>\n","protected":false},"author":1,"featured_media":0,"parent":0,"menu_order":0,"comment_status":"closed","ping_status":"closed","template":"","meta":{"_bbp_topic_count":0,"_bbp_reply_count":0,"_bbp_total_topic_count":0,"_bbp_total_reply_count":0,"_bbp_voice_count":0,"_bbp_anonymous_reply_count":0,"_bbp_topic_count_hidden":0,"_bbp_reply_count_hidden":0,"_bbp_forum_subforum_count":0,"site-sidebar-layout":"default","site-content-layout":"","ast-site-content-layout":"default","site-content-style":"default","site-sidebar-style":"default","ast-global-header-display":"","ast-banner-title-visibility":"","ast-main-header-display":"","ast-hfb-above-header-display":"","ast-hfb-below-header-display":"","ast-hfb-mobile-header-display":"","site-post-title":"","ast-breadcrumbs-content":"","ast-featured-img":"","footer-sml-layout":"","theme-transparent-header-meta":"default","adv-header-id-meta":"","stick-header-meta":"","header-above-stick-meta":"","header-main-stick-meta":"","header-below-stick-meta":"","astra-migrate-meta-layouts":"set","ast-page-background-enabled":"default","ast-page-background-meta":{"desktop":{"background-color":"var(--ast-global-color-4)","background-image":"","background-repeat":"repeat","background-position":"center center","background-size":"auto","background-attachment":"scroll","background-type":"","background-media":"","overlay-type":"","overlay-color":"","overlay-opacity":"","overlay-gradient":""},"tablet":{"background-color":"","background-image":"","background-repeat":"repeat","background-position":"center center","background-size":"auto","background-attachment":"scroll","background-type":"","background-media":"","overlay-type":"","overlay-color":"","overlay-opacity":"","overlay-gradient":""},"mobile":{"background-color":"","background-image":"","background-repeat":"repeat","background-position":"center center","background-size":"auto","background-attachment":"scroll","background-type":"","background-media":"","overlay-type":"","overlay-color":"","overlay-opacity":"","overlay-gradient":""}},"ast-content-background-meta":{"desktop":{"background-color":"var(--ast-global-color-5)","background-image":"","background-repeat":"repeat","background-position":"center center","background-size":"auto","background-attachment":"scroll","background-type":"","background-media":"","overlay-type":"","overlay-color":"","overlay-opacity":"","overlay-gradient":""},"tablet":{"background-color":"var(--ast-global-color-5)","background-image":"","background-repeat":"repeat","background-position":"center center","background-size":"auto","background-attachment":"scroll","background-type":"","background-media":"","overlay-type":"","overlay-color":"","overlay-opacity":"","overlay-gradient":""},"mobile":{"background-color":"var(--ast-global-color-5)","background-image":"","background-repeat":"repeat","background-position":"center center","background-size":"auto","background-attachment":"scroll","background-type":"","background-media":"","overlay-type":"","overlay-color":"","overlay-opacity":"","overlay-gradient":""}},"footnotes":""},"class_list":["post-2764","page","type-page","status-publish","hentry"],"post_mailing_queue_ids":[],"_links":{"self":[{"href":"https:\/\/agora.xtec.cat\/ceipsantjust\/wp-json\/wp\/v2\/pages\/2764","targetHints":{"allow":["GET"]}}],"collection":[{"href":"https:\/\/agora.xtec.cat\/ceipsantjust\/wp-json\/wp\/v2\/pages"}],"about":[{"href":"https:\/\/agora.xtec.cat\/ceipsantjust\/wp-json\/wp\/v2\/types\/page"}],"author":[{"embeddable":true,"href":"https:\/\/agora.xtec.cat\/ceipsantjust\/wp-json\/wp\/v2\/users\/1"}],"replies":[{"embeddable":true,"href":"https:\/\/agora.xtec.cat\/ceipsantjust\/wp-json\/wp\/v2\/comments?post=2764"}],"version-history":[{"count":2,"href":"https:\/\/agora.xtec.cat\/ceipsantjust\/wp-json\/wp\/v2\/pages\/2764\/revisions"}],"predecessor-version":[{"id":2771,"href":"https:\/\/agora.xtec.cat\/ceipsantjust\/wp-json\/wp\/v2\/pages\/2764\/revisions\/2771"}],"wp:attachment":[{"href":"https:\/\/agora.xtec.cat\/ceipsantjust\/wp-json\/wp\/v2\/media?parent=2764"}],"curies":[{"name":"wp","href":"https:\/\/api.w.org\/{rel}","templated":true}]}}