{"id":2752,"date":"2025-12-14T09:51:22","date_gmt":"2025-12-14T08:51:22","guid":{"rendered":"https:\/\/agora.xtec.cat\/ceipsantjust\/?page_id=2752"},"modified":"2025-12-14T09:51:22","modified_gmt":"2025-12-14T08:51:22","slug":"practiquem-a-casa-c-inicial","status":"publish","type":"page","link":"https:\/\/agora.xtec.cat\/ceipsantjust\/practiquem-a-casa-c-inicial\/","title":{"rendered":"PRACTIQUEM A CASA (C.INICIAL)"},"content":{"rendered":"<p>Us oferim aquest petit recull de recomanacions per treballar amb els vostres fills i filles a casa.<\/p>\n<p>Aquestes activitats estan pensades com a refor\u00e7 de la feina que fem a l\u2019escola i dirigides a aquells alumnes que vulguin aprendre una mica m\u00e9s de catal\u00e0 o repassar el que ja saben.<\/p>\n<p><strong>Aprenem vocabulari i lectura<\/strong><\/p>\n<p>Jocs i activitats per practicar vocabulari i lectura:<br \/>\nRecursos digitals per a llengua catalana (XTEC)<br \/>\n\u2013 jocs, vocabulari i activitats interactives.<br \/>\nGoogle Sites<\/p>\n<p>Recursos educatius variats online:<br \/>\nRecursos web per practicar llengua (Activitum.cat)<br \/>\n\u2013 activitats, comprensi\u00f3 i continguts diversos.<br \/>\nActivitum.cat<\/p>\n<p>Materials did\u00e0ctics per llengua i literatura catalana:<br \/>\nEduki \u2013 recursos de catal\u00e0<br \/>\n\u2013 vocabulari, lectura, comprensi\u00f3 i expressi\u00f3.<br \/>\neduki.com<\/p>\n<p><strong>Escoltem catal\u00e0<\/strong><\/p>\n<p>Contes i \u00e0udios per escoltar en catal\u00e0:<br \/>\n\ud83d\udd17 Una m\u00e0 de contes \u2013 cercar \u00abUna m\u00e0 de contes\u00bb a web de recursos o XTEC (activitats de contes).<br \/>\nGoogle Sites<\/p>\n<p>Poemes i lectures en \u00e0udio:<br \/>\n\ud83d\udd17 Poesia en catal\u00e0 \u2013 cercar recursos de poesia per escoltar en catal\u00e0.<br \/>\nGoogle Sites<\/p>\n<p>Programaci\u00f3 educativa en catal\u00e0 a TV3:<br \/>\nConsulteu la programaci\u00f3 (ex.: infok i altres espais en catal\u00e0).<\/p>\n<p><strong>Practiquem amb els n\u00fameros<\/strong><\/p>\n<p>Jocs de sumes i operacions:<br \/>\n\ud83d\udd17 Joc de sumes senzilles \u2013 cercar activitats online de sumes per a prim\u00e0ria. (Per exemple, recursos d\u2019edu365 o eduwebs similars.)<br \/>\nAgora Xtec<\/p>\n<p>Joc de c\u00e0lcul mental i descomposici\u00f3 de n\u00fameros:<br \/>\n\ud83d\udd17 Jocs interactius de n\u00fameros i c\u00e0lcul disponibles en portals educatius de recursos.<br \/>\nAgora Xtec<\/p>\n<p>Joc d\u2019ordenaci\u00f3 de nombres:<br \/>\n\ud83d\udd17 Activitats de classificaci\u00f3 i ordenaci\u00f3 de nombres online.<\/p>\n<p><strong>Aplicacions recomanades per aprendre jugant<\/strong><\/p>\n<p>Matem\u00e0tiques<br \/>\nSmartick \u2013 app que ajuda a practicar matem\u00e0tiques amb sessions di\u00e0ries personalitzades.<\/p>\n<p><strong>Catal\u00e0<\/strong><\/p>\n<p>\ud83d\udd17 Aplicacions variades per practicar vocabulari i expressions en catal\u00e0. Recomanem cercar apps de catal\u00e0 per a nens\/es a botigues d\u2019apps<\/p>\n<p>English \/ Angl\u00e8s<\/p>\n<p>\ud83d\udd17 Apps per aprendre angl\u00e8s de forma divertida \u2013 apps d\u2019angl\u00e8s per a nens\/es disponibles a botigues d\u2019apps<\/p>\n<p>Jocs d\u2019habilitat<\/p>\n<p>\ud83d\udd17 Jocs de pensament i habilitat mental \u2013 apps de jocs educatius infantils a iOS i Android.<br \/>\nAquests recursos s\u00f3n nom\u00e9s exemples de materials educatius en l\u00ednia que possibiliten repassar i consolidar l\u2019aprenentatge.<br \/>\nSi alguna fam\u00edlia necessita orientaci\u00f3 per materials m\u00e9s espec\u00edfics, podeu contactar amb els\/les mestres.<\/p>\n<p><a href=\"https:\/\/agora.xtec.cat\/ceipsantjust\/wp-content\/uploads\/usu1862\/2025\/12\/REFORC.jpg\"><img loading=\"lazy\" decoding=\"async\" class=\"aligncenter size-large wp-image-2753\" src=\"https:\/\/agora.xtec.cat\/ceipsantjust\/wp-content\/uploads\/usu1862\/2025\/12\/REFORC-683x1024.jpg\" alt=\"\" width=\"683\" height=\"1024\" srcset=\"https:\/\/agora.xtec.cat\/ceipsantjust\/wp-content\/uploads\/usu1862\/2025\/12\/REFORC-683x1024.jpg 683w, https:\/\/agora.xtec.cat\/ceipsantjust\/wp-content\/uploads\/usu1862\/2025\/12\/REFORC-200x300.jpg 200w, https:\/\/agora.xtec.cat\/ceipsantjust\/wp-content\/uploads\/usu1862\/2025\/12\/REFORC-768x1152.jpg 768w, https:\/\/agora.xtec.cat\/ceipsantjust\/wp-content\/uploads\/usu1862\/2025\/12\/REFORC.jpg 800w\" sizes=\"auto, (max-width: 683px) 100vw, 683px\" \/><\/a><\/p>\n","protected":false},"excerpt":{"rendered":"<p>Us oferim aquest petit recull de recomanacions per treballar amb els vostres fills i filles a casa. Aquestes activitats estan pensades com a refor\u00e7 de la feina que fem a l\u2019escola i dirigides a aquells alumnes que vulguin aprendre una mica m\u00e9s de catal\u00e0 o repassar el que ja saben. Aprenem vocabulari i lectura Jocs [&hellip;]<\/p>\n","protected":false},"author":1,"featured_media":0,"parent":0,"menu_order":0,"comment_status":"closed","ping_status":"closed","template":"","meta":{"_bbp_topic_count":0,"_bbp_reply_count":0,"_bbp_total_topic_count":0,"_bbp_total_reply_count":0,"_bbp_voice_count":0,"_bbp_anonymous_reply_count":0,"_bbp_topic_count_hidden":0,"_bbp_reply_count_hidden":0,"_bbp_forum_subforum_count":0,"site-sidebar-layout":"default","site-content-layout":"","ast-site-content-layout":"default","site-content-style":"default","site-sidebar-style":"default","ast-global-header-display":"","ast-banner-title-visibility":"","ast-main-header-display":"","ast-hfb-above-header-display":"","ast-hfb-below-header-display":"","ast-hfb-mobile-header-display":"","site-post-title":"","ast-breadcrumbs-content":"","ast-featured-img":"","footer-sml-layout":"","theme-transparent-header-meta":"default","adv-header-id-meta":"","stick-header-meta":"","header-above-stick-meta":"","header-main-stick-meta":"","header-below-stick-meta":"","astra-migrate-meta-layouts":"set","ast-page-background-enabled":"default","ast-page-background-meta":{"desktop":{"background-color":"var(--ast-global-color-4)","background-image":"","background-repeat":"repeat","background-position":"center center","background-size":"auto","background-attachment":"scroll","background-type":"","background-media":"","overlay-type":"","overlay-color":"","overlay-opacity":"","overlay-gradient":""},"tablet":{"background-color":"","background-image":"","background-repeat":"repeat","background-position":"center center","background-size":"auto","background-attachment":"scroll","background-type":"","background-media":"","overlay-type":"","overlay-color":"","overlay-opacity":"","overlay-gradient":""},"mobile":{"background-color":"","background-image":"","background-repeat":"repeat","background-position":"center center","background-size":"auto","background-attachment":"scroll","background-type":"","background-media":"","overlay-type":"","overlay-color":"","overlay-opacity":"","overlay-gradient":""}},"ast-content-background-meta":{"desktop":{"background-color":"var(--ast-global-color-5)","background-image":"","background-repeat":"repeat","background-position":"center center","background-size":"auto","background-attachment":"scroll","background-type":"","background-media":"","overlay-type":"","overlay-color":"","overlay-opacity":"","overlay-gradient":""},"tablet":{"background-color":"var(--ast-global-color-5)","background-image":"","background-repeat":"repeat","background-position":"center center","background-size":"auto","background-attachment":"scroll","background-type":"","background-media":"","overlay-type":"","overlay-color":"","overlay-opacity":"","overlay-gradient":""},"mobile":{"background-color":"var(--ast-global-color-5)","background-image":"","background-repeat":"repeat","background-position":"center center","background-size":"auto","background-attachment":"scroll","background-type":"","background-media":"","overlay-type":"","overlay-color":"","overlay-opacity":"","overlay-gradient":""}},"footnotes":""},"class_list":["post-2752","page","type-page","status-publish","hentry"],"post_mailing_queue_ids":[],"_links":{"self":[{"href":"https:\/\/agora.xtec.cat\/ceipsantjust\/wp-json\/wp\/v2\/pages\/2752","targetHints":{"allow":["GET"]}}],"collection":[{"href":"https:\/\/agora.xtec.cat\/ceipsantjust\/wp-json\/wp\/v2\/pages"}],"about":[{"href":"https:\/\/agora.xtec.cat\/ceipsantjust\/wp-json\/wp\/v2\/types\/page"}],"author":[{"embeddable":true,"href":"https:\/\/agora.xtec.cat\/ceipsantjust\/wp-json\/wp\/v2\/users\/1"}],"replies":[{"embeddable":true,"href":"https:\/\/agora.xtec.cat\/ceipsantjust\/wp-json\/wp\/v2\/comments?post=2752"}],"version-history":[{"count":1,"href":"https:\/\/agora.xtec.cat\/ceipsantjust\/wp-json\/wp\/v2\/pages\/2752\/revisions"}],"predecessor-version":[{"id":2754,"href":"https:\/\/agora.xtec.cat\/ceipsantjust\/wp-json\/wp\/v2\/pages\/2752\/revisions\/2754"}],"wp:attachment":[{"href":"https:\/\/agora.xtec.cat\/ceipsantjust\/wp-json\/wp\/v2\/media?parent=2752"}],"curies":[{"name":"wp","href":"https:\/\/api.w.org\/{rel}","templated":true}]}}