{"id":2588,"date":"2025-12-08T11:12:50","date_gmt":"2025-12-08T10:12:50","guid":{"rendered":"https:\/\/agora.xtec.cat\/ceipsantjust\/?page_id=2588"},"modified":"2025-12-08T11:12:50","modified_gmt":"2025-12-08T10:12:50","slug":"joc-simbolic","status":"publish","type":"page","link":"https:\/\/agora.xtec.cat\/ceipsantjust\/nivells\/infantil\/joc-simbolic\/","title":{"rendered":"JOC SIMB\u00d2LIC"},"content":{"rendered":"<p>El joc simb\u00f2lic \u00e9s aquell tipus de joc en qu\u00e8 els infants representen i imiten accions i situacions de la vida quotidiana del m\u00f3n adult. A trav\u00e9s d\u2019aquest joc, els nens i les nenes exploren, interpreten i reprodueixen all\u00f2 que veuen en el seu entorn.<\/p>\n<p>Aquesta manera de jugar afavoreix el desenvolupament del pensament creatiu i els permet expressar i gestionar emocions, tensions i petits conflictes. Al mateix temps, els ajuda a con\u00e8ixer-se millor a si mateixos i a comprendre millor el m\u00f3n social que els envolta.<\/p>\n<p>A mesura que van creixent, el joc simb\u00f2lic es torna m\u00e9s ric i elaborat: passa de ser un joc individual a convertir-se en un joc compartit, on la cooperaci\u00f3 i la imaginaci\u00f3 conjunta tenen un paper protagonista.<\/p>\n<p>A la nostra escola disposem d\u2019una ludoteca central, un espai organitzat en diferents racons o ambients de joc simb\u00f2lic. Els infants de P3, P4 i P5 hi assisteixen un cop per setmana per gaudir, aprendre i imaginar en companyia.<\/p>\n<p>ELS RACONS DE LA LUDOTECA<\/p>\n<p>Rac\u00f3 del restaurant<\/p>\n<p>Rac\u00f3 del supermercat<\/p>\n<p>Rac\u00f3 de la perruqueria<\/p>\n<p>Rac\u00f3 de les nines<\/p>\n<p>Rac\u00f3 dels metges i metgesses<\/p>\n<p>&nbsp;<\/p>\n<div style=\"position: relative; width: 100%; height: 0; padding-top: 70.7071%;\npadding-bottom: 0; box-shadow: 0 2px 8px 0 rgba(63,69,81,0.16); margin-top: 1.6em; margin-bottom: 0.9em; overflow: hidden;\nborder-radius: 8px; will-change: transform;\"><br \/>\n<iframe loading=\"lazy\" style=\"position: absolute; width: 100%; height: 100%; top: 0; left: 0; border: none; padding: 0;margin: 0;\"\nsrc=\"https:\/\/www.canva.com\/design\/DAG66qurNKk\/OjMgvRqWN6oJp9QxCzz2FA\/view?embed\" allowfullscreen=\"allowfullscreen\" allow=\"fullscreen\"><br \/>\n<\/iframe>\n<\/div>\n<p><a href=\"https:&#x2F;&#x2F;www.canva.com&#x2F;design&#x2F;DAG66qurNKk&#x2F;OjMgvRqWN6oJp9QxCzz2FA&#x2F;view?utm_content=DAG66qurNKk&amp;utm_campaign=designshare&amp;utm_medium=embeds&amp;utm_source=link\" target=\"_blank\" rel=\"noopener\">Copia de TALLERS I5 NADAL 24-25 idees<\/a> de Educaci\u00f3 Infantil escola Sant Just<\/p>\n","protected":false},"excerpt":{"rendered":"<p>El joc simb\u00f2lic \u00e9s aquell tipus de joc en qu\u00e8 els infants representen i imiten accions i situacions de la vida quotidiana del m\u00f3n adult. A trav\u00e9s d\u2019aquest joc, els nens i les nenes exploren, interpreten i reprodueixen all\u00f2 que veuen en el seu entorn. Aquesta manera de jugar afavoreix el desenvolupament del pensament creatiu [&hellip;]<\/p>\n","protected":false},"author":1,"featured_media":0,"parent":2491,"menu_order":0,"comment_status":"closed","ping_status":"closed","template":"","meta":{"_bbp_topic_count":0,"_bbp_reply_count":0,"_bbp_total_topic_count":0,"_bbp_total_reply_count":0,"_bbp_voice_count":0,"_bbp_anonymous_reply_count":0,"_bbp_topic_count_hidden":0,"_bbp_reply_count_hidden":0,"_bbp_forum_subforum_count":0,"site-sidebar-layout":"default","site-content-layout":"","ast-site-content-layout":"default","site-content-style":"default","site-sidebar-style":"default","ast-global-header-display":"","ast-banner-title-visibility":"","ast-main-header-display":"","ast-hfb-above-header-display":"","ast-hfb-below-header-display":"","ast-hfb-mobile-header-display":"","site-post-title":"","ast-breadcrumbs-content":"","ast-featured-img":"","footer-sml-layout":"","theme-transparent-header-meta":"default","adv-header-id-meta":"","stick-header-meta":"","header-above-stick-meta":"","header-main-stick-meta":"","header-below-stick-meta":"","astra-migrate-meta-layouts":"set","ast-page-background-enabled":"default","ast-page-background-meta":{"desktop":{"background-color":"var(--ast-global-color-4)","background-image":"","background-repeat":"repeat","background-position":"center center","background-size":"auto","background-attachment":"scroll","background-type":"","background-media":"","overlay-type":"","overlay-color":"","overlay-opacity":"","overlay-gradient":""},"tablet":{"background-color":"","background-image":"","background-repeat":"repeat","background-position":"center center","background-size":"auto","background-attachment":"scroll","background-type":"","background-media":"","overlay-type":"","overlay-color":"","overlay-opacity":"","overlay-gradient":""},"mobile":{"background-color":"","background-image":"","background-repeat":"repeat","background-position":"center center","background-size":"auto","background-attachment":"scroll","background-type":"","background-media":"","overlay-type":"","overlay-color":"","overlay-opacity":"","overlay-gradient":""}},"ast-content-background-meta":{"desktop":{"background-color":"var(--ast-global-color-5)","background-image":"","background-repeat":"repeat","background-position":"center center","background-size":"auto","background-attachment":"scroll","background-type":"","background-media":"","overlay-type":"","overlay-color":"","overlay-opacity":"","overlay-gradient":""},"tablet":{"background-color":"var(--ast-global-color-5)","background-image":"","background-repeat":"repeat","background-position":"center center","background-size":"auto","background-attachment":"scroll","background-type":"","background-media":"","overlay-type":"","overlay-color":"","overlay-opacity":"","overlay-gradient":""},"mobile":{"background-color":"var(--ast-global-color-5)","background-image":"","background-repeat":"repeat","background-position":"center center","background-size":"auto","background-attachment":"scroll","background-type":"","background-media":"","overlay-type":"","overlay-color":"","overlay-opacity":"","overlay-gradient":""}},"footnotes":""},"class_list":["post-2588","page","type-page","status-publish","hentry"],"post_mailing_queue_ids":[],"_links":{"self":[{"href":"https:\/\/agora.xtec.cat\/ceipsantjust\/wp-json\/wp\/v2\/pages\/2588","targetHints":{"allow":["GET"]}}],"collection":[{"href":"https:\/\/agora.xtec.cat\/ceipsantjust\/wp-json\/wp\/v2\/pages"}],"about":[{"href":"https:\/\/agora.xtec.cat\/ceipsantjust\/wp-json\/wp\/v2\/types\/page"}],"author":[{"embeddable":true,"href":"https:\/\/agora.xtec.cat\/ceipsantjust\/wp-json\/wp\/v2\/users\/1"}],"replies":[{"embeddable":true,"href":"https:\/\/agora.xtec.cat\/ceipsantjust\/wp-json\/wp\/v2\/comments?post=2588"}],"version-history":[{"count":3,"href":"https:\/\/agora.xtec.cat\/ceipsantjust\/wp-json\/wp\/v2\/pages\/2588\/revisions"}],"predecessor-version":[{"id":2591,"href":"https:\/\/agora.xtec.cat\/ceipsantjust\/wp-json\/wp\/v2\/pages\/2588\/revisions\/2591"}],"up":[{"embeddable":true,"href":"https:\/\/agora.xtec.cat\/ceipsantjust\/wp-json\/wp\/v2\/pages\/2491"}],"wp:attachment":[{"href":"https:\/\/agora.xtec.cat\/ceipsantjust\/wp-json\/wp\/v2\/media?parent=2588"}],"curies":[{"name":"wp","href":"https:\/\/api.w.org\/{rel}","templated":true}]}}