{"id":2569,"date":"2025-12-08T10:25:46","date_gmt":"2025-12-08T09:25:46","guid":{"rendered":"https:\/\/agora.xtec.cat\/ceipsantjust\/?page_id=2569"},"modified":"2025-12-08T10:25:46","modified_gmt":"2025-12-08T09:25:46","slug":"i3-el-protagonista-de-la-setmana","status":"publish","type":"page","link":"https:\/\/agora.xtec.cat\/ceipsantjust\/nivells\/infantil\/educacio-emocional\/i3-el-protagonista-de-la-setmana\/","title":{"rendered":"I3 el protagonista de la setmana"},"content":{"rendered":"<p>Cada setmana, un nen o una nena de la classe es converteix en \u201cEl protagonista de la setmana\u201d. Aquest moment especial ens permet con\u00e8ixer millor cada infant: les seves aficions, all\u00f2 que li agrada, les seves qualitats i els membres de la seva fam\u00edlia.<\/p>\n<p>En l&#8217;\u00e0mbit emocional, aquesta activitat \u00e9s molt valuosa, ja que refor\u00e7a l\u2019autoestima, fa que l\u2019infant se senti escoltat, respectat i important dins del grup, i afavoreix els vincles entre companys i companyes.<\/p>\n<p>A m\u00e9s, per fer encara m\u00e9s significatiu aquest protagonisme, en una sessi\u00f3 de la setmana la fam\u00edlia est\u00e0 convidada a venir a l\u2019aula per compartir una estona amb el seu fill o filla i amb la resta de la classe. Poden realitzar una activitat conjunta, explicar un conte, mostrar alguna afici\u00f3 o simplement passar una bona estona plegats. Aquesta participaci\u00f3 familiar enriqueix l\u2019experi\u00e8ncia dels infants i enforteix el lla\u00e7 emocional entre escola i fam\u00edlia.<\/p>\n","protected":false},"excerpt":{"rendered":"<p>Cada setmana, un nen o una nena de la classe es converteix en \u201cEl protagonista de la setmana\u201d. Aquest moment especial ens permet con\u00e8ixer millor cada infant: les seves aficions, all\u00f2 que li agrada, les seves qualitats i els membres de la seva fam\u00edlia. En l&#8217;\u00e0mbit emocional, aquesta activitat \u00e9s molt valuosa, ja que refor\u00e7a [&hellip;]<\/p>\n","protected":false},"author":1,"featured_media":0,"parent":2567,"menu_order":0,"comment_status":"closed","ping_status":"closed","template":"","meta":{"_bbp_topic_count":0,"_bbp_reply_count":0,"_bbp_total_topic_count":0,"_bbp_total_reply_count":0,"_bbp_voice_count":0,"_bbp_anonymous_reply_count":0,"_bbp_topic_count_hidden":0,"_bbp_reply_count_hidden":0,"_bbp_forum_subforum_count":0,"site-sidebar-layout":"default","site-content-layout":"","ast-site-content-layout":"default","site-content-style":"default","site-sidebar-style":"default","ast-global-header-display":"","ast-banner-title-visibility":"","ast-main-header-display":"","ast-hfb-above-header-display":"","ast-hfb-below-header-display":"","ast-hfb-mobile-header-display":"","site-post-title":"","ast-breadcrumbs-content":"","ast-featured-img":"","footer-sml-layout":"","theme-transparent-header-meta":"default","adv-header-id-meta":"","stick-header-meta":"","header-above-stick-meta":"","header-main-stick-meta":"","header-below-stick-meta":"","astra-migrate-meta-layouts":"set","ast-page-background-enabled":"default","ast-page-background-meta":{"desktop":{"background-color":"var(--ast-global-color-4)","background-image":"","background-repeat":"repeat","background-position":"center center","background-size":"auto","background-attachment":"scroll","background-type":"","background-media":"","overlay-type":"","overlay-color":"","overlay-opacity":"","overlay-gradient":""},"tablet":{"background-color":"","background-image":"","background-repeat":"repeat","background-position":"center center","background-size":"auto","background-attachment":"scroll","background-type":"","background-media":"","overlay-type":"","overlay-color":"","overlay-opacity":"","overlay-gradient":""},"mobile":{"background-color":"","background-image":"","background-repeat":"repeat","background-position":"center center","background-size":"auto","background-attachment":"scroll","background-type":"","background-media":"","overlay-type":"","overlay-color":"","overlay-opacity":"","overlay-gradient":""}},"ast-content-background-meta":{"desktop":{"background-color":"var(--ast-global-color-5)","background-image":"","background-repeat":"repeat","background-position":"center center","background-size":"auto","background-attachment":"scroll","background-type":"","background-media":"","overlay-type":"","overlay-color":"","overlay-opacity":"","overlay-gradient":""},"tablet":{"background-color":"var(--ast-global-color-5)","background-image":"","background-repeat":"repeat","background-position":"center center","background-size":"auto","background-attachment":"scroll","background-type":"","background-media":"","overlay-type":"","overlay-color":"","overlay-opacity":"","overlay-gradient":""},"mobile":{"background-color":"var(--ast-global-color-5)","background-image":"","background-repeat":"repeat","background-position":"center center","background-size":"auto","background-attachment":"scroll","background-type":"","background-media":"","overlay-type":"","overlay-color":"","overlay-opacity":"","overlay-gradient":""}},"footnotes":""},"class_list":["post-2569","page","type-page","status-publish","hentry"],"post_mailing_queue_ids":[],"_links":{"self":[{"href":"https:\/\/agora.xtec.cat\/ceipsantjust\/wp-json\/wp\/v2\/pages\/2569","targetHints":{"allow":["GET"]}}],"collection":[{"href":"https:\/\/agora.xtec.cat\/ceipsantjust\/wp-json\/wp\/v2\/pages"}],"about":[{"href":"https:\/\/agora.xtec.cat\/ceipsantjust\/wp-json\/wp\/v2\/types\/page"}],"author":[{"embeddable":true,"href":"https:\/\/agora.xtec.cat\/ceipsantjust\/wp-json\/wp\/v2\/users\/1"}],"replies":[{"embeddable":true,"href":"https:\/\/agora.xtec.cat\/ceipsantjust\/wp-json\/wp\/v2\/comments?post=2569"}],"version-history":[{"count":2,"href":"https:\/\/agora.xtec.cat\/ceipsantjust\/wp-json\/wp\/v2\/pages\/2569\/revisions"}],"predecessor-version":[{"id":2571,"href":"https:\/\/agora.xtec.cat\/ceipsantjust\/wp-json\/wp\/v2\/pages\/2569\/revisions\/2571"}],"up":[{"embeddable":true,"href":"https:\/\/agora.xtec.cat\/ceipsantjust\/wp-json\/wp\/v2\/pages\/2567"}],"wp:attachment":[{"href":"https:\/\/agora.xtec.cat\/ceipsantjust\/wp-json\/wp\/v2\/media?parent=2569"}],"curies":[{"name":"wp","href":"https:\/\/api.w.org\/{rel}","templated":true}]}}