{"id":2137,"date":"2022-10-26T13:25:27","date_gmt":"2022-10-26T11:25:27","guid":{"rendered":"https:\/\/agora.xtec.cat\/ceipsantjust\/?page_id=2137"},"modified":"2022-10-26T15:25:08","modified_gmt":"2022-10-26T13:25:08","slug":"informacions-entrades-i-sortides","status":"publish","type":"page","link":"https:\/\/agora.xtec.cat\/ceipsantjust\/lescola\/informacions-a-les-families\/informacions-entrades-i-sortides\/","title":{"rendered":"Informacions entrades i sortides"},"content":{"rendered":"<p>Les sortides del centre es realitzen seguint les seg\u00fcents indicacions:<\/p>\n<div><b><u>PLA DE NO PLUJA:<\/u><br \/>\n<\/b><\/div>\n<div><b>\u00a0<\/b><\/div>\n<div><b>ALUMNES D&#8217;EDUCACI\u00d3\u00a0INFANTIL<\/b><\/div>\n<div><\/div>\n<div>Per recollir els vostres fills\/es haureu d&#8217;entrar a l&#8217;escola i els\/les recollireu directament a la porta de la classe que d\u00f3na al pati.<\/div>\n<div>Per un bon funcionament del centre, caldr\u00e0 ser molt puntuals per recollir els\/les alumnes d&#8217;educaci\u00f3 Infantil.<\/div>\n<div><\/div>\n<div><b>ALUMNES DE CI\u00a0<\/b><b>(1PRI i 2PRI)<\/b><\/div>\n<div><b>\u00a0<\/b><\/div>\n<div>\n<div>Cada classe sortir\u00e0 per una via, A o B (aquesta, estar\u00e0 senyalitzada en la columna de la fa\u00e7ana).<\/div>\n<div>Les fam\u00edlies hauran de fer fila al costat de la fa\u00e7ana per poder recollir-los en m\u00e0 del mestre \/ a.<\/div>\n<div><\/div>\n<div>\u00a0<b>ALUMNES DE CM \/ CS (3PRI a 6PRI)<\/b><\/div>\n<div><b>\u00a0<\/b><\/div>\n<div>\u00a0Els\/les alumnes sortiran per els costats senyalitzats amb classes A i classes B.<\/div>\n<div><b>\u00a0<\/b><\/div>\n<div><b>\u00a0<\/b><\/div>\n<\/div>\n<div>\n<div><b><u>PLA DE PLUJA:<\/u><\/b><\/div>\n<div><b>\u00a0<\/b><\/div>\n<div><b>\u00a0Tant si est\u00e0 plovent com si a \u00faltima hora est\u00e0 a punt de ploure, procedirem a\u00a0<\/b><b>sortir<\/b><b>\u00a0del centre amb aquest pla\u00a0<\/b><\/div>\n<div><b>\u00a0<\/b><\/div>\n<div><b>ALUMNES D&#8217;EDUCACI\u00d3\u00a0INFANTIL<\/b><\/div>\n<div><b>\u00a0<\/b><\/div>\n<div>Els alumnes de I3, I4 i I5 (P3,P4 i P5) sortiran cada classe per una via, A o B (aquesta, estar\u00e0 senyalitzada en la columna de la fa\u00e7ana).<\/div>\n<div>Les fam\u00edlies hauran de fer fila al costat de la fa\u00e7ana per poder recollir de la m\u00e0 de la mestra al seu fill\/a.<\/div>\n<div><\/div>\n<div>Per un bon funcionament del centre, caldr\u00e0 ser molt puntuals per recollir els\/les alumnes d&#8217;educaci\u00f3 Infantil<\/div>\n<div><\/div>\n<div>\n<div><b>ALUMNES DE CI\u00a0<\/b><b>(1PRI i 2PRI)<\/b><\/div>\n<div><b>\u00a0<\/b><\/div>\n<div>\n<div>Els alumnes sortiran cada classe per una via (aquesta estar\u00e0 senyalitzada en la columna de la fa\u00e7ana).<\/div>\n<div>Les fam\u00edlies hauran de fer fila al costat de la fa\u00e7ana per poder recollir de la m\u00e0 del mestre \/ a al seu fill\/a.<\/div>\n<div><\/div>\n<div>\u00a0<b>ALUMNES DE CM (3PRI a 6PRI)<\/b><\/div>\n<div><b>\u00a0<\/b><\/div>\n<div>\u00a0Els\/les alumnes sortiran per els costats senyalitzats amb classes A i classes B.<\/div>\n<\/div>\n<\/div>\n<\/div>\n<div><\/div>\n<div><\/div>\n<div>Us agra\u00efm a tots\/es la vostra col\u00b7laboraci\u00f3.<\/div>\n","protected":false},"excerpt":{"rendered":"<p>Les sortides del centre es realitzen seguint les seg\u00fcents indicacions: PLA DE NO PLUJA: \u00a0 ALUMNES D&#8217;EDUCACI\u00d3\u00a0INFANTIL Per recollir els vostres fills\/es haureu d&#8217;entrar a l&#8217;escola i els\/les recollireu directament a la porta de la classe que d\u00f3na al pati. Per un bon funcionament del centre, caldr\u00e0 ser molt puntuals per recollir els\/les alumnes d&#8217;educaci\u00f3 [&hellip;]<\/p>\n","protected":false},"author":1,"featured_media":0,"parent":1931,"menu_order":60,"comment_status":"closed","ping_status":"closed","template":"page-templates\/side-menu.php","meta":{"_bbp_topic_count":0,"_bbp_reply_count":0,"_bbp_total_topic_count":0,"_bbp_total_reply_count":0,"_bbp_voice_count":0,"_bbp_anonymous_reply_count":0,"_bbp_topic_count_hidden":0,"_bbp_reply_count_hidden":0,"_bbp_forum_subforum_count":0,"site-sidebar-layout":"default","site-content-layout":"","ast-site-content-layout":"","site-content-style":"default","site-sidebar-style":"default","ast-global-header-display":"","ast-banner-title-visibility":"","ast-main-header-display":"","ast-hfb-above-header-display":"","ast-hfb-below-header-display":"","ast-hfb-mobile-header-display":"","site-post-title":"","ast-breadcrumbs-content":"","ast-featured-img":"","footer-sml-layout":"","theme-transparent-header-meta":"","adv-header-id-meta":"","stick-header-meta":"","header-above-stick-meta":"","header-main-stick-meta":"","header-below-stick-meta":"","astra-migrate-meta-layouts":"default","ast-page-background-enabled":"default","ast-page-background-meta":{"desktop":{"background-color":"var(--ast-global-color-4)","background-image":"","background-repeat":"repeat","background-position":"center center","background-size":"auto","background-attachment":"scroll","background-type":"","background-media":"","overlay-type":"","overlay-color":"","overlay-opacity":"","overlay-gradient":""},"tablet":{"background-color":"","background-image":"","background-repeat":"repeat","background-position":"center center","background-size":"auto","background-attachment":"scroll","background-type":"","background-media":"","overlay-type":"","overlay-color":"","overlay-opacity":"","overlay-gradient":""},"mobile":{"background-color":"","background-image":"","background-repeat":"repeat","background-position":"center center","background-size":"auto","background-attachment":"scroll","background-type":"","background-media":"","overlay-type":"","overlay-color":"","overlay-opacity":"","overlay-gradient":""}},"ast-content-background-meta":{"desktop":{"background-color":"var(--ast-global-color-5)","background-image":"","background-repeat":"repeat","background-position":"center center","background-size":"auto","background-attachment":"scroll","background-type":"","background-media":"","overlay-type":"","overlay-color":"","overlay-opacity":"","overlay-gradient":""},"tablet":{"background-color":"var(--ast-global-color-5)","background-image":"","background-repeat":"repeat","background-position":"center center","background-size":"auto","background-attachment":"scroll","background-type":"","background-media":"","overlay-type":"","overlay-color":"","overlay-opacity":"","overlay-gradient":""},"mobile":{"background-color":"var(--ast-global-color-5)","background-image":"","background-repeat":"repeat","background-position":"center center","background-size":"auto","background-attachment":"scroll","background-type":"","background-media":"","overlay-type":"","overlay-color":"","overlay-opacity":"","overlay-gradient":""}},"footnotes":""},"class_list":["post-2137","page","type-page","status-publish","hentry"],"post_mailing_queue_ids":[],"_links":{"self":[{"href":"https:\/\/agora.xtec.cat\/ceipsantjust\/wp-json\/wp\/v2\/pages\/2137","targetHints":{"allow":["GET"]}}],"collection":[{"href":"https:\/\/agora.xtec.cat\/ceipsantjust\/wp-json\/wp\/v2\/pages"}],"about":[{"href":"https:\/\/agora.xtec.cat\/ceipsantjust\/wp-json\/wp\/v2\/types\/page"}],"author":[{"embeddable":true,"href":"https:\/\/agora.xtec.cat\/ceipsantjust\/wp-json\/wp\/v2\/users\/1"}],"replies":[{"embeddable":true,"href":"https:\/\/agora.xtec.cat\/ceipsantjust\/wp-json\/wp\/v2\/comments?post=2137"}],"version-history":[{"count":2,"href":"https:\/\/agora.xtec.cat\/ceipsantjust\/wp-json\/wp\/v2\/pages\/2137\/revisions"}],"predecessor-version":[{"id":2139,"href":"https:\/\/agora.xtec.cat\/ceipsantjust\/wp-json\/wp\/v2\/pages\/2137\/revisions\/2139"}],"up":[{"embeddable":true,"href":"https:\/\/agora.xtec.cat\/ceipsantjust\/wp-json\/wp\/v2\/pages\/1931"}],"wp:attachment":[{"href":"https:\/\/agora.xtec.cat\/ceipsantjust\/wp-json\/wp\/v2\/media?parent=2137"}],"curies":[{"name":"wp","href":"https:\/\/api.w.org\/{rel}","templated":true}]}}