{"id":1940,"date":"2022-02-02T11:56:52","date_gmt":"2022-02-02T10:56:52","guid":{"rendered":"https:\/\/agora.xtec.cat\/ceipsantjust\/?page_id=1940"},"modified":"2026-01-26T12:27:11","modified_gmt":"2026-01-26T11:27:11","slug":"informacio-sobre-les-activitats-complementaries-i-colonies-2021-22","status":"publish","type":"page","link":"https:\/\/agora.xtec.cat\/ceipsantjust\/lescola\/informacions-a-les-families\/informacio-sobre-les-activitats-complementaries-i-colonies-2021-22\/","title":{"rendered":"Informaci\u00f3 sobre les activitats complement\u00e0ries i col\u00f2nies 2023-24"},"content":{"rendered":"<p><strong style=\"font-family: inherit; font-size: 1em;\">ACTIVITATS COMPLEMENT\u00c0RIES CURS 25-26<\/strong><\/p>\n<p><span style=\"font-weight: 400;\">Aquestes sortides i col\u00f2nies quedaran recollides en el document de la Programaci\u00f3 General Anual de Centre.<\/span><\/p>\n<p><span style=\"font-weight: 400;\">Els\/les pares\/mares o tutors\/res legals hauran de signar l\u2019autoritzaci\u00f3 de les sortides complement\u00e0ries, en el cas contrari el\/la nen\/a haur\u00e0 de romandre a l&#8217;escola fins l&#8217;hora de sortida establerta en l\u2019horari general del centre. En el paper queden recollides les activitats que es fan dins del recinte escolar com les sortides a fora.<\/span><\/p>\n<p><span style=\"font-weight: 400;\">Per poder organitzar b\u00e9 aquestes activitats, necessitem que les fam\u00edlies compliu amb els terminis\u00a0 establerts el pagament i les autoritzacions.<\/span><\/p>\n<p><b>Us informarem de quina ser\u00e0 la data m\u00e0xima per fer el pagament de les sortides.\u00a0<\/b><span style=\"font-family: inherit; font-size: 1em;\">\u00a0Es recomana pagar \u00edntegrament l\u00b4import de totes les sortides del curs. Aquella fam\u00edlia que no pugui que passi per direcci\u00f3 o secretaria i se li adaptar\u00e0 els terminis de pagament.<\/span><\/p>\n<p>Els\/les alumnes no poden portar ni llaminadures, diners ni aparells electr\u00f2nics a les activitats complement\u00e0ries.<\/p>\n<div style=\"text-align: center;\">\n<div style=\"margin: 4px 0px 8px;\"><\/div>\n<\/div>\n<p><strong>COL\u00d2NIES<\/strong><\/p>\n<p>L\u2019escola realitzar\u00e0 col\u00f2nies amb els\/les alumnes dels seg\u00fcents cursos: I5, 2Pri, 4Pri i 6Pri. Es faran reunions espec\u00edfiques per informar a les fam\u00edlies.<\/p>\n<p>Anirem actualitzant la informaci\u00f3 a mida que vagi avan\u00e7ant el curs.<\/p>\n<p>Podeu consultar les presentacions de les reunions informatives que s&#8217;han dut a terme:<\/p>\n<div style=\"position: relative; width: 100%; height: 0; padding-top: 56.2500%; padding-bottom: 0; box-shadow: 0 2px 8px 0 rgba(63,69,81,0.16); margin-top: 1.6em; margin-bottom: 0.9em; overflow: hidden; border-radius: 8px; will-change: transform;\"><iframe style=\"position: absolute; width: 100%; height: 100%; top: 0; left: 0; border: none; padding: 0; margin: 0;\" src=\"https:\/\/www.canva.com\/design\/DAG-UDzslaU\/hXt1BeXnP5au9YW3jV3ang\/view?embed\" allowfullscreen=\"allowfullscreen\"><br \/>\n<\/iframe><\/div>\n<div style=\"position: relative; width: 100%; height: 0; padding-top: 56.2500%; padding-bottom: 0; box-shadow: 0 2px 8px 0 rgba(63,69,81,0.16); margin-top: 1.6em; margin-bottom: 0.9em; overflow: hidden; border-radius: 8px; will-change: transform;\"><iframe style=\"position: absolute; width: 100%; height: 100%; top: 0; left: 0; border: none; padding: 0; margin: 0;\" src=\"https:\/\/www.canva.com\/design\/DAG-fX5FlP4\/1ILaITIjtBG6O1OyHBoyMQ\/view?embed\" allowfullscreen=\"allowfullscreen\"><br \/>\n<\/iframe><\/div>\n<p><a href=\"https:\/\/www.canva.com\/design\/DAG-fX5FlP4\/1ILaITIjtBG6O1OyHBoyMQ\/view?utm_content=DAG-fX5FlP4&amp;utm_campaign=designshare&amp;utm_medium=embeds&amp;utm_source=link\" target=\"_blank\" rel=\"noopener\">\u00a0<\/a><\/p>\n","protected":false},"excerpt":{"rendered":"<p>ACTIVITATS COMPLEMENT\u00c0RIES CURS 25-26 Aquestes sortides i col\u00f2nies quedaran recollides en el document de la Programaci\u00f3 General Anual de Centre. Els\/les pares\/mares o tutors\/res legals hauran de signar l\u2019autoritzaci\u00f3 de les sortides complement\u00e0ries, en el cas contrari el\/la nen\/a haur\u00e0 de romandre a l&#8217;escola fins l&#8217;hora de sortida establerta en l\u2019horari general del centre. En [&hellip;]<\/p>\n","protected":false},"author":1,"featured_media":0,"parent":1931,"menu_order":50,"comment_status":"closed","ping_status":"closed","template":"","meta":{"_bbp_topic_count":0,"_bbp_reply_count":0,"_bbp_total_topic_count":0,"_bbp_total_reply_count":0,"_bbp_voice_count":0,"_bbp_anonymous_reply_count":0,"_bbp_topic_count_hidden":0,"_bbp_reply_count_hidden":0,"_bbp_forum_subforum_count":0,"site-sidebar-layout":"default","site-content-layout":"","ast-site-content-layout":"default","site-content-style":"default","site-sidebar-style":"default","ast-global-header-display":"","ast-banner-title-visibility":"","ast-main-header-display":"","ast-hfb-above-header-display":"","ast-hfb-below-header-display":"","ast-hfb-mobile-header-display":"","site-post-title":"","ast-breadcrumbs-content":"","ast-featured-img":"","footer-sml-layout":"","theme-transparent-header-meta":"default","adv-header-id-meta":"","stick-header-meta":"","header-above-stick-meta":"","header-main-stick-meta":"","header-below-stick-meta":"","astra-migrate-meta-layouts":"set","ast-page-background-enabled":"default","ast-page-background-meta":{"desktop":{"background-color":"var(--ast-global-color-4)","background-image":"","background-repeat":"repeat","background-position":"center center","background-size":"auto","background-attachment":"scroll","background-type":"","background-media":"","overlay-type":"","overlay-color":"","overlay-opacity":"","overlay-gradient":""},"tablet":{"background-color":"","background-image":"","background-repeat":"repeat","background-position":"center center","background-size":"auto","background-attachment":"scroll","background-type":"","background-media":"","overlay-type":"","overlay-color":"","overlay-opacity":"","overlay-gradient":""},"mobile":{"background-color":"","background-image":"","background-repeat":"repeat","background-position":"center center","background-size":"auto","background-attachment":"scroll","background-type":"","background-media":"","overlay-type":"","overlay-color":"","overlay-opacity":"","overlay-gradient":""}},"ast-content-background-meta":{"desktop":{"background-color":"var(--ast-global-color-5)","background-image":"","background-repeat":"repeat","background-position":"center center","background-size":"auto","background-attachment":"scroll","background-type":"","background-media":"","overlay-type":"","overlay-color":"","overlay-opacity":"","overlay-gradient":""},"tablet":{"background-color":"var(--ast-global-color-5)","background-image":"","background-repeat":"repeat","background-position":"center center","background-size":"auto","background-attachment":"scroll","background-type":"","background-media":"","overlay-type":"","overlay-color":"","overlay-opacity":"","overlay-gradient":""},"mobile":{"background-color":"var(--ast-global-color-5)","background-image":"","background-repeat":"repeat","background-position":"center center","background-size":"auto","background-attachment":"scroll","background-type":"","background-media":"","overlay-type":"","overlay-color":"","overlay-opacity":"","overlay-gradient":""}},"footnotes":""},"class_list":["post-1940","page","type-page","status-publish","hentry"],"post_mailing_queue_ids":[],"_links":{"self":[{"href":"https:\/\/agora.xtec.cat\/ceipsantjust\/wp-json\/wp\/v2\/pages\/1940","targetHints":{"allow":["GET"]}}],"collection":[{"href":"https:\/\/agora.xtec.cat\/ceipsantjust\/wp-json\/wp\/v2\/pages"}],"about":[{"href":"https:\/\/agora.xtec.cat\/ceipsantjust\/wp-json\/wp\/v2\/types\/page"}],"author":[{"embeddable":true,"href":"https:\/\/agora.xtec.cat\/ceipsantjust\/wp-json\/wp\/v2\/users\/1"}],"replies":[{"embeddable":true,"href":"https:\/\/agora.xtec.cat\/ceipsantjust\/wp-json\/wp\/v2\/comments?post=1940"}],"version-history":[{"count":5,"href":"https:\/\/agora.xtec.cat\/ceipsantjust\/wp-json\/wp\/v2\/pages\/1940\/revisions"}],"predecessor-version":[{"id":2862,"href":"https:\/\/agora.xtec.cat\/ceipsantjust\/wp-json\/wp\/v2\/pages\/1940\/revisions\/2862"}],"up":[{"embeddable":true,"href":"https:\/\/agora.xtec.cat\/ceipsantjust\/wp-json\/wp\/v2\/pages\/1931"}],"wp:attachment":[{"href":"https:\/\/agora.xtec.cat\/ceipsantjust\/wp-json\/wp\/v2\/media?parent=1940"}],"curies":[{"name":"wp","href":"https:\/\/api.w.org\/{rel}","templated":true}]}}