{"id":1934,"date":"2022-02-02T11:34:19","date_gmt":"2022-02-02T10:34:19","guid":{"rendered":"https:\/\/agora.xtec.cat\/ceipsantjust\/?page_id=1934"},"modified":"2023-10-19T12:00:09","modified_gmt":"2023-10-19T10:00:09","slug":"informacio-i-calendari-de-les-reunions-i-entrevistes-amb-les-families","status":"publish","type":"page","link":"https:\/\/agora.xtec.cat\/ceipsantjust\/lescola\/informacions-a-les-families\/informacio-i-calendari-de-les-reunions-i-entrevistes-amb-les-families\/","title":{"rendered":"Informaci\u00f3 i calendari de les reunions i entrevistes amb les fam\u00edlies"},"content":{"rendered":"<p><strong>REUNIONS INICI DE CURS (curs 23-24)\u00a0<\/strong><\/p>\n<p><b>DATES REUNIONS INICI DE CURS (23-24)<\/b><\/p>\n<table style=\"width: 95.3374%;\">\n<tbody>\n<tr>\n<td style=\"width: 34.8894%;\"><b>I3<\/b><\/td>\n<td style=\"width: 33.9066%;\"><b>I4<\/b><\/td>\n<td style=\"width: 103.194%;\"><b>I5<\/b><\/td>\n<\/tr>\n<tr>\n<td style=\"width: 34.8894%;\"><span style=\"font-weight: 400;\">16 D\u2019OCTUBRE<\/span><\/td>\n<td style=\"width: 33.9066%;\"><span style=\"font-weight: 400;\">10 D\u2019OCTUBRE<\/span><\/td>\n<td style=\"width: 103.194%;\"><span style=\"font-weight: 400;\">11 D&#8217;OCTUBRE<\/span><\/td>\n<\/tr>\n<tr>\n<td style=\"width: 34.8894%;\"><b>PRIMER<\/b><\/td>\n<td style=\"width: 33.9066%;\"><b>SEGON<\/b><\/td>\n<td style=\"width: 103.194%;\"><b>TERCER<\/b><\/td>\n<\/tr>\n<tr>\n<td style=\"width: 34.8894%;\"><span style=\"font-weight: 400;\">27\u00a0 DE SETEMBRE<\/span><\/td>\n<td style=\"width: 33.9066%;\"><span style=\"font-weight: 400;\">28 DE SETEMBRE<\/span><\/td>\n<td style=\"width: 103.194%;\"><span style=\"font-weight: 400;\">3 D\u2019OCTUBRE<\/span><\/td>\n<\/tr>\n<tr>\n<td style=\"width: 34.8894%;\"><b>QUART<\/b><\/td>\n<td style=\"width: 33.9066%;\"><b>CINQU\u00c8\u00a0<\/b><\/td>\n<td style=\"width: 103.194%;\"><b>SIS\u00c8<\/b><\/td>\n<\/tr>\n<tr>\n<td style=\"width: 34.8894%;\"><span style=\"font-weight: 400;\">2 \u00b4D\u00b4OCTUBRE<\/span><\/td>\n<td style=\"width: 33.9066%;\"><span style=\"font-weight: 400;\">4 D\u2019OCTUBRE<\/span><\/td>\n<td style=\"width: 103.194%;\"><span style=\"font-weight: 400;\">5 D\u2019OCTUBRE<\/span><\/td>\n<\/tr>\n<\/tbody>\n<\/table>\n<p><b>HORARI D\u2019ATENCI\u00d3 A LES FAM\u00cdLIES (curs 23-24)<\/b><\/p>\n<p><b>\u00a0<\/b><span style=\"font-weight: 400;\">L&#8217;horari d&#8217;atenci\u00f3 dels\/de les mestres tutors\/es \u00e9s el seg\u00fcent:\u00a0\u00a0<\/span><\/p>\n<p><span style=\"font-weight: 400;\">Per a Educaci\u00f3 infantil i Prim\u00e0ria: <\/span><b>dimecres 12:30h a 13:30h. Aquestes reunions es podran fer presencials o b\u00e9 online mitjan\u00e7ant la plataforma Microsoft Teams.<\/b><\/p>\n<p>Per facilitar la rebuda cal concertar l\u2019entrevista pr\u00e8viament amb una anticipaci\u00f3 m\u00ednima de dos dies, mitjan\u00e7ant l&#8217;agenda del \/ de l&#8217;alumne\/a.<\/p>\n<p><b>\u00a0\u00a0<\/b><\/p>\n<p><b style=\"font-family: inherit; font-size: 1em;\">REUNIONS INDIVIDUALS INICI DE CURS AMB LES FAM\u00cdLIES DE I-3<\/b><\/p>\n<p>Durant els dies 1 i 4 de setembre de 2023 es faran entrevistes individuals amb la tutora. En l\u2019entrevista les fam\u00edlies hauran de venir acompanyades pel\/per la seu\/seva fill\/a.<\/p>\n<p>&nbsp;<\/p>\n","protected":false},"excerpt":{"rendered":"<p>REUNIONS INICI DE CURS (curs 23-24)\u00a0 DATES REUNIONS INICI DE CURS (23-24) I3 I4 I5 16 D\u2019OCTUBRE 10 D\u2019OCTUBRE 11 D&#8217;OCTUBRE PRIMER SEGON TERCER 27\u00a0 DE SETEMBRE 28 DE SETEMBRE 3 D\u2019OCTUBRE QUART CINQU\u00c8\u00a0 SIS\u00c8 2 \u00b4D\u00b4OCTUBRE 4 D\u2019OCTUBRE 5 D\u2019OCTUBRE HORARI D\u2019ATENCI\u00d3 A LES FAM\u00cdLIES (curs 23-24) \u00a0L&#8217;horari d&#8217;atenci\u00f3 dels\/de les mestres tutors\/es \u00e9s [&hellip;]<\/p>\n","protected":false},"author":1,"featured_media":0,"parent":1931,"menu_order":10,"comment_status":"closed","ping_status":"closed","template":"page-templates\/side-menu.php","meta":{"_bbp_topic_count":0,"_bbp_reply_count":0,"_bbp_total_topic_count":0,"_bbp_total_reply_count":0,"_bbp_voice_count":0,"_bbp_anonymous_reply_count":0,"_bbp_topic_count_hidden":0,"_bbp_reply_count_hidden":0,"_bbp_forum_subforum_count":0,"site-sidebar-layout":"default","site-content-layout":"","ast-site-content-layout":"","site-content-style":"default","site-sidebar-style":"default","ast-global-header-display":"","ast-banner-title-visibility":"","ast-main-header-display":"","ast-hfb-above-header-display":"","ast-hfb-below-header-display":"","ast-hfb-mobile-header-display":"","site-post-title":"","ast-breadcrumbs-content":"","ast-featured-img":"","footer-sml-layout":"","theme-transparent-header-meta":"","adv-header-id-meta":"","stick-header-meta":"","header-above-stick-meta":"","header-main-stick-meta":"","header-below-stick-meta":"","astra-migrate-meta-layouts":"default","ast-page-background-enabled":"default","ast-page-background-meta":{"desktop":{"background-color":"var(--ast-global-color-4)","background-image":"","background-repeat":"repeat","background-position":"center center","background-size":"auto","background-attachment":"scroll","background-type":"","background-media":"","overlay-type":"","overlay-color":"","overlay-opacity":"","overlay-gradient":""},"tablet":{"background-color":"","background-image":"","background-repeat":"repeat","background-position":"center center","background-size":"auto","background-attachment":"scroll","background-type":"","background-media":"","overlay-type":"","overlay-color":"","overlay-opacity":"","overlay-gradient":""},"mobile":{"background-color":"","background-image":"","background-repeat":"repeat","background-position":"center center","background-size":"auto","background-attachment":"scroll","background-type":"","background-media":"","overlay-type":"","overlay-color":"","overlay-opacity":"","overlay-gradient":""}},"ast-content-background-meta":{"desktop":{"background-color":"var(--ast-global-color-5)","background-image":"","background-repeat":"repeat","background-position":"center center","background-size":"auto","background-attachment":"scroll","background-type":"","background-media":"","overlay-type":"","overlay-color":"","overlay-opacity":"","overlay-gradient":""},"tablet":{"background-color":"var(--ast-global-color-5)","background-image":"","background-repeat":"repeat","background-position":"center center","background-size":"auto","background-attachment":"scroll","background-type":"","background-media":"","overlay-type":"","overlay-color":"","overlay-opacity":"","overlay-gradient":""},"mobile":{"background-color":"var(--ast-global-color-5)","background-image":"","background-repeat":"repeat","background-position":"center center","background-size":"auto","background-attachment":"scroll","background-type":"","background-media":"","overlay-type":"","overlay-color":"","overlay-opacity":"","overlay-gradient":""}},"footnotes":""},"class_list":["post-1934","page","type-page","status-publish","hentry"],"post_mailing_queue_ids":[],"_links":{"self":[{"href":"https:\/\/agora.xtec.cat\/ceipsantjust\/wp-json\/wp\/v2\/pages\/1934","targetHints":{"allow":["GET"]}}],"collection":[{"href":"https:\/\/agora.xtec.cat\/ceipsantjust\/wp-json\/wp\/v2\/pages"}],"about":[{"href":"https:\/\/agora.xtec.cat\/ceipsantjust\/wp-json\/wp\/v2\/types\/page"}],"author":[{"embeddable":true,"href":"https:\/\/agora.xtec.cat\/ceipsantjust\/wp-json\/wp\/v2\/users\/1"}],"replies":[{"embeddable":true,"href":"https:\/\/agora.xtec.cat\/ceipsantjust\/wp-json\/wp\/v2\/comments?post=1934"}],"version-history":[{"count":6,"href":"https:\/\/agora.xtec.cat\/ceipsantjust\/wp-json\/wp\/v2\/pages\/1934\/revisions"}],"predecessor-version":[{"id":2295,"href":"https:\/\/agora.xtec.cat\/ceipsantjust\/wp-json\/wp\/v2\/pages\/1934\/revisions\/2295"}],"up":[{"embeddable":true,"href":"https:\/\/agora.xtec.cat\/ceipsantjust\/wp-json\/wp\/v2\/pages\/1931"}],"wp:attachment":[{"href":"https:\/\/agora.xtec.cat\/ceipsantjust\/wp-json\/wp\/v2\/media?parent=1934"}],"curies":[{"name":"wp","href":"https:\/\/api.w.org\/{rel}","templated":true}]}}