{"id":1791,"date":"2021-10-20T13:20:43","date_gmt":"2021-10-20T11:20:43","guid":{"rendered":"https:\/\/agora.xtec.cat\/ceipsantjust\/?page_id=1791"},"modified":"2023-07-10T12:48:58","modified_gmt":"2023-07-10T10:48:58","slug":"equip-docent-i-personal-dadministracio-curs-2021-22","status":"publish","type":"page","link":"https:\/\/agora.xtec.cat\/ceipsantjust\/projecte-educatiu\/equip-docent-i-personal-dadministracio-curs-2021-22\/","title":{"rendered":"Equip docent i personal d&#8217;administraci\u00f3"},"content":{"rendered":"<h4>RELACI\u00d3 DELS PROFESSIONALS QUE TREBALLEN EN EL CENTRE<br \/>\nCLAUSTRE DE PROFESSORS<\/h4>\n<h4><strong>curs 2023-24 (aviat tindreu disponible aquesta informaci\u00f3)<\/strong><\/h4>\n<p>Tutora I-3 A:<br \/>\nTutora I-3 B:<br \/>\nTutora I-4 A:<br \/>\nTutora I-4 B:<br \/>\nTutora I-5 A:<br \/>\nTutora I-5 B:<br \/>\nTutora 1r A:<br \/>\nTutora 1r B:<br \/>\nTutora 2n A:<br \/>\nTutora 2n B:<br \/>\nTutora 3r A:<br \/>\nTutora 3r B:<br \/>\nTutora 4t A:<br \/>\nTutora 4t B:<br \/>\nTutora 5\u00e8 A :<br \/>\nTutor 5\u00e8 B :<br \/>\nTutora 6\u00e8 A:<br \/>\nTutora 6\u00e8 B:<br \/>\nEd. Musical:<br \/>\nEd. Especial:<br \/>\nEd. F\u00edsica: T<br \/>\nLlengua Anglesa:<\/p>\n<p>Religi\u00f3 :<br \/>\nRefor\u00e7 d\u2019Educaci\u00f3 Infantil:<br \/>\nRefor\u00e7 de CI:<br \/>\nRefor\u00e7 de CM:<br \/>\nRefor\u00e7 de CS:<\/p>\n<p><b>PERSONAL D\u2019ADMINISTRACI\u00d3 I SERVEI<\/b><\/p>\n<p>T\u00e8cnica d&#8217; educaci\u00f3 infantil:<br \/>\nVetlladores:<br \/>\nAuxiliar t\u00e8cnic (conserge):<br \/>\nAuxiliar administrativa:<\/p>\n<p><b>ALTRES PROFESSIONALS<\/b><\/p>\n<p>L\u2019escola compte amb un servei de Psicopedagog\/a que vindr\u00e0 a l\u2019escola una vegada a la setmana.<\/p>\n<p>EAP: Roger Llop, psicopedagog<br \/>\nELIC: Anna Jim\u00e9nez<br \/>\nFisioterapeuta: Montse Estrada<\/p>\n<p><b>MEMBRES DEL CONSELL ESCOLAR (aviat tindreu actualitzada aquesta informaci\u00f3)<\/b><\/p>\n<p>Presidenta: Gemma Creus<br \/>\nCap d\u2019estudis: Alicia Ca\u00f1abate<br \/>\nSecret\u00e0ria: Carme Cabrera<br \/>\nRepresentants sector mestres: Pili Real, Pilar Di\u00e9guez, Ver\u00f3nica Jurado, Miquel \u00c0ngel Camba, Patr\u00edcia Cucarella, Isabel G\u00e1zquez.<br \/>\nRepresentants sector pares: Elisabet P\u00e9rez, Dorys Sabando, Xavier Navarro, Reyes Alba, M\u00aaPaz Mora.<\/p>\n<p>Representant AFA: Palma Tadeo<br \/>\nRepresentant Ajuntament: Maribel Moya<br \/>\nRepresentant sector PAS: Assumpta Gal\u00ed<\/p>\n<p><b>EQUIP DIRECTIU<\/b><\/p>\n<p>Direcci\u00f3: Gemma Creus<br \/>\nCap d\u2019Estudis: Alicia Ca\u00f1abate<br \/>\nSecret\u00e0ria: Carme Cabrera<\/p>\n<p>&nbsp;<\/p>\n","protected":false},"excerpt":{"rendered":"<p>RELACI\u00d3 DELS PROFESSIONALS QUE TREBALLEN EN EL CENTRE CLAUSTRE DE PROFESSORS curs 2023-24 (aviat tindreu disponible aquesta informaci\u00f3) Tutora I-3 A: Tutora I-3 B: Tutora I-4 A: Tutora I-4 B: Tutora I-5 A: Tutora I-5 B: Tutora 1r A: Tutora 1r B: Tutora 2n A: Tutora 2n B: Tutora 3r A: Tutora 3r B: Tutora [&hellip;]<\/p>\n","protected":false},"author":1,"featured_media":0,"parent":64,"menu_order":50,"comment_status":"closed","ping_status":"closed","template":"page-templates\/side-menu.php","meta":{"_bbp_topic_count":0,"_bbp_reply_count":0,"_bbp_total_topic_count":0,"_bbp_total_reply_count":0,"_bbp_voice_count":0,"_bbp_anonymous_reply_count":0,"_bbp_topic_count_hidden":0,"_bbp_reply_count_hidden":0,"_bbp_forum_subforum_count":0,"site-sidebar-layout":"default","site-content-layout":"","ast-site-content-layout":"","site-content-style":"default","site-sidebar-style":"default","ast-global-header-display":"","ast-banner-title-visibility":"","ast-main-header-display":"","ast-hfb-above-header-display":"","ast-hfb-below-header-display":"","ast-hfb-mobile-header-display":"","site-post-title":"","ast-breadcrumbs-content":"","ast-featured-img":"","footer-sml-layout":"","theme-transparent-header-meta":"","adv-header-id-meta":"","stick-header-meta":"","header-above-stick-meta":"","header-main-stick-meta":"","header-below-stick-meta":"","astra-migrate-meta-layouts":"default","ast-page-background-enabled":"default","ast-page-background-meta":{"desktop":{"background-color":"var(--ast-global-color-4)","background-image":"","background-repeat":"repeat","background-position":"center center","background-size":"auto","background-attachment":"scroll","background-type":"","background-media":"","overlay-type":"","overlay-color":"","overlay-opacity":"","overlay-gradient":""},"tablet":{"background-color":"","background-image":"","background-repeat":"repeat","background-position":"center center","background-size":"auto","background-attachment":"scroll","background-type":"","background-media":"","overlay-type":"","overlay-color":"","overlay-opacity":"","overlay-gradient":""},"mobile":{"background-color":"","background-image":"","background-repeat":"repeat","background-position":"center center","background-size":"auto","background-attachment":"scroll","background-type":"","background-media":"","overlay-type":"","overlay-color":"","overlay-opacity":"","overlay-gradient":""}},"ast-content-background-meta":{"desktop":{"background-color":"var(--ast-global-color-5)","background-image":"","background-repeat":"repeat","background-position":"center center","background-size":"auto","background-attachment":"scroll","background-type":"","background-media":"","overlay-type":"","overlay-color":"","overlay-opacity":"","overlay-gradient":""},"tablet":{"background-color":"var(--ast-global-color-5)","background-image":"","background-repeat":"repeat","background-position":"center center","background-size":"auto","background-attachment":"scroll","background-type":"","background-media":"","overlay-type":"","overlay-color":"","overlay-opacity":"","overlay-gradient":""},"mobile":{"background-color":"var(--ast-global-color-5)","background-image":"","background-repeat":"repeat","background-position":"center center","background-size":"auto","background-attachment":"scroll","background-type":"","background-media":"","overlay-type":"","overlay-color":"","overlay-opacity":"","overlay-gradient":""}},"footnotes":""},"class_list":["post-1791","page","type-page","status-publish","hentry"],"post_mailing_queue_ids":[],"_links":{"self":[{"href":"https:\/\/agora.xtec.cat\/ceipsantjust\/wp-json\/wp\/v2\/pages\/1791","targetHints":{"allow":["GET"]}}],"collection":[{"href":"https:\/\/agora.xtec.cat\/ceipsantjust\/wp-json\/wp\/v2\/pages"}],"about":[{"href":"https:\/\/agora.xtec.cat\/ceipsantjust\/wp-json\/wp\/v2\/types\/page"}],"author":[{"embeddable":true,"href":"https:\/\/agora.xtec.cat\/ceipsantjust\/wp-json\/wp\/v2\/users\/1"}],"replies":[{"embeddable":true,"href":"https:\/\/agora.xtec.cat\/ceipsantjust\/wp-json\/wp\/v2\/comments?post=1791"}],"version-history":[{"count":4,"href":"https:\/\/agora.xtec.cat\/ceipsantjust\/wp-json\/wp\/v2\/pages\/1791\/revisions"}],"predecessor-version":[{"id":2267,"href":"https:\/\/agora.xtec.cat\/ceipsantjust\/wp-json\/wp\/v2\/pages\/1791\/revisions\/2267"}],"up":[{"embeddable":true,"href":"https:\/\/agora.xtec.cat\/ceipsantjust\/wp-json\/wp\/v2\/pages\/64"}],"wp:attachment":[{"href":"https:\/\/agora.xtec.cat\/ceipsantjust\/wp-json\/wp\/v2\/media?parent=1791"}],"curies":[{"name":"wp","href":"https:\/\/api.w.org\/{rel}","templated":true}]}}