{"id":1579,"date":"2021-06-18T13:30:39","date_gmt":"2021-06-18T11:30:39","guid":{"rendered":"http:\/\/agora.xtec.cat\/ceipsantjust\/?page_id=1579"},"modified":"2025-07-28T08:24:38","modified_gmt":"2025-07-28T06:24:38","slug":"llibres-de-text-curs","status":"publish","type":"page","link":"https:\/\/agora.xtec.cat\/ceipsantjust\/lescola\/informacions-a-les-families\/llibres-de-text-curs\/","title":{"rendered":"Llibres de text 25-26"},"content":{"rendered":"<p>EN AQUEST DOCUMENT DE CADA CURS TENIU :<\/p>\n<p>El llistat de llibres i\/o materials did\u00e0ctics <strong>inclosos<\/strong> en el programa de reutilitzaci\u00f3 que es cedeixen en pr\u00e9stec al\/a l\u2019alumne\/a (amb fons de color blau en cada curs) i tamb\u00e9 els <strong>no inclosos <\/strong>i que la fam\u00edlia ha d\u00b4adquirir.<\/p>\n<p>El programa de \u201cReutilitzaci\u00f3 de llibres de text\u201d consisteix en la creaci\u00f3 d\u2019un fons de llibres i material did\u00e0ctic i inform\u00e0tic de titularitat del centre que es subvenciona mitjan\u00e7ant el programa <i>\u201c<\/i>Reutilitzaci\u00f3 de llibres de text\u201d impulsat des de l\u2019Ajuntament de Santa Coloma de Gramenet, i amb la participaci\u00f3 activa de la comunitat educativa (fam\u00edlies, professionals de l\u2019escola i l\u2019alumnat).<\/p>\n<p>Amb aquest programa volem aconseguir :<\/p>\n<ul>\n<li>Valorar el material que \u00e9s de tots i totes<\/li>\n<li>Garantir l&#8217;equitat entre el nostre alumnat<\/li>\n<li>Respectar el medi ambient<\/li>\n<\/ul>\n<p>Els llibres del programa es deixaran en pr\u00e9stec als i a les alumnes del curs escolar i els utilitzaran durant tot el curs. Es posaran a disposici\u00f3 dels alumnes el primer dia de classe i els hauran de retornar en finalitzar el curs.<\/p>\n<table style=\"width: 36.0211%; height: 288px;\">\n<tbody>\n<tr style=\"height: 32px;\">\n<td style=\"width: 19.5489%; height: 32px;\">I-3<\/td>\n<td style=\"width: 77.4436%; height: 32px;\"><a href=\"https:\/\/drive.google.com\/file\/d\/1brDESVlHpEq_SMsZGKDdbvW7Z00lK8Lk\/view?usp=sharing\" target=\"_blank\" rel=\"noopener\">LLIBRES DE TEXT 2025-26<\/a><\/td>\n<\/tr>\n<tr style=\"height: 32px;\">\n<td style=\"width: 19.5489%; height: 32px;\">I-4<\/td>\n<td style=\"width: 77.4436%; height: 32px;\"><a href=\"https:\/\/drive.google.com\/file\/d\/1brDESVlHpEq_SMsZGKDdbvW7Z00lK8Lk\/view?usp=sharing\" target=\"_blank\" rel=\"noopener\">LLIBRES DE TEXT 2025-26<\/a><\/td>\n<\/tr>\n<tr style=\"height: 32px;\">\n<td style=\"width: 19.5489%; height: 32px;\">I-5<\/td>\n<td style=\"width: 77.4436%; height: 32px;\"><a href=\"https:\/\/drive.google.com\/file\/d\/1brDESVlHpEq_SMsZGKDdbvW7Z00lK8Lk\/view?usp=sharing\" target=\"_blank\" rel=\"noopener\">LLIBRES DE TEXT 2025-26<\/a><\/td>\n<\/tr>\n<tr style=\"height: 32px;\">\n<td style=\"width: 19.5489%; height: 32px;\">1-Pri<\/td>\n<td style=\"width: 77.4436%; height: 32px;\"><a href=\"https:\/\/drive.google.com\/file\/d\/1brDESVlHpEq_SMsZGKDdbvW7Z00lK8Lk\/view?usp=sharing\" target=\"_blank\" rel=\"noopener\">LLIBRES DE TEXT 2025-26<\/a><\/td>\n<\/tr>\n<tr style=\"height: 32px;\">\n<td style=\"width: 19.5489%; height: 32px;\">2-Pri<\/td>\n<td style=\"width: 77.4436%; height: 32px;\"><a href=\"https:\/\/drive.google.com\/file\/d\/1brDESVlHpEq_SMsZGKDdbvW7Z00lK8Lk\/view?usp=sharing\" target=\"_blank\" rel=\"noopener\">LLIBRES DE TEXT 2025-26<\/a><\/td>\n<\/tr>\n<tr style=\"height: 32px;\">\n<td style=\"width: 19.5489%; height: 32px;\">3-Pri<\/td>\n<td style=\"width: 77.4436%; height: 32px;\"><a href=\"https:\/\/drive.google.com\/file\/d\/1brDESVlHpEq_SMsZGKDdbvW7Z00lK8Lk\/view?usp=sharing\" target=\"_blank\" rel=\"noopener\">LLIBRES DE TEXT 2025-26<\/a><\/td>\n<\/tr>\n<tr style=\"height: 32px;\">\n<td style=\"width: 19.5489%; height: 32px;\">4-Pri<\/td>\n<td style=\"width: 77.4436%; height: 32px;\"><a href=\"https:\/\/drive.google.com\/file\/d\/1brDESVlHpEq_SMsZGKDdbvW7Z00lK8Lk\/view?usp=sharing\" target=\"_blank\" rel=\"noopener\">LLIBRES DE TEXT 2025-26<\/a><\/td>\n<\/tr>\n<tr style=\"height: 32px;\">\n<td style=\"width: 19.5489%; height: 32px;\">5-Pri<\/td>\n<td style=\"width: 77.4436%; height: 32px;\"><a href=\"https:\/\/drive.google.com\/file\/d\/1brDESVlHpEq_SMsZGKDdbvW7Z00lK8Lk\/view?usp=sharing\" target=\"_blank\" rel=\"noopener\">LLIBRES DE TEXT 2025-26<\/a><\/td>\n<\/tr>\n<tr style=\"height: 32px;\">\n<td style=\"width: 19.5489%; height: 32px;\">6-Pri<\/td>\n<td style=\"width: 77.4436%; height: 32px;\"><a href=\"https:\/\/drive.google.com\/file\/d\/1brDESVlHpEq_SMsZGKDdbvW7Z00lK8Lk\/view?usp=sharing\" target=\"_blank\" rel=\"noopener\">LLIBRES DE TEXT 2025-26<\/a><\/td>\n<\/tr>\n<\/tbody>\n<\/table>\n","protected":false},"excerpt":{"rendered":"<p>EN AQUEST DOCUMENT DE CADA CURS TENIU : El llistat de llibres i\/o materials did\u00e0ctics inclosos en el programa de reutilitzaci\u00f3 que es cedeixen en pr\u00e9stec al\/a l\u2019alumne\/a (amb fons de color blau en cada curs) i tamb\u00e9 els no inclosos i que la fam\u00edlia ha d\u00b4adquirir. El programa de \u201cReutilitzaci\u00f3 de llibres de text\u201d [&hellip;]<\/p>\n","protected":false},"author":1,"featured_media":0,"parent":1931,"menu_order":30,"comment_status":"closed","ping_status":"closed","template":"page-templates\/side-menu.php","meta":{"_bbp_topic_count":0,"_bbp_reply_count":0,"_bbp_total_topic_count":0,"_bbp_total_reply_count":0,"_bbp_voice_count":0,"_bbp_anonymous_reply_count":0,"_bbp_topic_count_hidden":0,"_bbp_reply_count_hidden":0,"_bbp_forum_subforum_count":0,"site-sidebar-layout":"default","site-content-layout":"","ast-site-content-layout":"","site-content-style":"default","site-sidebar-style":"default","ast-global-header-display":"","ast-banner-title-visibility":"","ast-main-header-display":"","ast-hfb-above-header-display":"","ast-hfb-below-header-display":"","ast-hfb-mobile-header-display":"","site-post-title":"","ast-breadcrumbs-content":"","ast-featured-img":"","footer-sml-layout":"","theme-transparent-header-meta":"","adv-header-id-meta":"","stick-header-meta":"","header-above-stick-meta":"","header-main-stick-meta":"","header-below-stick-meta":"","astra-migrate-meta-layouts":"default","ast-page-background-enabled":"default","ast-page-background-meta":{"desktop":{"background-color":"var(--ast-global-color-4)","background-image":"","background-repeat":"repeat","background-position":"center center","background-size":"auto","background-attachment":"scroll","background-type":"","background-media":"","overlay-type":"","overlay-color":"","overlay-opacity":"","overlay-gradient":""},"tablet":{"background-color":"","background-image":"","background-repeat":"repeat","background-position":"center center","background-size":"auto","background-attachment":"scroll","background-type":"","background-media":"","overlay-type":"","overlay-color":"","overlay-opacity":"","overlay-gradient":""},"mobile":{"background-color":"","background-image":"","background-repeat":"repeat","background-position":"center center","background-size":"auto","background-attachment":"scroll","background-type":"","background-media":"","overlay-type":"","overlay-color":"","overlay-opacity":"","overlay-gradient":""}},"ast-content-background-meta":{"desktop":{"background-color":"var(--ast-global-color-5)","background-image":"","background-repeat":"repeat","background-position":"center center","background-size":"auto","background-attachment":"scroll","background-type":"","background-media":"","overlay-type":"","overlay-color":"","overlay-opacity":"","overlay-gradient":""},"tablet":{"background-color":"var(--ast-global-color-5)","background-image":"","background-repeat":"repeat","background-position":"center center","background-size":"auto","background-attachment":"scroll","background-type":"","background-media":"","overlay-type":"","overlay-color":"","overlay-opacity":"","overlay-gradient":""},"mobile":{"background-color":"var(--ast-global-color-5)","background-image":"","background-repeat":"repeat","background-position":"center center","background-size":"auto","background-attachment":"scroll","background-type":"","background-media":"","overlay-type":"","overlay-color":"","overlay-opacity":"","overlay-gradient":""}},"footnotes":""},"class_list":["post-1579","page","type-page","status-publish","hentry"],"post_mailing_queue_ids":[],"_links":{"self":[{"href":"https:\/\/agora.xtec.cat\/ceipsantjust\/wp-json\/wp\/v2\/pages\/1579","targetHints":{"allow":["GET"]}}],"collection":[{"href":"https:\/\/agora.xtec.cat\/ceipsantjust\/wp-json\/wp\/v2\/pages"}],"about":[{"href":"https:\/\/agora.xtec.cat\/ceipsantjust\/wp-json\/wp\/v2\/types\/page"}],"author":[{"embeddable":true,"href":"https:\/\/agora.xtec.cat\/ceipsantjust\/wp-json\/wp\/v2\/users\/1"}],"replies":[{"embeddable":true,"href":"https:\/\/agora.xtec.cat\/ceipsantjust\/wp-json\/wp\/v2\/comments?post=1579"}],"version-history":[{"count":6,"href":"https:\/\/agora.xtec.cat\/ceipsantjust\/wp-json\/wp\/v2\/pages\/1579\/revisions"}],"predecessor-version":[{"id":2470,"href":"https:\/\/agora.xtec.cat\/ceipsantjust\/wp-json\/wp\/v2\/pages\/1579\/revisions\/2470"}],"up":[{"embeddable":true,"href":"https:\/\/agora.xtec.cat\/ceipsantjust\/wp-json\/wp\/v2\/pages\/1931"}],"wp:attachment":[{"href":"https:\/\/agora.xtec.cat\/ceipsantjust\/wp-json\/wp\/v2\/media?parent=1579"}],"curies":[{"name":"wp","href":"https:\/\/api.w.org\/{rel}","templated":true}]}}