{"id":1233,"date":"2020-04-11T17:18:17","date_gmt":"2020-04-11T15:18:17","guid":{"rendered":"http:\/\/agora.xtec.cat\/ceipsantjust\/?page_id=1233"},"modified":"2021-10-20T14:24:21","modified_gmt":"2021-10-20T12:24:21","slug":"plataforma-microsoft-365-teams-tutorials","status":"publish","type":"page","link":"https:\/\/agora.xtec.cat\/ceipsantjust\/plataforma-microsoft-365-teams-tutorials\/","title":{"rendered":"Tutorials TEAMS (per aprendre a utilitzar la plataforma)"},"content":{"rendered":"<p>Des de fa uns cursos, la nostra escola inclou el treball amb la Plataforma Microsoft Office 365. M\u00e9s enll\u00e0 d&#8217;un entorn virtual d&#8217;aprenentatge, la nostra plataforma \u00e9s tamb\u00e9 un mitj\u00e0 de comunicaci\u00f3 entre escola, alumnes i fam\u00edlies.<\/p>\n<p>En aquesta p\u00e0gina trobareu diferents tutorials que us serviran de guia per aprendre a accedir-hi, a baixar l&#8217;aplicaci\u00f3, a treballar a la plataforma (entregar tasques; adjuntar imatges, \u00e0udios i v\u00eddeos, assistir a reunions, etc.).<\/p>\n<p>Durant aquest curs anirem actualitzant aquests tutorials. Recordeu que si teniu dubtes, cal que us adreceu a nosaltres i us ajudarem en tot all\u00f2 que calgui.<\/p>\n<div style=\"position: relative; width: 100%; height: 0; padding-top: 56.2500%; padding-bottom: 48px; box-shadow: 0 2px 8px 0 rgba(63,69,81,0.16); margin-top: 1.6em; margin-bottom: 0.9em; overflow: hidden; border-radius: 8px; will-change: transform;\"><iframe style=\"position: absolute; width: 100%; height: 100%; top: 0; left: 0; border: none; padding: 0; margin: 0;\" src=\"https:\/\/www.canva.com\/design\/DAEquDmmHFU\/view?embed\"><br \/>\n<\/iframe><\/div>\n<p><a href=\"https:\/\/www.canva.com\/design\/DAEquDmmHFU\/view?utm_content=DAEquDmmHFU&amp;utm_campaign=designshare&amp;utm_medium=embeds&amp;utm_source=link\" target=\"_blank\" rel=\"noopener\">\u00a0<\/a><\/p>\n<p>TUTORIAL TEAMS PER LES FAM\u00cdLIES DELS CURSOS M\u00c9S PETITS.<\/p>\n<div style=\"width: 100%;\">\n<div style=\"position: relative; padding-bottom: 56.25%; padding-top: 0; height: 0;\"><iframe loading=\"lazy\" style=\"position: absolute; top: 0; left: 0; width: 100%; height: 100%;\" src=\"https:\/\/view.genial.ly\/5f71e99e593d2c0d0e007e59\" width=\"1200px\" height=\"675px\" frameborder=\"0\" scrolling=\"yes\" allowfullscreen=\"allowfullscreen\"><\/iframe><\/div>\n<\/div>\n<p><strong><a href=\"https:\/\/drive.google.com\/file\/d\/1WZ1m2OOpJ-7hh712iFfR5f9ETRRonkwJ\/view?usp=sharing\">VIDEOTUTORIAL COM ENTRAR A LA PLATAFORMA<\/a><\/strong><\/p>\n<p><a href=\"https:\/\/drive.google.com\/file\/d\/1g_94ZUGaFYDy7ej55MDwhmbWQBc0ddaV\/view?usp=sharing\">VIDEOTUTORIAL COM REBEM UNA ACTIVITAT<\/a><\/p>\n<p><a href=\"https:\/\/drive.google.com\/file\/d\/1FLYhXI1k-0D9F60PIu6-L-zikUQWZM3k\/view?usp=sharing\">VIDEOTUTORIAL COM ENVIAR UNA FOTO D\u00b4UNA ACTIVITAT<\/a><\/p>\n<p><a href=\"https:\/\/drive.google.com\/file\/d\/1MrvTMTqxcKpJHb-E0rXaiK_IHXk8Yvor\/view?usp=sharing\">VIDEOTUTORIAL COM ENVIAR UNA ACTIVITAT EN FORMAT WORD<\/a><\/p>\n<p><strong>TUTORIAL PER COMEN\u00c7AR A TREBALLAR A LA PLATAFORMA<\/strong><\/p>\n<div style=\"width: 100%;\">\n<div style=\"position: relative; padding-bottom: 56.25%; padding-top: 0; height: 0;\"><iframe loading=\"lazy\" style=\"position: absolute; top: 0; left: 0; width: 100%; height: 100%;\" src=\"https:\/\/view.genial.ly\/5e885b90260c290e39a35aed\" width=\"1200px\" height=\"675px\" frameborder=\"0\" scrolling=\"yes\" allowfullscreen=\"allowfullscreen\"><\/iframe><\/div>\n<\/div>\n<div style=\"width: 100%;\">\n<div style=\"position: relative; padding-bottom: 56.25%; padding-top: 0; height: 0;\"><iframe loading=\"lazy\" style=\"position: absolute; top: 0; left: 0; width: 100%; height: 100%;\" src=\"https:\/\/view.genial.ly\/5e972b15682dd50db8803d83\" width=\"1200px\" height=\"675px\" frameborder=\"0\" scrolling=\"yes\" allowfullscreen=\"allowfullscreen\"><\/iframe><\/div>\n<\/div>\n","protected":false},"excerpt":{"rendered":"<p>Des de fa uns cursos, la nostra escola inclou el treball amb la Plataforma Microsoft Office 365. M\u00e9s enll\u00e0 d&#8217;un entorn virtual d&#8217;aprenentatge, la nostra plataforma \u00e9s tamb\u00e9 un mitj\u00e0 de comunicaci\u00f3 entre escola, alumnes i fam\u00edlies. En aquesta p\u00e0gina trobareu diferents tutorials que us serviran de guia per aprendre a accedir-hi, a baixar l&#8217;aplicaci\u00f3, [&hellip;]<\/p>\n","protected":false},"author":1,"featured_media":0,"parent":0,"menu_order":0,"comment_status":"closed","ping_status":"closed","template":"page-templates\/side-menu.php","meta":{"_bbp_topic_count":0,"_bbp_reply_count":0,"_bbp_total_topic_count":0,"_bbp_total_reply_count":0,"_bbp_voice_count":0,"_bbp_anonymous_reply_count":0,"_bbp_topic_count_hidden":0,"_bbp_reply_count_hidden":0,"_bbp_forum_subforum_count":0,"site-sidebar-layout":"default","site-content-layout":"","ast-site-content-layout":"","site-content-style":"default","site-sidebar-style":"default","ast-global-header-display":"","ast-banner-title-visibility":"","ast-main-header-display":"","ast-hfb-above-header-display":"","ast-hfb-below-header-display":"","ast-hfb-mobile-header-display":"","site-post-title":"","ast-breadcrumbs-content":"","ast-featured-img":"","footer-sml-layout":"","theme-transparent-header-meta":"","adv-header-id-meta":"","stick-header-meta":"","header-above-stick-meta":"","header-main-stick-meta":"","header-below-stick-meta":"","astra-migrate-meta-layouts":"default","ast-page-background-enabled":"default","ast-page-background-meta":{"desktop":{"background-color":"var(--ast-global-color-4)","background-image":"","background-repeat":"repeat","background-position":"center center","background-size":"auto","background-attachment":"scroll","background-type":"","background-media":"","overlay-type":"","overlay-color":"","overlay-opacity":"","overlay-gradient":""},"tablet":{"background-color":"","background-image":"","background-repeat":"repeat","background-position":"center center","background-size":"auto","background-attachment":"scroll","background-type":"","background-media":"","overlay-type":"","overlay-color":"","overlay-opacity":"","overlay-gradient":""},"mobile":{"background-color":"","background-image":"","background-repeat":"repeat","background-position":"center center","background-size":"auto","background-attachment":"scroll","background-type":"","background-media":"","overlay-type":"","overlay-color":"","overlay-opacity":"","overlay-gradient":""}},"ast-content-background-meta":{"desktop":{"background-color":"var(--ast-global-color-5)","background-image":"","background-repeat":"repeat","background-position":"center center","background-size":"auto","background-attachment":"scroll","background-type":"","background-media":"","overlay-type":"","overlay-color":"","overlay-opacity":"","overlay-gradient":""},"tablet":{"background-color":"var(--ast-global-color-5)","background-image":"","background-repeat":"repeat","background-position":"center center","background-size":"auto","background-attachment":"scroll","background-type":"","background-media":"","overlay-type":"","overlay-color":"","overlay-opacity":"","overlay-gradient":""},"mobile":{"background-color":"var(--ast-global-color-5)","background-image":"","background-repeat":"repeat","background-position":"center center","background-size":"auto","background-attachment":"scroll","background-type":"","background-media":"","overlay-type":"","overlay-color":"","overlay-opacity":"","overlay-gradient":""}},"footnotes":""},"class_list":["post-1233","page","type-page","status-publish","hentry"],"post_mailing_queue_ids":[],"_links":{"self":[{"href":"https:\/\/agora.xtec.cat\/ceipsantjust\/wp-json\/wp\/v2\/pages\/1233","targetHints":{"allow":["GET"]}}],"collection":[{"href":"https:\/\/agora.xtec.cat\/ceipsantjust\/wp-json\/wp\/v2\/pages"}],"about":[{"href":"https:\/\/agora.xtec.cat\/ceipsantjust\/wp-json\/wp\/v2\/types\/page"}],"author":[{"embeddable":true,"href":"https:\/\/agora.xtec.cat\/ceipsantjust\/wp-json\/wp\/v2\/users\/1"}],"replies":[{"embeddable":true,"href":"https:\/\/agora.xtec.cat\/ceipsantjust\/wp-json\/wp\/v2\/comments?post=1233"}],"version-history":[{"count":4,"href":"https:\/\/agora.xtec.cat\/ceipsantjust\/wp-json\/wp\/v2\/pages\/1233\/revisions"}],"predecessor-version":[{"id":1707,"href":"https:\/\/agora.xtec.cat\/ceipsantjust\/wp-json\/wp\/v2\/pages\/1233\/revisions\/1707"}],"wp:attachment":[{"href":"https:\/\/agora.xtec.cat\/ceipsantjust\/wp-json\/wp\/v2\/media?parent=1233"}],"curies":[{"name":"wp","href":"https:\/\/api.w.org\/{rel}","templated":true}]}}