{"id":1100,"date":"2019-09-25T18:43:55","date_gmt":"2019-09-25T16:43:55","guid":{"rendered":"http:\/\/agora.xtec.cat\/ceipsantjust\/?page_id=1100"},"modified":"2025-07-28T08:30:29","modified_gmt":"2025-07-28T06:30:29","slug":"material-escolar-2019-20","status":"publish","type":"page","link":"https:\/\/agora.xtec.cat\/ceipsantjust\/lescola\/informacions-a-les-families\/material-escolar-2019-20\/","title":{"rendered":"Material escolar 25-26"},"content":{"rendered":"<p><span style=\"font-weight: 400;\">Tal i com venim fent en anteriors cursos, el material que utilitzen els\/les nens\/es \u00e9s socialitzat.\u00a0 <\/span><b>La quota de material did\u00e0ctic per a tot el curs que les fam\u00edlies aporten al centre de forma volunt\u00e0ria \u00e9s de 74 \u20ac.\u00a0<\/b><\/p>\n<p><span style=\"font-weight: 400;\">El cobrament es far\u00e0 mitjan\u00e7ant transfer\u00e8ncia al compte corrent bancari de l&#8217;escola. Caldr\u00e0 abonar-ho no m\u00e9s tard de l&#8217;inici de curs.<\/span><\/p>\n<p><span style=\"font-weight: 400;\">La direcci\u00f3 del centre, atendr\u00e0 les fam\u00edlies que tinguin algun problema per abonar la quota dins el\u00a0 termini fixat, i acordaran, conjuntament, un sistema de pagament adient a cada cas.\u00a0\u00a0<\/span><\/p>\n<p>Aquelles fam\u00edlies que no facin aquesta aportaci\u00f3 volunt\u00e0ria, hauran de portar a l&#8217;escola el primer dia de classe tota la relaci\u00f3 de material que es detalla en els seg\u00fcents documents:<\/p>\n<table style=\"border-collapse: collapse; width: 100%;\">\n<tbody>\n<tr>\n<td style=\"width: 50%;\">LLISTAT MATERIAL EDUCACI\u00d3 INFANTIL<\/td>\n<td style=\"width: 50%;\"><a href=\"https:\/\/drive.google.com\/file\/d\/1CmApRgttgP4sY453i1mr_i3XFgLzk4dN\/view?usp=sharing\" target=\"_blank\" rel=\"noopener\">CONSULTAR\u00a0 I DESCARREGAR LLISTAT<\/a><\/td>\n<\/tr>\n<tr>\n<td style=\"width: 50%;\">LLISTAT MATERIAL EDUCACI\u00d3 PRIM\u00c0RIA<\/td>\n<td style=\"width: 50%;\"><a href=\"https:\/\/drive.google.com\/file\/d\/1FAZqeyQZlYXgB6xUoaCQQFCbFimOKCVq\/view?usp=sharing\" target=\"_blank\" rel=\"noopener\">CONSULTAR I DESCARREGAR LLISTAT<\/a><\/td>\n<\/tr>\n<\/tbody>\n<\/table>\n","protected":false},"excerpt":{"rendered":"<p>Tal i com venim fent en anteriors cursos, el material que utilitzen els\/les nens\/es \u00e9s socialitzat.\u00a0 La quota de material did\u00e0ctic per a tot el curs que les fam\u00edlies aporten al centre de forma volunt\u00e0ria \u00e9s de 74 \u20ac.\u00a0 El cobrament es far\u00e0 mitjan\u00e7ant transfer\u00e8ncia al compte corrent bancari de l&#8217;escola. Caldr\u00e0 abonar-ho no m\u00e9s [&hellip;]<\/p>\n","protected":false},"author":1,"featured_media":0,"parent":1931,"menu_order":40,"comment_status":"closed","ping_status":"closed","template":"page-templates\/side-menu.php","meta":{"_bbp_topic_count":0,"_bbp_reply_count":0,"_bbp_total_topic_count":0,"_bbp_total_reply_count":0,"_bbp_voice_count":0,"_bbp_anonymous_reply_count":0,"_bbp_topic_count_hidden":0,"_bbp_reply_count_hidden":0,"_bbp_forum_subforum_count":0,"site-sidebar-layout":"default","site-content-layout":"","ast-site-content-layout":"","site-content-style":"default","site-sidebar-style":"default","ast-global-header-display":"","ast-banner-title-visibility":"","ast-main-header-display":"","ast-hfb-above-header-display":"","ast-hfb-below-header-display":"","ast-hfb-mobile-header-display":"","site-post-title":"","ast-breadcrumbs-content":"","ast-featured-img":"","footer-sml-layout":"","theme-transparent-header-meta":"","adv-header-id-meta":"","stick-header-meta":"","header-above-stick-meta":"","header-main-stick-meta":"","header-below-stick-meta":"","astra-migrate-meta-layouts":"default","ast-page-background-enabled":"default","ast-page-background-meta":{"desktop":{"background-color":"var(--ast-global-color-4)","background-image":"","background-repeat":"repeat","background-position":"center center","background-size":"auto","background-attachment":"scroll","background-type":"","background-media":"","overlay-type":"","overlay-color":"","overlay-opacity":"","overlay-gradient":""},"tablet":{"background-color":"","background-image":"","background-repeat":"repeat","background-position":"center center","background-size":"auto","background-attachment":"scroll","background-type":"","background-media":"","overlay-type":"","overlay-color":"","overlay-opacity":"","overlay-gradient":""},"mobile":{"background-color":"","background-image":"","background-repeat":"repeat","background-position":"center center","background-size":"auto","background-attachment":"scroll","background-type":"","background-media":"","overlay-type":"","overlay-color":"","overlay-opacity":"","overlay-gradient":""}},"ast-content-background-meta":{"desktop":{"background-color":"var(--ast-global-color-5)","background-image":"","background-repeat":"repeat","background-position":"center center","background-size":"auto","background-attachment":"scroll","background-type":"","background-media":"","overlay-type":"","overlay-color":"","overlay-opacity":"","overlay-gradient":""},"tablet":{"background-color":"var(--ast-global-color-5)","background-image":"","background-repeat":"repeat","background-position":"center center","background-size":"auto","background-attachment":"scroll","background-type":"","background-media":"","overlay-type":"","overlay-color":"","overlay-opacity":"","overlay-gradient":""},"mobile":{"background-color":"var(--ast-global-color-5)","background-image":"","background-repeat":"repeat","background-position":"center center","background-size":"auto","background-attachment":"scroll","background-type":"","background-media":"","overlay-type":"","overlay-color":"","overlay-opacity":"","overlay-gradient":""}},"footnotes":""},"class_list":["post-1100","page","type-page","status-publish","hentry"],"post_mailing_queue_ids":[],"_links":{"self":[{"href":"https:\/\/agora.xtec.cat\/ceipsantjust\/wp-json\/wp\/v2\/pages\/1100","targetHints":{"allow":["GET"]}}],"collection":[{"href":"https:\/\/agora.xtec.cat\/ceipsantjust\/wp-json\/wp\/v2\/pages"}],"about":[{"href":"https:\/\/agora.xtec.cat\/ceipsantjust\/wp-json\/wp\/v2\/types\/page"}],"author":[{"embeddable":true,"href":"https:\/\/agora.xtec.cat\/ceipsantjust\/wp-json\/wp\/v2\/users\/1"}],"replies":[{"embeddable":true,"href":"https:\/\/agora.xtec.cat\/ceipsantjust\/wp-json\/wp\/v2\/comments?post=1100"}],"version-history":[{"count":7,"href":"https:\/\/agora.xtec.cat\/ceipsantjust\/wp-json\/wp\/v2\/pages\/1100\/revisions"}],"predecessor-version":[{"id":2473,"href":"https:\/\/agora.xtec.cat\/ceipsantjust\/wp-json\/wp\/v2\/pages\/1100\/revisions\/2473"}],"up":[{"embeddable":true,"href":"https:\/\/agora.xtec.cat\/ceipsantjust\/wp-json\/wp\/v2\/pages\/1931"}],"wp:attachment":[{"href":"https:\/\/agora.xtec.cat\/ceipsantjust\/wp-json\/wp\/v2\/media?parent=1100"}],"curies":[{"name":"wp","href":"https:\/\/api.w.org\/{rel}","templated":true}]}}