{"id":483,"date":"2018-07-02T10:07:32","date_gmt":"2018-07-02T08:07:32","guid":{"rendered":"http:\/\/agora.xtec.cat\/ceipsantjulia\/?page_id=483"},"modified":"2026-03-20T11:19:38","modified_gmt":"2026-03-20T10:19:38","slug":"treball-per-projectes","status":"publish","type":"page","link":"https:\/\/agora.xtec.cat\/ceipsantjulia\/treball-per-projectes\/","title":{"rendered":"Treball per projectes"},"content":{"rendered":"<p>Treballem per projectes integrant les diverses \u00e0rees del curr\u00edculum, potenciant el rol actiu dels alumnes i el treball cooperatiu entre ells.<\/p>\n<p><img loading=\"lazy\" decoding=\"async\" class=\"alignnone wp-image-1802\" src=\"https:\/\/agora.xtec.cat\/ceipsantjulia\/wp-content\/uploads\/usu1856\/2019\/03\/IMG-20190221-WA0023.jpg\" alt=\"\" width=\"642\" height=\"482\" srcset=\"https:\/\/agora.xtec.cat\/ceipsantjulia\/wp-content\/uploads\/usu1856\/2019\/03\/IMG-20190221-WA0023.jpg 1175w, https:\/\/agora.xtec.cat\/ceipsantjulia\/wp-content\/uploads\/usu1856\/2019\/03\/IMG-20190221-WA0023-300x225.jpg 300w, https:\/\/agora.xtec.cat\/ceipsantjulia\/wp-content\/uploads\/usu1856\/2019\/03\/IMG-20190221-WA0023-768x576.jpg 768w, https:\/\/agora.xtec.cat\/ceipsantjulia\/wp-content\/uploads\/usu1856\/2019\/03\/IMG-20190221-WA0023-1024x768.jpg 1024w, https:\/\/agora.xtec.cat\/ceipsantjulia\/wp-content\/uploads\/usu1856\/2019\/03\/IMG-20190221-WA0023-200x150.jpg 200w\" sizes=\"auto, (max-width: 642px) 100vw, 642px\" \/> <img loading=\"lazy\" decoding=\"async\" class=\"alignnone wp-image-1803\" src=\"https:\/\/agora.xtec.cat\/ceipsantjulia\/wp-content\/uploads\/usu1856\/2019\/03\/IMG-20190128-WA0041.jpg\" alt=\"\" width=\"398\" height=\"532\" srcset=\"https:\/\/agora.xtec.cat\/ceipsantjulia\/wp-content\/uploads\/usu1856\/2019\/03\/IMG-20190128-WA0041.jpg 622w, https:\/\/agora.xtec.cat\/ceipsantjulia\/wp-content\/uploads\/usu1856\/2019\/03\/IMG-20190128-WA0041-224x300.jpg 224w\" sizes=\"auto, (max-width: 398px) 100vw, 398px\" \/><\/p>\n<p><img loading=\"lazy\" decoding=\"async\" class=\"alignnone wp-image-1804\" src=\"https:\/\/agora.xtec.cat\/ceipsantjulia\/wp-content\/uploads\/usu1856\/2019\/03\/IMG-20190129-WA0017.jpg\" alt=\"\" width=\"382\" height=\"285\" srcset=\"https:\/\/agora.xtec.cat\/ceipsantjulia\/wp-content\/uploads\/usu1856\/2019\/03\/IMG-20190129-WA0017.jpg 1110w, https:\/\/agora.xtec.cat\/ceipsantjulia\/wp-content\/uploads\/usu1856\/2019\/03\/IMG-20190129-WA0017-300x225.jpg 300w, https:\/\/agora.xtec.cat\/ceipsantjulia\/wp-content\/uploads\/usu1856\/2019\/03\/IMG-20190129-WA0017-200x150.jpg 200w\" sizes=\"auto, (max-width: 382px) 100vw, 382px\" \/> <img loading=\"lazy\" decoding=\"async\" class=\"alignnone wp-image-1805\" src=\"https:\/\/agora.xtec.cat\/ceipsantjulia\/wp-content\/uploads\/usu1856\/2019\/03\/IMG-20181019-WA0006.jpg\" alt=\"\" width=\"386\" height=\"289\" srcset=\"https:\/\/agora.xtec.cat\/ceipsantjulia\/wp-content\/uploads\/usu1856\/2019\/03\/IMG-20181019-WA0006.jpg 1110w, https:\/\/agora.xtec.cat\/ceipsantjulia\/wp-content\/uploads\/usu1856\/2019\/03\/IMG-20181019-WA0006-300x225.jpg 300w, https:\/\/agora.xtec.cat\/ceipsantjulia\/wp-content\/uploads\/usu1856\/2019\/03\/IMG-20181019-WA0006-768x576.jpg 768w, https:\/\/agora.xtec.cat\/ceipsantjulia\/wp-content\/uploads\/usu1856\/2019\/03\/IMG-20181019-WA0006-1024x768.jpg 1024w, https:\/\/agora.xtec.cat\/ceipsantjulia\/wp-content\/uploads\/usu1856\/2019\/03\/IMG-20181019-WA0006-200x150.jpg 200w\" sizes=\"auto, (max-width: 386px) 100vw, 386px\" \/>\u00a0 \u00a0\u00a0 \u00a0\u00a0<img loading=\"lazy\" decoding=\"async\" class=\"alignnone wp-image-1806\" src=\"https:\/\/agora.xtec.cat\/ceipsantjulia\/wp-content\/uploads\/usu1856\/2019\/03\/20171124_150446.jpg\" alt=\"\" width=\"768\" height=\"432\" srcset=\"https:\/\/agora.xtec.cat\/ceipsantjulia\/wp-content\/uploads\/usu1856\/2019\/03\/20171124_150446.jpg 832w, https:\/\/agora.xtec.cat\/ceipsantjulia\/wp-content\/uploads\/usu1856\/2019\/03\/20171124_150446-300x169.jpg 300w, https:\/\/agora.xtec.cat\/ceipsantjulia\/wp-content\/uploads\/usu1856\/2019\/03\/20171124_150446-768x432.jpg 768w\" sizes=\"auto, (max-width: 768px) 100vw, 768px\" \/><\/p>\n<p>Integrem les \u00e0rees de medi, angl\u00e8s, catal\u00e0 i matem\u00e0tiques.<\/p>\n<p>&nbsp;<\/p>\n","protected":false},"excerpt":{"rendered":"<p>Treballem per projectes integrant les diverses \u00e0rees del curr\u00edculum, potenciant el rol actiu dels alumnes i el treball cooperatiu entre ells. \u00a0 \u00a0\u00a0 \u00a0\u00a0 Integrem les \u00e0rees de medi, angl\u00e8s, catal\u00e0 i matem\u00e0tiques. &nbsp;<\/p>\n","protected":false},"author":1,"featured_media":0,"parent":0,"menu_order":0,"comment_status":"closed","ping_status":"closed","template":"","meta":{"_bbp_topic_count":0,"_bbp_reply_count":0,"_bbp_total_topic_count":0,"_bbp_total_reply_count":0,"_bbp_voice_count":0,"_bbp_anonymous_reply_count":0,"_bbp_topic_count_hidden":0,"_bbp_reply_count_hidden":0,"_bbp_forum_subforum_count":0,"site-sidebar-layout":"default","site-content-layout":"","ast-site-content-layout":"","site-content-style":"default","site-sidebar-style":"default","ast-global-header-display":"","ast-banner-title-visibility":"","ast-main-header-display":"","ast-hfb-above-header-display":"","ast-hfb-below-header-display":"","ast-hfb-mobile-header-display":"","site-post-title":"","ast-breadcrumbs-content":"","ast-featured-img":"","footer-sml-layout":"","theme-transparent-header-meta":"","adv-header-id-meta":"","stick-header-meta":"","header-above-stick-meta":"","header-main-stick-meta":"","header-below-stick-meta":"","astra-migrate-meta-layouts":"default","ast-page-background-enabled":"default","ast-page-background-meta":{"desktop":{"background-color":"var(--ast-global-color-4)","background-image":"","background-repeat":"repeat","background-position":"center center","background-size":"auto","background-attachment":"scroll","background-type":"","background-media":"","overlay-type":"","overlay-color":"","overlay-opacity":"","overlay-gradient":""},"tablet":{"background-color":"","background-image":"","background-repeat":"repeat","background-position":"center center","background-size":"auto","background-attachment":"scroll","background-type":"","background-media":"","overlay-type":"","overlay-color":"","overlay-opacity":"","overlay-gradient":""},"mobile":{"background-color":"","background-image":"","background-repeat":"repeat","background-position":"center center","background-size":"auto","background-attachment":"scroll","background-type":"","background-media":"","overlay-type":"","overlay-color":"","overlay-opacity":"","overlay-gradient":""}},"ast-content-background-meta":{"desktop":{"background-color":"var(--ast-global-color-5)","background-image":"","background-repeat":"repeat","background-position":"center center","background-size":"auto","background-attachment":"scroll","background-type":"","background-media":"","overlay-type":"","overlay-color":"","overlay-opacity":"","overlay-gradient":""},"tablet":{"background-color":"var(--ast-global-color-5)","background-image":"","background-repeat":"repeat","background-position":"center center","background-size":"auto","background-attachment":"scroll","background-type":"","background-media":"","overlay-type":"","overlay-color":"","overlay-opacity":"","overlay-gradient":""},"mobile":{"background-color":"var(--ast-global-color-5)","background-image":"","background-repeat":"repeat","background-position":"center center","background-size":"auto","background-attachment":"scroll","background-type":"","background-media":"","overlay-type":"","overlay-color":"","overlay-opacity":"","overlay-gradient":""}},"footnotes":""},"class_list":["post-483","page","type-page","status-publish","hentry"],"post_mailing_queue_ids":[],"_links":{"self":[{"href":"https:\/\/agora.xtec.cat\/ceipsantjulia\/wp-json\/wp\/v2\/pages\/483","targetHints":{"allow":["GET"]}}],"collection":[{"href":"https:\/\/agora.xtec.cat\/ceipsantjulia\/wp-json\/wp\/v2\/pages"}],"about":[{"href":"https:\/\/agora.xtec.cat\/ceipsantjulia\/wp-json\/wp\/v2\/types\/page"}],"author":[{"embeddable":true,"href":"https:\/\/agora.xtec.cat\/ceipsantjulia\/wp-json\/wp\/v2\/users\/1"}],"replies":[{"embeddable":true,"href":"https:\/\/agora.xtec.cat\/ceipsantjulia\/wp-json\/wp\/v2\/comments?post=483"}],"version-history":[{"count":4,"href":"https:\/\/agora.xtec.cat\/ceipsantjulia\/wp-json\/wp\/v2\/pages\/483\/revisions"}],"predecessor-version":[{"id":1808,"href":"https:\/\/agora.xtec.cat\/ceipsantjulia\/wp-json\/wp\/v2\/pages\/483\/revisions\/1808"}],"wp:attachment":[{"href":"https:\/\/agora.xtec.cat\/ceipsantjulia\/wp-json\/wp\/v2\/media?parent=483"}],"curies":[{"name":"wp","href":"https:\/\/api.w.org\/{rel}","templated":true}]}}