{"id":4337,"date":"2026-03-20T11:06:44","date_gmt":"2026-03-20T10:06:44","guid":{"rendered":"https:\/\/agora.xtec.cat\/ceipsantjulia\/?page_id=4337"},"modified":"2026-03-22T19:06:33","modified_gmt":"2026-03-22T18:06:33","slug":"documents-de-centre","status":"publish","type":"page","link":"https:\/\/agora.xtec.cat\/ceipsantjulia\/lescola\/documents-de-centre\/","title":{"rendered":"Documents de gesti\u00f3 del centre"},"content":{"rendered":"<p>Els <strong>documents de gesti\u00f3<\/strong> s\u00f3n eines eficaces que permeten un exercici responsable de<br \/>\nl&#8217;autonomia reconeguda a cada centre. Aquests documents s\u00f3n els seg\u00fcents:<\/p>\n<ul>\n<li>El projecte educatiu del centre (PEC), que inclou el projecte ling\u00fc\u00edstic (PL) i l&#8217;estrat\u00e8gia<br \/>\ndigital de centre (EDC).<\/li>\n<li>Les normes d&#8217;organitzaci\u00f3 i funcionament del centre (NOFC).<\/li>\n<li>El projecte de direcci\u00f3 (PdD).<\/li>\n<li>La programaci\u00f3 general anual (PGA).<\/li>\n<li>La mem\u00f2ria anual (MA), que recull l&#8217;avaluaci\u00f3 de l&#8217;assoliment dels objectius<br \/>\nprevistos en la PGA.<\/li>\n<\/ul>\n<p><strong>Actualment, els documents de l&#8217;escola estan EN REVISI\u00d3.<\/strong><\/p>\n<p><strong>PENDENT l&#8217;actualitzaci\u00f3 de la majoria de documents de centre.<\/strong><\/p>\n<p><img loading=\"lazy\" decoding=\"async\" class=\"aligncenter\" src=\"https:\/\/media.istockphoto.com\/id\/1407160246\/es\/vector\/icono-de-tri%C3%A1ngulo-de-peligro.jpg?s=612x612&amp;w=0&amp;k=20&amp;c=rI0IYmZmkg62txtNQFhyTbHx5oW311_OupBkbWODfjg=\" alt=\"923.100+ Alerta Fotograf\u00edas de stock, fotos e im\u00e1genes libres de derechos - iStock | Alarma, Signo de alerta, Atencion\" width=\"117\" height=\"117\" \/><\/p>\n<p><a href=\"https:\/\/drive.google.com\/file\/d\/1z5twyL6FtN_Xdz6HJMpQUvUIvLLXjggA\/view?usp=drive_link\">Projecte Educatiu de Centre (PEC)<\/a><\/p>\n<p><a href=\"https:\/\/drive.google.com\/file\/d\/1zEqoJexDCjCjtgmz8TnLEvItBhu3UylJ\/view?usp=drive_link\">Normes d&#8217;Organitzaci\u00f3 i Funcionament del Centre (NOFC)\u00a0<\/a><\/p>\n<p><a href=\"https:\/\/drive.google.com\/file\/d\/1yn_NRrxlqZs6CO8BH_1rrOmYZS1kY8bx\/view?usp=drive_link\">Projecte Ling\u00fc\u00edstic de Centre (PLC)<\/a><\/p>\n<p><a href=\"https:\/\/drive.google.com\/file\/d\/1MKAtcc7wAVIWvR29re8IFHex6J2RHyh_\/view?usp=drive_link\">Pla d&#8217;Acci\u00f3 Tutorial (PAT)<\/a><\/p>\n<p><a href=\"https:\/\/drive.google.com\/file\/d\/1QZFIVKVl2ZdFrU6sMyI5mv0gdDdevOzA\/view?usp=drive_link\">Estrat\u00e8gia Digital de Centre (EDC)<\/a><\/p>\n<p><a href=\"https:\/\/drive.google.com\/file\/d\/1XBD_6N-UKeBWy6sqRJHNkHgmu6FNE9cZ\/view?usp=drive_link\">Carta de Comprom\u00eds\u00a0<\/a><\/p>\n","protected":false},"excerpt":{"rendered":"<p>Els documents de gesti\u00f3 s\u00f3n eines eficaces que permeten un exercici responsable de l&#8217;autonomia reconeguda a cada centre. Aquests documents s\u00f3n els seg\u00fcents: El projecte educatiu del centre (PEC), que inclou el projecte ling\u00fc\u00edstic (PL) i l&#8217;estrat\u00e8gia digital de centre (EDC). Les normes d&#8217;organitzaci\u00f3 i funcionament del centre (NOFC). El projecte de direcci\u00f3 (PdD). La [&hellip;]<\/p>\n","protected":false},"author":1,"featured_media":0,"parent":22,"menu_order":0,"comment_status":"closed","ping_status":"closed","template":"","meta":{"_bbp_topic_count":0,"_bbp_reply_count":0,"_bbp_total_topic_count":0,"_bbp_total_reply_count":0,"_bbp_voice_count":0,"_bbp_anonymous_reply_count":0,"_bbp_topic_count_hidden":0,"_bbp_reply_count_hidden":0,"_bbp_forum_subforum_count":0,"site-sidebar-layout":"default","site-content-layout":"","ast-site-content-layout":"default","site-content-style":"default","site-sidebar-style":"default","ast-global-header-display":"","ast-banner-title-visibility":"","ast-main-header-display":"","ast-hfb-above-header-display":"","ast-hfb-below-header-display":"","ast-hfb-mobile-header-display":"","site-post-title":"","ast-breadcrumbs-content":"","ast-featured-img":"","footer-sml-layout":"","theme-transparent-header-meta":"default","adv-header-id-meta":"","stick-header-meta":"","header-above-stick-meta":"","header-main-stick-meta":"","header-below-stick-meta":"","astra-migrate-meta-layouts":"set","ast-page-background-enabled":"default","ast-page-background-meta":{"desktop":{"background-color":"var(--ast-global-color-4)","background-image":"","background-repeat":"repeat","background-position":"center center","background-size":"auto","background-attachment":"scroll","background-type":"","background-media":"","overlay-type":"","overlay-color":"","overlay-opacity":"","overlay-gradient":""},"tablet":{"background-color":"","background-image":"","background-repeat":"repeat","background-position":"center center","background-size":"auto","background-attachment":"scroll","background-type":"","background-media":"","overlay-type":"","overlay-color":"","overlay-opacity":"","overlay-gradient":""},"mobile":{"background-color":"","background-image":"","background-repeat":"repeat","background-position":"center center","background-size":"auto","background-attachment":"scroll","background-type":"","background-media":"","overlay-type":"","overlay-color":"","overlay-opacity":"","overlay-gradient":""}},"ast-content-background-meta":{"desktop":{"background-color":"var(--ast-global-color-5)","background-image":"","background-repeat":"repeat","background-position":"center center","background-size":"auto","background-attachment":"scroll","background-type":"","background-media":"","overlay-type":"","overlay-color":"","overlay-opacity":"","overlay-gradient":""},"tablet":{"background-color":"var(--ast-global-color-5)","background-image":"","background-repeat":"repeat","background-position":"center center","background-size":"auto","background-attachment":"scroll","background-type":"","background-media":"","overlay-type":"","overlay-color":"","overlay-opacity":"","overlay-gradient":""},"mobile":{"background-color":"var(--ast-global-color-5)","background-image":"","background-repeat":"repeat","background-position":"center center","background-size":"auto","background-attachment":"scroll","background-type":"","background-media":"","overlay-type":"","overlay-color":"","overlay-opacity":"","overlay-gradient":""}},"footnotes":""},"class_list":["post-4337","page","type-page","status-publish","hentry"],"post_mailing_queue_ids":[],"_links":{"self":[{"href":"https:\/\/agora.xtec.cat\/ceipsantjulia\/wp-json\/wp\/v2\/pages\/4337","targetHints":{"allow":["GET"]}}],"collection":[{"href":"https:\/\/agora.xtec.cat\/ceipsantjulia\/wp-json\/wp\/v2\/pages"}],"about":[{"href":"https:\/\/agora.xtec.cat\/ceipsantjulia\/wp-json\/wp\/v2\/types\/page"}],"author":[{"embeddable":true,"href":"https:\/\/agora.xtec.cat\/ceipsantjulia\/wp-json\/wp\/v2\/users\/1"}],"replies":[{"embeddable":true,"href":"https:\/\/agora.xtec.cat\/ceipsantjulia\/wp-json\/wp\/v2\/comments?post=4337"}],"version-history":[{"count":6,"href":"https:\/\/agora.xtec.cat\/ceipsantjulia\/wp-json\/wp\/v2\/pages\/4337\/revisions"}],"predecessor-version":[{"id":4442,"href":"https:\/\/agora.xtec.cat\/ceipsantjulia\/wp-json\/wp\/v2\/pages\/4337\/revisions\/4442"}],"up":[{"embeddable":true,"href":"https:\/\/agora.xtec.cat\/ceipsantjulia\/wp-json\/wp\/v2\/pages\/22"}],"wp:attachment":[{"href":"https:\/\/agora.xtec.cat\/ceipsantjulia\/wp-json\/wp\/v2\/media?parent=4337"}],"curies":[{"name":"wp","href":"https:\/\/api.w.org\/{rel}","templated":true}]}}