{"id":4330,"date":"2026-03-20T11:01:36","date_gmt":"2026-03-20T10:01:36","guid":{"rendered":"https:\/\/agora.xtec.cat\/ceipsantjulia\/?page_id=4330"},"modified":"2026-03-22T17:05:58","modified_gmt":"2026-03-22T16:05:58","slug":"la-nostra-historia","status":"publish","type":"page","link":"https:\/\/agora.xtec.cat\/ceipsantjulia\/lescola\/la-nostra-historia\/","title":{"rendered":"La nostra hist\u00f2ria"},"content":{"rendered":"<p>El barri de Sant Juli\u00e0 forma part del sector de Ca n\u2019Oriac, un territori d\u2019origen agr\u00edcola vinculat a la masia de Ca n\u2019Oriac, documentada des de l\u2019edat mitjana. Aquest espai va mantenir un car\u00e0cter rural fins a mitjans del segle XX, quan la industrialitzaci\u00f3 de Sabadell va provocar una transformaci\u00f3 profunda del territori.<\/p>\n<p>Entre les d\u00e8cades de 1940 i 1960, el barri va viure un fort creixement demogr\u00e0fic arran de l\u2019arribada de poblaci\u00f3 immigrant, principalment del sud de l\u2019Estat espanyol. Aquest creixement r\u00e0pid i sovint desordenat va comportar una manca significativa d\u2019infraestructures i serveis b\u00e0sics, especialment educatius. Davant d\u2019aquesta situaci\u00f3, el ve\u00efnat va desenvolupar una forta consci\u00e8ncia col\u00b7lectiva i una vida associativa activa, reclamant equipaments p\u00fablics.<\/p>\n<p>En aquest context, a finals dels anys seixanta i durant els setanta es van crear diversos centres educatius al barri. L\u2019<strong>Escola Sant Juli\u00e0, inaugurada el 1976,<\/strong> va n\u00e9ixer per donar resposta a la creixent demanda d\u2019escolaritzaci\u00f3 i oferir una educaci\u00f3 p\u00fablica i de qualitat, esdevenint un element clau de cohesi\u00f3 social i educativa.<\/p>\n<p>La progressiva implantaci\u00f3 de serveis p\u00fablics, biblioteca, equipaments culturals i esportius, serveis socials, centres de salut i espais educatius i de lleure ha contribu\u00eft decisivament a la transformaci\u00f3 del barri i a la millora de les oportunitats educatives i culturals, adaptant-se a la diversitat de nacionalitats i cultures presents al territori. Aquest llegat comunitari continua sent central en la identitat de l\u2019escola, compromesa amb una educaci\u00f3 inclusiva, cohesionadora i transformadora.<\/p>\n","protected":false},"excerpt":{"rendered":"<p>El barri de Sant Juli\u00e0 forma part del sector de Ca n\u2019Oriac, un territori d\u2019origen agr\u00edcola vinculat a la masia de Ca n\u2019Oriac, documentada des de l\u2019edat mitjana. Aquest espai va mantenir un car\u00e0cter rural fins a mitjans del segle XX, quan la industrialitzaci\u00f3 de Sabadell va provocar una transformaci\u00f3 profunda del territori. Entre les [&hellip;]<\/p>\n","protected":false},"author":1,"featured_media":0,"parent":22,"menu_order":0,"comment_status":"closed","ping_status":"closed","template":"","meta":{"_bbp_topic_count":0,"_bbp_reply_count":0,"_bbp_total_topic_count":0,"_bbp_total_reply_count":0,"_bbp_voice_count":0,"_bbp_anonymous_reply_count":0,"_bbp_topic_count_hidden":0,"_bbp_reply_count_hidden":0,"_bbp_forum_subforum_count":0,"site-sidebar-layout":"default","site-content-layout":"","ast-site-content-layout":"default","site-content-style":"default","site-sidebar-style":"default","ast-global-header-display":"","ast-banner-title-visibility":"","ast-main-header-display":"","ast-hfb-above-header-display":"","ast-hfb-below-header-display":"","ast-hfb-mobile-header-display":"","site-post-title":"","ast-breadcrumbs-content":"","ast-featured-img":"","footer-sml-layout":"","theme-transparent-header-meta":"default","adv-header-id-meta":"","stick-header-meta":"","header-above-stick-meta":"","header-main-stick-meta":"","header-below-stick-meta":"","astra-migrate-meta-layouts":"set","ast-page-background-enabled":"default","ast-page-background-meta":{"desktop":{"background-color":"var(--ast-global-color-4)","background-image":"","background-repeat":"repeat","background-position":"center center","background-size":"auto","background-attachment":"scroll","background-type":"","background-media":"","overlay-type":"","overlay-color":"","overlay-opacity":"","overlay-gradient":""},"tablet":{"background-color":"","background-image":"","background-repeat":"repeat","background-position":"center center","background-size":"auto","background-attachment":"scroll","background-type":"","background-media":"","overlay-type":"","overlay-color":"","overlay-opacity":"","overlay-gradient":""},"mobile":{"background-color":"","background-image":"","background-repeat":"repeat","background-position":"center center","background-size":"auto","background-attachment":"scroll","background-type":"","background-media":"","overlay-type":"","overlay-color":"","overlay-opacity":"","overlay-gradient":""}},"ast-content-background-meta":{"desktop":{"background-color":"var(--ast-global-color-5)","background-image":"","background-repeat":"repeat","background-position":"center center","background-size":"auto","background-attachment":"scroll","background-type":"","background-media":"","overlay-type":"","overlay-color":"","overlay-opacity":"","overlay-gradient":""},"tablet":{"background-color":"var(--ast-global-color-5)","background-image":"","background-repeat":"repeat","background-position":"center center","background-size":"auto","background-attachment":"scroll","background-type":"","background-media":"","overlay-type":"","overlay-color":"","overlay-opacity":"","overlay-gradient":""},"mobile":{"background-color":"var(--ast-global-color-5)","background-image":"","background-repeat":"repeat","background-position":"center center","background-size":"auto","background-attachment":"scroll","background-type":"","background-media":"","overlay-type":"","overlay-color":"","overlay-opacity":"","overlay-gradient":""}},"footnotes":""},"class_list":["post-4330","page","type-page","status-publish","hentry"],"post_mailing_queue_ids":[],"_links":{"self":[{"href":"https:\/\/agora.xtec.cat\/ceipsantjulia\/wp-json\/wp\/v2\/pages\/4330","targetHints":{"allow":["GET"]}}],"collection":[{"href":"https:\/\/agora.xtec.cat\/ceipsantjulia\/wp-json\/wp\/v2\/pages"}],"about":[{"href":"https:\/\/agora.xtec.cat\/ceipsantjulia\/wp-json\/wp\/v2\/types\/page"}],"author":[{"embeddable":true,"href":"https:\/\/agora.xtec.cat\/ceipsantjulia\/wp-json\/wp\/v2\/users\/1"}],"replies":[{"embeddable":true,"href":"https:\/\/agora.xtec.cat\/ceipsantjulia\/wp-json\/wp\/v2\/comments?post=4330"}],"version-history":[{"count":3,"href":"https:\/\/agora.xtec.cat\/ceipsantjulia\/wp-json\/wp\/v2\/pages\/4330\/revisions"}],"predecessor-version":[{"id":4413,"href":"https:\/\/agora.xtec.cat\/ceipsantjulia\/wp-json\/wp\/v2\/pages\/4330\/revisions\/4413"}],"up":[{"embeddable":true,"href":"https:\/\/agora.xtec.cat\/ceipsantjulia\/wp-json\/wp\/v2\/pages\/22"}],"wp:attachment":[{"href":"https:\/\/agora.xtec.cat\/ceipsantjulia\/wp-json\/wp\/v2\/media?parent=4330"}],"curies":[{"name":"wp","href":"https:\/\/api.w.org\/{rel}","templated":true}]}}