{"id":1151,"date":"2019-01-22T10:21:07","date_gmt":"2019-01-22T09:21:07","guid":{"rendered":"http:\/\/agora.xtec.cat\/ceipsantjulia\/?page_id=1151"},"modified":"2026-03-20T11:20:22","modified_gmt":"2026-03-20T10:20:22","slug":"els-primers-a-laigua","status":"publish","type":"page","link":"https:\/\/agora.xtec.cat\/ceipsantjulia\/els-primers-a-laigua\/","title":{"rendered":"&#8220;Primers a l&#8217;aigua&#8221;"},"content":{"rendered":"<p>L&#8217;alumnat de 1r de l&#8217;escola fa un dia a la setmana de nataci\u00f3 (els dimecres) gr\u00e0cies al suport de l&#8217;Ajuntament.<\/p>\n<p>\u00c9s una activitat molt interessant per a que els infants aprenguin a nedar i a perdre la por a l&#8217;aigua.<\/p>\n<p>Nosaltres hi anem encantats!<\/p>\n<p><img loading=\"lazy\" decoding=\"async\" class=\"alignnone wp-image-1217\" src=\"https:\/\/agora.xtec.cat\/ceipsantjulia\/wp-content\/uploads\/usu1856\/2019\/02\/IMG-20181115-WA0025.jpg\" alt=\"\" width=\"527\" height=\"296\" srcset=\"https:\/\/agora.xtec.cat\/ceipsantjulia\/wp-content\/uploads\/usu1856\/2019\/02\/IMG-20181115-WA0025.jpg 1599w, https:\/\/agora.xtec.cat\/ceipsantjulia\/wp-content\/uploads\/usu1856\/2019\/02\/IMG-20181115-WA0025-300x169.jpg 300w, https:\/\/agora.xtec.cat\/ceipsantjulia\/wp-content\/uploads\/usu1856\/2019\/02\/IMG-20181115-WA0025-768x432.jpg 768w, https:\/\/agora.xtec.cat\/ceipsantjulia\/wp-content\/uploads\/usu1856\/2019\/02\/IMG-20181115-WA0025-1024x576.jpg 1024w\" sizes=\"auto, (max-width: 527px) 100vw, 527px\" \/><\/p>\n","protected":false},"excerpt":{"rendered":"<p>L&#8217;alumnat de 1r de l&#8217;escola fa un dia a la setmana de nataci\u00f3 (els dimecres) gr\u00e0cies al suport de l&#8217;Ajuntament. \u00c9s una activitat molt interessant per a que els infants aprenguin a nedar i a perdre la por a l&#8217;aigua. Nosaltres hi anem encantats!<\/p>\n","protected":false},"author":1,"featured_media":0,"parent":0,"menu_order":0,"comment_status":"closed","ping_status":"closed","template":"","meta":{"_bbp_topic_count":0,"_bbp_reply_count":0,"_bbp_total_topic_count":0,"_bbp_total_reply_count":0,"_bbp_voice_count":0,"_bbp_anonymous_reply_count":0,"_bbp_topic_count_hidden":0,"_bbp_reply_count_hidden":0,"_bbp_forum_subforum_count":0,"site-sidebar-layout":"default","site-content-layout":"","ast-site-content-layout":"default","site-content-style":"default","site-sidebar-style":"default","ast-global-header-display":"","ast-banner-title-visibility":"","ast-main-header-display":"","ast-hfb-above-header-display":"","ast-hfb-below-header-display":"","ast-hfb-mobile-header-display":"","site-post-title":"","ast-breadcrumbs-content":"","ast-featured-img":"","footer-sml-layout":"","theme-transparent-header-meta":"default","adv-header-id-meta":"","stick-header-meta":"","header-above-stick-meta":"","header-main-stick-meta":"","header-below-stick-meta":"","astra-migrate-meta-layouts":"set","ast-page-background-enabled":"default","ast-page-background-meta":{"desktop":{"background-color":"var(--ast-global-color-4)","background-image":"","background-repeat":"repeat","background-position":"center center","background-size":"auto","background-attachment":"scroll","background-type":"","background-media":"","overlay-type":"","overlay-color":"","overlay-opacity":"","overlay-gradient":""},"tablet":{"background-color":"","background-image":"","background-repeat":"repeat","background-position":"center center","background-size":"auto","background-attachment":"scroll","background-type":"","background-media":"","overlay-type":"","overlay-color":"","overlay-opacity":"","overlay-gradient":""},"mobile":{"background-color":"","background-image":"","background-repeat":"repeat","background-position":"center center","background-size":"auto","background-attachment":"scroll","background-type":"","background-media":"","overlay-type":"","overlay-color":"","overlay-opacity":"","overlay-gradient":""}},"ast-content-background-meta":{"desktop":{"background-color":"var(--ast-global-color-5)","background-image":"","background-repeat":"repeat","background-position":"center center","background-size":"auto","background-attachment":"scroll","background-type":"","background-media":"","overlay-type":"","overlay-color":"","overlay-opacity":"","overlay-gradient":""},"tablet":{"background-color":"var(--ast-global-color-5)","background-image":"","background-repeat":"repeat","background-position":"center center","background-size":"auto","background-attachment":"scroll","background-type":"","background-media":"","overlay-type":"","overlay-color":"","overlay-opacity":"","overlay-gradient":""},"mobile":{"background-color":"var(--ast-global-color-5)","background-image":"","background-repeat":"repeat","background-position":"center center","background-size":"auto","background-attachment":"scroll","background-type":"","background-media":"","overlay-type":"","overlay-color":"","overlay-opacity":"","overlay-gradient":""}},"footnotes":""},"class_list":["post-1151","page","type-page","status-publish","hentry"],"post_mailing_queue_ids":[],"_links":{"self":[{"href":"https:\/\/agora.xtec.cat\/ceipsantjulia\/wp-json\/wp\/v2\/pages\/1151","targetHints":{"allow":["GET"]}}],"collection":[{"href":"https:\/\/agora.xtec.cat\/ceipsantjulia\/wp-json\/wp\/v2\/pages"}],"about":[{"href":"https:\/\/agora.xtec.cat\/ceipsantjulia\/wp-json\/wp\/v2\/types\/page"}],"author":[{"embeddable":true,"href":"https:\/\/agora.xtec.cat\/ceipsantjulia\/wp-json\/wp\/v2\/users\/1"}],"replies":[{"embeddable":true,"href":"https:\/\/agora.xtec.cat\/ceipsantjulia\/wp-json\/wp\/v2\/comments?post=1151"}],"version-history":[{"count":5,"href":"https:\/\/agora.xtec.cat\/ceipsantjulia\/wp-json\/wp\/v2\/pages\/1151\/revisions"}],"predecessor-version":[{"id":4276,"href":"https:\/\/agora.xtec.cat\/ceipsantjulia\/wp-json\/wp\/v2\/pages\/1151\/revisions\/4276"}],"wp:attachment":[{"href":"https:\/\/agora.xtec.cat\/ceipsantjulia\/wp-json\/wp\/v2\/media?parent=1151"}],"curies":[{"name":"wp","href":"https:\/\/api.w.org\/{rel}","templated":true}]}}