{"id":87,"date":"2014-09-18T14:28:12","date_gmt":"2014-09-18T13:28:12","guid":{"rendered":"http:\/\/agora.xtec.cat\/ceipsantjosep\/?page_id=87"},"modified":"2025-11-19T16:32:30","modified_gmt":"2025-11-19T15:32:30","slug":"nivells","status":"publish","type":"page","link":"https:\/\/agora.xtec.cat\/ceipsantjosep\/nivells\/","title":{"rendered":"Grups"},"content":{"rendered":"<p style=\"color: #444444;\">Escola p\u00fablica d&#8217;<em><strong>Educaci\u00f3 Infantil<\/strong> <\/em>de 3 a 6 anys i <em><strong>Prim\u00e0ria<\/strong> <\/em>de 6 a 12 anys.<\/p>\n<p>Actualment, al curs 2024-25 som els seg\u00fcents 16 grups:<\/p>\n<table style=\"border-collapse: collapse; width: 100%; height: 242px;\">\n<tbody>\n<tr style=\"height: 32px;\">\n<td style=\"width: 25%; text-align: center; height: 64px;\" colspan=\"2\" rowspan=\"2\"><a href=\"https:\/\/agora.xtec.cat\/ceipsantjosep\/categoria\/alumnat\/infantil\/\"><span style=\"text-decoration: underline;\"><strong>EDUCACI\u00d3 INFANTIL<\/strong><\/span><\/a><span style=\"text-decoration: underline;\"><strong><br \/>\n<\/strong><\/span><\/td>\n<td style=\"width: 75%; text-align: center; height: 32px;\" colspan=\"6\"><a href=\"https:\/\/agora.xtec.cat\/ceipsantjosep\/categoria\/alumnat\/primaria-22-23\/\"><span style=\"text-decoration: underline;\"><strong>PRIM\u00c0RIA<\/strong><\/span><\/a><span style=\"text-decoration: underline;\"><strong><br \/>\n<\/strong><\/span><\/td>\n<\/tr>\n<tr style=\"height: 32px;\">\n<td style=\"width: 25%; text-align: center; height: 32px;\" colspan=\"2\"><a href=\"https:\/\/agora.xtec.cat\/ceipsantjosep\/categoria\/alumnat\/primaria-22-23\/cicle-inicial\/\"><span style=\"text-decoration: underline;\"><strong>CICLE INICIAL<\/strong><\/span><\/a><span style=\"text-decoration: underline;\"><strong><br \/>\n<\/strong><\/span><\/td>\n<td style=\"width: 25%; text-align: center; height: 32px;\" colspan=\"2\"><a href=\"https:\/\/agora.xtec.cat\/ceipsantjosep\/categoria\/alumnat\/primaria-22-23\/cicle-mitja\/\"><span style=\"text-decoration: underline;\"><strong>CICLE MITJ\u00c0<\/strong><\/span><\/a><span style=\"text-decoration: underline;\"><strong><br \/>\n<\/strong><\/span><\/td>\n<td style=\"width: 25%; text-align: center; height: 32px;\" colspan=\"2\"><a href=\"https:\/\/agora.xtec.cat\/ceipsantjosep\/categoria\/alumnat\/primaria-22-23\/cicle-superior\/\"><span style=\"text-decoration: underline;\"><strong>CICLE SUPERIOR<\/strong><\/span><\/a><\/td>\n<\/tr>\n<tr style=\"height: 176px;\">\n<td style=\"width: 12.5%; text-align: center; height: 41px;\"><a href=\"https:\/\/agora.xtec.cat\/ceipsantjosep\/categoria\/alumnat\/infantil\/p3\/\"><strong>I3<\/strong><\/a><\/td>\n<td style=\"width: 12.5%; text-align: center; height: 41px;\"><strong>I3A\u00a0<\/strong><\/p>\n<p><strong>I3B<\/strong><\/td>\n<td style=\"width: 12.5%; text-align: center; height: 41px;\"><a href=\"https:\/\/agora.xtec.cat\/ceipsantjosep\/categoria\/alumnat\/primaria-22-23\/cicle-inicial\/1r\/\"><strong>1r<\/strong><\/a><\/td>\n<td style=\"width: 12.5%; text-align: center; height: 41px;\"><strong>1rA\u00a0<\/strong><\/p>\n<p><strong>1rB\u00a0<\/strong><\/td>\n<td style=\"width: 12.5%; text-align: center; height: 41px;\"><a href=\"https:\/\/agora.xtec.cat\/ceipsantjosep\/categoria\/alumnat\/primaria-22-23\/cicle-mitja\/3r\/\"><strong>3r<\/strong><\/a><\/td>\n<td style=\"width: 12.5%; text-align: center; height: 41px;\">&nbsp;<\/td>\n<td style=\"width: 12.5%; text-align: center; height: 41px;\"><a href=\"https:\/\/agora.xtec.cat\/ceipsantjosep\/categoria\/alumnat\/primaria-22-23\/cicle-superior\/5e\/\"><strong>5\u00e8<\/strong><\/a><\/td>\n<td style=\"width: 12.5%; text-align: center; height: 41px;\"><strong>5\u00e8A\u00a0<\/strong><\/p>\n<p><strong>5\u00e8B\u00a0<\/strong><\/td>\n<\/tr>\n<tr style=\"height: 96px;\">\n<td style=\"width: 12.5%; text-align: center; height: 81px;\"><a href=\"https:\/\/agora.xtec.cat\/ceipsantjosep\/categoria\/alumnat\/infantil\/p4\/\"><strong>I4<\/strong><\/a><\/td>\n<td style=\"width: 12.5%; text-align: center; height: 81px;\"><strong>I4A\u00a0<\/strong><\/p>\n<p><strong>I4B\u00a0<\/strong><\/td>\n<td style=\"width: 12.5%; text-align: center; height: 81px;\"><a href=\"https:\/\/agora.xtec.cat\/ceipsantjosep\/categoria\/alumnat\/primaria-22-23\/cicle-inicial\/2n\/\"><strong>2n<\/strong><\/a><\/td>\n<td style=\"width: 12.5%; text-align: center; height: 81px;\">&nbsp;<\/p>\n<p>&nbsp;<\/td>\n<td style=\"width: 12.5%; text-align: center; height: 81px;\"><a href=\"https:\/\/agora.xtec.cat\/ceipsantjosep\/categoria\/alumnat\/primaria-22-23\/cicle-mitja\/4t\/\"><strong>4t<\/strong><\/a><\/td>\n<td style=\"width: 12.5%; text-align: center; height: 81px;\"><strong>4tA\u00a0<\/strong><\/p>\n<p><strong>4tB\u00a0<\/strong><\/td>\n<td style=\"width: 12.5%; text-align: center; height: 81px;\"><a href=\"https:\/\/agora.xtec.cat\/ceipsantjosep\/categoria\/alumnat\/primaria-22-23\/cicle-superior\/6e\/\"><strong>6\u00e8<\/strong><\/a><\/td>\n<td style=\"width: 12.5%; text-align: center; height: 81px;\"><strong>6\u00e8A\u00a0<\/strong><\/p>\n<p><strong>6\u00e8B\u00a0<\/strong><\/td>\n<\/tr>\n<tr style=\"height: 56px;\">\n<td style=\"width: 12.5%; text-align: center; height: 56px;\"><a href=\"https:\/\/agora.xtec.cat\/ceipsantjosep\/categoria\/alumnat\/infantil\/p5\/\"><strong>I5<\/strong><\/a><\/td>\n<td style=\"width: 12.5%; text-align: center; height: 56px;\"><strong>I5A<\/strong><\/p>\n<p><strong>I5B<\/strong><\/td>\n<td style=\"width: 12.5%; text-align: center; height: 56px;\"><strong>\u00a0<\/strong><\/td>\n<td style=\"width: 12.5%; text-align: center; height: 56px;\"><strong>\u00a0<\/strong><\/td>\n<td style=\"width: 12.5%; text-align: center; height: 56px;\"><strong>\u00a0<\/strong><\/td>\n<td style=\"width: 12.5%; text-align: center; height: 56px;\"><strong>\u00a0<\/strong><\/td>\n<td style=\"width: 12.5%; text-align: center; height: 56px;\"><strong>\u00a0<\/strong><\/td>\n<td style=\"width: 12.5%; text-align: center; height: 56px;\"><strong>\u00a0<\/strong><\/td>\n<\/tr>\n<\/tbody>\n<\/table>\n","protected":false},"excerpt":{"rendered":"<p>Escola p\u00fablica d&#8217;Educaci\u00f3 Infantil de 3 a 6 anys i Prim\u00e0ria de 6 a 12 anys.<br \/>\nActualment, al curs 2024-25 som els seg\u00fcents 16 grups:<\/p>\n<p><a href=\"https:\/\/agora.xtec.cat\/ceipsantjosep\/categoria\/alumnat\/infantil\/\">EDUCACI\u00d3 INFANTIL<\/a><\/p>\n<p><a href=\"https:\/\/agora.xtec.cat\/ceipsantjosep\/categoria\/alumnat\/primaria-22-23\/\">PRIM\u00c0RIA<\/a><\/p>\n<p><a href=\"https:\/\/agora.xtec.cat\/ceipsantjosep\/categoria\/alumnat\/primaria-22-23\/cicle-inicial\/\">CICLE INICIAL<\/a><\/p>\n<p><a href=\"https:\/\/agora.xtec.cat\/ceipsantjosep\/categoria\/alumnat\/primaria-22-23\/cicle-mitja\/\">CICLE MITJ\u00c0<\/a><\/p>\n<p><a href=\"https:\/\/agora.xtec.cat\/ceipsantjosep\/categoria\/alumnat\/primaria-22-23\/cicle-superior\/\">CICLE SUPERIOR<\/a><\/p>\n<p><a href=\"https:\/\/agora.xtec.cat\/ceipsantjosep\/categoria\/alumnat\/infantil\/p3\/\">I3<\/a><br \/>\nI3A\u00a0<br \/>\nI3B<br \/>\n<a href=\"https:\/\/agora.xtec.cat\/ceipsantjosep\/categoria\/alumnat\/primaria-22-23\/cicle-inicial\/1r\/\">1r<\/a><br \/>\n1rA\u00a0<br \/>\n1rB\u00a0<br \/>\n<a href=\"https:\/\/agora.xtec.cat\/ceipsantjosep\/categoria\/alumnat\/primaria-22-23\/cicle-mitja\/3r\/\">3r<\/a><br \/>\n&nbsp;<br \/>\n<a href=\"https:\/\/agora.xtec.cat\/ceipsantjosep\/categoria\/alumnat\/primaria-22-23\/cicle-superior\/5e\/\">5\u00e8<\/a><br \/>\n5\u00e8A\u00a0<br \/>\n5\u00e8B\u00a0<\/p>\n<p><a href=\"https:\/\/agora.xtec.cat\/ceipsantjosep\/categoria\/alumnat\/infantil\/p4\/\">I4<\/a><br \/>\nI4A\u00a0<br \/>\nI4B\u00a0<br \/>\n<a href=\"https:\/\/agora.xtec.cat\/ceipsantjosep\/categoria\/alumnat\/primaria-22-23\/cicle-inicial\/2n\/\">2n<\/a><br \/>\n&nbsp;<br \/>\n&nbsp;<br \/>\n<a href=\"https:\/\/agora.xtec.cat\/ceipsantjosep\/categoria\/alumnat\/primaria-22-23\/cicle-mitja\/4t\/\">4t<\/a><br \/>\n4tA\u00a0<br \/>\n4tB\u00a0<br \/>\n<a href=\"https:\/\/agora.xtec.cat\/ceipsantjosep\/categoria\/alumnat\/primaria-22-23\/cicle-superior\/6e\/\">6\u00e8<\/a><br \/>\n6\u00e8A\u00a0<br \/>\n6\u00e8B\u00a0<\/p>\n<p><a href=\"https:\/\/agora.xtec.cat\/ceipsantjosep\/categoria\/alumnat\/infantil\/p5\/\">I5<\/a><br \/>\nI5A<br \/>\nI5B<br \/>\n\u00a0<br \/>\n\u00a0<br \/>\n\u00a0<br \/>\n\u00a0<br \/>\n\u00a0<br \/>\n\u00a0<\/p>\n","protected":false},"author":1,"featured_media":0,"parent":0,"menu_order":0,"comment_status":"closed","ping_status":"closed","template":"","meta":{"_bbp_topic_count":0,"_bbp_reply_count":0,"_bbp_total_topic_count":0,"_bbp_total_reply_count":0,"_bbp_voice_count":0,"_bbp_anonymous_reply_count":0,"_bbp_topic_count_hidden":0,"_bbp_reply_count_hidden":0,"_bbp_forum_subforum_count":0,"footnotes":""},"class_list":["post-87","page","type-page","status-publish","hentry"],"post_mailing_queue_ids":[],"_links":{"self":[{"href":"https:\/\/agora.xtec.cat\/ceipsantjosep\/wp-json\/wp\/v2\/pages\/87","targetHints":{"allow":["GET"]}}],"collection":[{"href":"https:\/\/agora.xtec.cat\/ceipsantjosep\/wp-json\/wp\/v2\/pages"}],"about":[{"href":"https:\/\/agora.xtec.cat\/ceipsantjosep\/wp-json\/wp\/v2\/types\/page"}],"author":[{"embeddable":true,"href":"https:\/\/agora.xtec.cat\/ceipsantjosep\/wp-json\/wp\/v2\/users\/1"}],"replies":[{"embeddable":true,"href":"https:\/\/agora.xtec.cat\/ceipsantjosep\/wp-json\/wp\/v2\/comments?post=87"}],"version-history":[{"count":6,"href":"https:\/\/agora.xtec.cat\/ceipsantjosep\/wp-json\/wp\/v2\/pages\/87\/revisions"}],"predecessor-version":[{"id":13790,"href":"https:\/\/agora.xtec.cat\/ceipsantjosep\/wp-json\/wp\/v2\/pages\/87\/revisions\/13790"}],"wp:attachment":[{"href":"https:\/\/agora.xtec.cat\/ceipsantjosep\/wp-json\/wp\/v2\/media?parent=87"}],"curies":[{"name":"wp","href":"https:\/\/api.w.org\/{rel}","templated":true}]}}