{"id":64,"date":"2014-09-18T12:39:08","date_gmt":"2014-09-18T11:39:08","guid":{"rendered":"http:\/\/agora.xtec.cat\/ceipsantjosep\/?page_id=64"},"modified":"2024-04-26T08:51:53","modified_gmt":"2024-04-26T06:51:53","slug":"projecte-educatiu","status":"publish","type":"page","link":"https:\/\/agora.xtec.cat\/ceipsantjosep\/lescola\/projecte-educatiu\/","title":{"rendered":"Projecte educatiu"},"content":{"rendered":"<p>La proposta d\u2019aquest <em><strong>Projecte Educatiu de Centre<\/strong><\/em> es va iniciar al curs 2015-16 amb un <strong><em>proc\u00e9s de participaci\u00f3<\/em><\/strong> de claustre, alumnes i fam\u00edlies a fi de definir els <span style=\"text-decoration: underline;\"><strong><em>valors<\/em><\/strong><\/span> que defineixin l\u2019escola que volem. Aix\u00ed es van consensuar els seg\u00fcents valors:<\/p>\n<p><a href=\"https:\/\/agora.xtec.cat\/ceipsantjosep\/wp-content\/uploads\/usu2187\/2023\/05\/mural-pati-Sin-titulo-1000-\u00d7-220-px-8-copia.png\"><img loading=\"lazy\" decoding=\"async\" class=\"alignnone wp-image-11650 size-full\" src=\"https:\/\/agora.xtec.cat\/ceipsantjosep\/wp-content\/uploads\/usu2187\/2023\/05\/mural-pati-Sin-titulo-1000-\u00d7-220-px-8-copia.png\" alt=\"\" width=\"1000\" height=\"220\" srcset=\"https:\/\/agora.xtec.cat\/ceipsantjosep\/wp-content\/uploads\/usu2187\/2023\/05\/mural-pati-Sin-titulo-1000-\u00d7-220-px-8-copia.png 1000w, https:\/\/agora.xtec.cat\/ceipsantjosep\/wp-content\/uploads\/usu2187\/2023\/05\/mural-pati-Sin-titulo-1000-\u00d7-220-px-8-copia-300x66.png 300w, https:\/\/agora.xtec.cat\/ceipsantjosep\/wp-content\/uploads\/usu2187\/2023\/05\/mural-pati-Sin-titulo-1000-\u00d7-220-px-8-copia-768x169.png 768w\" sizes=\"auto, (max-width: 1000px) 100vw, 1000px\" \/><\/a><\/p>\n<ol>\n<li style=\"list-style-type: none;\">\n<ol>\n<li><strong><em>Integritat<\/em><\/strong><\/li>\n<li><strong><em>Innovaci\u00f3<\/em><\/strong><\/li>\n<li><strong><em>Respecte<\/em><\/strong><\/li>\n<li><strong><em>Relacions humanes i familiars<\/em><\/strong><\/li>\n<li><strong><em>Diversi\u00f3 <\/em><\/strong><\/li>\n<li><strong><em>Salut mental i f\u00edsica.<\/em><\/strong><\/li>\n<\/ol>\n<\/li>\n<\/ol>\n<p>A partir d\u2019aquests valors i de la diagnosi del centre s\u2019estructuren uns <span style=\"text-decoration: underline;\"><strong><em>objectius generals<\/em><\/strong><\/span>:<\/p>\n<ul>\n<li style=\"list-style-type: none;\">\n<ul>\n<li style=\"list-style-type: none;\">\n<ul>\n<li style=\"text-align: justify;\">Garantir la <strong><em>participaci\u00f3 de tots els alumnes<\/em><\/strong> en totes les activitats aprovades pel Consell Escolar, i que la seva exclusi\u00f3 no sigui motivada per una necessitat econ\u00f2mica.<\/li>\n<\/ul>\n<\/li>\n<\/ul>\n<\/li>\n<li style=\"list-style-type: none; text-align: center;\"><a href=\"https:\/\/agora.xtec.cat\/ceipsantjosep\/wp-content\/uploads\/usu2187\/2024\/01\/alumnes-diferents-nivells-participacio.jpg\"><img loading=\"lazy\" decoding=\"async\" class=\"size-medium wp-image-11856 aligncenter\" src=\"https:\/\/agora.xtec.cat\/ceipsantjosep\/wp-content\/uploads\/usu2187\/2024\/01\/alumnes-diferents-nivells-participacio-300x195.jpg\" alt=\"\" width=\"300\" height=\"195\" srcset=\"https:\/\/agora.xtec.cat\/ceipsantjosep\/wp-content\/uploads\/usu2187\/2024\/01\/alumnes-diferents-nivells-participacio-300x195.jpg 300w, https:\/\/agora.xtec.cat\/ceipsantjosep\/wp-content\/uploads\/usu2187\/2024\/01\/alumnes-diferents-nivells-participacio.jpg 649w\" sizes=\"auto, (max-width: 300px) 100vw, 300px\" \/><\/a>\n<ul>\n<li style=\"list-style-type: none;\">\n<ul>\n<li style=\"text-align: justify;\"><strong><em>Garantir l\u2019assist\u00e8ncia<\/em><\/strong> al centre de tots els alumnes, i que disposin de tot el material que sigui necessari.<\/li>\n<\/ul>\n<\/li>\n<\/ul>\n<\/li>\n<li style=\"list-style-type: none; text-align: center;\"><a href=\"https:\/\/agora.xtec.cat\/ceipsantjosep\/wp-content\/uploads\/usu2187\/2024\/01\/installacions1.png\"><img loading=\"lazy\" decoding=\"async\" class=\"aligncenter wp-image-11861 size-full\" src=\"https:\/\/agora.xtec.cat\/ceipsantjosep\/wp-content\/uploads\/usu2187\/2024\/01\/installacions1.png\" alt=\"\" width=\"507\" height=\"192\" srcset=\"https:\/\/agora.xtec.cat\/ceipsantjosep\/wp-content\/uploads\/usu2187\/2024\/01\/installacions1.png 507w, https:\/\/agora.xtec.cat\/ceipsantjosep\/wp-content\/uploads\/usu2187\/2024\/01\/installacions1-300x114.png 300w\" sizes=\"auto, (max-width: 507px) 100vw, 507px\" \/><\/a><\/li>\n<li style=\"list-style-type: none; text-align: center;\">\n<ul>\n<li style=\"list-style-type: none;\">\n<ul>\n<li style=\"text-align: justify;\">Participar en les <strong><em>formacions<\/em><\/strong> del centre establertes per tal d\u2019aplicar millores metodol\u00f2giques significatives.<\/li>\n<\/ul>\n<\/li>\n<\/ul>\n<\/li>\n<li style=\"list-style-type: none; text-align: center;\"><a href=\"https:\/\/agora.xtec.cat\/ceipsantjosep\/wp-content\/uploads\/usu2187\/2024\/01\/formacio-1.png\"><img loading=\"lazy\" decoding=\"async\" class=\"alignnone size-medium wp-image-11859\" src=\"https:\/\/agora.xtec.cat\/ceipsantjosep\/wp-content\/uploads\/usu2187\/2024\/01\/formacio-1-300x217.png\" alt=\"\" width=\"300\" height=\"217\" srcset=\"https:\/\/agora.xtec.cat\/ceipsantjosep\/wp-content\/uploads\/usu2187\/2024\/01\/formacio-1-300x217.png 300w, https:\/\/agora.xtec.cat\/ceipsantjosep\/wp-content\/uploads\/usu2187\/2024\/01\/formacio-1-768x557.png 768w, https:\/\/agora.xtec.cat\/ceipsantjosep\/wp-content\/uploads\/usu2187\/2024\/01\/formacio-1.png 1024w\" sizes=\"auto, (max-width: 300px) 100vw, 300px\" \/><\/a>\n<ul>\n<li style=\"list-style-type: none;\">\n<ul>\n<li style=\"text-align: justify;\">Vetllar per tal de <strong><em>garantir<\/em><\/strong> unes <strong><em>instal\u00b7lacions, materials inform\u00e0tics, materials esportius, biblioteca, patis<\/em><\/strong>&#8230;., adients a les necessitats educatives que promou el projecte de centre.<\/li>\n<\/ul>\n<\/li>\n<\/ul>\n<\/li>\n<li style=\"list-style-type: none; text-align: center;\"><a href=\"https:\/\/agora.xtec.cat\/ceipsantjosep\/wp-content\/uploads\/usu2187\/2024\/01\/installacions.png\"><img loading=\"lazy\" decoding=\"async\" class=\"aligncenter wp-image-11857 size-medium\" src=\"https:\/\/agora.xtec.cat\/ceipsantjosep\/wp-content\/uploads\/usu2187\/2024\/01\/installacions-300x225.png\" alt=\"\" width=\"300\" height=\"225\" srcset=\"https:\/\/agora.xtec.cat\/ceipsantjosep\/wp-content\/uploads\/usu2187\/2024\/01\/installacions-300x225.png 300w, https:\/\/agora.xtec.cat\/ceipsantjosep\/wp-content\/uploads\/usu2187\/2024\/01\/installacions-768x576.png 768w, https:\/\/agora.xtec.cat\/ceipsantjosep\/wp-content\/uploads\/usu2187\/2024\/01\/installacions-200x150.png 200w, https:\/\/agora.xtec.cat\/ceipsantjosep\/wp-content\/uploads\/usu2187\/2024\/01\/installacions.png 1000w\" sizes=\"auto, (max-width: 300px) 100vw, 300px\" \/><\/a>\n<ul>\n<li style=\"list-style-type: none;\">\n<ul>\n<li style=\"text-align: justify;\">Promoure una <strong><em>cultura democr\u00e0tica<\/em><\/strong> de tots els esdeveniments del centre que ajudin a garantir els principis i valors escollits.<\/li>\n<\/ul>\n<\/li>\n<\/ul>\n<\/li>\n<li style=\"list-style-type: none; text-align: center;\"><a href=\"https:\/\/agora.xtec.cat\/ceipsantjosep\/wp-content\/uploads\/usu2187\/2024\/01\/participacio.jpg\"><img loading=\"lazy\" decoding=\"async\" class=\"size-medium wp-image-11860 aligncenter\" src=\"https:\/\/agora.xtec.cat\/ceipsantjosep\/wp-content\/uploads\/usu2187\/2024\/01\/participacio-300x247.jpg\" alt=\"\" width=\"300\" height=\"247\" srcset=\"https:\/\/agora.xtec.cat\/ceipsantjosep\/wp-content\/uploads\/usu2187\/2024\/01\/participacio-300x247.jpg 300w, https:\/\/agora.xtec.cat\/ceipsantjosep\/wp-content\/uploads\/usu2187\/2024\/01\/participacio.jpg 370w\" sizes=\"auto, (max-width: 300px) 100vw, 300px\" \/><\/a>\n<ul>\n<li style=\"list-style-type: none;\">\n<ul>\n<li style=\"text-align: justify;\">Assolir la <strong><em>millora dels resultats acad\u00e8mics i personals<\/em><\/strong> de tot l\u2019alumnat d\u2019acord amb els principis d\u2019excel\u00b7l\u00e8ncia i equitat.<\/li>\n<\/ul>\n<\/li>\n<\/ul>\n<\/li>\n<\/ul>\n<p style=\"text-align: center;\"><a href=\"https:\/\/agora.xtec.cat\/ceipsantjosep\/wp-content\/uploads\/usu2187\/2024\/01\/birrete.jpg\"><img loading=\"lazy\" decoding=\"async\" class=\"size-full wp-image-11858 aligncenter\" src=\"https:\/\/agora.xtec.cat\/ceipsantjosep\/wp-content\/uploads\/usu2187\/2024\/01\/birrete.jpg\" alt=\"\" width=\"249\" height=\"202\" \/><\/a><\/p>\n<p style=\"text-align: center;\">\n<p>&nbsp;<\/p>\n<p style=\"text-align: center;\"><iframe loading=\"lazy\" title=\"YouTube video player\" src=\"\/\/www.youtube.com\/embed\/UO6-vyCJ7hs?si=vMqbIHxfcKPe_J8c\" width=\"560\" height=\"315\" frameborder=\"0\" allowfullscreen=\"allowfullscreen\"><\/iframe><\/p>\n","protected":false},"excerpt":{"rendered":"<p>La proposta d\u2019aquest Projecte Educatiu de Centre es va iniciar al curs 2015-16 amb un proc\u00e9s de participaci\u00f3 de claustre, alumnes i fam\u00edlies a fi de definir els valors que defineixin l\u2019escola que volem. Aix\u00ed es van consensuar els seg\u00fcents valors:<br \/>\n<a href=\"https:\/\/agora.xtec.cat\/ceipsantjosep\/wp-content\/uploads\/usu2187\/2023\/05\/mural-pati-Sin-titulo-1000-\u00d7-220-px-8-copia.png\"><\/a><\/p>\n<ol>\n<li style=\"list-style-type: none;\">\n<ol>\n<li>Integritat<\/li>\n<li>Innovaci\u00f3<\/li>\n<li>Respecte<\/li>\n<li>Relacions humanes&hellip;  <a href=\"https:\/\/agora.xtec.cat\/ceipsantjosep\/lescola\/projecte-educatiu\/\" title=\"Read Projecte educatiu\">Llegeix m\u00e9s\u00bb<\/a><br \/>\n","protected":false},"author":1,"featured_media":0,"parent":22,"menu_order":0,"comment_status":"closed","ping_status":"closed","template":"page-templates\/side-menu.php","meta":{"_bbp_topic_count":0,"_bbp_reply_count":0,"_bbp_total_topic_count":0,"_bbp_total_reply_count":0,"_bbp_voice_count":0,"_bbp_anonymous_reply_count":0,"_bbp_topic_count_hidden":0,"_bbp_reply_count_hidden":0,"_bbp_forum_subforum_count":0,"footnotes":""},"class_list":["post-64","page","type-page","status-publish","hentry"],"post_mailing_queue_ids":[],"_links":{"self":[{"href":"https:\/\/agora.xtec.cat\/ceipsantjosep\/wp-json\/wp\/v2\/pages\/64","targetHints":{"allow":["GET"]}}],"collection":[{"href":"https:\/\/agora.xtec.cat\/ceipsantjosep\/wp-json\/wp\/v2\/pages"}],"about":[{"href":"https:\/\/agora.xtec.cat\/ceipsantjosep\/wp-json\/wp\/v2\/types\/page"}],"author":[{"embeddable":true,"href":"https:\/\/agora.xtec.cat\/ceipsantjosep\/wp-json\/wp\/v2\/users\/1"}],"replies":[{"embeddable":true,"href":"https:\/\/agora.xtec.cat\/ceipsantjosep\/wp-json\/wp\/v2\/comments?post=64"}],"version-history":[{"count":6,"href":"https:\/\/agora.xtec.cat\/ceipsantjosep\/wp-json\/wp\/v2\/pages\/64\/revisions"}],"predecessor-version":[{"id":13252,"href":"https:\/\/agora.xtec.cat\/ceipsantjosep\/wp-json\/wp\/v2\/pages\/64\/revisions\/13252"}],"up":[{"embeddable":true,"href":"https:\/\/agora.xtec.cat\/ceipsantjosep\/wp-json\/wp\/v2\/pages\/22"}],"wp:attachment":[{"href":"https:\/\/agora.xtec.cat\/ceipsantjosep\/wp-json\/wp\/v2\/media?parent=64"}],"curies":[{"name":"wp","href":"https:\/\/api.w.org\/{rel}","templated":true}]}}