{"id":38,"date":"2014-09-18T12:34:08","date_gmt":"2014-09-18T10:34:08","guid":{"rendered":"http:\/\/agora.xtec.cat\/ceipsantjosep\/?page_id=38"},"modified":"2024-02-19T17:48:50","modified_gmt":"2024-02-19T16:48:50","slug":"salut","status":"publish","type":"page","link":"https:\/\/agora.xtec.cat\/ceipsantjosep\/lescola\/salut\/","title":{"rendered":"Salut"},"content":{"rendered":"<h2><span style=\"text-decoration: underline;\"><strong>MALALTIES I MEDICAMENTS<\/strong><\/span><\/h2>\n<p>Quan un alumne t\u00e9 una <em><strong>malaltia infecto-contagiosa<\/strong><\/em> cal que la seva fam\u00edlia ho comuniqui al centre, i <em><strong>no podr\u00e0 assistir a l\u2019escola fins que hagi passat el per\u00edode de contagi<\/strong><\/em>.<\/p>\n<p>Nom\u00e9s en <em><strong>casos excepcionals<\/strong><\/em> i degudament justificats amb document m\u00e8dic (<em><strong>recepta<\/strong><\/em>) i <em><strong>autoritzaci\u00f3<\/strong><\/em> de la fam\u00edlia (pare\/mare\/tutors legals), el professorat (o el monitoratge del menjador), <em><strong>podran administrar medicaments als i les alumnes<\/strong><\/em>.<\/p>\n<p style=\"text-align: center;\"><em><strong><a href=\"https:\/\/drive.google.com\/file\/d\/1uGHuRYLjQ7CqZu9F4B5XSr34Do0i_J0k\/view?usp=sharing\" target=\"_blank\" rel=\"noopener\">AUTORITIZACI\u00d3 ADMINISTRACI\u00d3 DE MEDICAMENTS<\/a><\/strong><\/em><\/p>\n<p>&nbsp;<\/p>\n<h2><span style=\"text-decoration: underline;\"><strong>QU\u00c8 HEM DE FER SI DETECTEM POLLS ALS FILLS?<\/strong><\/span><\/h2>\n<p><strong>&#8211; Avisar el professorat<\/strong><\/p>\n<p><strong>&#8211; Iniciar el tractament<\/strong><\/p>\n<p>Aquest tractament \u00e9s nom\u00e9s per a despr\u00e9s d\u2019una infestaci\u00f3. Mai per a una prevenci\u00f3. Cal doncs:<\/p>\n<p><strong>1.-<\/strong> <strong>Adquirir en una farm\u00e0cia\u00a0 una<\/strong>\u00a0 <strong>loci\u00f3\u00a0 antiparasit\u00e0ria <\/strong>i seguir estrictament les instruccions, tenint en compte que segurament s\u2019haur\u00e0 de repetir el tractament diverses vegades per tal de matar els polls que vagin sortint dels ous.<\/p>\n<p><strong>2.-<\/strong> Mullar els cabells amb la loci\u00f3. No estalviar-ne a la zona de les orelles, el serrell\u00a0 i el clatell.<\/p>\n<p><strong>3.-<\/strong> Despr\u00e9s del temps esmentat a les instruccions de producte, rentar el cap amb xamp\u00fa.<\/p>\n<p><strong>4.-<\/strong> Esbandir el cap amb aigua i vinagre (la proporci\u00f3 \u00e9s d\u2019una part de vinagre per dues d\u2019aigua).<\/p>\n<p><strong>5.-<\/strong> Treure les ll\u00e9menes (ous) amb la m\u00e0 o amb una pinta.<\/p>\n<p><strong>El tractament s\u2019ha de repetir 10 dies m\u00e9s tard i 20 dies despr\u00e9s, per seguretat.<\/strong><\/p>\n<p>No oblidar de submergir en la loci\u00f3 antiparasit\u00e0ria els objectes relacionats amb els cabells: pintes, raspalls, passadors, ornaments, etc.<\/p>\n<p>Tenir o haver tingut polls no \u00e9s cap situaci\u00f3 ni vexat\u00f2ria ni vergonyant, ni t\u00e9 res a veure amb una manca d\u2019higiene personal o familiar,\u00a0 doncs els polls salten d\u2019un cap a un altre amb molta facilitat.<\/p>\n<p>Quan hi hagi evid\u00e8ncia de polls cal comunicar-ho al professor\/a: caldr\u00e0 portar a terme totes aquestes actuacions.<\/p>\n<p>Aquest protocol ha estat elaborat tenint en compte un document editat pel Col\u00b7legi de Farmac\u00e8utics de Barcelona.<\/p>\n<p><strong>NOTA: <em>Es prega que reviseu els caps tot sovint i si estan infectats fer el tractament. En cas de detecci\u00f3 de ll\u00e9menes o polls, els alumnes NO podran assistir a l\u2019escola fins a realitzar tot el proc\u00e9s de neteja per risc de contagi als companys<\/em><\/strong><strong><em>.<\/em><\/strong><\/p>\n","protected":false},"excerpt":{"rendered":"<p>MALALTIES I MEDICAMENTS<br \/>\nQuan un alumne t\u00e9 una malaltia infecto-contagiosa cal que la seva fam\u00edlia ho comuniqui al centre, i no podr\u00e0 assistir a l\u2019escola fins que hagi passat el per\u00edode de contagi.<br \/>\nNom\u00e9s en casos excepcionals i degudament justificats amb document m\u00e8dic (recepta) i autoritzaci\u00f3 de&hellip;  <a href=\"https:\/\/agora.xtec.cat\/ceipsantjosep\/lescola\/salut\/\" title=\"Read Salut\">Llegeix m\u00e9s\u00bb<\/a><\/p>\n","protected":false},"author":1,"featured_media":0,"parent":22,"menu_order":7,"comment_status":"closed","ping_status":"closed","template":"page-templates\/side-menu.php","meta":{"_bbp_topic_count":0,"_bbp_reply_count":0,"_bbp_total_topic_count":0,"_bbp_total_reply_count":0,"_bbp_voice_count":0,"_bbp_anonymous_reply_count":0,"_bbp_topic_count_hidden":0,"_bbp_reply_count_hidden":0,"_bbp_forum_subforum_count":0,"footnotes":""},"class_list":["post-38","page","type-page","status-publish","hentry"],"post_mailing_queue_ids":[],"_links":{"self":[{"href":"https:\/\/agora.xtec.cat\/ceipsantjosep\/wp-json\/wp\/v2\/pages\/38","targetHints":{"allow":["GET"]}}],"collection":[{"href":"https:\/\/agora.xtec.cat\/ceipsantjosep\/wp-json\/wp\/v2\/pages"}],"about":[{"href":"https:\/\/agora.xtec.cat\/ceipsantjosep\/wp-json\/wp\/v2\/types\/page"}],"author":[{"embeddable":true,"href":"https:\/\/agora.xtec.cat\/ceipsantjosep\/wp-json\/wp\/v2\/users\/1"}],"replies":[{"embeddable":true,"href":"https:\/\/agora.xtec.cat\/ceipsantjosep\/wp-json\/wp\/v2\/comments?post=38"}],"version-history":[{"count":6,"href":"https:\/\/agora.xtec.cat\/ceipsantjosep\/wp-json\/wp\/v2\/pages\/38\/revisions"}],"predecessor-version":[{"id":11918,"href":"https:\/\/agora.xtec.cat\/ceipsantjosep\/wp-json\/wp\/v2\/pages\/38\/revisions\/11918"}],"up":[{"embeddable":true,"href":"https:\/\/agora.xtec.cat\/ceipsantjosep\/wp-json\/wp\/v2\/pages\/22"}],"wp:attachment":[{"href":"https:\/\/agora.xtec.cat\/ceipsantjosep\/wp-json\/wp\/v2\/media?parent=38"}],"curies":[{"name":"wp","href":"https:\/\/api.w.org\/{rel}","templated":true}]}}