{"id":34,"date":"2014-09-18T12:32:18","date_gmt":"2014-09-18T10:32:18","guid":{"rendered":"http:\/\/agora.xtec.cat\/ceipsantjosep\/?page_id=34"},"modified":"2024-09-02T12:12:32","modified_gmt":"2024-09-02T10:12:32","slug":"oferta-educativa","status":"publish","type":"page","link":"https:\/\/agora.xtec.cat\/ceipsantjosep\/lescola\/oferta-educativa\/","title":{"rendered":"Oferta educativa"},"content":{"rendered":"<p style=\"color: #444444;\">Escola p\u00fablica d&#8217;<em><strong>Educaci\u00f3 Infantil<\/strong> <\/em>de 3 a 6 anys i <em><strong>Prim\u00e0ria<\/strong> <\/em>de 6 a 12 anys.<\/p>\n<p>Actualment, al <em><strong>curs 2024-25<\/strong><\/em>\u00a0som els seg\u00fcents 16 grups:<\/p>\n<table style=\"border-collapse: collapse; width: 100%;\">\n<tbody>\n<tr>\n<td style=\"width: 25%; text-align: center;\"><span style=\"text-decoration: underline;\"><strong>EDUCACI\u00d3 INFANTIL<\/strong><\/span><\/td>\n<td style=\"width: 25%; text-align: center;\"><span style=\"text-decoration: underline;\"><strong>CICLE INICIAL<\/strong><\/span><\/td>\n<td style=\"width: 25%; text-align: center;\"><span style=\"text-decoration: underline;\"><strong>CICLE MITJ\u00c0<\/strong><\/span><\/td>\n<td style=\"width: 25%; text-align: center;\"><span style=\"text-decoration: underline;\"><strong>CICLE SUPERIOR<\/strong><\/span><\/td>\n<\/tr>\n<tr>\n<td style=\"width: 25%; text-align: center;\"><strong>I3A<\/strong><\/p>\n<p><strong>I3B<\/strong><\/p>\n<p><strong>I4A<\/strong><\/p>\n<p><strong>I4B<\/strong><\/p>\n<p><strong>I5A<\/strong><\/p>\n<p><strong>I5B<\/strong><\/td>\n<td style=\"width: 25%; text-align: center;\"><strong>1r<\/strong><\/p>\n<p><strong>2n<\/strong><\/p>\n<p>&nbsp;<\/td>\n<td style=\"width: 25%; text-align: center;\"><strong>3rA<\/strong><\/p>\n<p><strong>3rB<\/strong><\/p>\n<p><strong>4tA<\/strong><\/p>\n<p><strong>4tB<\/strong><\/td>\n<td style=\"width: 25%; text-align: center;\"><strong>5\u00e8A<\/strong><\/p>\n<p><strong>5\u00e8B<\/strong><\/p>\n<p><strong>6\u00e8A<\/strong><\/p>\n<p><strong>6\u00e8B<\/strong><\/td>\n<\/tr>\n<\/tbody>\n<\/table>\n<p>&nbsp;<\/p>\n","protected":false},"excerpt":{"rendered":"<p>Escola p\u00fablica d&#8217;Educaci\u00f3 Infantil de 3 a 6 anys i Prim\u00e0ria de 6 a 12 anys.<br \/>\nActualment, al curs 2024-25\u00a0som els seg\u00fcents 16 grups:<\/p>\n<p>EDUCACI\u00d3 INFANTIL<br \/>\nCICLE INICIAL<br \/>\nCICLE MITJ\u00c0<br \/>\nCICLE SUPERIOR<\/p>\n<p>I3A<br \/>\nI3B<br \/>\nI4A<br \/>\nI4B<br \/>\nI5A<br \/>\nI5B<br \/>\n1r<br \/>\n2n<br \/>\n&nbsp;<br \/>\n3rA<br \/>\n3rB<br \/>\n4tA<br \/>\n4tB<br \/>\n5\u00e8A<br \/>\n5\u00e8B<br \/>\n6\u00e8A<br \/>\n6\u00e8B<\/p>\n<p>&nbsp;<\/p>\n","protected":false},"author":1,"featured_media":0,"parent":22,"menu_order":5,"comment_status":"closed","ping_status":"closed","template":"page-templates\/side-menu.php","meta":{"_bbp_topic_count":0,"_bbp_reply_count":0,"_bbp_total_topic_count":0,"_bbp_total_reply_count":0,"_bbp_voice_count":0,"_bbp_anonymous_reply_count":0,"_bbp_topic_count_hidden":0,"_bbp_reply_count_hidden":0,"_bbp_forum_subforum_count":0,"footnotes":""},"class_list":["post-34","page","type-page","status-publish","hentry"],"post_mailing_queue_ids":[],"_links":{"self":[{"href":"https:\/\/agora.xtec.cat\/ceipsantjosep\/wp-json\/wp\/v2\/pages\/34","targetHints":{"allow":["GET"]}}],"collection":[{"href":"https:\/\/agora.xtec.cat\/ceipsantjosep\/wp-json\/wp\/v2\/pages"}],"about":[{"href":"https:\/\/agora.xtec.cat\/ceipsantjosep\/wp-json\/wp\/v2\/types\/page"}],"author":[{"embeddable":true,"href":"https:\/\/agora.xtec.cat\/ceipsantjosep\/wp-json\/wp\/v2\/users\/1"}],"replies":[{"embeddable":true,"href":"https:\/\/agora.xtec.cat\/ceipsantjosep\/wp-json\/wp\/v2\/comments?post=34"}],"version-history":[{"count":6,"href":"https:\/\/agora.xtec.cat\/ceipsantjosep\/wp-json\/wp\/v2\/pages\/34\/revisions"}],"predecessor-version":[{"id":13416,"href":"https:\/\/agora.xtec.cat\/ceipsantjosep\/wp-json\/wp\/v2\/pages\/34\/revisions\/13416"}],"up":[{"embeddable":true,"href":"https:\/\/agora.xtec.cat\/ceipsantjosep\/wp-json\/wp\/v2\/pages\/22"}],"wp:attachment":[{"href":"https:\/\/agora.xtec.cat\/ceipsantjosep\/wp-json\/wp\/v2\/media?parent=34"}],"curies":[{"name":"wp","href":"https:\/\/api.w.org\/{rel}","templated":true}]}}