{"id":22,"date":"2014-09-18T12:19:57","date_gmt":"2014-09-18T11:19:57","guid":{"rendered":"http:\/\/agora.xtec.cat\/ceipsantjosep\/?page_id=22"},"modified":"2024-01-24T15:15:13","modified_gmt":"2024-01-24T14:15:13","slug":"lescola","status":"publish","type":"page","link":"https:\/\/agora.xtec.cat\/ceipsantjosep\/lescola\/","title":{"rendered":"L&#8217;escola"},"content":{"rendered":"<table style=\"width: 100%;\" border=\"0\" align=\"center\">\n<tbody>\n<tr>\n<td><img loading=\"lazy\" decoding=\"async\" class=\"aligncenter size-medium wp-image-885\" src=\"http:\/\/blocs.xtec.cat\/ceipsantjosep\/files\/2009\/11\/logo-sant-josep-color-redondo-300x294.jpg\" alt=\"logo-sant-josep-color-redondo\" width=\"180\" height=\"176\" \/><\/td>\n<td>\n<p style=\"text-align: center;\"><strong><span style=\"color: #339966;\">Travessera de Barcelona 78-82<br \/>\n<\/span><\/strong><\/p>\n<p style=\"text-align: center;\"><strong><span style=\"color: #339966;\">08620<\/span><\/strong><\/p>\n<p style=\"text-align: center;\"><strong><span style=\"color: #339966;\">Sant Vicen\u00e7 dels Horts<\/span><\/strong><\/p>\n<p style=\"text-align: center;\"><strong><span style=\"color: #339966;\">Barcelona<\/span><\/strong><\/p>\n<p style=\"text-align: center;\"><span style=\"color: #339966;\"><b>Tel\u00e8fon<\/b><\/span><strong><span style=\"color: #339966;\">:\u00a0 93 672 47 39<br \/>\n<\/span><\/strong><\/p>\n<p style=\"text-align: center;\"><a href=\"mailto:families@escolasantjosep.org\" target=\"_blank\" rel=\"noopener\"><span style=\"color: #339966;\"><b>families@escolasantjosep.org<\/b><\/span><\/a><\/p>\n<\/td>\n<\/tr>\n<\/tbody>\n<\/table>\n<p><a href=\"https:\/\/agora.xtec.cat\/ceipsantjosep\/wp-content\/uploads\/usu2187\/2024\/01\/aFoto-antiga-escola.jpg\"><img loading=\"lazy\" decoding=\"async\" class=\"wp-image-11838 size-medium alignright\" src=\"https:\/\/agora.xtec.cat\/ceipsantjosep\/wp-content\/uploads\/usu2187\/2024\/01\/aFoto-antiga-escola-300x164.jpg\" alt=\"\" width=\"300\" height=\"164\" srcset=\"https:\/\/agora.xtec.cat\/ceipsantjosep\/wp-content\/uploads\/usu2187\/2024\/01\/aFoto-antiga-escola-300x164.jpg 300w, https:\/\/agora.xtec.cat\/ceipsantjosep\/wp-content\/uploads\/usu2187\/2024\/01\/aFoto-antiga-escola-768x420.jpg 768w, https:\/\/agora.xtec.cat\/ceipsantjosep\/wp-content\/uploads\/usu2187\/2024\/01\/aFoto-antiga-escola.jpg 944w\" sizes=\"auto, (max-width: 300px) 100vw, 300px\" \/><\/a><\/p>\n<p>El centre va comen\u00e7ar a funcionar el <em><strong>curs 78-79.<\/strong><\/em> Des de llavors ha anat passant d&#8217;una doble l\u00ednia (en algun nivell triple) a un centre d&#8217;estructura d&#8217;una l\u00ednia i a partir del 2005-06 va iniciar la tornada a la segona l\u00ednia fins la seva consolidaci\u00f3.<\/p>\n<p>&nbsp;<\/p>\n<p>&nbsp;<\/p>\n<p><a href=\"https:\/\/agora.xtec.cat\/ceipsantjosep\/wp-content\/uploads\/usu2187\/2024\/01\/foto-escola-nova.jpg\"><img loading=\"lazy\" decoding=\"async\" class=\"size-full wp-image-11839 alignleft\" src=\"https:\/\/agora.xtec.cat\/ceipsantjosep\/wp-content\/uploads\/usu2187\/2024\/01\/foto-escola-nova.jpg\" alt=\"\" width=\"267\" height=\"189\" \/><\/a>Des de setembre del <em><strong>2010<\/strong><\/em> gaudim d\u2019un nou edifici ubicat dins del mateix espai que l\u2019antic, consta d\u2019un edifici principal de dues plantes amb totes les aules ordin\u00e0ries i les de les especialitats, la biblioteca, despatx de direcci\u00f3,<br \/>\nsecret\u00e0ria, consergeria i el menjador amb cuina pr\u00f2pia i un segon edifici enlla\u00e7at al primer que \u00e9s el gimn\u00e0s-auditori.<\/p>\n<p>&nbsp;<\/p>\n<p>&nbsp;<\/p>\n<p>Els <em><strong>patis<\/strong><\/em> tamb\u00e9 s\u00f3n dos, un m\u00e9s petit en la part de davant de l\u2019edifici per Infantil i altre amb molta extensi\u00f3 per prim\u00e0ria.<a href=\"https:\/\/agora.xtec.cat\/ceipsantjosep\/wp-content\/uploads\/usu2187\/2024\/01\/pati-infantil.jpg\"><img loading=\"lazy\" decoding=\"async\" class=\"aligncenter wp-image-11840 size-large\" src=\"https:\/\/agora.xtec.cat\/ceipsantjosep\/wp-content\/uploads\/usu2187\/2024\/01\/pati-infantil-1024x341.jpg\" alt=\"\" width=\"1024\" height=\"341\" srcset=\"https:\/\/agora.xtec.cat\/ceipsantjosep\/wp-content\/uploads\/usu2187\/2024\/01\/pati-infantil-1024x341.jpg 1024w, https:\/\/agora.xtec.cat\/ceipsantjosep\/wp-content\/uploads\/usu2187\/2024\/01\/pati-infantil-300x100.jpg 300w, https:\/\/agora.xtec.cat\/ceipsantjosep\/wp-content\/uploads\/usu2187\/2024\/01\/pati-infantil-768x256.jpg 768w, https:\/\/agora.xtec.cat\/ceipsantjosep\/wp-content\/uploads\/usu2187\/2024\/01\/pati-infantil.jpg 1500w\" sizes=\"auto, (max-width: 1024px) 100vw, 1024px\" \/><\/a><\/p>\n<p>Cal destacar la implantaci\u00f3 de &#8220;<em><strong>l&#8217;aula m\u00e0gica<\/strong><\/em>&#8221; SIEI amb l\u2019adaptaci\u00f3 d\u2019un espai per la seva ubicaci\u00f3.<\/p>\n<table style=\"border-collapse: collapse; width: 100%;\">\n<tbody>\n<tr>\n<td style=\"width: 33.3333%;\"><strong><a href=\"https:\/\/agora.xtec.cat\/ceipsantjosep\/wp-content\/uploads\/usu2187\/2024\/01\/gimnas-auditori-scaled.jpg\"><img loading=\"lazy\" decoding=\"async\" class=\"wp-image-11847 size-medium\" src=\"https:\/\/agora.xtec.cat\/ceipsantjosep\/wp-content\/uploads\/usu2187\/2024\/01\/gimnas-auditori-300x225.jpg\" alt=\"\" width=\"300\" height=\"225\" srcset=\"https:\/\/agora.xtec.cat\/ceipsantjosep\/wp-content\/uploads\/usu2187\/2024\/01\/gimnas-auditori-300x225.jpg 300w, https:\/\/agora.xtec.cat\/ceipsantjosep\/wp-content\/uploads\/usu2187\/2024\/01\/gimnas-auditori-1024x768.jpg 1024w, https:\/\/agora.xtec.cat\/ceipsantjosep\/wp-content\/uploads\/usu2187\/2024\/01\/gimnas-auditori-768x576.jpg 768w, https:\/\/agora.xtec.cat\/ceipsantjosep\/wp-content\/uploads\/usu2187\/2024\/01\/gimnas-auditori-1536x1152.jpg 1536w, https:\/\/agora.xtec.cat\/ceipsantjosep\/wp-content\/uploads\/usu2187\/2024\/01\/gimnas-auditori-2048x1536.jpg 2048w, https:\/\/agora.xtec.cat\/ceipsantjosep\/wp-content\/uploads\/usu2187\/2024\/01\/gimnas-auditori-200x150.jpg 200w\" sizes=\"auto, (max-width: 300px) 100vw, 300px\" \/><\/a><\/strong><\/p>\n<p style=\"text-align: center;\"><strong>Gimn\u00e0s &#8211; Auditori<\/strong><\/p>\n<\/td>\n<td style=\"width: 33.3333%;\"><strong><a href=\"https:\/\/agora.xtec.cat\/ceipsantjosep\/wp-content\/uploads\/usu2187\/2024\/01\/aula-magica-1-scaled.jpg\"><img loading=\"lazy\" decoding=\"async\" class=\"wp-image-11844 size-medium\" src=\"https:\/\/agora.xtec.cat\/ceipsantjosep\/wp-content\/uploads\/usu2187\/2024\/01\/aula-magica-1-300x225.jpg\" alt=\"\" width=\"300\" height=\"225\" srcset=\"https:\/\/agora.xtec.cat\/ceipsantjosep\/wp-content\/uploads\/usu2187\/2024\/01\/aula-magica-1-300x225.jpg 300w, https:\/\/agora.xtec.cat\/ceipsantjosep\/wp-content\/uploads\/usu2187\/2024\/01\/aula-magica-1-1024x768.jpg 1024w, https:\/\/agora.xtec.cat\/ceipsantjosep\/wp-content\/uploads\/usu2187\/2024\/01\/aula-magica-1-768x576.jpg 768w, https:\/\/agora.xtec.cat\/ceipsantjosep\/wp-content\/uploads\/usu2187\/2024\/01\/aula-magica-1-1536x1152.jpg 1536w, https:\/\/agora.xtec.cat\/ceipsantjosep\/wp-content\/uploads\/usu2187\/2024\/01\/aula-magica-1-2048x1536.jpg 2048w, https:\/\/agora.xtec.cat\/ceipsantjosep\/wp-content\/uploads\/usu2187\/2024\/01\/aula-magica-1-200x150.jpg 200w\" sizes=\"auto, (max-width: 300px) 100vw, 300px\" \/><\/a><\/strong><\/p>\n<p style=\"text-align: center;\"><strong>Aula M\u00e0gica (SIEI)<\/strong><\/p>\n<\/td>\n<td style=\"width: 33.3333%; text-align: center;\"><strong><a href=\"https:\/\/agora.xtec.cat\/ceipsantjosep\/wp-content\/uploads\/usu2187\/2024\/01\/hort.jpg\"><img loading=\"lazy\" decoding=\"async\" class=\"wp-image-11848\" src=\"https:\/\/agora.xtec.cat\/ceipsantjosep\/wp-content\/uploads\/usu2187\/2024\/01\/hort-300x200.jpg\" alt=\"\" width=\"338\" height=\"225\" srcset=\"https:\/\/agora.xtec.cat\/ceipsantjosep\/wp-content\/uploads\/usu2187\/2024\/01\/hort-300x200.jpg 300w, https:\/\/agora.xtec.cat\/ceipsantjosep\/wp-content\/uploads\/usu2187\/2024\/01\/hort-1024x683.jpg 1024w, https:\/\/agora.xtec.cat\/ceipsantjosep\/wp-content\/uploads\/usu2187\/2024\/01\/hort-768x512.jpg 768w, https:\/\/agora.xtec.cat\/ceipsantjosep\/wp-content\/uploads\/usu2187\/2024\/01\/hort-1536x1024.jpg 1536w, https:\/\/agora.xtec.cat\/ceipsantjosep\/wp-content\/uploads\/usu2187\/2024\/01\/hort.jpg 1920w\" sizes=\"auto, (max-width: 338px) 100vw, 338px\" \/><\/a><\/strong><\/p>\n<p><strong>L&#8217;hort<\/strong><\/td>\n<\/tr>\n<\/tbody>\n<\/table>\n<p>&nbsp;<\/p>\n","protected":false},"excerpt":{"rendered":"<p>Travessera de Barcelona 78-82<\/p>\n<p>08620<br \/>\nSant Vicen\u00e7 dels Horts<br \/>\nBarcelona<br \/>\nTel\u00e8fon:\u00a0 93 672 47 39<\/p>\n<p><a href=\"mailto:families@escolasantjosep.org\" target=\"_blank\" rel=\"noopener\">families@escolasantjosep.org<\/a><\/p>\n<p><a href=\"https:\/\/agora.xtec.cat\/ceipsantjosep\/wp-content\/uploads\/usu2187\/2024\/01\/aFoto-antiga-escola.jpg\"><\/a><br \/>\nEl centre va comen\u00e7ar a funcionar el curs 78-79. Des de llavors ha anat passant d&#8217;una doble l\u00ednia (en algun nivell triple) a un centre d&#8217;estructura d&#8217;una l\u00ednia i a partir&hellip;  <a href=\"https:\/\/agora.xtec.cat\/ceipsantjosep\/lescola\/\" title=\"Read L&#8217;escola\">Llegeix m\u00e9s\u00bb<\/a><\/p>\n","protected":false},"author":1,"featured_media":0,"parent":0,"menu_order":0,"comment_status":"closed","ping_status":"closed","template":"page-templates\/side-menu.php","meta":{"_bbp_topic_count":0,"_bbp_reply_count":0,"_bbp_total_topic_count":0,"_bbp_total_reply_count":0,"_bbp_voice_count":0,"_bbp_anonymous_reply_count":0,"_bbp_topic_count_hidden":0,"_bbp_reply_count_hidden":0,"_bbp_forum_subforum_count":0,"footnotes":""},"class_list":["post-22","page","type-page","status-publish","hentry"],"post_mailing_queue_ids":[],"_links":{"self":[{"href":"https:\/\/agora.xtec.cat\/ceipsantjosep\/wp-json\/wp\/v2\/pages\/22","targetHints":{"allow":["GET"]}}],"collection":[{"href":"https:\/\/agora.xtec.cat\/ceipsantjosep\/wp-json\/wp\/v2\/pages"}],"about":[{"href":"https:\/\/agora.xtec.cat\/ceipsantjosep\/wp-json\/wp\/v2\/types\/page"}],"author":[{"embeddable":true,"href":"https:\/\/agora.xtec.cat\/ceipsantjosep\/wp-json\/wp\/v2\/users\/1"}],"replies":[{"embeddable":true,"href":"https:\/\/agora.xtec.cat\/ceipsantjosep\/wp-json\/wp\/v2\/comments?post=22"}],"version-history":[{"count":6,"href":"https:\/\/agora.xtec.cat\/ceipsantjosep\/wp-json\/wp\/v2\/pages\/22\/revisions"}],"predecessor-version":[{"id":11851,"href":"https:\/\/agora.xtec.cat\/ceipsantjosep\/wp-json\/wp\/v2\/pages\/22\/revisions\/11851"}],"wp:attachment":[{"href":"https:\/\/agora.xtec.cat\/ceipsantjosep\/wp-json\/wp\/v2\/media?parent=22"}],"curies":[{"name":"wp","href":"https:\/\/api.w.org\/{rel}","templated":true}]}}