{"id":510,"date":"2020-02-14T10:36:17","date_gmt":"2020-02-14T09:36:17","guid":{"rendered":"http:\/\/agora.xtec.cat\/ceipsantjordimollet\/?page_id=510"},"modified":"2023-02-15T10:23:06","modified_gmt":"2023-02-15T09:23:06","slug":"pla-linguistic-de-lescola-sant-jordi","status":"publish","type":"page","link":"https:\/\/agora.xtec.cat\/ceipsantjordimollet\/projecte-educatiu\/pla-linguistic-de-lescola-sant-jordi\/","title":{"rendered":"Pla ling\u00fc\u00edstic de l&#8217;escola Sant Jordi"},"content":{"rendered":"<p>En aquest enlla\u00e7 podreu descarregar el projecte ling\u00fc\u00edstic de centre, que hem actualitzat aquest 2023.<\/p>\n<p><a href=\"https:\/\/agora.xtec.cat\/ceipsantjordimollet\/wp-content\/uploads\/usu1123\/2023\/02\/Projecte-Linguistic-de-Centre-.pdf\" target=\"_blank\" rel=\"noopener noreferrer\"><img loading=\"lazy\" decoding=\"async\" class=\"aligncenter wp-image-592\" src=\"https:\/\/agora.xtec.cat\/ceipsantjordimollet\/wp-content\/uploads\/usu1123\/2020\/02\/pl.jpg\" alt=\"\" width=\"480\" height=\"242\" srcset=\"https:\/\/agora.xtec.cat\/ceipsantjordimollet\/wp-content\/uploads\/usu1123\/2020\/02\/pl.jpg 793w, https:\/\/agora.xtec.cat\/ceipsantjordimollet\/wp-content\/uploads\/usu1123\/2020\/02\/pl-300x151.jpg 300w, https:\/\/agora.xtec.cat\/ceipsantjordimollet\/wp-content\/uploads\/usu1123\/2020\/02\/pl-768x387.jpg 768w\" sizes=\"auto, (max-width: 480px) 100vw, 480px\" \/><\/a><\/p>\n","protected":false},"excerpt":{"rendered":"<p>En aquest enlla\u00e7 podreu descarregar el projecte ling\u00fc\u00edstic de centre, que hem actualitzat aquest 2023.<br \/>\n<a href=\"https:\/\/agora.xtec.cat\/ceipsantjordimollet\/wp-content\/uploads\/usu1123\/2023\/02\/Projecte-Linguistic-de-Centre-.pdf\" target=\"_blank\" rel=\"noopener noreferrer\"><\/a><\/p>\n","protected":false},"author":3,"featured_media":0,"parent":64,"menu_order":20,"comment_status":"closed","ping_status":"closed","template":"page-templates\/side-menu.php","meta":{"_bbp_topic_count":0,"_bbp_reply_count":0,"_bbp_total_topic_count":0,"_bbp_total_reply_count":0,"_bbp_voice_count":0,"_bbp_anonymous_reply_count":0,"_bbp_topic_count_hidden":0,"_bbp_reply_count_hidden":0,"_bbp_forum_subforum_count":0,"footnotes":""},"class_list":["post-510","page","type-page","status-publish","hentry"],"post_mailing_queue_ids":[],"_links":{"self":[{"href":"https:\/\/agora.xtec.cat\/ceipsantjordimollet\/wp-json\/wp\/v2\/pages\/510","targetHints":{"allow":["GET"]}}],"collection":[{"href":"https:\/\/agora.xtec.cat\/ceipsantjordimollet\/wp-json\/wp\/v2\/pages"}],"about":[{"href":"https:\/\/agora.xtec.cat\/ceipsantjordimollet\/wp-json\/wp\/v2\/types\/page"}],"author":[{"embeddable":true,"href":"https:\/\/agora.xtec.cat\/ceipsantjordimollet\/wp-json\/wp\/v2\/users\/3"}],"replies":[{"embeddable":true,"href":"https:\/\/agora.xtec.cat\/ceipsantjordimollet\/wp-json\/wp\/v2\/comments?post=510"}],"version-history":[{"count":2,"href":"https:\/\/agora.xtec.cat\/ceipsantjordimollet\/wp-json\/wp\/v2\/pages\/510\/revisions"}],"predecessor-version":[{"id":3899,"href":"https:\/\/agora.xtec.cat\/ceipsantjordimollet\/wp-json\/wp\/v2\/pages\/510\/revisions\/3899"}],"up":[{"embeddable":true,"href":"https:\/\/agora.xtec.cat\/ceipsantjordimollet\/wp-json\/wp\/v2\/pages\/64"}],"wp:attachment":[{"href":"https:\/\/agora.xtec.cat\/ceipsantjordimollet\/wp-json\/wp\/v2\/media?parent=510"}],"curies":[{"name":"wp","href":"https:\/\/api.w.org\/{rel}","templated":true}]}}