{"id":4726,"date":"2025-11-06T16:55:44","date_gmt":"2025-11-06T15:55:44","guid":{"rendered":"https:\/\/agora.xtec.cat\/ceipsantjordimollet\/?page_id=4726"},"modified":"2025-11-06T17:00:11","modified_gmt":"2025-11-06T16:00:11","slug":"mates-innovamat","status":"publish","type":"page","link":"https:\/\/agora.xtec.cat\/ceipsantjordimollet\/mates-innovamat\/","title":{"rendered":"Mates: Innovamat"},"content":{"rendered":"\n<p>Aqu\u00ed teniu un enlla\u00e7 a la web d&#8217;Inovamat amb recursos per treballar les matem\u00e0tiques des de casa.<\/p>\n\n\n\n<figure class=\"wp-block-image size-full\"><a href=\"https:\/\/www.innovamat.com\/recursos-para-familias\/\" target=\"_blank\" rel=\" noreferrer noopener\"><img loading=\"lazy\" decoding=\"async\" width=\"500\" height=\"300\" src=\"https:\/\/agora.xtec.cat\/ceipsantjordimollet\/wp-content\/uploads\/usu1123\/2020\/04\/innovamat.png\" alt=\"\" class=\"wp-image-1704\" srcset=\"https:\/\/agora.xtec.cat\/ceipsantjordimollet\/wp-content\/uploads\/usu1123\/2020\/04\/innovamat.png 500w, https:\/\/agora.xtec.cat\/ceipsantjordimollet\/wp-content\/uploads\/usu1123\/2020\/04\/innovamat-300x180.png 300w\" sizes=\"auto, (max-width: 500px) 100vw, 500px\" \/><\/a><\/figure>\n\n\n\n<p><\/p>\n","protected":false},"excerpt":{"rendered":"<p>Aqu\u00ed teniu un enlla\u00e7 a la web d&#8217;Inovamat amb recursos per treballar les matem\u00e0tiques des de casa.<\/p>\n<p><a href=\"https:\/\/www.innovamat.com\/recursos-para-familias\/\" target=\"_blank\" rel=\" noreferrer noopener\"><\/a><\/p>\n","protected":false},"author":8,"featured_media":0,"parent":0,"menu_order":0,"comment_status":"closed","ping_status":"close","template":"","meta":{"_bbp_topic_count":0,"_bbp_reply_count":0,"_bbp_total_topic_count":0,"_bbp_total_reply_count":0,"_bbp_voice_count":0,"_bbp_anonymous_reply_count":0,"_bbp_topic_count_hidden":0,"_bbp_reply_count_hidden":0,"_bbp_forum_subforum_count":0,"footnotes":""},"class_list":["post-4726","page","type-page","status-publish","hentry"],"post_mailing_queue_ids":[],"_links":{"self":[{"href":"https:\/\/agora.xtec.cat\/ceipsantjordimollet\/wp-json\/wp\/v2\/pages\/4726","targetHints":{"allow":["GET"]}}],"collection":[{"href":"https:\/\/agora.xtec.cat\/ceipsantjordimollet\/wp-json\/wp\/v2\/pages"}],"about":[{"href":"https:\/\/agora.xtec.cat\/ceipsantjordimollet\/wp-json\/wp\/v2\/types\/page"}],"author":[{"embeddable":true,"href":"https:\/\/agora.xtec.cat\/ceipsantjordimollet\/wp-json\/wp\/v2\/users\/8"}],"replies":[{"embeddable":true,"href":"https:\/\/agora.xtec.cat\/ceipsantjordimollet\/wp-json\/wp\/v2\/comments?post=4726"}],"version-history":[{"count":2,"href":"https:\/\/agora.xtec.cat\/ceipsantjordimollet\/wp-json\/wp\/v2\/pages\/4726\/revisions"}],"predecessor-version":[{"id":4731,"href":"https:\/\/agora.xtec.cat\/ceipsantjordimollet\/wp-json\/wp\/v2\/pages\/4726\/revisions\/4731"}],"wp:attachment":[{"href":"https:\/\/agora.xtec.cat\/ceipsantjordimollet\/wp-json\/wp\/v2\/media?parent=4726"}],"curies":[{"name":"wp","href":"https:\/\/api.w.org\/{rel}","templated":true}]}}