{"id":73,"date":"2014-09-18T14:01:51","date_gmt":"2014-09-18T13:01:51","guid":{"rendered":"http:\/\/agora.xtec.cat\/ceipsantjordi\/?page_id=73"},"modified":"2021-09-21T13:28:33","modified_gmt":"2021-09-21T11:28:33","slug":"menjador-escolar","status":"publish","type":"page","link":"https:\/\/agora.xtec.cat\/ceipsantjordi\/serveis\/menjador-escolar\/","title":{"rendered":"Menjador escolar"},"content":{"rendered":"<p>L&#8217;escola t\u00e9 un servei de menjador escolar portat per l&#8217;empresa SERUNION.<\/p>\n<p>La coordinadora de menjador \u00e9s la Marta Serrallonga, el seu tel\u00e8fon \u00e9s:<strong> 682571770.<\/strong><\/p>\n<div>Mail:\u00a0<a href=\"mailto:escolasantjordi@serunion.elior.com\" target=\"_blank\" rel=\"noopener\">escolasantjordi@serunion.<wbr \/>elior.com<\/a><\/div>\n<div><\/div>\n<div><\/div>\n<div><\/div>\n<div><\/div>\n<div><\/div>\n<div><\/div>\n<p style=\"text-align: center;\"><a href=\"https:\/\/drive.google.com\/file\/d\/1eRyXW5XO_x7B8cHR94XDtZsN34DW2Qgg\/view?usp=sharing\"><strong>INSTRUCCIONS PER <\/strong><strong>DESCARREGAR <\/strong><strong>L&#8217;APP (feu clic)<\/strong><\/a><\/p>\n<p>Per m\u00e9s informaci\u00f3 cliqueu a l&#8217;enlla\u00e7 seg\u00fcent.<\/p>\n<p><a href=\"https:\/\/www.serunion.es\/ca\">MENJADOR ESCOLAR<\/a><\/p>\n","protected":false},"excerpt":{"rendered":"<p>L&#8217;escola t\u00e9 un servei de menjador escolar portat per l&#8217;empresa SERUNION.<br \/>\nLa coordinadora de menjador \u00e9s la Marta Serrallonga, el seu tel\u00e8fon \u00e9s: 682571770.<br \/>\nMail:\u00a0<a href=\"mailto:escolasantjordi@serunion.elior.com\" target=\"_blank\" rel=\"noopener\">escolasantjordi@serunion.elior.com<\/a><\/p>\n<p><a href=\"https:\/\/drive.google.com\/file\/d\/1eRyXW5XO_x7B8cHR94XDtZsN34DW2Qgg\/view?usp=sharing\">INSTRUCCIONS PER DESCARREGAR L&#8217;APP (feu clic)<\/a><br \/>\nPer m\u00e9s informaci\u00f3 cliqueu a l&#8217;enlla\u00e7 seg\u00fcent.<br \/>\n<a href=\"https:\/\/www.serunion.es\/ca\">MENJADOR ESCOLAR<\/a><\/p>\n","protected":false},"author":1,"featured_media":0,"parent":66,"menu_order":30,"comment_status":"closed","ping_status":"closed","template":"page-templates\/side-menu.php","meta":{"_bbp_topic_count":0,"_bbp_reply_count":0,"_bbp_total_topic_count":0,"_bbp_total_reply_count":0,"_bbp_voice_count":0,"_bbp_anonymous_reply_count":0,"_bbp_topic_count_hidden":0,"_bbp_reply_count_hidden":0,"_bbp_forum_subforum_count":0,"footnotes":""},"class_list":["post-73","page","type-page","status-publish","hentry"],"post_mailing_queue_ids":[],"_links":{"self":[{"href":"https:\/\/agora.xtec.cat\/ceipsantjordi\/wp-json\/wp\/v2\/pages\/73","targetHints":{"allow":["GET"]}}],"collection":[{"href":"https:\/\/agora.xtec.cat\/ceipsantjordi\/wp-json\/wp\/v2\/pages"}],"about":[{"href":"https:\/\/agora.xtec.cat\/ceipsantjordi\/wp-json\/wp\/v2\/types\/page"}],"author":[{"embeddable":true,"href":"https:\/\/agora.xtec.cat\/ceipsantjordi\/wp-json\/wp\/v2\/users\/1"}],"replies":[{"embeddable":true,"href":"https:\/\/agora.xtec.cat\/ceipsantjordi\/wp-json\/wp\/v2\/comments?post=73"}],"version-history":[{"count":4,"href":"https:\/\/agora.xtec.cat\/ceipsantjordi\/wp-json\/wp\/v2\/pages\/73\/revisions"}],"predecessor-version":[{"id":3458,"href":"https:\/\/agora.xtec.cat\/ceipsantjordi\/wp-json\/wp\/v2\/pages\/73\/revisions\/3458"}],"up":[{"embeddable":true,"href":"https:\/\/agora.xtec.cat\/ceipsantjordi\/wp-json\/wp\/v2\/pages\/66"}],"wp:attachment":[{"href":"https:\/\/agora.xtec.cat\/ceipsantjordi\/wp-json\/wp\/v2\/media?parent=73"}],"curies":[{"name":"wp","href":"https:\/\/api.w.org\/{rel}","templated":true}]}}