{"id":8412,"date":"2018-12-16T15:14:39","date_gmt":"2018-12-16T14:14:39","guid":{"rendered":"http:\/\/agora.xtec.cat\/ceipsantjordi-massanet\/?page_id=8412"},"modified":"2019-02-01T20:26:38","modified_gmt":"2019-02-01T19:26:38","slug":"fem-ciencia","status":"publish","type":"page","link":"https:\/\/agora.xtec.cat\/ceipsantjordi-massanet\/projecte-educatiu\/fem-ciencia\/","title":{"rendered":"FEM CI\u00c8NCIA?"},"content":{"rendered":"<p><a href=\"https:\/\/sites.google.com\/santjordim.cat\/wikidecincia\/inici\"><img loading=\"lazy\" decoding=\"async\" class=\" wp-image-8415 alignleft\" src=\"https:\/\/agora.xtec.cat\/ceipsantjordi-massanet\/wp-content\/uploads\/usu391\/2018\/12\/logociencia.png\" alt=\"\" width=\"128\" height=\"118\" srcset=\"https:\/\/agora.xtec.cat\/ceipsantjordi-massanet\/wp-content\/uploads\/usu391\/2018\/12\/logociencia.png 336w, https:\/\/agora.xtec.cat\/ceipsantjordi-massanet\/wp-content\/uploads\/usu391\/2018\/12\/logociencia-300x277.png 300w\" sizes=\"auto, (max-width: 128px) 100vw, 128px\" \/><\/a>Clica el logotip i accedeix al wiki de ci\u00e8ncia!<br \/>\nEncara no \u00e9s un projecte encetat, per\u00f2 per tal de preparar una possible participaci\u00f3 de l&#8217;escola en el projecte STEAMcat, estem recollint tota la informaci\u00f3 de les activitats cient\u00edfiques realitzades a l&#8217;escola. Per tal de fer-les m\u00e9s visibles hem constru\u00eft un wiki de treball col\u00b7laboratiu on hi posarem les activitats dels diversos grups.<\/p>\n<p>&nbsp;<\/p>\n","protected":false},"excerpt":{"rendered":"<p><a href=\"https:\/\/sites.google.com\/santjordim.cat\/wikidecincia\/inici\"><\/a>Clica el logotip i accedeix al wiki de ci\u00e8ncia!<br \/>\nEncara no \u00e9s un projecte encetat, per\u00f2 per tal de preparar una possible participaci\u00f3 de l&#8217;escola en el projecte STEAMcat, estem recollint tota la informaci\u00f3 de les activitats cient\u00edfiques realitzades a l&#8217;escola. Per tal de fer-les&hellip;  <a href=\"https:\/\/agora.xtec.cat\/ceipsantjordi-massanet\/projecte-educatiu\/fem-ciencia\/\" title=\"Read FEM CI\u00c8NCIA?\">Llegeix m\u00e9s\u00bb<\/a><\/p>\n","protected":false},"author":4,"featured_media":0,"parent":64,"menu_order":5,"comment_status":"closed","ping_status":"closed","template":"","meta":{"_bbp_topic_count":0,"_bbp_reply_count":0,"_bbp_total_topic_count":0,"_bbp_total_reply_count":0,"_bbp_voice_count":0,"_bbp_anonymous_reply_count":0,"_bbp_topic_count_hidden":0,"_bbp_reply_count_hidden":0,"_bbp_forum_subforum_count":0,"footnotes":""},"class_list":["post-8412","page","type-page","status-publish","hentry"],"post_mailing_queue_ids":[],"_links":{"self":[{"href":"https:\/\/agora.xtec.cat\/ceipsantjordi-massanet\/wp-json\/wp\/v2\/pages\/8412","targetHints":{"allow":["GET"]}}],"collection":[{"href":"https:\/\/agora.xtec.cat\/ceipsantjordi-massanet\/wp-json\/wp\/v2\/pages"}],"about":[{"href":"https:\/\/agora.xtec.cat\/ceipsantjordi-massanet\/wp-json\/wp\/v2\/types\/page"}],"author":[{"embeddable":true,"href":"https:\/\/agora.xtec.cat\/ceipsantjordi-massanet\/wp-json\/wp\/v2\/users\/4"}],"replies":[{"embeddable":true,"href":"https:\/\/agora.xtec.cat\/ceipsantjordi-massanet\/wp-json\/wp\/v2\/comments?post=8412"}],"version-history":[{"count":3,"href":"https:\/\/agora.xtec.cat\/ceipsantjordi-massanet\/wp-json\/wp\/v2\/pages\/8412\/revisions"}],"predecessor-version":[{"id":10104,"href":"https:\/\/agora.xtec.cat\/ceipsantjordi-massanet\/wp-json\/wp\/v2\/pages\/8412\/revisions\/10104"}],"up":[{"embeddable":true,"href":"https:\/\/agora.xtec.cat\/ceipsantjordi-massanet\/wp-json\/wp\/v2\/pages\/64"}],"wp:attachment":[{"href":"https:\/\/agora.xtec.cat\/ceipsantjordi-massanet\/wp-json\/wp\/v2\/media?parent=8412"}],"curies":[{"name":"wp","href":"https:\/\/api.w.org\/{rel}","templated":true}]}}