{"id":3156,"date":"2016-05-24T12:39:28","date_gmt":"2016-05-24T10:39:28","guid":{"rendered":"http:\/\/agora.xtec.cat\/ceipsantjordi-massanet\/?page_id=3156"},"modified":"2016-05-26T15:06:45","modified_gmt":"2016-05-26T13:06:45","slug":"lesplai","status":"publish","type":"page","link":"https:\/\/agora.xtec.cat\/ceipsantjordi-massanet\/projecte-interdisciplinari-2016\/inicial\/lesplai\/","title":{"rendered":"L&#8217;ESPLAI"},"content":{"rendered":"<p><strong>Dijous 26 de maig de 2016<\/strong><\/p>\n<p>Aquest mat\u00ed hem visitat l&#8217;espai de Ma\u00e7anet. La Laura, una de les monitores, ens ha ensenyat la sala que tenen a Can Fall\u00f3 pels dies que plou i no poden fer activitats a l&#8217;aire lliure.<\/p>\n<p>Ens ha preparat un joc d&#8217;esplai on hem pogut participar tots i ens ho hem passat genial!<\/p>\n<p>&nbsp;<\/p>\n<div><iframe loading=\"lazy\" width=\"560\" height=\"420\" src=\"http:\/\/www.kizoa.com\/embed-46526534-7740452o1l1\" frameborder=\"0\" allowfullscreen><\/iframe><br \/><a href=\"http:\/\/www.kizoa.es\/Editar-Videos-Movie-Maker\/d46526534k7740452o2l1\/esplai\"><b>ESPLAI<\/b><\/a> &#8211; <i><a href=\"http:\/\/www.kizoa.es\">Kizoa Editar Videos &#8211; Movie Maker<\/a><\/i><\/div>\n","protected":false},"excerpt":{"rendered":"<p>Dijous 26 de maig de 2016<br \/>\nAquest mat\u00ed hem visitat l&#8217;espai de Ma\u00e7anet. La Laura, una de les monitores, ens ha ensenyat la sala que tenen a Can Fall\u00f3 pels dies que plou i no poden fer activitats a l&#8217;aire lliure.<br \/>\nEns ha preparat un joc d&#8217;esplai&hellip;  <a href=\"https:\/\/agora.xtec.cat\/ceipsantjordi-massanet\/projecte-interdisciplinari-2016\/inicial\/lesplai\/\" title=\"Read L&#8217;ESPLAI\">Llegeix m\u00e9s\u00bb<\/a><\/p>\n","protected":false},"author":4,"featured_media":0,"parent":2792,"menu_order":2,"comment_status":"closed","ping_status":"closed","template":"page-templates\/side-menu.php","meta":{"_bbp_topic_count":0,"_bbp_reply_count":0,"_bbp_total_topic_count":0,"_bbp_total_reply_count":0,"_bbp_voice_count":0,"_bbp_anonymous_reply_count":0,"_bbp_topic_count_hidden":0,"_bbp_reply_count_hidden":0,"_bbp_forum_subforum_count":0,"footnotes":""},"class_list":["post-3156","page","type-page","status-publish","hentry"],"post_mailing_queue_ids":[],"_links":{"self":[{"href":"https:\/\/agora.xtec.cat\/ceipsantjordi-massanet\/wp-json\/wp\/v2\/pages\/3156","targetHints":{"allow":["GET"]}}],"collection":[{"href":"https:\/\/agora.xtec.cat\/ceipsantjordi-massanet\/wp-json\/wp\/v2\/pages"}],"about":[{"href":"https:\/\/agora.xtec.cat\/ceipsantjordi-massanet\/wp-json\/wp\/v2\/types\/page"}],"author":[{"embeddable":true,"href":"https:\/\/agora.xtec.cat\/ceipsantjordi-massanet\/wp-json\/wp\/v2\/users\/4"}],"replies":[{"embeddable":true,"href":"https:\/\/agora.xtec.cat\/ceipsantjordi-massanet\/wp-json\/wp\/v2\/comments?post=3156"}],"version-history":[{"count":3,"href":"https:\/\/agora.xtec.cat\/ceipsantjordi-massanet\/wp-json\/wp\/v2\/pages\/3156\/revisions"}],"predecessor-version":[{"id":3253,"href":"https:\/\/agora.xtec.cat\/ceipsantjordi-massanet\/wp-json\/wp\/v2\/pages\/3156\/revisions\/3253"}],"up":[{"embeddable":true,"href":"https:\/\/agora.xtec.cat\/ceipsantjordi-massanet\/wp-json\/wp\/v2\/pages\/2792"}],"wp:attachment":[{"href":"https:\/\/agora.xtec.cat\/ceipsantjordi-massanet\/wp-json\/wp\/v2\/media?parent=3156"}],"curies":[{"name":"wp","href":"https:\/\/api.w.org\/{rel}","templated":true}]}}