{"id":30,"date":"2014-09-18T12:30:23","date_gmt":"2014-09-18T12:30:23","guid":{"rendered":"http:\/\/agora.xtec.cat\/ceipsantjordi-massanet\/?page_id=30"},"modified":"2025-03-08T14:54:10","modified_gmt":"2025-03-08T13:54:10","slug":"instal%c2%b7lacions","status":"publish","type":"page","link":"https:\/\/agora.xtec.cat\/ceipsantjordi-massanet\/lescola\/instal%c2%b7lacions\/","title":{"rendered":"Instal\u00b7lacions"},"content":{"rendered":"<p>L&#8217;escola disposa d&#8217;aules de classe, la majoria amb pissarra digital, aula de m\u00fasica, aula d&#8217;art, aula de psicomotricitat, aules de refor\u00e7, aula d&#8217;inform\u00e0tica, aula de rob\u00f2tica, biblioteca, menjador escolar&#8230; Disposem d&#8217;un pati gran i un pati petit per a P5 i primer. Tamb\u00e9 tenim un pati per a P3. Tenim hort escolar i caldera de biomassa.<\/p>\n<p><a href=\"https:\/\/agora.xtec.cat\/ceipsantjordi-massanet\/wp-content\/uploads\/usu391\/2019\/01\/IMG_5592-2.jpg\"><img loading=\"lazy\" decoding=\"async\" class=\"size-large wp-image-9868 aligncenter\" src=\"https:\/\/agora.xtec.cat\/ceipsantjordi-massanet\/wp-content\/uploads\/usu391\/2019\/01\/IMG_5592-2-1024x298.jpg\" alt=\"\" width=\"1024\" height=\"298\" srcset=\"https:\/\/agora.xtec.cat\/ceipsantjordi-massanet\/wp-content\/uploads\/usu391\/2019\/01\/IMG_5592-2-1024x298.jpg 1024w, https:\/\/agora.xtec.cat\/ceipsantjordi-massanet\/wp-content\/uploads\/usu391\/2019\/01\/IMG_5592-2-300x87.jpg 300w, https:\/\/agora.xtec.cat\/ceipsantjordi-massanet\/wp-content\/uploads\/usu391\/2019\/01\/IMG_5592-2-768x224.jpg 768w, https:\/\/agora.xtec.cat\/ceipsantjordi-massanet\/wp-content\/uploads\/usu391\/2019\/01\/IMG_5592-2.jpg 1280w\" sizes=\"auto, (max-width: 1024px) 100vw, 1024px\" \/><\/a><\/p>\n<p><a href=\"https:\/\/agora.xtec.cat\/ceipsantjordi-massanet\/wp-content\/uploads\/usu391\/2019\/02\/IMG_5810.jpg\"><img loading=\"lazy\" decoding=\"async\" class=\"size-large wp-image-10247 aligncenter\" src=\"https:\/\/agora.xtec.cat\/ceipsantjordi-massanet\/wp-content\/uploads\/usu391\/2019\/02\/IMG_5810-1024x229.jpg\" alt=\"\" width=\"1024\" height=\"229\" srcset=\"https:\/\/agora.xtec.cat\/ceipsantjordi-massanet\/wp-content\/uploads\/usu391\/2019\/02\/IMG_5810-1024x229.jpg 1024w, https:\/\/agora.xtec.cat\/ceipsantjordi-massanet\/wp-content\/uploads\/usu391\/2019\/02\/IMG_5810-300x67.jpg 300w, https:\/\/agora.xtec.cat\/ceipsantjordi-massanet\/wp-content\/uploads\/usu391\/2019\/02\/IMG_5810-768x172.jpg 768w\" sizes=\"auto, (max-width: 1024px) 100vw, 1024px\" \/><\/a><\/p>\n<table style=\"border-collapse: collapse; width: 100%;\" border=\"1\">\n<tbody>\n<tr>\n<td style=\"width: 33.3333%;\"><a href=\"https:\/\/agora.xtec.cat\/ceipsantjordi-massanet\/wp-content\/uploads\/usu391\/2019\/01\/Captura-de-Pantalla-2019-01-13-a-les-18.00.09.png\"><img loading=\"lazy\" decoding=\"async\" class=\"wp-image-9855 aligncenter\" src=\"https:\/\/agora.xtec.cat\/ceipsantjordi-massanet\/wp-content\/uploads\/usu391\/2019\/01\/Captura-de-Pantalla-2019-01-13-a-les-18.00.09-1024x471.png\" alt=\"\" width=\"396\" height=\"182\" srcset=\"https:\/\/agora.xtec.cat\/ceipsantjordi-massanet\/wp-content\/uploads\/usu391\/2019\/01\/Captura-de-Pantalla-2019-01-13-a-les-18.00.09-1024x471.png 1024w, https:\/\/agora.xtec.cat\/ceipsantjordi-massanet\/wp-content\/uploads\/usu391\/2019\/01\/Captura-de-Pantalla-2019-01-13-a-les-18.00.09-300x138.png 300w, https:\/\/agora.xtec.cat\/ceipsantjordi-massanet\/wp-content\/uploads\/usu391\/2019\/01\/Captura-de-Pantalla-2019-01-13-a-les-18.00.09-768x353.png 768w, https:\/\/agora.xtec.cat\/ceipsantjordi-massanet\/wp-content\/uploads\/usu391\/2019\/01\/Captura-de-Pantalla-2019-01-13-a-les-18.00.09.png 1226w\" sizes=\"auto, (max-width: 396px) 100vw, 396px\" \/><\/a><\/td>\n<td style=\"width: 33.3333%;\"><a href=\"https:\/\/agora.xtec.cat\/ceipsantjordi-massanet\/wp-content\/uploads\/usu391\/2019\/01\/Captura-de-Pantalla-2019-01-13-a-les-17.53.44.png\"><img loading=\"lazy\" decoding=\"async\" class=\"alignnone wp-image-9851\" src=\"https:\/\/agora.xtec.cat\/ceipsantjordi-massanet\/wp-content\/uploads\/usu391\/2019\/01\/Captura-de-Pantalla-2019-01-13-a-les-17.53.44-1024x448.png\" alt=\"\" width=\"450\" height=\"197\" srcset=\"https:\/\/agora.xtec.cat\/ceipsantjordi-massanet\/wp-content\/uploads\/usu391\/2019\/01\/Captura-de-Pantalla-2019-01-13-a-les-17.53.44-1024x448.png 1024w, https:\/\/agora.xtec.cat\/ceipsantjordi-massanet\/wp-content\/uploads\/usu391\/2019\/01\/Captura-de-Pantalla-2019-01-13-a-les-17.53.44-300x131.png 300w, https:\/\/agora.xtec.cat\/ceipsantjordi-massanet\/wp-content\/uploads\/usu391\/2019\/01\/Captura-de-Pantalla-2019-01-13-a-les-17.53.44-768x336.png 768w, https:\/\/agora.xtec.cat\/ceipsantjordi-massanet\/wp-content\/uploads\/usu391\/2019\/01\/Captura-de-Pantalla-2019-01-13-a-les-17.53.44.png 1418w\" sizes=\"auto, (max-width: 450px) 100vw, 450px\" \/><\/a><\/td>\n<td style=\"width: 33.3333%;\"><a href=\"https:\/\/agora.xtec.cat\/ceipsantjordi-massanet\/wp-content\/uploads\/usu391\/2019\/01\/Captura-de-Pantalla-2019-01-13-a-les-18.02.22.png\"><img loading=\"lazy\" decoding=\"async\" class=\"alignnone wp-image-9856\" src=\"https:\/\/agora.xtec.cat\/ceipsantjordi-massanet\/wp-content\/uploads\/usu391\/2019\/01\/Captura-de-Pantalla-2019-01-13-a-les-18.02.22-1024x448.png\" alt=\"\" width=\"459\" height=\"201\" srcset=\"https:\/\/agora.xtec.cat\/ceipsantjordi-massanet\/wp-content\/uploads\/usu391\/2019\/01\/Captura-de-Pantalla-2019-01-13-a-les-18.02.22-1024x448.png 1024w, https:\/\/agora.xtec.cat\/ceipsantjordi-massanet\/wp-content\/uploads\/usu391\/2019\/01\/Captura-de-Pantalla-2019-01-13-a-les-18.02.22-300x131.png 300w, https:\/\/agora.xtec.cat\/ceipsantjordi-massanet\/wp-content\/uploads\/usu391\/2019\/01\/Captura-de-Pantalla-2019-01-13-a-les-18.02.22-768x336.png 768w, https:\/\/agora.xtec.cat\/ceipsantjordi-massanet\/wp-content\/uploads\/usu391\/2019\/01\/Captura-de-Pantalla-2019-01-13-a-les-18.02.22.png 1370w\" sizes=\"auto, (max-width: 459px) 100vw, 459px\" \/><\/a><\/td>\n<\/tr>\n<\/tbody>\n<\/table>\n<table style=\"border-collapse: collapse; width: 100%;\" border=\"0\">\n<tbody>\n<tr>\n<td style=\"width: 33.3333%;\"><img loading=\"lazy\" decoding=\"async\" class=\"aligncenter\" src=\"https:\/\/agora.xtec.cat\/ceipsantjordi-massanet\/wp-content\/uploads\/usu391\/2016\/02\/IMG_2486.jpg\" width=\"299\" height=\"223\" \/><\/td>\n<td style=\"width: 33.3333%;\"><a href=\"https:\/\/agora.xtec.cat\/ceipsantjordi-massanet\/wp-content\/uploads\/usu391\/2018\/05\/Captura-de-Pantalla-2019-01-13-a-les-15.09.44.png\"><img loading=\"lazy\" decoding=\"async\" class=\"wp-image-9799 aligncenter\" src=\"https:\/\/agora.xtec.cat\/ceipsantjordi-massanet\/wp-content\/uploads\/usu391\/2018\/05\/Captura-de-Pantalla-2019-01-13-a-les-15.09.44-1024x548.png\" alt=\"\" width=\"320\" height=\"171\" srcset=\"https:\/\/agora.xtec.cat\/ceipsantjordi-massanet\/wp-content\/uploads\/usu391\/2018\/05\/Captura-de-Pantalla-2019-01-13-a-les-15.09.44-1024x548.png 1024w, https:\/\/agora.xtec.cat\/ceipsantjordi-massanet\/wp-content\/uploads\/usu391\/2018\/05\/Captura-de-Pantalla-2019-01-13-a-les-15.09.44-300x161.png 300w, https:\/\/agora.xtec.cat\/ceipsantjordi-massanet\/wp-content\/uploads\/usu391\/2018\/05\/Captura-de-Pantalla-2019-01-13-a-les-15.09.44-768x411.png 768w, https:\/\/agora.xtec.cat\/ceipsantjordi-massanet\/wp-content\/uploads\/usu391\/2018\/05\/Captura-de-Pantalla-2019-01-13-a-les-15.09.44.png 1211w\" sizes=\"auto, (max-width: 320px) 100vw, 320px\" \/><\/a><\/td>\n<td style=\"width: 33.3333%;\">\u00a0<a href=\"https:\/\/agora.xtec.cat\/ceipsantjordi-massanet\/wp-content\/uploads\/usu391\/2019\/01\/Captura-de-Pantalla-2019-01-13-a-les-17.53.44.png\"><img loading=\"lazy\" decoding=\"async\" class=\"aligncenter\" src=\"https:\/\/agora.xtec.cat\/ceipsantjordi-massanet\/wp-content\/uploads\/usu391\/2018\/11\/IMG-4295-768x576.jpg\" width=\"253\" height=\"190\" \/><\/a><\/td>\n<\/tr>\n<\/tbody>\n<\/table>\n<table style=\"border-collapse: collapse; width: 100%;\" border=\"0\">\n<tbody>\n<tr>\n<td style=\"width: 33.3333%;\"><img loading=\"lazy\" decoding=\"async\" class=\"size-large aligncenter\" src=\"https:\/\/agora.xtec.cat\/ceipsantjordi-massanet\/wp-content\/uploads\/usu391\/2018\/05\/IMG_20180514_110843.jpg\" width=\"320\" height=\"179\" \/><\/td>\n<td style=\"width: 33.3333%;\"><img loading=\"lazy\" decoding=\"async\" class=\"size-full wp-image-9976 aligncenter\" src=\"https:\/\/agora.xtec.cat\/ceipsantjordi-massanet\/wp-content\/uploads\/usu391\/2019\/01\/hortd.jpg\" alt=\"\" width=\"472\" height=\"354\" srcset=\"https:\/\/agora.xtec.cat\/ceipsantjordi-massanet\/wp-content\/uploads\/usu391\/2019\/01\/hortd.jpg 472w, https:\/\/agora.xtec.cat\/ceipsantjordi-massanet\/wp-content\/uploads\/usu391\/2019\/01\/hortd-300x225.jpg 300w, https:\/\/agora.xtec.cat\/ceipsantjordi-massanet\/wp-content\/uploads\/usu391\/2019\/01\/hortd-200x150.jpg 200w\" sizes=\"auto, (max-width: 472px) 100vw, 472px\" \/><\/td>\n<td style=\"width: 33.3333%;\"><a href=\"https:\/\/agora.xtec.cat\/ceipsantjordi-massanet\/wp-content\/uploads\/usu391\/2019\/01\/maxresdefault.jpg\"><img loading=\"lazy\" decoding=\"async\" class=\"size-large wp-image-9977 aligncenter\" src=\"https:\/\/agora.xtec.cat\/ceipsantjordi-massanet\/wp-content\/uploads\/usu391\/2019\/01\/maxresdefault-1024x576.jpg\" alt=\"\" width=\"1024\" height=\"576\" srcset=\"https:\/\/agora.xtec.cat\/ceipsantjordi-massanet\/wp-content\/uploads\/usu391\/2019\/01\/maxresdefault.jpg 1024w, https:\/\/agora.xtec.cat\/ceipsantjordi-massanet\/wp-content\/uploads\/usu391\/2019\/01\/maxresdefault-300x169.jpg 300w, https:\/\/agora.xtec.cat\/ceipsantjordi-massanet\/wp-content\/uploads\/usu391\/2019\/01\/maxresdefault-768x432.jpg 768w\" sizes=\"auto, (max-width: 1024px) 100vw, 1024px\" \/><\/a><\/td>\n<\/tr>\n<tr>\n<td style=\"width: 33.3333%;\"><a href=\"https:\/\/agora.xtec.cat\/ceipsantjordi-massanet\/wp-content\/uploads\/usu391\/2019\/03\/Captura-de-Pantalla-2019-03-20-a-les-21.17.48.png\"><img loading=\"lazy\" decoding=\"async\" class=\"alignnone size-large wp-image-10539\" src=\"https:\/\/agora.xtec.cat\/ceipsantjordi-massanet\/wp-content\/uploads\/usu391\/2019\/03\/Captura-de-Pantalla-2019-03-20-a-les-21.17.48-1024x473.png\" alt=\"\" width=\"1024\" height=\"473\" srcset=\"https:\/\/agora.xtec.cat\/ceipsantjordi-massanet\/wp-content\/uploads\/usu391\/2019\/03\/Captura-de-Pantalla-2019-03-20-a-les-21.17.48-1024x473.png 1024w, https:\/\/agora.xtec.cat\/ceipsantjordi-massanet\/wp-content\/uploads\/usu391\/2019\/03\/Captura-de-Pantalla-2019-03-20-a-les-21.17.48-300x139.png 300w, https:\/\/agora.xtec.cat\/ceipsantjordi-massanet\/wp-content\/uploads\/usu391\/2019\/03\/Captura-de-Pantalla-2019-03-20-a-les-21.17.48-768x355.png 768w, https:\/\/agora.xtec.cat\/ceipsantjordi-massanet\/wp-content\/uploads\/usu391\/2019\/03\/Captura-de-Pantalla-2019-03-20-a-les-21.17.48.png 1223w\" sizes=\"auto, (max-width: 1024px) 100vw, 1024px\" \/><\/a><\/td>\n<td style=\"width: 33.3333%;\"><a href=\"https:\/\/agora.xtec.cat\/ceipsantjordi-massanet\/wp-content\/uploads\/usu391\/2019\/03\/Captura-de-Pantalla-2019-03-20-a-les-21.18.29.png\"><img loading=\"lazy\" decoding=\"async\" class=\"alignnone size-large wp-image-10540\" src=\"https:\/\/agora.xtec.cat\/ceipsantjordi-massanet\/wp-content\/uploads\/usu391\/2019\/03\/Captura-de-Pantalla-2019-03-20-a-les-21.18.29-1024x436.png\" alt=\"\" width=\"1024\" height=\"436\" srcset=\"https:\/\/agora.xtec.cat\/ceipsantjordi-massanet\/wp-content\/uploads\/usu391\/2019\/03\/Captura-de-Pantalla-2019-03-20-a-les-21.18.29-1024x436.png 1024w, https:\/\/agora.xtec.cat\/ceipsantjordi-massanet\/wp-content\/uploads\/usu391\/2019\/03\/Captura-de-Pantalla-2019-03-20-a-les-21.18.29-300x128.png 300w, https:\/\/agora.xtec.cat\/ceipsantjordi-massanet\/wp-content\/uploads\/usu391\/2019\/03\/Captura-de-Pantalla-2019-03-20-a-les-21.18.29-768x327.png 768w, https:\/\/agora.xtec.cat\/ceipsantjordi-massanet\/wp-content\/uploads\/usu391\/2019\/03\/Captura-de-Pantalla-2019-03-20-a-les-21.18.29.png 1222w\" sizes=\"auto, (max-width: 1024px) 100vw, 1024px\" \/><\/a><\/td>\n<td style=\"width: 33.3333%;\"><a href=\"https:\/\/agora.xtec.cat\/ceipsantjordi-massanet\/wp-content\/uploads\/usu391\/2019\/03\/Captura-de-Pantalla-2019-03-20-a-les-21.22.07.png\"><img loading=\"lazy\" decoding=\"async\" class=\"alignnone size-large wp-image-10543\" src=\"https:\/\/agora.xtec.cat\/ceipsantjordi-massanet\/wp-content\/uploads\/usu391\/2019\/03\/Captura-de-Pantalla-2019-03-20-a-les-21.22.07-1024x461.png\" alt=\"\" width=\"1024\" height=\"461\" srcset=\"https:\/\/agora.xtec.cat\/ceipsantjordi-massanet\/wp-content\/uploads\/usu391\/2019\/03\/Captura-de-Pantalla-2019-03-20-a-les-21.22.07-1024x461.png 1024w, https:\/\/agora.xtec.cat\/ceipsantjordi-massanet\/wp-content\/uploads\/usu391\/2019\/03\/Captura-de-Pantalla-2019-03-20-a-les-21.22.07-300x135.png 300w, https:\/\/agora.xtec.cat\/ceipsantjordi-massanet\/wp-content\/uploads\/usu391\/2019\/03\/Captura-de-Pantalla-2019-03-20-a-les-21.22.07-768x345.png 768w, https:\/\/agora.xtec.cat\/ceipsantjordi-massanet\/wp-content\/uploads\/usu391\/2019\/03\/Captura-de-Pantalla-2019-03-20-a-les-21.22.07.png 1094w\" sizes=\"auto, (max-width: 1024px) 100vw, 1024px\" \/><\/a><\/td>\n<\/tr>\n<tr>\n<td style=\"width: 33.3333%;\"><a href=\"https:\/\/agora.xtec.cat\/ceipsantjordi-massanet\/wp-content\/uploads\/usu391\/2019\/03\/Captura-de-Pantalla-2019-03-20-a-les-21.19.45.png\"><img loading=\"lazy\" decoding=\"async\" class=\"alignnone size-large wp-image-10542\" src=\"https:\/\/agora.xtec.cat\/ceipsantjordi-massanet\/wp-content\/uploads\/usu391\/2019\/03\/Captura-de-Pantalla-2019-03-20-a-les-21.19.45.png\" alt=\"\" width=\"972\" height=\"463\" srcset=\"https:\/\/agora.xtec.cat\/ceipsantjordi-massanet\/wp-content\/uploads\/usu391\/2019\/03\/Captura-de-Pantalla-2019-03-20-a-les-21.19.45.png 972w, https:\/\/agora.xtec.cat\/ceipsantjordi-massanet\/wp-content\/uploads\/usu391\/2019\/03\/Captura-de-Pantalla-2019-03-20-a-les-21.19.45-300x143.png 300w, https:\/\/agora.xtec.cat\/ceipsantjordi-massanet\/wp-content\/uploads\/usu391\/2019\/03\/Captura-de-Pantalla-2019-03-20-a-les-21.19.45-768x366.png 768w\" sizes=\"auto, (max-width: 972px) 100vw, 972px\" \/><\/a><\/td>\n<td style=\"width: 33.3333%;\"><a href=\"https:\/\/agora.xtec.cat\/ceipsantjordi-massanet\/wp-content\/uploads\/usu391\/2019\/03\/Captura-de-Pantalla-2019-03-20-a-les-21.19.26-1.png\"><img loading=\"lazy\" decoding=\"async\" class=\"alignnone size-full wp-image-10544\" src=\"https:\/\/agora.xtec.cat\/ceipsantjordi-massanet\/wp-content\/uploads\/usu391\/2019\/03\/Captura-de-Pantalla-2019-03-20-a-les-21.19.26-1.png\" alt=\"\" width=\"964\" height=\"409\" srcset=\"https:\/\/agora.xtec.cat\/ceipsantjordi-massanet\/wp-content\/uploads\/usu391\/2019\/03\/Captura-de-Pantalla-2019-03-20-a-les-21.19.26-1.png 964w, https:\/\/agora.xtec.cat\/ceipsantjordi-massanet\/wp-content\/uploads\/usu391\/2019\/03\/Captura-de-Pantalla-2019-03-20-a-les-21.19.26-1-300x127.png 300w, https:\/\/agora.xtec.cat\/ceipsantjordi-massanet\/wp-content\/uploads\/usu391\/2019\/03\/Captura-de-Pantalla-2019-03-20-a-les-21.19.26-1-768x326.png 768w\" sizes=\"auto, (max-width: 964px) 100vw, 964px\" \/><\/a><\/td>\n<td style=\"width: 33.3333%;\"><a href=\"https:\/\/agora.xtec.cat\/ceipsantjordi-massanet\/wp-content\/uploads\/usu391\/2019\/03\/Captura-de-Pantalla-2019-03-20-a-les-21.23.53.png\"><img loading=\"lazy\" decoding=\"async\" class=\"alignnone size-full wp-image-10545\" src=\"https:\/\/agora.xtec.cat\/ceipsantjordi-massanet\/wp-content\/uploads\/usu391\/2019\/03\/Captura-de-Pantalla-2019-03-20-a-les-21.23.53.png\" alt=\"\" width=\"977\" height=\"473\" srcset=\"https:\/\/agora.xtec.cat\/ceipsantjordi-massanet\/wp-content\/uploads\/usu391\/2019\/03\/Captura-de-Pantalla-2019-03-20-a-les-21.23.53.png 977w, https:\/\/agora.xtec.cat\/ceipsantjordi-massanet\/wp-content\/uploads\/usu391\/2019\/03\/Captura-de-Pantalla-2019-03-20-a-les-21.23.53-300x145.png 300w, https:\/\/agora.xtec.cat\/ceipsantjordi-massanet\/wp-content\/uploads\/usu391\/2019\/03\/Captura-de-Pantalla-2019-03-20-a-les-21.23.53-768x372.png 768w\" sizes=\"auto, (max-width: 977px) 100vw, 977px\" \/><\/a><\/td>\n<\/tr>\n<tr>\n<td style=\"width: 33.3333%;\"><img loading=\"lazy\" decoding=\"async\" class=\"alignnone size-full wp-image-20829\" src=\"https:\/\/agora.xtec.cat\/ceipsantjordi-massanet\/wp-content\/uploads\/usu391\/2025\/03\/Captura-de-pantalla-2025-03-08-a-les-14.52.01.png\" alt=\"\" width=\"977\" height=\"473\" \/><\/td>\n<td style=\"width: 33.3333%;\"><a href=\"https:\/\/agora.xtec.cat\/ceipsantjordi-massanet\/wp-content\/uploads\/usu391\/2020\/10\/d31792c4-853c-4b65-8a37-efe727e58820.jpg\"><img loading=\"lazy\" decoding=\"async\" class=\"alignnone size-large wp-image-13048\" src=\"https:\/\/agora.xtec.cat\/ceipsantjordi-massanet\/wp-content\/uploads\/usu391\/2020\/10\/d31792c4-853c-4b65-8a37-efe727e58820-1024x768.jpg\" alt=\"\" width=\"1024\" height=\"768\" srcset=\"https:\/\/agora.xtec.cat\/ceipsantjordi-massanet\/wp-content\/uploads\/usu391\/2020\/10\/d31792c4-853c-4b65-8a37-efe727e58820-1024x768.jpg 1024w, https:\/\/agora.xtec.cat\/ceipsantjordi-massanet\/wp-content\/uploads\/usu391\/2020\/10\/d31792c4-853c-4b65-8a37-efe727e58820-300x225.jpg 300w, https:\/\/agora.xtec.cat\/ceipsantjordi-massanet\/wp-content\/uploads\/usu391\/2020\/10\/d31792c4-853c-4b65-8a37-efe727e58820-768x576.jpg 768w, https:\/\/agora.xtec.cat\/ceipsantjordi-massanet\/wp-content\/uploads\/usu391\/2020\/10\/d31792c4-853c-4b65-8a37-efe727e58820-200x150.jpg 200w, https:\/\/agora.xtec.cat\/ceipsantjordi-massanet\/wp-content\/uploads\/usu391\/2020\/10\/d31792c4-853c-4b65-8a37-efe727e58820.jpg 2048w\" sizes=\"auto, (max-width: 1024px) 100vw, 1024px\" \/><\/a><\/td>\n<td style=\"width: 33.3333%;\"><\/td>\n<\/tr>\n<\/tbody>\n<\/table>\n","protected":false},"excerpt":{"rendered":"<p>L&#8217;escola disposa d&#8217;aules de classe, la majoria amb pissarra digital, aula de m\u00fasica, aula d&#8217;art, aula de psicomotricitat, aules de refor\u00e7, aula d&#8217;inform\u00e0tica, aula de rob\u00f2tica, biblioteca, menjador escolar&#8230; Disposem d&#8217;un pati gran i un pati petit per a P5 i primer. Tamb\u00e9 tenim un&hellip;  <a href=\"https:\/\/agora.xtec.cat\/ceipsantjordi-massanet\/lescola\/instal%c2%b7lacions\/\" title=\"Read Instal\u00b7lacions\">Llegeix m\u00e9s\u00bb<\/a><\/p>\n","protected":false},"author":2,"featured_media":0,"parent":22,"menu_order":40,"comment_status":"closed","ping_status":"closed","template":"","meta":{"_bbp_topic_count":0,"_bbp_reply_count":0,"_bbp_total_topic_count":0,"_bbp_total_reply_count":0,"_bbp_voice_count":0,"_bbp_anonymous_reply_count":0,"_bbp_topic_count_hidden":0,"_bbp_reply_count_hidden":0,"_bbp_forum_subforum_count":0,"footnotes":""},"class_list":["post-30","page","type-page","status-publish","hentry"],"post_mailing_queue_ids":[],"_links":{"self":[{"href":"https:\/\/agora.xtec.cat\/ceipsantjordi-massanet\/wp-json\/wp\/v2\/pages\/30","targetHints":{"allow":["GET"]}}],"collection":[{"href":"https:\/\/agora.xtec.cat\/ceipsantjordi-massanet\/wp-json\/wp\/v2\/pages"}],"about":[{"href":"https:\/\/agora.xtec.cat\/ceipsantjordi-massanet\/wp-json\/wp\/v2\/types\/page"}],"author":[{"embeddable":true,"href":"https:\/\/agora.xtec.cat\/ceipsantjordi-massanet\/wp-json\/wp\/v2\/users\/2"}],"replies":[{"embeddable":true,"href":"https:\/\/agora.xtec.cat\/ceipsantjordi-massanet\/wp-json\/wp\/v2\/comments?post=30"}],"version-history":[{"count":4,"href":"https:\/\/agora.xtec.cat\/ceipsantjordi-massanet\/wp-json\/wp\/v2\/pages\/30\/revisions"}],"predecessor-version":[{"id":20830,"href":"https:\/\/agora.xtec.cat\/ceipsantjordi-massanet\/wp-json\/wp\/v2\/pages\/30\/revisions\/20830"}],"up":[{"embeddable":true,"href":"https:\/\/agora.xtec.cat\/ceipsantjordi-massanet\/wp-json\/wp\/v2\/pages\/22"}],"wp:attachment":[{"href":"https:\/\/agora.xtec.cat\/ceipsantjordi-massanet\/wp-json\/wp\/v2\/media?parent=30"}],"curies":[{"name":"wp","href":"https:\/\/api.w.org\/{rel}","templated":true}]}}