{"id":2898,"date":"2016-05-17T15:19:52","date_gmt":"2016-05-17T13:19:52","guid":{"rendered":"http:\/\/agora.xtec.cat\/ceipsantjordi-massanet\/?page_id=2898"},"modified":"2016-05-25T14:29:46","modified_gmt":"2016-05-25T12:29:46","slug":"les-entitats","status":"publish","type":"page","link":"https:\/\/agora.xtec.cat\/ceipsantjordi-massanet\/projecte-interdisciplinari-2016\/inicial\/les-entitats\/","title":{"rendered":"LES MESTRESSES: FEM PAPIROFL\u00c8XIA!"},"content":{"rendered":"<p><strong>Dilluns 23 <\/strong><strong>de maig de 2016<\/strong><\/p>\n<p>A la tarda hem apr\u00e8s a fer origami o\u00a0 <strong><a href=\"http:\/\/agora.xtec.cat\/ceipsantjordi-massanet\/wp-content\/uploads\/usu391\/2016\/05\/logo-mestresses.png\"><img loading=\"lazy\" decoding=\"async\" class=\"  wp-image-3169 alignleft\" src=\"http:\/\/agora.xtec.cat\/ceipsantjordi-massanet\/wp-content\/uploads\/usu391\/2016\/05\/logo-mestresses.png\" alt=\"logo mestresses\" width=\"106\" height=\"60\" \/><\/a><\/strong>papirofl\u00e8xia amb la Boni Mart\u00ednez. Ella forma part de l&#8217;entitat de les Mestresses de Ma\u00e7anet.<\/p>\n<div><iframe loading=\"lazy\" src=\"http:\/\/www.kizoa.com\/embed-46124030-1306301o1l1\" width=\"560\" height=\"420\" frameborder=\"0\" allowfullscreen=\"allowfullscreen\"><\/iframe><br \/>\n<a href=\"http:\/\/www.kizoa.es\/Editar-Videos-Movie-Maker\/d46124030k1306301o2l1\/papiroflexia\"><b>PAPIROFLEXIA<\/b><\/a> &#8211; <i><a href=\"http:\/\/www.kizoa.es\">Kizoa Editar Videos &#8211; Movie Maker<\/a><\/i><\/div>\n<p>&nbsp;<\/p>\n<p>Ara ja sabem que l&#8217;\u00fanica norma per fer una figura de papirofl\u00e8xia \u00e9s que tot s&#8217;ha de fer doblegant. No es permet ni trencar ni enganxar.<\/p>\n<p>En el dossier del projecte interdisciplinari hem donat a cada nen\/a uns fulls de paper\u00a0 especials per a practicar figures de papirofl\u00e8xia (papirola)\u00a0 perqu\u00e8 a casa puguin seguir practicant aquest art japon\u00e8s. Segons la filosofia oriental, l&#8217;origami ens aporta calma i paci\u00e8ncia a tots aquells que la practiquem&#8230;<\/p>\n<table style=\"height: 313px;\" width=\"471\">\n<tbody>\n<tr>\n<td style=\"text-align: center;\"><a href=\"http:\/\/agora.xtec.cat\/ceipsantjordi-massanet\/wp-content\/uploads\/usu391\/2016\/05\/IMG_20160524_112513.jpg\"><img loading=\"lazy\" decoding=\"async\" class=\"alignnone  wp-image-3159\" src=\"http:\/\/agora.xtec.cat\/ceipsantjordi-massanet\/wp-content\/uploads\/usu391\/2016\/05\/IMG_20160524_112513.jpg\" alt=\"IMG_20160524_112513\" width=\"186\" height=\"248\" srcset=\"https:\/\/agora.xtec.cat\/ceipsantjordi-massanet\/wp-content\/uploads\/usu391\/2016\/05\/IMG_20160524_112513.jpg 576w, https:\/\/agora.xtec.cat\/ceipsantjordi-massanet\/wp-content\/uploads\/usu391\/2016\/05\/IMG_20160524_112513-225x300.jpg 225w\" sizes=\"auto, (max-width: 186px) 100vw, 186px\" \/><\/a><\/td>\n<td style=\"text-align: center;\"><a href=\"http:\/\/agora.xtec.cat\/ceipsantjordi-massanet\/wp-content\/uploads\/usu391\/2016\/05\/IMG_20160524_112306.jpg\"><img loading=\"lazy\" decoding=\"async\" class=\"  wp-image-3158 aligncenter\" src=\"http:\/\/agora.xtec.cat\/ceipsantjordi-massanet\/wp-content\/uploads\/usu391\/2016\/05\/IMG_20160524_112306.jpg\" alt=\"IMG_20160524_112306\" width=\"186\" height=\"248\" srcset=\"https:\/\/agora.xtec.cat\/ceipsantjordi-massanet\/wp-content\/uploads\/usu391\/2016\/05\/IMG_20160524_112306.jpg 576w, https:\/\/agora.xtec.cat\/ceipsantjordi-massanet\/wp-content\/uploads\/usu391\/2016\/05\/IMG_20160524_112306-225x300.jpg 225w\" sizes=\"auto, (max-width: 186px) 100vw, 186px\" \/><\/a><\/td>\n<\/tr>\n<\/tbody>\n<\/table>\n<p>Aqu\u00ed us deixem un v\u00eddeo que us ajudar\u00e0 a fer una &#8220;grua&#8221; que en el Jap\u00f3 representa bons desitjos o bona sort. Animeu-vos a provar-ho!<\/p>\n<p><iframe loading=\"lazy\" title=\"Fes la teva grua de paper \/ Haz tu grulla de papel\" width=\"500\" height=\"281\" src=\"https:\/\/www.youtube.com\/embed\/dc5zzfrIV5E?feature=oembed\" frameborder=\"0\" allow=\"accelerometer; autoplay; clipboard-write; encrypted-media; gyroscope; picture-in-picture; web-share\" referrerpolicy=\"strict-origin-when-cross-origin\" allowfullscreen><\/iframe><\/p>\n<p>&nbsp;<\/p>\n<p><strong>Dimarts 24 de maig de 2016<\/strong><\/p>\n<p>A la tarda hem visitat Can Trincheria, on es reuneixen les MESTRESSES DE MA\u00c7ANET i comparteixen entre elles les seves destreses: pintura a l&#8217;oli, punta a coix\u00ed, costura, patchwork, &#8230; Ens van ensenyar diferents treballs realitzats per elles. Tamb\u00e9 vam poder veure les aules on es fan tota mena de tallers. Fins i tot vam veure la cuina! Des de la terrassa es veia l&#8217;esgl\u00e9sia.<\/p>\n<p>&nbsp;<\/p>\n<div><iframe loading=\"lazy\" width=\"560\" height=\"420\" src=\"http:\/\/www.kizoa.com\/embed-46327805-6343306o1l1\" frameborder=\"0\" allowfullscreen><\/iframe><br \/><a href=\"http:\/\/www.kizoa.es\/Editar-Videos-Movie-Maker\/d46327805k6343306o2l1\/can-trincheria\"><b>CAN TRINCHERIA<\/b><\/a> &#8211; <i><a href=\"http:\/\/www.kizoa.es\">Kizoa Editar Videos &#8211; Movie Maker<\/a><\/i><\/div>\n","protected":false},"excerpt":{"rendered":"<p>Dilluns 23 de maig de 2016<br \/>\nA la tarda hem apr\u00e8s a fer origami o\u00a0 <a href=\"http:\/\/agora.xtec.cat\/ceipsantjordi-massanet\/wp-content\/uploads\/usu391\/2016\/05\/logo-mestresses.png\"><\/a>papirofl\u00e8xia amb la Boni Mart\u00ednez. Ella forma part de l&#8217;entitat de les Mestresses de Ma\u00e7anet.<\/p>\n<p><a href=\"http:\/\/www.kizoa.es\/Editar-Videos-Movie-Maker\/d46124030k1306301o2l1\/papiroflexia\">PAPIROFLEXIA<\/a> &#8211; <a href=\"http:\/\/www.kizoa.es\">Kizoa Editar Videos &#8211; Movie Maker<\/a><br \/>\n&nbsp;<br \/>\nAra ja sabem que l&#8217;\u00fanica norma per&hellip;  <a href=\"https:\/\/agora.xtec.cat\/ceipsantjordi-massanet\/projecte-interdisciplinari-2016\/inicial\/les-entitats\/\" title=\"Read LES MESTRESSES: FEM PAPIROFL\u00c8XIA!\">Llegeix m\u00e9s\u00bb<\/a><\/p>\n","protected":false},"author":4,"featured_media":0,"parent":2792,"menu_order":4,"comment_status":"closed","ping_status":"closed","template":"page-templates\/side-menu.php","meta":{"_bbp_topic_count":0,"_bbp_reply_count":0,"_bbp_total_topic_count":0,"_bbp_total_reply_count":0,"_bbp_voice_count":0,"_bbp_anonymous_reply_count":0,"_bbp_topic_count_hidden":0,"_bbp_reply_count_hidden":0,"_bbp_forum_subforum_count":0,"footnotes":""},"class_list":["post-2898","page","type-page","status-publish","hentry"],"post_mailing_queue_ids":[],"_links":{"self":[{"href":"https:\/\/agora.xtec.cat\/ceipsantjordi-massanet\/wp-json\/wp\/v2\/pages\/2898","targetHints":{"allow":["GET"]}}],"collection":[{"href":"https:\/\/agora.xtec.cat\/ceipsantjordi-massanet\/wp-json\/wp\/v2\/pages"}],"about":[{"href":"https:\/\/agora.xtec.cat\/ceipsantjordi-massanet\/wp-json\/wp\/v2\/types\/page"}],"author":[{"embeddable":true,"href":"https:\/\/agora.xtec.cat\/ceipsantjordi-massanet\/wp-json\/wp\/v2\/users\/4"}],"replies":[{"embeddable":true,"href":"https:\/\/agora.xtec.cat\/ceipsantjordi-massanet\/wp-json\/wp\/v2\/comments?post=2898"}],"version-history":[{"count":3,"href":"https:\/\/agora.xtec.cat\/ceipsantjordi-massanet\/wp-json\/wp\/v2\/pages\/2898\/revisions"}],"predecessor-version":[{"id":3216,"href":"https:\/\/agora.xtec.cat\/ceipsantjordi-massanet\/wp-json\/wp\/v2\/pages\/2898\/revisions\/3216"}],"up":[{"embeddable":true,"href":"https:\/\/agora.xtec.cat\/ceipsantjordi-massanet\/wp-json\/wp\/v2\/pages\/2792"}],"wp:attachment":[{"href":"https:\/\/agora.xtec.cat\/ceipsantjordi-massanet\/wp-json\/wp\/v2\/media?parent=2898"}],"curies":[{"name":"wp","href":"https:\/\/api.w.org\/{rel}","templated":true}]}}