{"id":227,"date":"2015-06-03T14:25:50","date_gmt":"2015-06-03T13:25:50","guid":{"rendered":"http:\/\/agora.xtec.cat\/ceipsantjordi-massanet\/?page_id=227"},"modified":"2023-03-09T21:29:17","modified_gmt":"2023-03-09T20:29:17","slug":"informatica","status":"publish","type":"page","link":"https:\/\/agora.xtec.cat\/ceipsantjordi-massanet\/primaria\/informatica\/","title":{"rendered":"Inform\u00e0tica"},"content":{"rendered":"<p><strong>QU\u00c8 FEM?<\/strong><br \/>\n<a href=\"https:\/\/docs.google.com\/document\/d\/1Prp8b_waArd_0G2HmYS8URN1QfcNIihR5josQng8qxA\/edit?usp=sharing\" target=\"_blank\" rel=\"noopener noreferrer\"><img loading=\"lazy\" decoding=\"async\" class=\"alignleft\" src=\"https:\/\/lh6.googleusercontent.com\/v4AQV0VH1R9ESSO_eJEf3B_ZgmpdPdkgOWRQBWgZW2dgUsW8kFSi7UItJtSfS6hX1ZW_OwFY5hUvWLDmuTlFnQeK7ptxZq0w-C76Fz3p-fBixNNOCHivaBU3srPsbsAlAwCSrpM\" alt=\"\" width=\"170\" height=\"160\" \/><\/a><strong>GOOGLE APPS PER A EDUCACI\u00d3: Eines i entorns de treball en xarxa.<\/strong><\/p>\n<p>Des de fa quatre cursos GOOGLE ha acceptat el nostre domini com a domini educatiu i ens ha cedit les adreces de correu suficients per posar en funcionament tot el sistema a l&#8217;escola. \u00c9s un sistema que demana temps de gesti\u00f3 i que necessita una s\u00e8rie de proves i testos per adaptar-lo a les necessitats de cada escola. En el nostre cas estem completant aquesta adaptaci\u00f3 per\u00f2 no est\u00e0 del tot finalitzada.<\/p>\n<p><strong>Per qu\u00e8 Google Workspace?<\/strong><\/p>\n<p>Es tracta d&#8217;una s\u00e8rie d&#8217;aplicacions per a \u00fas educatiu que permeten tenir mails per a tots els nens i nenes amb propietats espacials i moltes restriccions per a fer-los m\u00e9s segurs. Aquests correus electr\u00f2nics s\u00f3n de l&#8217;escola i els cedirem als nens i nenes fins que acabin sis\u00e8. El treball a partir de tercer es fa amb CHROMEBOOKS que s\u00f3n ordinadors especials per a treballar en aquest entorn (n&#8217;hi ha sis carros amb 20 &#8211; 25\u00a0 port\u00e0tils per a CM i CS i en poden disposar tot l&#8217;horari escolar). Els alumnes de cinqu\u00e8 i sis\u00e8 tamb\u00e9 se&#8217;ls poden endur a casa. A part hi ha un servei de pr\u00e9stec de connectivitat MIFI per als alumnes que la necessitin.<\/p>\n<p><img loading=\"lazy\" decoding=\"async\" class=\"size-full wp-image-17993 alignleft\" src=\"https:\/\/agora.xtec.cat\/ceipsantjordi-massanet\/wp-content\/uploads\/usu391\/2023\/03\/google-workspace-for-education-1.jpeg\" alt=\"\" width=\"600\" height=\"338\" srcset=\"https:\/\/agora.xtec.cat\/ceipsantjordi-massanet\/wp-content\/uploads\/usu391\/2023\/03\/google-workspace-for-education-1.jpeg 600w, https:\/\/agora.xtec.cat\/ceipsantjordi-massanet\/wp-content\/uploads\/usu391\/2023\/03\/google-workspace-for-education-1-300x169.jpeg 300w\" sizes=\"auto, (max-width: 600px) 100vw, 600px\" \/><\/p>\n<p><span style=\"font-family: inherit; font-size: 1em;\">Amb aquests correus\u00a0 <\/span><strong style=\"font-family: inherit; font-size: 1em;\">@santjordim.cat <\/strong><span style=\"font-family: inherit; font-size: 1em;\">els nens i nenes poden treballar amb aplicacions diverses com ara google drive, google classroom, portafolis digitals, correu, etc. Com que <\/span><strong style=\"font-family: inherit; font-size: 1em;\">aquestes adreces s\u00f3n nostres<\/strong><span style=\"font-family: inherit; font-size: 1em;\"> nosaltres gestionem les contrasenyes si les perden o les obliden. Gr\u00e0cies a tenir aquesta adre\u00e7a podrem utilitzar google drive per a fer documents i presentacions, tindrem acc\u00e9s als correctors i traductors i a la informaci\u00f3 que hi ha a la xarxa per penjar-la directament als nostres treballs s<\/span><strong style=\"font-family: inherit; font-size: 1em;\">ense haver d&#8217;instal\u00b7lar cap programa especial als ordinadors de casa<\/strong><span style=\"font-family: inherit; font-size: 1em;\">. Tamb\u00e9 amb Classroom podrem gestionar si els alumnes fan els treballs i en quin estat els tenen en tot moment i tamb\u00e9 els podrem posar nota i ens podran fer preguntes, tal i com f\u00e8iem abans amb Edmodo.<\/span><\/p>\n<p><strong>ALERTA: Aquests correus nom\u00e9s s\u00f3n per al treball d&#8217;escola i que si els utilitzen per a altres finalitats els podem bloquejar o suprimir en qualsevol moment. La pol\u00edtica de seguretat de google \u00e9s la mateixa que ens protegeix els nostres correus als mestres i les mestres. Els alumnes fan servir un nom i prou i dif\u00edcilment seria rastrejable la seva activitat a posteriori. Si apareix algun entorn millor i de f\u00e0cil implementaci\u00f3 ens plantejarem canviar-lo.<\/strong><\/p>\n<p><strong>Rob\u00f2tica i llenguatge computacional<\/strong><\/p>\n<p><a href=\"https:\/\/sites.google.com\/santjordim.cat\/robotica\/inici\"><img loading=\"lazy\" decoding=\"async\" class=\" wp-image-8979 alignleft\" src=\"https:\/\/agora.xtec.cat\/ceipsantjordi-massanet\/wp-content\/uploads\/usu391\/2019\/01\/Captura-de-Pantalla-2019-01-04-a-les-10.22.58.png\" alt=\"\" width=\"242\" height=\"315\" srcset=\"https:\/\/agora.xtec.cat\/ceipsantjordi-massanet\/wp-content\/uploads\/usu391\/2019\/01\/Captura-de-Pantalla-2019-01-04-a-les-10.22.58.png 403w, https:\/\/agora.xtec.cat\/ceipsantjordi-massanet\/wp-content\/uploads\/usu391\/2019\/01\/Captura-de-Pantalla-2019-01-04-a-les-10.22.58-231x300.png 231w\" sizes=\"auto, (max-width: 242px) 100vw, 242px\" \/><\/a>Treballem el pensament computacional amb activitats de CODI i tamb\u00e9 amb el programa SCRATCH. El pensament computacional implica un conjunt de t\u00e8cniques i habilitats de resoluci\u00f3 de problemes que els programadors utilitzen per escriure els programes que conformen les aplicacions inform\u00e0tiques que utilitzem a diari (cercadors, email, etc). Aneu al<a href=\"https:\/\/sites.google.com\/santjordim.cat\/robotica\/programaci%C3%B3-did%C3%A0ctica\" target=\"_blank\" rel=\"noopener noreferrer\"> wiki de rob\u00f2tica i pensament computacional<\/a> per saber-ne m\u00e9s!\u00a0<span style=\"font-family: inherit; font-size: 1em;\">Aix\u00ed doncs, pensar computacionalment vol dir pensar per a organitzar les idees en instruccions que serveixin despr\u00e9s per a fer coses, organitzar el pensament per crear i ordenar &#8220;programes potents&#8221; per a fer qualsevol cosa, \u00e9s millorar l&#8217;efic\u00e0cia del pensament i entrenar la intel\u00b7lig\u00e8ncia i les habilitats per a fer-se m\u00e9s h\u00e0bils i segurament m\u00e9s competents&#8230; i tamb\u00e9 m\u00e9s savis i s\u00e0vies.\u00a0<\/span>Per treballar rob\u00f2tica tenim una aula amb taules especials, ordinadors port\u00e0tils i robots Beebot (6), Mbot(4) i Edison(12) i Makey-Makey (1).m amb els alumnes ho podreu llegir si cliqueu a la carpeta. Cada repte ens obliga a fer-hi modificacions, \u00e9s a dir, no \u00e9s pas una programaci\u00f3 tancada.<\/p>\n<p>Podeu visitar el <a href=\"https:\/\/sites.google.com\/santjordim.cat\/newrobtica\/projecte\">lloc web de rob\u00f2tica<\/a> amb el nou projecte de reutilitzaci\u00f3 de material LEGO.<\/p>\n<p><strong>RECERCA I PROCESSAMENT D&#8217;INFORMACI\u00d3<\/strong><\/p>\n<p>Trobar a Internet la informaci\u00f3 que necessitem no \u00e9s f\u00e0cil perqu\u00e8 hi ha molta informaci\u00f3 i costa molt trobar el que realment es necessita. Un cop trobades, per exemple, un grup de tres imatges, caldr\u00e0 seleccionar quina \u00e9s la millor per a il\u00b7lustrar un treball. Un cop inclosa informaci\u00f3 que hem trobat a Internet caldr\u00e0 que els nois i noies s\u00e0piguen donar ra\u00f3 d&#8217;on l&#8217;han trobada i citar-ho correctament. Els alumnes hauran d&#8217;aprendre a citar b\u00e9 les seves fonts. Per fer aquest treball a l&#8217;escola necessitem eines amb molts filtres.<\/p>\n<p><strong>APLICACIONS ONLINE (eines i instruments)<\/strong><\/p>\n<p>Utilitzem aplicacions en l\u00ednia per a millorar els nostres treballs, les nostres presentacions i per a la recerca d&#8217;informaci\u00f3. En trobareu unes quantes enlla\u00e7ades al bot\u00f3 &#8220;WIKIS&#8221; per si les voleu provar. Els alumnes treballen amb CANVA, GENIALLY o FLIPGRID com a eines per a l&#8217;edici\u00f3 de presentacions i v\u00eddeos.<\/p>\n<p><strong>EDICI\u00d3 DE V\u00edDEOS AMB IPADS (\u00fas general)<\/strong><\/p>\n<p>Els alumnes disposen de tres caixes de 10 tauletes per al treball de mitjos grups a les hores d&#8217;inform\u00e0tica a l&#8217;aula ordin\u00e0ria que es fan servir simult\u00e0niament amb les classes de l&#8217;aula d&#8217;inform\u00e0tica. Hi ha 20 dispositius ANDROID i 10 IOS.<\/p>\n","protected":false},"excerpt":{"rendered":"<p>QU\u00c8 FEM?<br \/>\n<a href=\"https:\/\/docs.google.com\/document\/d\/1Prp8b_waArd_0G2HmYS8URN1QfcNIihR5josQng8qxA\/edit?usp=sharing\" target=\"_blank\" rel=\"noopener noreferrer\"><\/a>GOOGLE APPS PER A EDUCACI\u00d3: Eines i entorns de treball en xarxa.<br \/>\nDes de fa quatre cursos GOOGLE ha acceptat el nostre domini com a domini educatiu i ens ha cedit les adreces de correu suficients per posar en funcionament tot&hellip;  <a href=\"https:\/\/agora.xtec.cat\/ceipsantjordi-massanet\/primaria\/informatica\/\" title=\"Read Inform\u00e0tica\">Llegeix m\u00e9s\u00bb<\/a><\/p>\n","protected":false},"author":1,"featured_media":0,"parent":8829,"menu_order":4,"comment_status":"closed","ping_status":"closed","template":"","meta":{"_bbp_topic_count":0,"_bbp_reply_count":0,"_bbp_total_topic_count":0,"_bbp_total_reply_count":0,"_bbp_voice_count":0,"_bbp_anonymous_reply_count":0,"_bbp_topic_count_hidden":0,"_bbp_reply_count_hidden":0,"_bbp_forum_subforum_count":0,"footnotes":""},"class_list":["post-227","page","type-page","status-publish","hentry"],"post_mailing_queue_ids":[],"_links":{"self":[{"href":"https:\/\/agora.xtec.cat\/ceipsantjordi-massanet\/wp-json\/wp\/v2\/pages\/227","targetHints":{"allow":["GET"]}}],"collection":[{"href":"https:\/\/agora.xtec.cat\/ceipsantjordi-massanet\/wp-json\/wp\/v2\/pages"}],"about":[{"href":"https:\/\/agora.xtec.cat\/ceipsantjordi-massanet\/wp-json\/wp\/v2\/types\/page"}],"author":[{"embeddable":true,"href":"https:\/\/agora.xtec.cat\/ceipsantjordi-massanet\/wp-json\/wp\/v2\/users\/1"}],"replies":[{"embeddable":true,"href":"https:\/\/agora.xtec.cat\/ceipsantjordi-massanet\/wp-json\/wp\/v2\/comments?post=227"}],"version-history":[{"count":3,"href":"https:\/\/agora.xtec.cat\/ceipsantjordi-massanet\/wp-json\/wp\/v2\/pages\/227\/revisions"}],"predecessor-version":[{"id":17995,"href":"https:\/\/agora.xtec.cat\/ceipsantjordi-massanet\/wp-json\/wp\/v2\/pages\/227\/revisions\/17995"}],"up":[{"embeddable":true,"href":"https:\/\/agora.xtec.cat\/ceipsantjordi-massanet\/wp-json\/wp\/v2\/pages\/8829"}],"wp:attachment":[{"href":"https:\/\/agora.xtec.cat\/ceipsantjordi-massanet\/wp-json\/wp\/v2\/media?parent=227"}],"curies":[{"name":"wp","href":"https:\/\/api.w.org\/{rel}","templated":true}]}}