{"id":9318,"date":"2026-03-18T11:28:38","date_gmt":"2026-03-18T10:28:38","guid":{"rendered":"https:\/\/agora.xtec.cat\/ceipsantjoan\/?page_id=9318"},"modified":"2026-03-18T11:32:09","modified_gmt":"2026-03-18T10:32:09","slug":"sollicituds","status":"publish","type":"page","link":"https:\/\/agora.xtec.cat\/ceipsantjoan\/lescola\/sollicituds\/","title":{"rendered":"Sol\u00b7licituds"},"content":{"rendered":"<p>Per poder sol\u00b7licitar un certificat o un document de l&#8217;historial acad\u00e8mic a l&#8217;administraci\u00f3 de l&#8217;escola, cal que ompliu el document adjunt i l&#8217;envieu a l&#8217;enlla\u00e7 facilitat:<\/p>\n<h4 style=\"text-align: center;\"><span style=\"color: #000000;\">Document de sol\u00b7licitud de certificats<\/span><span style=\"color: #3366ff;\"> <a style=\"color: #3366ff;\" href=\"https:\/\/drive.google.com\/file\/d\/1meVnaVeLpPSG5Dol5U3MwAm6h8-E3WRJ\/view?usp=sharing\">aqu\u00ed<\/a><\/span><\/h4>\n<h4 style=\"text-align: center;\"><span style=\"color: #000000;\">Envia la sol\u00b7licitud i la documentaci\u00f3<\/span> <span style=\"color: #3366ff;\"><a style=\"color: #3366ff;\" href=\"https:\/\/forms.gle\/P8fWs2EVWjkDoVWT8\">aqu\u00ed<\/a><\/span><\/h4>\n","protected":false},"excerpt":{"rendered":"<p>Per poder sol\u00b7licitar un certificat o un document de l&#8217;historial acad\u00e8mic a l&#8217;administraci\u00f3 de l&#8217;escola, cal que ompliu el document adjunt i l&#8217;envieu a l&#8217;enlla\u00e7 facilitat:<br \/>\nDocument de sol\u00b7licitud de certificats <a style=\"color: #3366ff;\" href=\"https:\/\/drive.google.com\/file\/d\/1meVnaVeLpPSG5Dol5U3MwAm6h8-E3WRJ\/view?usp=sharing\">aqu\u00ed<\/a><br \/>\nEnvia la sol\u00b7licitud i la documentaci\u00f3 <a style=\"color: #3366ff;\" href=\"https:\/\/forms.gle\/P8fWs2EVWjkDoVWT8\">aqu\u00ed<\/a><\/p>\n","protected":false},"author":1,"featured_media":0,"parent":22,"menu_order":0,"comment_status":"closed","ping_status":"closed","template":"","meta":{"_bbp_topic_count":0,"_bbp_reply_count":0,"_bbp_total_topic_count":0,"_bbp_total_reply_count":0,"_bbp_voice_count":0,"_bbp_anonymous_reply_count":0,"_bbp_topic_count_hidden":0,"_bbp_reply_count_hidden":0,"_bbp_forum_subforum_count":0,"footnotes":""},"class_list":["post-9318","page","type-page","status-publish","hentry"],"post_mailing_queue_ids":[],"_links":{"self":[{"href":"https:\/\/agora.xtec.cat\/ceipsantjoan\/wp-json\/wp\/v2\/pages\/9318","targetHints":{"allow":["GET"]}}],"collection":[{"href":"https:\/\/agora.xtec.cat\/ceipsantjoan\/wp-json\/wp\/v2\/pages"}],"about":[{"href":"https:\/\/agora.xtec.cat\/ceipsantjoan\/wp-json\/wp\/v2\/types\/page"}],"author":[{"embeddable":true,"href":"https:\/\/agora.xtec.cat\/ceipsantjoan\/wp-json\/wp\/v2\/users\/1"}],"replies":[{"embeddable":true,"href":"https:\/\/agora.xtec.cat\/ceipsantjoan\/wp-json\/wp\/v2\/comments?post=9318"}],"version-history":[{"count":3,"href":"https:\/\/agora.xtec.cat\/ceipsantjoan\/wp-json\/wp\/v2\/pages\/9318\/revisions"}],"predecessor-version":[{"id":9323,"href":"https:\/\/agora.xtec.cat\/ceipsantjoan\/wp-json\/wp\/v2\/pages\/9318\/revisions\/9323"}],"up":[{"embeddable":true,"href":"https:\/\/agora.xtec.cat\/ceipsantjoan\/wp-json\/wp\/v2\/pages\/22"}],"wp:attachment":[{"href":"https:\/\/agora.xtec.cat\/ceipsantjoan\/wp-json\/wp\/v2\/media?parent=9318"}],"curies":[{"name":"wp","href":"https:\/\/api.w.org\/{rel}","templated":true}]}}