{"id":84,"date":"2014-09-18T14:11:31","date_gmt":"2014-09-18T13:11:31","guid":{"rendered":"http:\/\/agora.xtec.cat\/ceipsantjoan\/?page_id=84"},"modified":"2022-03-05T23:50:41","modified_gmt":"2022-03-05T22:50:41","slug":"activitats-extraescolars","status":"publish","type":"page","link":"https:\/\/agora.xtec.cat\/ceipsantjoan\/serveis\/activitats-extraescolars\/","title":{"rendered":"Activitats extraescolars"},"content":{"rendered":"<p>L&#8217;empresa Sinapsis de Berga s&#8217;encarrega de les extraescolars de l&#8217;escola.<\/p>\n<p>Per m\u00e9s informaci\u00f3 i inscripcions consulteu a la seva p\u00e0gina web: <a href=\"https:\/\/www.sinapsisberga.cat\/\" target=\"_blank\" rel=\"noopener\">https:\/\/www.sinapsisberga.cat\/<\/a><\/p>\n<p><img loading=\"lazy\" decoding=\"async\" class=\"alignnone wp-image-5471\" src=\"https:\/\/agora.xtec.cat\/ceipsantjoan\/wp-content\/uploads\/usu1864\/2022\/03\/sinapsis.png\" alt=\"\" width=\"173\" height=\"200\" srcset=\"https:\/\/agora.xtec.cat\/ceipsantjoan\/wp-content\/uploads\/usu1864\/2022\/03\/sinapsis.png 462w, https:\/\/agora.xtec.cat\/ceipsantjoan\/wp-content\/uploads\/usu1864\/2022\/03\/sinapsis-260x300.png 260w\" sizes=\"auto, (max-width: 173px) 100vw, 173px\" \/><\/p>\n<p><span class=\"_5mfr _47e3\"><img loading=\"lazy\" decoding=\"async\" class=\"img\" role=\"presentation\" src=\"https:\/\/static.xx.fbcdn.net\/images\/emoji.php\/v9\/fbe\/1\/16\/1f4e7.png\" alt=\"\" width=\"16\" height=\"16\" \/><\/span><span class=\"highlightNode\">sinapsis.berga<\/span>@gmail.com<br \/>\n627648539<\/p>\n<p>Tamb\u00e9 els podeu seguir a Instagram: <a href=\"https:\/\/agora.xtec.cat\/ceipsantjoan\/wp-content\/uploads\/usu1864\/2020\/09\/Instagram-logo.png\"><img loading=\"lazy\" decoding=\"async\" class=\"alignnone wp-image-4188\" src=\"https:\/\/agora.xtec.cat\/ceipsantjoan\/wp-content\/uploads\/usu1864\/2020\/09\/Instagram-logo.png\" alt=\"\" width=\"36\" height=\"36\" srcset=\"https:\/\/agora.xtec.cat\/ceipsantjoan\/wp-content\/uploads\/usu1864\/2020\/09\/Instagram-logo.png 300w, https:\/\/agora.xtec.cat\/ceipsantjoan\/wp-content\/uploads\/usu1864\/2020\/09\/Instagram-logo-150x150.png 150w\" sizes=\"auto, (max-width: 36px) 100vw, 36px\" \/><\/a> @sinapsisberga<\/p>\n","protected":false},"excerpt":{"rendered":"<p>L&#8217;empresa Sinapsis de Berga s&#8217;encarrega de les extraescolars de l&#8217;escola.<br \/>\nPer m\u00e9s informaci\u00f3 i inscripcions consulteu a la seva p\u00e0gina web: <a href=\"https:\/\/www.sinapsisberga.cat\/\" target=\"_blank\" rel=\"noopener\">https:\/\/www.sinapsisberga.cat\/<\/a><\/p>\n<p>sinapsis.berga@gmail.com<br \/>\n627648539<br \/>\nTamb\u00e9 els podeu seguir a Instagram: <a href=\"https:\/\/agora.xtec.cat\/ceipsantjoan\/wp-content\/uploads\/usu1864\/2020\/09\/Instagram-logo.png\"><\/a> @sinapsisberga<\/p>\n","protected":false},"author":1,"featured_media":0,"parent":66,"menu_order":40,"comment_status":"closed","ping_status":"closed","template":"page-templates\/side-menu.php","meta":{"_bbp_topic_count":0,"_bbp_reply_count":0,"_bbp_total_topic_count":0,"_bbp_total_reply_count":0,"_bbp_voice_count":0,"_bbp_anonymous_reply_count":0,"_bbp_topic_count_hidden":0,"_bbp_reply_count_hidden":0,"_bbp_forum_subforum_count":0,"footnotes":""},"class_list":["post-84","page","type-page","status-publish","hentry"],"post_mailing_queue_ids":[],"_links":{"self":[{"href":"https:\/\/agora.xtec.cat\/ceipsantjoan\/wp-json\/wp\/v2\/pages\/84","targetHints":{"allow":["GET"]}}],"collection":[{"href":"https:\/\/agora.xtec.cat\/ceipsantjoan\/wp-json\/wp\/v2\/pages"}],"about":[{"href":"https:\/\/agora.xtec.cat\/ceipsantjoan\/wp-json\/wp\/v2\/types\/page"}],"author":[{"embeddable":true,"href":"https:\/\/agora.xtec.cat\/ceipsantjoan\/wp-json\/wp\/v2\/users\/1"}],"replies":[{"embeddable":true,"href":"https:\/\/agora.xtec.cat\/ceipsantjoan\/wp-json\/wp\/v2\/comments?post=84"}],"version-history":[{"count":5,"href":"https:\/\/agora.xtec.cat\/ceipsantjoan\/wp-json\/wp\/v2\/pages\/84\/revisions"}],"predecessor-version":[{"id":5474,"href":"https:\/\/agora.xtec.cat\/ceipsantjoan\/wp-json\/wp\/v2\/pages\/84\/revisions\/5474"}],"up":[{"embeddable":true,"href":"https:\/\/agora.xtec.cat\/ceipsantjoan\/wp-json\/wp\/v2\/pages\/66"}],"wp:attachment":[{"href":"https:\/\/agora.xtec.cat\/ceipsantjoan\/wp-json\/wp\/v2\/media?parent=84"}],"curies":[{"name":"wp","href":"https:\/\/api.w.org\/{rel}","templated":true}]}}