{"id":7912,"date":"2024-09-05T22:20:53","date_gmt":"2024-09-05T20:20:53","guid":{"rendered":"https:\/\/agora.xtec.cat\/ceipsantjoan\/?page_id=7912"},"modified":"2024-10-23T09:22:51","modified_gmt":"2024-10-23T07:22:51","slug":"normativa-dispositius-mobils","status":"publish","type":"page","link":"https:\/\/agora.xtec.cat\/ceipsantjoan\/lescola\/normativa-dispositius-mobils\/","title":{"rendered":"Normativa dispositius m\u00f2bils"},"content":{"rendered":"<p>D&#8217;acord amb les instruccions aprovades pel govern sobre l&#8217;\u00fas dels m\u00f2bils, a partir del curs 2024-25, en base a les conclusions del debat del Consell d&#8217;Educaci\u00f3 de Catalunya, queda totalment prohibit utilitzar un dispositiu m\u00f2bil per part de l&#8217;alumnat.<img loading=\"lazy\" decoding=\"async\" class=\"size-large wp-image-7914 aligncenter\" src=\"https:\/\/agora.xtec.cat\/ceipsantjoan\/wp-content\/uploads\/usu1864\/2024\/09\/Normativa-mobils_escola-Sant-Joan-1_page-0001-576x1024.jpg\" alt=\"\" width=\"576\" height=\"1024\" srcset=\"https:\/\/agora.xtec.cat\/ceipsantjoan\/wp-content\/uploads\/usu1864\/2024\/09\/Normativa-mobils_escola-Sant-Joan-1_page-0001-576x1024.jpg 576w, https:\/\/agora.xtec.cat\/ceipsantjoan\/wp-content\/uploads\/usu1864\/2024\/09\/Normativa-mobils_escola-Sant-Joan-1_page-0001-169x300.jpg 169w, https:\/\/agora.xtec.cat\/ceipsantjoan\/wp-content\/uploads\/usu1864\/2024\/09\/Normativa-mobils_escola-Sant-Joan-1_page-0001-768x1365.jpg 768w, https:\/\/agora.xtec.cat\/ceipsantjoan\/wp-content\/uploads\/usu1864\/2024\/09\/Normativa-mobils_escola-Sant-Joan-1_page-0001-864x1536.jpg 864w, https:\/\/agora.xtec.cat\/ceipsantjoan\/wp-content\/uploads\/usu1864\/2024\/09\/Normativa-mobils_escola-Sant-Joan-1_page-0001-1152x2048.jpg 1152w, https:\/\/agora.xtec.cat\/ceipsantjoan\/wp-content\/uploads\/usu1864\/2024\/09\/Normativa-mobils_escola-Sant-Joan-1_page-0001-scaled.jpg 1440w\" sizes=\"auto, (max-width: 576px) 100vw, 576px\" \/><\/p>\n","protected":false},"excerpt":{"rendered":"<p>D&#8217;acord amb les instruccions aprovades pel govern sobre l&#8217;\u00fas dels m\u00f2bils, a partir del curs 2024-25, en base a les conclusions del debat del Consell d&#8217;Educaci\u00f3 de Catalunya, queda totalment prohibit utilitzar un dispositiu m\u00f2bil per part de l&#8217;alumnat.<\/p>\n","protected":false},"author":10,"featured_media":0,"parent":22,"menu_order":0,"comment_status":"closed","ping_status":"closed","template":"","meta":{"_bbp_topic_count":0,"_bbp_reply_count":0,"_bbp_total_topic_count":0,"_bbp_total_reply_count":0,"_bbp_voice_count":0,"_bbp_anonymous_reply_count":0,"_bbp_topic_count_hidden":0,"_bbp_reply_count_hidden":0,"_bbp_forum_subforum_count":0,"footnotes":""},"class_list":["post-7912","page","type-page","status-publish","hentry"],"post_mailing_queue_ids":[],"_links":{"self":[{"href":"https:\/\/agora.xtec.cat\/ceipsantjoan\/wp-json\/wp\/v2\/pages\/7912","targetHints":{"allow":["GET"]}}],"collection":[{"href":"https:\/\/agora.xtec.cat\/ceipsantjoan\/wp-json\/wp\/v2\/pages"}],"about":[{"href":"https:\/\/agora.xtec.cat\/ceipsantjoan\/wp-json\/wp\/v2\/types\/page"}],"author":[{"embeddable":true,"href":"https:\/\/agora.xtec.cat\/ceipsantjoan\/wp-json\/wp\/v2\/users\/10"}],"replies":[{"embeddable":true,"href":"https:\/\/agora.xtec.cat\/ceipsantjoan\/wp-json\/wp\/v2\/comments?post=7912"}],"version-history":[{"count":1,"href":"https:\/\/agora.xtec.cat\/ceipsantjoan\/wp-json\/wp\/v2\/pages\/7912\/revisions"}],"predecessor-version":[{"id":7915,"href":"https:\/\/agora.xtec.cat\/ceipsantjoan\/wp-json\/wp\/v2\/pages\/7912\/revisions\/7915"}],"up":[{"embeddable":true,"href":"https:\/\/agora.xtec.cat\/ceipsantjoan\/wp-json\/wp\/v2\/pages\/22"}],"wp:attachment":[{"href":"https:\/\/agora.xtec.cat\/ceipsantjoan\/wp-json\/wp\/v2\/media?parent=7912"}],"curies":[{"name":"wp","href":"https:\/\/api.w.org\/{rel}","templated":true}]}}