{"id":77,"date":"2014-09-18T14:05:08","date_gmt":"2014-09-18T13:05:08","guid":{"rendered":"http:\/\/agora.xtec.cat\/ceipsantjoan\/?page_id=77"},"modified":"2022-03-05T23:50:15","modified_gmt":"2022-03-05T22:50:15","slug":"acollida","status":"publish","type":"page","link":"https:\/\/agora.xtec.cat\/ceipsantjoan\/serveis\/acollida\/","title":{"rendered":"Acollida matinal"},"content":{"rendered":"<p>L\u2019empresa Sinapsis de Berga s\u2019encarrega de l&#8217;acollida matinal de l\u2019escola.<\/p>\n<p>Per m\u00e9s informaci\u00f3 i inscripcions consulteu a la seva p\u00e0gina web: <a href=\"https:\/\/www.sinapsisberga.cat\/\" target=\"_blank\" rel=\"noopener\">https:\/\/www.sinapsisberga.cat\/<\/a><\/p>\n<p><img loading=\"lazy\" decoding=\"async\" class=\"alignnone wp-image-5471\" src=\"https:\/\/agora.xtec.cat\/ceipsantjoan\/wp-content\/uploads\/usu1864\/2022\/03\/sinapsis.png\" alt=\"\" width=\"173\" height=\"200\" srcset=\"https:\/\/agora.xtec.cat\/ceipsantjoan\/wp-content\/uploads\/usu1864\/2022\/03\/sinapsis.png 462w, https:\/\/agora.xtec.cat\/ceipsantjoan\/wp-content\/uploads\/usu1864\/2022\/03\/sinapsis-260x300.png 260w\" sizes=\"auto, (max-width: 173px) 100vw, 173px\" \/><\/p>\n<p><span class=\"_5mfr _47e3\"><img loading=\"lazy\" decoding=\"async\" class=\"img\" role=\"presentation\" src=\"https:\/\/static.xx.fbcdn.net\/images\/emoji.php\/v9\/fbe\/1\/16\/1f4e7.png\" alt=\"\" width=\"16\" height=\"16\" \/><\/span><span class=\"highlightNode\">sinapsis.berga<\/span>@gmail.com<br \/>\n627648539<\/p>\n<p>Tamb\u00e9 els podeu seguir a Instagram: <a href=\"https:\/\/agora.xtec.cat\/ceipsantjoan\/wp-content\/uploads\/usu1864\/2020\/09\/Instagram-logo.png\"><img loading=\"lazy\" decoding=\"async\" class=\"alignnone wp-image-4188\" src=\"https:\/\/agora.xtec.cat\/ceipsantjoan\/wp-content\/uploads\/usu1864\/2020\/09\/Instagram-logo.png\" alt=\"\" width=\"32\" height=\"32\" srcset=\"https:\/\/agora.xtec.cat\/ceipsantjoan\/wp-content\/uploads\/usu1864\/2020\/09\/Instagram-logo.png 300w, https:\/\/agora.xtec.cat\/ceipsantjoan\/wp-content\/uploads\/usu1864\/2020\/09\/Instagram-logo-150x150.png 150w\" sizes=\"auto, (max-width: 32px) 100vw, 32px\" \/> <\/a>@sinapsisberga<\/p>\n","protected":false},"excerpt":{"rendered":"<p>L\u2019empresa Sinapsis de Berga s\u2019encarrega de l&#8217;acollida matinal de l\u2019escola.<br \/>\nPer m\u00e9s informaci\u00f3 i inscripcions consulteu a la seva p\u00e0gina web: <a href=\"https:\/\/www.sinapsisberga.cat\/\" target=\"_blank\" rel=\"noopener\">https:\/\/www.sinapsisberga.cat\/<\/a><\/p>\n<p>sinapsis.berga@gmail.com<br \/>\n627648539<br \/>\nTamb\u00e9 els podeu seguir a Instagram: <a href=\"https:\/\/agora.xtec.cat\/ceipsantjoan\/wp-content\/uploads\/usu1864\/2020\/09\/Instagram-logo.png\"> <\/a>@sinapsisberga<\/p>\n","protected":false},"author":1,"featured_media":0,"parent":66,"menu_order":10,"comment_status":"closed","ping_status":"closed","template":"page-templates\/side-menu.php","meta":{"_bbp_topic_count":0,"_bbp_reply_count":0,"_bbp_total_topic_count":0,"_bbp_total_reply_count":0,"_bbp_voice_count":0,"_bbp_anonymous_reply_count":0,"_bbp_topic_count_hidden":0,"_bbp_reply_count_hidden":0,"_bbp_forum_subforum_count":0,"footnotes":""},"class_list":["post-77","page","type-page","status-publish","hentry"],"post_mailing_queue_ids":[],"_links":{"self":[{"href":"https:\/\/agora.xtec.cat\/ceipsantjoan\/wp-json\/wp\/v2\/pages\/77","targetHints":{"allow":["GET"]}}],"collection":[{"href":"https:\/\/agora.xtec.cat\/ceipsantjoan\/wp-json\/wp\/v2\/pages"}],"about":[{"href":"https:\/\/agora.xtec.cat\/ceipsantjoan\/wp-json\/wp\/v2\/types\/page"}],"author":[{"embeddable":true,"href":"https:\/\/agora.xtec.cat\/ceipsantjoan\/wp-json\/wp\/v2\/users\/1"}],"replies":[{"embeddable":true,"href":"https:\/\/agora.xtec.cat\/ceipsantjoan\/wp-json\/wp\/v2\/comments?post=77"}],"version-history":[{"count":3,"href":"https:\/\/agora.xtec.cat\/ceipsantjoan\/wp-json\/wp\/v2\/pages\/77\/revisions"}],"predecessor-version":[{"id":5472,"href":"https:\/\/agora.xtec.cat\/ceipsantjoan\/wp-json\/wp\/v2\/pages\/77\/revisions\/5472"}],"up":[{"embeddable":true,"href":"https:\/\/agora.xtec.cat\/ceipsantjoan\/wp-json\/wp\/v2\/pages\/66"}],"wp:attachment":[{"href":"https:\/\/agora.xtec.cat\/ceipsantjoan\/wp-json\/wp\/v2\/media?parent=77"}],"curies":[{"name":"wp","href":"https:\/\/api.w.org\/{rel}","templated":true}]}}