{"id":764,"date":"2018-07-26T11:32:11","date_gmt":"2018-07-26T09:32:11","guid":{"rendered":"http:\/\/agora.xtec.cat\/ceipsantjoan\/?page_id=764"},"modified":"2018-07-26T11:32:11","modified_gmt":"2018-07-26T09:32:11","slug":"malalties-transmissibles","status":"publish","type":"page","link":"https:\/\/agora.xtec.cat\/ceipsantjoan\/lescola\/salut\/malalties-transmissibles\/","title":{"rendered":"Malalties transmissibles"},"content":{"rendered":"<p>Per tal d\u2019informar les fam\u00edlies sobre l\u2019assist\u00e8ncia o no dels infants al centre educatiu quan pateixen una malaltia transmissible, el Departament de Salut, a trav\u00e9s de la Subdirecci\u00f3 de Vigil\u00e0ncia i Resposta a Emerg\u00e8ncies de Salut P\u00fablica, ha publicat unes <a href=\"https:\/\/drive.google.com\/file\/d\/1v3ysnBIPo0IJGKFDmBtrDK_BaQiSeIiw\/view?usp=sharing\" target=\"_blank\" rel=\"noopener noreferrer\">recomanacions<\/a>.<\/p>\n","protected":false},"excerpt":{"rendered":"<p>Per tal d\u2019informar les fam\u00edlies sobre l\u2019assist\u00e8ncia o no dels infants al centre educatiu quan pateixen una malaltia transmissible, el Departament de Salut, a trav\u00e9s de la Subdirecci\u00f3 de Vigil\u00e0ncia i Resposta a Emerg\u00e8ncies de Salut P\u00fablica, ha publicat unes <a href=\"https:\/\/drive.google.com\/file\/d\/1v3ysnBIPo0IJGKFDmBtrDK_BaQiSeIiw\/view?usp=sharing\" target=\"_blank\" rel=\"noopener noreferrer\">recomanacions<\/a>.<\/p>\n","protected":false},"author":1,"featured_media":0,"parent":38,"menu_order":30,"comment_status":"closed","ping_status":"closed","template":"page-templates\/side-menu.php","meta":{"_bbp_topic_count":0,"_bbp_reply_count":0,"_bbp_total_topic_count":0,"_bbp_total_reply_count":0,"_bbp_voice_count":0,"_bbp_anonymous_reply_count":0,"_bbp_topic_count_hidden":0,"_bbp_reply_count_hidden":0,"_bbp_forum_subforum_count":0,"footnotes":""},"class_list":["post-764","page","type-page","status-publish","hentry"],"post_mailing_queue_ids":[],"_links":{"self":[{"href":"https:\/\/agora.xtec.cat\/ceipsantjoan\/wp-json\/wp\/v2\/pages\/764","targetHints":{"allow":["GET"]}}],"collection":[{"href":"https:\/\/agora.xtec.cat\/ceipsantjoan\/wp-json\/wp\/v2\/pages"}],"about":[{"href":"https:\/\/agora.xtec.cat\/ceipsantjoan\/wp-json\/wp\/v2\/types\/page"}],"author":[{"embeddable":true,"href":"https:\/\/agora.xtec.cat\/ceipsantjoan\/wp-json\/wp\/v2\/users\/1"}],"replies":[{"embeddable":true,"href":"https:\/\/agora.xtec.cat\/ceipsantjoan\/wp-json\/wp\/v2\/comments?post=764"}],"version-history":[{"count":1,"href":"https:\/\/agora.xtec.cat\/ceipsantjoan\/wp-json\/wp\/v2\/pages\/764\/revisions"}],"predecessor-version":[{"id":765,"href":"https:\/\/agora.xtec.cat\/ceipsantjoan\/wp-json\/wp\/v2\/pages\/764\/revisions\/765"}],"up":[{"embeddable":true,"href":"https:\/\/agora.xtec.cat\/ceipsantjoan\/wp-json\/wp\/v2\/pages\/38"}],"wp:attachment":[{"href":"https:\/\/agora.xtec.cat\/ceipsantjoan\/wp-json\/wp\/v2\/media?parent=764"}],"curies":[{"name":"wp","href":"https:\/\/api.w.org\/{rel}","templated":true}]}}