{"id":753,"date":"2018-07-26T11:11:02","date_gmt":"2018-07-26T09:11:02","guid":{"rendered":"http:\/\/agora.xtec.cat\/ceipsantjoan\/?page_id=753"},"modified":"2018-07-26T11:44:28","modified_gmt":"2018-07-26T09:44:28","slug":"allergies-i-intolerancies","status":"publish","type":"page","link":"https:\/\/agora.xtec.cat\/ceipsantjoan\/lescola\/salut\/allergies-i-intolerancies\/","title":{"rendered":"Al\u00b7l\u00e8rgies i intoler\u00e0ncies"},"content":{"rendered":"<p>Si algun alumne presenta algun tipus d\u2019intoler\u00e0ncia i\/o al\u00b7l\u00e8rgia \u00e9s responsabilitat de les fam\u00edlies comunicar-ho al centre, aix\u00ed com tamb\u00e9, entregar una c\u00f2pia del\u00a0justificant m\u00e8dic pertinent.<\/p>\n<p>Per descarregar les autoritzacions pertinents cliqueu els seg\u00fcents enlla\u00e7os:<\/p>\n<p><a href=\"https:\/\/drive.google.com\/file\/d\/1W7jCHArrJwYn6QkZr0ktXcKkfFUgSnne\/view?usp=sharing\" target=\"_blank\" rel=\"noopener noreferrer\">Administraci\u00f3 de medicaments<\/a><\/p>\n<p><a href=\"https:\/\/drive.google.com\/file\/d\/1R9Ukgt6Xve_j1P1m9-SqKJmYHNHfJa-r\/view?usp=sharing\" target=\"_blank\" rel=\"noopener noreferrer\">Comunicat fam\u00edlia<\/a><\/p>\n<p><a href=\"https:\/\/drive.google.com\/file\/d\/1oh_AuNVp2P1t_jKXFIfRpBS353AvI33G\/view?usp=sharing\" target=\"_blank\" rel=\"noopener noreferrer\">Informe m\u00e8dic<\/a><\/p>\n","protected":false},"excerpt":{"rendered":"<p>Si algun alumne presenta algun tipus d\u2019intoler\u00e0ncia i\/o al\u00b7l\u00e8rgia \u00e9s responsabilitat de les fam\u00edlies comunicar-ho al centre, aix\u00ed com tamb\u00e9, entregar una c\u00f2pia del\u00a0justificant m\u00e8dic pertinent.<br \/>\nPer descarregar les autoritzacions pertinents cliqueu els seg\u00fcents enlla\u00e7os:<br \/>\n<a href=\"https:\/\/drive.google.com\/file\/d\/1W7jCHArrJwYn6QkZr0ktXcKkfFUgSnne\/view?usp=sharing\" target=\"_blank\" rel=\"noopener noreferrer\">Administraci\u00f3 de medicaments<\/a><br \/>\n<a href=\"https:\/\/drive.google.com\/file\/d\/1R9Ukgt6Xve_j1P1m9-SqKJmYHNHfJa-r\/view?usp=sharing\" target=\"_blank\" rel=\"noopener noreferrer\">Comunicat fam\u00edlia<\/a><br \/>\n<a&hellip;  <a href=\"https:\/\/agora.xtec.cat\/ceipsantjoan\/lescola\/salut\/allergies-i-intolerancies\/\" title=\"Read Al\u00b7l\u00e8rgies i intoler\u00e0ncies\">Llegeix m\u00e9s\u00bb<\/a><\/p>\n","protected":false},"author":1,"featured_media":0,"parent":38,"menu_order":20,"comment_status":"closed","ping_status":"closed","template":"page-templates\/side-menu.php","meta":{"_bbp_topic_count":0,"_bbp_reply_count":0,"_bbp_total_topic_count":0,"_bbp_total_reply_count":0,"_bbp_voice_count":0,"_bbp_anonymous_reply_count":0,"_bbp_topic_count_hidden":0,"_bbp_reply_count_hidden":0,"_bbp_forum_subforum_count":0,"footnotes":""},"class_list":["post-753","page","type-page","status-publish","hentry"],"post_mailing_queue_ids":[],"_links":{"self":[{"href":"https:\/\/agora.xtec.cat\/ceipsantjoan\/wp-json\/wp\/v2\/pages\/753","targetHints":{"allow":["GET"]}}],"collection":[{"href":"https:\/\/agora.xtec.cat\/ceipsantjoan\/wp-json\/wp\/v2\/pages"}],"about":[{"href":"https:\/\/agora.xtec.cat\/ceipsantjoan\/wp-json\/wp\/v2\/types\/page"}],"author":[{"embeddable":true,"href":"https:\/\/agora.xtec.cat\/ceipsantjoan\/wp-json\/wp\/v2\/users\/1"}],"replies":[{"embeddable":true,"href":"https:\/\/agora.xtec.cat\/ceipsantjoan\/wp-json\/wp\/v2\/comments?post=753"}],"version-history":[{"count":2,"href":"https:\/\/agora.xtec.cat\/ceipsantjoan\/wp-json\/wp\/v2\/pages\/753\/revisions"}],"predecessor-version":[{"id":769,"href":"https:\/\/agora.xtec.cat\/ceipsantjoan\/wp-json\/wp\/v2\/pages\/753\/revisions\/769"}],"up":[{"embeddable":true,"href":"https:\/\/agora.xtec.cat\/ceipsantjoan\/wp-json\/wp\/v2\/pages\/38"}],"wp:attachment":[{"href":"https:\/\/agora.xtec.cat\/ceipsantjoan\/wp-json\/wp\/v2\/media?parent=753"}],"curies":[{"name":"wp","href":"https:\/\/api.w.org\/{rel}","templated":true}]}}