{"id":749,"date":"2018-07-26T11:08:11","date_gmt":"2018-07-26T09:08:11","guid":{"rendered":"http:\/\/agora.xtec.cat\/ceipsantjoan\/?page_id=749"},"modified":"2018-07-26T16:27:50","modified_gmt":"2018-07-26T14:27:50","slug":"pediculosi","status":"publish","type":"page","link":"https:\/\/agora.xtec.cat\/ceipsantjoan\/lescola\/salut\/pediculosi\/","title":{"rendered":"Pediculosi (polls)"},"content":{"rendered":"<h4><span id=\"Que_son_els_polls\" style=\"color: #ffcc00;\">Qu\u00e8 s\u00f3n els polls?<\/span><\/h4>\n<p>Els polls s\u00f3n insectes que parasiten els humans. Els del cap viuen als cabells i s\u2019alimenten de la sang que xuclen en picar el cuir cabellut. EI poll adult viu aproximadament un mes, durant aquest temps la femella fa de 5 a 10 ous (ll\u00e9menes) diaris. Les ll\u00e9menes s\u2019adhereixen als cabells i en un per\u00edode de 7 a 10 dies es transformen en polls adults.<br \/>\nLes ll\u00e9menes s\u00f3n petites, de color blanc i es localitzen preferentment al clatell i darrere de les orelles. La principal mol\u00e8stia que produeixen \u00e9s la picor.<\/p>\n<h4><span id=\"Mesures_preventives\" style=\"color: #ffcc00;\">Mesures preventives<\/span><\/h4>\n<p>\u2022 Revisar els cabells de dos a tres cops per setmana.<br \/>\n\u2022 Rentar els cabells un parell de cops per setmana.<br \/>\n\u2022 Raspallar els cabells di\u00e0riament, procurant mantenir netes les pintes i raspalls.<br \/>\n\u2022 Informar als nens que I\u2019intercanvi de barrets, diademes, pintes, raspalls i altres objectes d\u2019us personal afavoreixen la contaminaci\u00f3.<\/p>\n<p>Cal tenir present que aquestes mesures s\u00f3n d\u2019higiene personal i s\u2019han de portar a terme de manera habitual.<\/p>\n<h4><span id=\"I_si_el_meu_filla_te_polls_que\" style=\"color: #ffcc00;\">I si el meu fill\/a t\u00e9 polls, qu\u00e8?<\/span><\/h4>\n<p>1.\u00a0Se li ha d&#8217;aplicar el tractament adient. Pot demanar consell al pediatre o\u00a0farmac\u00e8utic.<br \/>\n2. EI seu fill\/a est\u00e0 infestat,\u00a0<strong>NO POT VENIR A L\u2019ESCOLA<\/strong>\u00a0fins que tingui el cabell completament net. Si s\u2019han detectat polls des de casa cal comunicar-ho a l\u2019escola i l\u2019infant no podr\u00e0 assistir a classe fins que s\u2019hagi resolt el problema. En cap cas es pot tornar\u00a0 l\u2019escola abans de les 24 hores.<br \/>\n3. Si des de l&#8217;escola s\u2019observa que el seu fill\/a est\u00e0 infestat, ens posarem en contacte amb la fam\u00edlia perqu\u00e8 el vinguin a recollir.<\/p>\n<h4><span style=\"color: #ffcc00;\">Informacions v\u00e0ries<\/span><\/h4>\n<p><a href=\"http:\/\/canalsalut.gencat.cat\/ca\/detalls\/article\/Polls-00001\" target=\"_blank\" rel=\"noopener noreferrer\">Canal Salut<\/a><\/p>\n<p>QU\u00c8QUICOM\u00a0<a href=\"http:\/\/www.edu3.cat\/Edu3tv\/Fitxa?p_id=40500\" target=\"_blank\" rel=\"noopener noreferrer\">Male\u00efts polls<\/a><\/p>\n<p><a href=\"https:\/\/drive.google.com\/file\/d\/1v1alwWi_zrTSJxDik31y--QuQIAb4Hq4\/view?usp=sharing\" target=\"_blank\" rel=\"noopener noreferrer\">No m\u00e9s polls<\/a><\/p>\n<p><a href=\"https:\/\/drive.google.com\/file\/d\/1-VmKu3Xa9W0-SwnglvqTv-oh8ndgqLsg\/view?usp=sharing\" target=\"_blank\" rel=\"noopener noreferrer\">Ad\u00e9u polls<\/a><\/p>\n","protected":false},"excerpt":{"rendered":"<p>Qu\u00e8 s\u00f3n els polls?<br \/>\nEls polls s\u00f3n insectes que parasiten els humans. Els del cap viuen als cabells i s\u2019alimenten de la sang que xuclen en picar el cuir cabellut. EI poll adult viu aproximadament un mes, durant aquest temps la femella fa de 5 a&hellip;  <a href=\"https:\/\/agora.xtec.cat\/ceipsantjoan\/lescola\/salut\/pediculosi\/\" title=\"Read Pediculosi (polls)\">Llegeix m\u00e9s\u00bb<\/a><\/p>\n","protected":false},"author":1,"featured_media":0,"parent":38,"menu_order":0,"comment_status":"closed","ping_status":"closed","template":"page-templates\/side-menu.php","meta":{"_bbp_topic_count":0,"_bbp_reply_count":0,"_bbp_total_topic_count":0,"_bbp_total_reply_count":0,"_bbp_voice_count":0,"_bbp_anonymous_reply_count":0,"_bbp_topic_count_hidden":0,"_bbp_reply_count_hidden":0,"_bbp_forum_subforum_count":0,"footnotes":""},"class_list":["post-749","page","type-page","status-publish","hentry"],"post_mailing_queue_ids":[],"_links":{"self":[{"href":"https:\/\/agora.xtec.cat\/ceipsantjoan\/wp-json\/wp\/v2\/pages\/749","targetHints":{"allow":["GET"]}}],"collection":[{"href":"https:\/\/agora.xtec.cat\/ceipsantjoan\/wp-json\/wp\/v2\/pages"}],"about":[{"href":"https:\/\/agora.xtec.cat\/ceipsantjoan\/wp-json\/wp\/v2\/types\/page"}],"author":[{"embeddable":true,"href":"https:\/\/agora.xtec.cat\/ceipsantjoan\/wp-json\/wp\/v2\/users\/1"}],"replies":[{"embeddable":true,"href":"https:\/\/agora.xtec.cat\/ceipsantjoan\/wp-json\/wp\/v2\/comments?post=749"}],"version-history":[{"count":4,"href":"https:\/\/agora.xtec.cat\/ceipsantjoan\/wp-json\/wp\/v2\/pages\/749\/revisions"}],"predecessor-version":[{"id":796,"href":"https:\/\/agora.xtec.cat\/ceipsantjoan\/wp-json\/wp\/v2\/pages\/749\/revisions\/796"}],"up":[{"embeddable":true,"href":"https:\/\/agora.xtec.cat\/ceipsantjoan\/wp-json\/wp\/v2\/pages\/38"}],"wp:attachment":[{"href":"https:\/\/agora.xtec.cat\/ceipsantjoan\/wp-json\/wp\/v2\/media?parent=749"}],"curies":[{"name":"wp","href":"https:\/\/api.w.org\/{rel}","templated":true}]}}